{"id":785,"date":"2023-02-22T16:01:26","date_gmt":"2023-02-22T15:01:26","guid":{"rendered":"http:\/\/haertha.dev.neuekommunikation.de\/wordpress\/?page_id=785"},"modified":"2024-05-14T13:14:56","modified_gmt":"2024-05-14T11:14:56","slug":"carriere","status":"publish","type":"page","link":"https:\/\/haertha.de\/nl\/bedrijf\/carriere\/","title":{"rendered":"CARRI\u00c8RE"},"content":{"rendered":"<section id=\"page-hero-slider-pictures-video-block_c069a009978d92c846571930b254f260\" class=\"page-hero-slider-pictures-video\">\r\n\r\n    <div class=\"wrapper\">\r\n\r\n        <!-- Image BG -->\r\n                    <div class=\"image\">\r\n                <img decoding=\"async\" class=\"parallax-14\" src=\"https:\/\/haertha.de\/wp-content\/uploads\/2023\/03\/Unternehmen_Karriere-aspect-ratio-1920-1080.png\" alt=\"\">\r\n                <!--Video-->\r\n                            <\/div>\r\n                \r\n        <!-- Video BG -->\r\n        \r\n        <div class=\"headline-wrapper\">\r\n            <div class=\"hadline-body\">\r\n                <!-- Headline Page -->\r\n                                    <div class=\"headline-page parallax-16\">\r\n                    <h1>CARRI\u00c8RE<\/h1>                    <\/div>\r\n                \r\n                <!-- Headline Modul -->\r\n                                                        <div class=\"headline parallax-16\">\r\n                        <h2>MAAK DEEL UIT VAN HET SUCCES VAN H\u00c4RTHA.<\/h2>\r\n                    <\/div>\r\n                                                <\/div>\r\n        <\/div>\r\n\r\n    <\/div>\r\n\r\n    <!-- text -->\r\n            <div class=\"wrapper-text parallax-15\">\r\n            <div class=\"text\">\r\n                <p>Onze toegewijde medewerkers maken het verschil. Zij zijn het die met hun ervaring en knowhow onze klanten het beste advies kunnen geven. Zij ontwikkelen ons technologisch en innovatief leiderschap op het gebied van warmtebehandelings- en coatingprocessen. Zij zijn grotendeels verantwoordelijk voor de hoogwaardige H\u00c4RTHA-productkwaliteit.<\/p>\n<p>&nbsp;<\/p>\n<p>Voor hen scheppen wij bij H\u00c4RTHA een optimale werkomgeving, een omgeving die creatieve vrijheid en aantrekkelijke ontwikkelings- en carri\u00e8remogelijkheden biedt voor mensen met diverse kwalificaties en achtergronden.<\/p>\n            <\/div>\r\n        <\/div>\r\n    \r\n<\/section>\r\n\r\n\r\n\r\n\r\n\r\n\n\n\r\n<div id=\"page-image-text-imageblock_fa46193e82afafd2ec1d6c9d524347b2\" class=\"page-image-text-image\" style=\"margin-top:var(--wp--preset--spacing--40);margin-bottom:var(--wp--preset--spacing--40);\">\r\n\r\n    <section class=\"is-style-style_01\">\r\n        <div class=\"wrapper-grid\">\r\n            <div class=\"wrapper-image-left\">\r\n                                    <img decoding=\"async\" class=\"parallax-55\" src=\"https:\/\/haertha.de\/wp-content\/uploads\/2023\/03\/Karriere_Mitarbeiter-aspect-ratio-806-561.png\" alt=\"\" \/>\r\n                            <\/div>\r\n            <div class=\"wrapper-content-center parallax-5\">\r\n                <div class=\"wrapper-content\">\r\n                                            <div class=\"headline\">\r\n                            <h2 class=\"head\">KANSEN<\/h2>\r\n                        <\/div>\r\n                                        <div class=\"body-content texteditor\">\r\n\r\n                        <!--Icon Box-->\r\n                                                <div class=\"acf-innerblocks-container\"><\/div>                        <!-- .\/ Icon Box-->\r\n\r\n                        <h3><span style=\"color: #6ab651;\">Voor iedereen die kansen benutten.<\/span><\/h3>\n<p>Gelijke kansen en diversiteit zijn voor ons vanzelfsprekend. Dit is geen recente ontwikkeling, maar al vele jaren het geval. Ongeacht of u een stagiair, specialist of baanwisselaar bent en ongeacht uw achtergrond, wij bieden iedereen een breed scala aan instap- en promotiemogelijkheden.<\/p>\n<p>&nbsp;<\/p>\n<p>Wij geven medewerkers op elk gebied de verantwoordelijkheid en vrijheid om hun idee\u00ebn te uiten en gestalte te geven. Wij bieden ondersteuning, geen tegenwerking.<\/p>\n\r\n                        \r\n                    <\/div>\r\n                <\/div>\r\n            <\/div>\r\n            <div class=\"wrapper-image-right\">\r\n                                    <img decoding=\"async\" class=\"parallax-55\" src=\"https:\/\/haertha.de\/wp-content\/uploads\/2023\/03\/Haertha_Karriere_Chancengleichheit-aspect-ratio-806-561-2.png\" alt=\"\" \/>\r\n                            <\/div>\r\n        <\/div>\r\n    <\/section>\r\n\r\n<\/div>\n\n\r\n<div id=\"page-image-text-block_3dd4e1c6b1ce5f4b32a45094d7c88091\" class=\"page-image-text\"  style=\"\">\r\n    <section class=\"has-align-text-left is-style-style_01\">\r\n        \r\n        <div class=\"wrapper-grid div-height-pagepage-image-text-block_3dd4e1c6b1ce5f4b32a45094d7c88091\">\r\n            <div class=\"wrapper-image\">\r\n                <div class=\"image\">\r\n                                            <img decoding=\"async\" class=\"parallax-7\" src=\"https:\/\/haertha.de\/wp-content\/uploads\/2023\/03\/Haertha_Karriere_Unternehmenskultur-aspect-ratio-933-658.png\" alt=\"\" \/>\r\n                    \r\n                    <!-- Video Popup -->\r\n                    \r\n                    <!-- Image Popup -->\r\n                    \r\n                <\/div>\r\n            <\/div>\r\n\r\n            <div class=\"wrapper-content parallax-5\">\r\n\r\n                                    <div class=\"headline\">\r\n                        <h2 class=\"head\">BEDRIJFSCULTUUR<\/h2>\r\n                    <\/div>\r\n                \r\n                <div class=\"body-content texteditor text-height-page height-pagepage-image-text-block_3dd4e1c6b1ce5f4b32a45094d7c88091\" data-height-page-div=\"page-image-text-block_3dd4e1c6b1ce5f4b32a45094d7c88091\">\r\n\r\n                    <!--Icon Box-->\r\n                                        <div class=\"acf-innerblocks-container\"><\/div>                    <!-- .\/ Icon Box-->\r\n                    <div class=\"texteditor\">\r\n                        <h3><span style=\"color: #6ab651;\">Samen beter.<\/span><\/h3>\n<p>Een waarderende en constructieve bedrijfscultuur is belangrijk voor ons. Een goede werksfeer en sterke teams dragen in belangrijke mate bij aan ons succes. Het feit dat we slechts een laag personeelsverloop hebben op onze locaties is een uiting van dit gemeenschapsgevoel.<\/p>\n\r\n                        <!--Icons Unten-->\r\n                        \r\n                        <!-- Button -->\r\n                        <div class=\"wrapper-button\">\r\n                            \r\n\r\n\r\n                        <\/div>\r\n                    <\/div>\r\n\r\n\r\n                <\/div>\r\n            <\/div>\r\n        <\/div>\r\n\r\n    <\/section>\r\n<\/div>\r\n\r\n\r\n\r\n\r\n\r\n\r\n\r\n\r\n\r\n\r\n\r\n\r\n\r\n\r\n\n\n\r\n\r\n<div id=\"page-videoblock_963d4149c17dcef80d268085acbdc0e4\" class=\"page-video  page-5rem\" style=\"\">\r\n\r\n    <section>\r\n        <div class=\"wrapper\">\r\n\r\n            \r\n            \r\n            \r\n            \r\n                            <div class=\"video-body-iframe\">\r\n                    <div class=\"embed-container-video\">\r\n                        <iframe loading=\"lazy\" title=\"EmployerBranding_FINAL-NL\" src=\"https:\/\/player.vimeo.com\/video\/820581441?h=d0a9c09984&amp;dnt=1&amp;app_id=122963&#038;muted=0&#038;controls=1&#038;hd=1&#038;loop=0&#038;autohide=0&#038;autoplay=0&#038;dnt=1\" width=\"640\" height=\"300\" frameborder=\"0\" allow=\"autoplay; fullscreen; picture-in-picture; clipboard-write; encrypted-media; web-share\" referrerpolicy=\"strict-origin-when-cross-origin\"><\/iframe>                    <\/div>\r\n                <\/div>\r\n            \r\n                    <\/div>\r\n    <\/section>\r\n\r\n<\/div>\r\n\r\n\r\n\n\n\r\n\r\n<div id=\"page-teser-50-50block_779a0cae44c064933ec1b9bc6bdd09e8\" class=\"page-teser-50-50\" style=\"\">\r\n    <div class=\"container\">\r\n        <div class=\"row parallax-5\">\r\n            <!--type content-->\r\n             \r\n                            \r\n                <div class=\"col-md-6 content-box\">\r\n\r\n                <!-- header-img -->\r\n                <div class=\"header-image\">\r\n                    <img loading=\"lazy\" decoding=\"async\" width=\"2000\" height=\"1333\" src=\"https:\/\/haertha.de\/wp-content\/uploads\/2023\/03\/Karriere_Ausbildung.png\" class=\"attachment-full size-full\" alt=\"\" srcset=\"https:\/\/haertha.de\/wp-content\/uploads\/2023\/03\/Karriere_Ausbildung.png 2000w, https:\/\/haertha.de\/wp-content\/uploads\/2023\/03\/Karriere_Ausbildung-300x200.png 300w, https:\/\/haertha.de\/wp-content\/uploads\/2023\/03\/Karriere_Ausbildung-1024x682.png 1024w, https:\/\/haertha.de\/wp-content\/uploads\/2023\/03\/Karriere_Ausbildung-768x512.png 768w, https:\/\/haertha.de\/wp-content\/uploads\/2023\/03\/Karriere_Ausbildung-1536x1024.png 1536w, https:\/\/haertha.de\/wp-content\/uploads\/2023\/03\/Karriere_Ausbildung-18x12.png 18w, https:\/\/haertha.de\/wp-content\/uploads\/2023\/03\/Karriere_Ausbildung-1106x737.png 1106w\" sizes=\"auto, (max-width: 2000px) 100vw, 2000px\" \/>                    <div class=\"headline\">\r\n                        <h2>OPLEIDING<\/h2>\r\n                    <\/div>\r\n                <\/div>\r\n                <!-- \/.header-imag -->\r\n\r\n                <!-- content-body -->\r\n                <div class=\"content-body teaser-image-height page-teser-50-50block_779a0cae44c064933ec1b9bc6bdd09e8\" data-teaser-height=\"page-teser-50-50block_779a0cae44c064933ec1b9bc6bdd09e8\">\r\n                    <div class=\"content\">\r\n                        <div class=\"content-excerpt\">\r\n                            <p><span style=\"color: #454545;\"><strong>Doorstarten in het beroep.<\/strong><\/span><\/p>\n<hr \/>\n<p>Wij bieden jongeren een breed scala aan gekwalificeerde opleidingsplaatsen. Het doel van een opleiding bij ons is om jonge mensen aan te trekken als teamleden voor de lange termijn. Dat wordt erkend. Zo hebben onze bedrijven H\u00c4RTHA in Wei\u00dfenburg en FORTE in Stollberg meerdere onderscheidingen ontvangen van de IHK als \"voorbeeldige opleidingsbedrijven\".<\/p>\n                        <\/div>\r\n                        <div class=\"wrapper-link\">\r\n                            \r\n                                                    <\/div>\r\n                    <\/div>\r\n                <\/div>\r\n                <!-- \/.content-body -->\r\n                <\/div>\r\n\r\n\r\n                            \r\n                <div class=\"col-md-6 content-box\">\r\n\r\n                <!-- header-img -->\r\n                <div class=\"header-image\">\r\n                    <img loading=\"lazy\" decoding=\"async\" width=\"2000\" height=\"1333\" src=\"https:\/\/haertha.de\/wp-content\/uploads\/2023\/03\/Service_Schulungen.png\" class=\"attachment-full size-full\" alt=\"\" srcset=\"https:\/\/haertha.de\/wp-content\/uploads\/2023\/03\/Service_Schulungen.png 2000w, https:\/\/haertha.de\/wp-content\/uploads\/2023\/03\/Service_Schulungen-300x200.png 300w, https:\/\/haertha.de\/wp-content\/uploads\/2023\/03\/Service_Schulungen-1024x682.png 1024w, https:\/\/haertha.de\/wp-content\/uploads\/2023\/03\/Service_Schulungen-768x512.png 768w, https:\/\/haertha.de\/wp-content\/uploads\/2023\/03\/Service_Schulungen-1536x1024.png 1536w, https:\/\/haertha.de\/wp-content\/uploads\/2023\/03\/Service_Schulungen-18x12.png 18w, https:\/\/haertha.de\/wp-content\/uploads\/2023\/03\/Service_Schulungen-1106x737.png 1106w\" sizes=\"auto, (max-width: 2000px) 100vw, 2000px\" \/>                    <div class=\"headline\">\r\n                        <h2>BIJSCHOLING<\/h2>\r\n                    <\/div>\r\n                <\/div>\r\n                <!-- \/.header-imag -->\r\n\r\n                <!-- content-body -->\r\n                <div class=\"content-body teaser-image-height page-teser-50-50block_779a0cae44c064933ec1b9bc6bdd09e8\" data-teaser-height=\"page-teser-50-50block_779a0cae44c064933ec1b9bc6bdd09e8\">\r\n                    <div class=\"content\">\r\n                        <div class=\"content-excerpt\">\r\n                            <p><span style=\"color: #454545;\"><strong>Een beroepsleven lang leren.<\/strong><\/span><\/p>\n<hr \/>\n<p>Bij ons leren niet alleen stagiairs voortdurend. Wij doen aanzienlijke investeringen in interne en externe opleidingen voor onze medewerkers. Hiervoor hebben we goed uitgeruste opleidingsruimtes op locatie. Wij handelen volgens het motto: kennis vermenigvuldigt zich als ze gedeeld wordt.<\/p>\n                        <\/div>\r\n                        <div class=\"wrapper-link\">\r\n                            \r\n                                                    <\/div>\r\n                    <\/div>\r\n                <\/div>\r\n                <!-- \/.content-body -->\r\n                <\/div>\r\n\r\n\r\n                        <!--\/.type content-->\r\n\r\n            <!--type selection-->\r\n\r\n                        <!--type selection-->\r\n\r\n        <\/div>\r\n    <\/div>    \r\n<\/div>\r\n\n\n\n<div class=\"wp-block-columns is-layout-flex wp-container-core-columns-is-layout-28f84493 wp-block-columns-is-layout-flex\">\n<div class=\"wp-block-column is-layout-flow wp-block-column-is-layout-flow\" style=\"padding-top:var(--wp--preset--spacing--40);flex-basis:100%\"><div id=\"page-textfeldblock_1fc32b004957d7295a567e153161691b\" class=\"page-textfeld\" style=\"margin-bottom:var(--wp--preset--spacing--60);\">\r\n\r\n    <section class=\"is-style-style_04\">\r\n        <div class=\"wrapper-grid\">\r\n            <div class=\"content-body\">\r\n                <div class=\"headline\">\r\n                    <h2>Nieuwsgierig?<\/h2>\r\n                <\/div>\r\n                <div class=\"texteditor\">\r\n                    <p>Wij zijn op zoek naar toegewijde medewerkers met een breed scala aan kwalificaties om ons leiderschap op het gebied van technologie en innovatie in warmtebehandeling uit te breiden. Wij bieden u verantwoordelijke taken en aantrekkelijke ontwikkelings- en carri\u00e8remogelijkheden.<\/p>\n<p>&nbsp;<\/p>\n<p>Als er op dit moment geen passende vacature voor u is, zien wij uw open sollicitatie graag tegemoet! Stuur ons volledige en zinvolle documenten. Als u per e-mail solliciteert, voeg dan slechts \u00e9\u00e9n pdf-bestand toe.<\/p>\n<p>Stuur open sollicitaties naar <a href=\"mailto:%70&#101;r%73o%6ea&#108;&#64;&#104;ae%72&#116;&#104;a.&#100;%65\">&#112;&#101;&#114;s&#111;&#110;&#97;l&#64;ha&#101;&#114;&#116;ha&#46;de<\/a>.<\/p>\n<p>&nbsp;<\/p>\n                <\/div>\r\n                                <div class=\"wrapper-button\">\r\n                    <!-- Button -->\r\n                        <a href=\"mailto:personal@haertha.de\" class=\"btn-cta btn-text-bilder-icon\" data-target=\"mailto:personal@haertha.de\">\r\n        <span class=\"btn-decor-left\"><\/span>\r\n                    Solliciteer nu                <span class=\"btn-decor-right\"><\/span>\r\n    <\/a>\r\n\r\n\r\n\r\n                <\/div>\r\n                            <\/div>\r\n        <\/div>\r\n\r\n    <\/section>\r\n\r\n<\/div>\r\n\r\n\n\n<section class=\"jobs-liste container_\" id=\"jobs-liste-block_e94c812b02e03d7bfca35d98849039d4\">\r\n    <div class=\"wrapper-liste\">\r\n        <div class=\"headline-liste\">\r\n            <h2>ONZE HUIDIGE VACATURES<\/h2>\r\n        <\/div>\r\n        <div class=\"resultes-wrapper\">\r\n            <div class=\"standort\">Nederland<\/div><div class=\"wrapper-panel\"><div class=\"panel\"><a class=\"permalink\" href=\"https:\/\/haertha.de\/nl\/vacature\/werkvoorbereider-m-w-d\/\"><span class=\"title\">WERKVOORBEREIDER (M\/V\/D)<span><\/a><span class=\"gmbh\">SABO BOXTEL BV<\/span><span class=\"street\">Staarten 9<\/span><span class=\"post\">5281 PK Boxtel<\/span><span class=\"country\">Netherlands<\/span><a class=\"weiter icon-job pfeil-icon\" href=\"https:\/\/haertha.de\/nl\/vacature\/werkvoorbereider-m-w-d\/\">MEER WETEN<\/a><\/div><\/div><div class=\"standort\">Duitsland<\/div><div class=\"wrapper-panel\"><div class=\"panel\"><a class=\"permalink\" href=\"https:\/\/haertha.de\/nl\/vacature\/stagiair-machine-en-installatiebediener-m-w-d-90556-cadolzburg\/\"><span class=\"title\">AZUBI MASCHINEN- UND ANLAGENF\u00dcHRER (M\/W\/D)<span><\/a><span class=\"gmbh\">H\u00c4RTHA \u2013 WEISSENBURG GmbH<\/span><span class=\"street\">Gewerbestra\u00dfe 11<\/span><span class=\"post\">90556 Cadolzburg<\/span><span class=\"country\">Duitsland<\/span><a class=\"weiter icon-job pfeil-icon\" href=\"https:\/\/haertha.de\/nl\/vacature\/stagiair-machine-en-installatiebediener-m-w-d-90556-cadolzburg\/\">MEER WETEN<\/a><\/div><div class=\"panel\"><a class=\"permalink\" href=\"https:\/\/haertha.de\/nl\/vacature\/stagiair-machine-en-installatiebediener-m-w-d\/\"><span class=\"title\">AZUBI MASCHINEN- UND ANLAGENF\u00dcHRER (M\/W\/D)<span><\/a><span class=\"gmbh\">H\u00c4RTHA \u2013 WEISSENBURG GmbH <\/span><span class=\"street\">Dettenheimer Stra\u00dfe 28<\/span><span class=\"post\">91781 Wei\u00dfenburg<\/span><span class=\"country\">Germany<\/span><a class=\"weiter icon-job pfeil-icon\" href=\"https:\/\/haertha.de\/nl\/vacature\/stagiair-machine-en-installatiebediener-m-w-d\/\">MEER WETEN<\/a><\/div><div class=\"panel\"><a class=\"permalink\" href=\"https:\/\/haertha.de\/nl\/vacature\/azubi-maschinen-und-anlagenfuehrer-m-w-d-4\/\"><span class=\"title\">AZUBI MASCHINEN- UND ANLAGENF\u00dcHRER (M\/W\/D)<span><\/a><span class=\"gmbh\">H\u00c4NDLE H\u00e4rterei GmbH<\/span><span class=\"street\">Rittweg 45<\/span><span class=\"post\">72070 T\u00fcbingen<\/span><span class=\"country\">Germany<\/span><a class=\"weiter icon-job pfeil-icon\" href=\"https:\/\/haertha.de\/nl\/vacature\/azubi-maschinen-und-anlagenfuehrer-m-w-d-4\/\">MEER WETEN<\/a><\/div><div class=\"panel\"><a class=\"permalink\" href=\"https:\/\/haertha.de\/nl\/vacature\/materiaaltester-stagiair\/\"><span class=\"title\">AZUBI WERKSTOFFPR\u00dcFER (M\/W\/D) FACHRICHTUNG W\u00c4RMEBEHANDLUNGSTECHNIK<span><\/a><span class=\"gmbh\">H\u00c4NDLE H\u00e4rterei GmbH<\/span><span class=\"street\">Rittweg 45<\/span><span class=\"post\">72070 T\u00fcbingen<\/span><span class=\"country\">Germany<\/span><a class=\"weiter icon-job pfeil-icon\" href=\"https:\/\/haertha.de\/nl\/vacature\/materiaaltester-stagiair\/\">MEER WETEN<\/a><\/div><div class=\"panel\"><a class=\"permalink\" href=\"https:\/\/haertha.de\/nl\/vacature\/mitarbeiter-instandhaltung-technikm-w-d\/\"><span class=\"title\">MITARBEITER INSTANDHALTUNG \/ TECHNIK(M\/W\/D)<span><\/a><span class=\"gmbh\">H\u00c4NDLE H\u00e4rterei GmbH<\/span><span class=\"street\">Rittweg 45<\/span><span class=\"post\">72070 T\u00fcbingen<\/span><span class=\"country\">Germany<\/span><a class=\"weiter icon-job pfeil-icon\" href=\"https:\/\/haertha.de\/nl\/vacature\/mitarbeiter-instandhaltung-technikm-w-d\/\">MEER WETEN<\/a><\/div><div class=\"panel\"><a class=\"permalink\" href=\"https:\/\/haertha.de\/nl\/vacature\/productiemedewerker\/\"><span class=\"title\">MITARBEITER INSTANDHALTUNG \/ TECHNIK(M\/W\/D)<span><\/a><span class=\"gmbh\">FORTE W\u00e4rmebehandlung GmbH<\/span><span class=\"street\">Auer Stra\u00dfe 9<\/span><span class=\"post\">09366 Stollberg<\/span><span class=\"country\">Germany<\/span><a class=\"weiter icon-job pfeil-icon\" href=\"https:\/\/haertha.de\/nl\/vacature\/productiemedewerker\/\">MEER WETEN<\/a><\/div><\/div>        <\/div>\r\n    <\/div>\r\n<\/section>\r\n<\/div>\n<\/div>","protected":false},"excerpt":{"rendered":"","protected":false},"author":9,"featured_media":0,"parent":2701,"menu_order":2,"comment_status":"closed","ping_status":"closed","template":"","meta":{"_acf_changed":false,"footnotes":""},"class_list":["post-785","page","type-page","status-publish","hentry"],"acf":[],"yoast_head":"<!-- This site is optimized with the Yoast SEO plugin v26.0 - https:\/\/yoast.com\/wordpress\/plugins\/seo\/ -->\n<title>Karriere | H\u00c4RTHA GROUP<\/title>\n<meta name=\"description\" content=\"Werden Sie jetzt Teil des H\u00c4RTHA-Erfolgsgeheimnisses \u2713 Chancen \u2713 Ausbildung \u2713 Weiterbildung \u2713 Jetzt bewerben!\" \/>\n<meta name=\"robots\" content=\"index, follow, max-snippet:-1, max-image-preview:large, max-video-preview:-1\" \/>\n<link rel=\"canonical\" href=\"https:\/\/haertha.de\/nl\/bedrijf\/carriere\/\" \/>\n<meta property=\"og:locale\" content=\"nl_NL\" \/>\n<meta property=\"og:type\" content=\"article\" \/>\n<meta property=\"og:title\" content=\"Karriere | H\u00c4RTHA GROUP\" \/>\n<meta property=\"og:description\" content=\"Werden Sie jetzt Teil des H\u00c4RTHA-Erfolgsgeheimnisses \u2713 Chancen \u2713 Ausbildung \u2713 Weiterbildung \u2713 Jetzt bewerben!\" \/>\n<meta property=\"og:url\" content=\"https:\/\/haertha.de\/nl\/bedrijf\/carriere\/\" \/>\n<meta property=\"og:site_name\" content=\"H\u00c4RTHA GROUP\" \/>\n<meta property=\"article:modified_time\" content=\"2024-05-14T11:14:56+00:00\" \/>\n<meta name=\"twitter:card\" content=\"summary_large_image\" \/>\n<script type=\"application\/ld+json\" class=\"yoast-schema-graph\">{\"@context\":\"https:\/\/schema.org\",\"@graph\":[{\"@type\":\"WebPage\",\"@id\":\"https:\/\/haertha.de\/it\/azienda\/carriera\/\",\"url\":\"https:\/\/haertha.de\/it\/azienda\/carriera\/\",\"name\":\"Karriere | H\u00c4RTHA GROUP\",\"isPartOf\":{\"@id\":\"https:\/\/haertha.de\/it\/#website\"},\"datePublished\":\"2023-02-22T15:01:26+00:00\",\"dateModified\":\"2024-05-14T11:14:56+00:00\",\"description\":\"Werden Sie jetzt Teil des H\u00c4RTHA-Erfolgsgeheimnisses \u2713 Chancen \u2713 Ausbildung \u2713 Weiterbildung \u2713 Jetzt bewerben!\",\"breadcrumb\":{\"@id\":\"https:\/\/haertha.de\/it\/azienda\/carriera\/#breadcrumb\"},\"inLanguage\":\"nl-NL\",\"potentialAction\":[{\"@type\":\"ReadAction\",\"target\":[\"https:\/\/haertha.de\/it\/azienda\/carriera\/\"]}]},{\"@type\":\"BreadcrumbList\",\"@id\":\"https:\/\/haertha.de\/it\/azienda\/carriera\/#breadcrumb\",\"itemListElement\":[{\"@type\":\"ListItem\",\"position\":1,\"name\":\"Startseite\",\"item\":\"https:\/\/haertha.de\/it\/\"},{\"@type\":\"ListItem\",\"position\":2,\"name\":\"UNTERNEHMEN\",\"item\":\"https:\/\/haertha.de\/it\/azienda\/\"},{\"@type\":\"ListItem\",\"position\":3,\"name\":\"KARRIERE\"}]},{\"@type\":\"WebSite\",\"@id\":\"https:\/\/haertha.de\/it\/#website\",\"url\":\"https:\/\/haertha.de\/it\/\",\"name\":\"H\u00c4RTHA GROUP\",\"description\":\"Hardening Industries H\u00e4rterei H\u00c4RTHA GROUP.\",\"potentialAction\":[{\"@type\":\"SearchAction\",\"target\":{\"@type\":\"EntryPoint\",\"urlTemplate\":\"https:\/\/haertha.de\/it\/?s={search_term_string}\"},\"query-input\":{\"@type\":\"PropertyValueSpecification\",\"valueRequired\":true,\"valueName\":\"search_term_string\"}}],\"inLanguage\":\"nl-NL\"}]}<\/script>\n<!-- \/ Yoast SEO plugin. -->","yoast_head_json":{"title":"Carri\u00e9re | H\u00c4RTHA GROUP","description":"Maak deel uit van het H\u00c4RTHA-succesgeheim \u2713 Kansen \u2713 Opleiding \u2713 Bijscholing \u2713 Solliciteer nu!","robots":{"index":"index","follow":"follow","max-snippet":"max-snippet:-1","max-image-preview":"max-image-preview:large","max-video-preview":"max-video-preview:-1"},"canonical":"https:\/\/haertha.de\/nl\/bedrijf\/carriere\/","og_locale":"nl_NL","og_type":"article","og_title":"Karriere | H\u00c4RTHA GROUP","og_description":"Werden Sie jetzt Teil des H\u00c4RTHA-Erfolgsgeheimnisses \u2713 Chancen \u2713 Ausbildung \u2713 Weiterbildung \u2713 Jetzt bewerben!","og_url":"https:\/\/haertha.de\/nl\/bedrijf\/carriere\/","og_site_name":"H\u00c4RTHA GROUP","article_modified_time":"2024-05-14T11:14:56+00:00","twitter_card":"summary_large_image","schema":{"@context":"https:\/\/schema.org","@graph":[{"@type":"WebPage","@id":"https:\/\/haertha.de\/it\/azienda\/carriera\/","url":"https:\/\/haertha.de\/it\/azienda\/carriera\/","name":"Carri\u00e9re | H\u00c4RTHA GROUP","isPartOf":{"@id":"https:\/\/haertha.de\/it\/#website"},"datePublished":"2023-02-22T15:01:26+00:00","dateModified":"2024-05-14T11:14:56+00:00","description":"Maak deel uit van het H\u00c4RTHA-succesgeheim \u2713 Kansen \u2713 Opleiding \u2713 Bijscholing \u2713 Solliciteer nu!","breadcrumb":{"@id":"https:\/\/haertha.de\/it\/azienda\/carriera\/#breadcrumb"},"inLanguage":"nl-NL","potentialAction":[{"@type":"ReadAction","target":["https:\/\/haertha.de\/it\/azienda\/carriera\/"]}]},{"@type":"BreadcrumbList","@id":"https:\/\/haertha.de\/it\/azienda\/carriera\/#breadcrumb","itemListElement":[{"@type":"ListItem","position":1,"name":"Startseite","item":"https:\/\/haertha.de\/it\/"},{"@type":"ListItem","position":2,"name":"UNTERNEHMEN","item":"https:\/\/haertha.de\/it\/azienda\/"},{"@type":"ListItem","position":3,"name":"KARRIERE"}]},{"@type":"WebSite","@id":"https:\/\/haertha.de\/it\/#website","url":"https:\/\/haertha.de\/it\/","name":"H\u00c4RTHA GROUP","description":"Hardening Industries H\u00e4rterei H\u00c4RTHA GROUP.","potentialAction":[{"@type":"SearchAction","target":{"@type":"EntryPoint","urlTemplate":"https:\/\/haertha.de\/it\/?s={search_term_string}"},"query-input":{"@type":"PropertyValueSpecification","valueRequired":true,"valueName":"search_term_string"}}],"inLanguage":"nl-NL"}]}},"_links":{"self":[{"href":"https:\/\/haertha.de\/nl\/wp-json\/wp\/v2\/pages\/785","targetHints":{"allow":["GET"]}}],"collection":[{"href":"https:\/\/haertha.de\/nl\/wp-json\/wp\/v2\/pages"}],"about":[{"href":"https:\/\/haertha.de\/nl\/wp-json\/wp\/v2\/types\/page"}],"author":[{"embeddable":true,"href":"https:\/\/haertha.de\/nl\/wp-json\/wp\/v2\/users\/9"}],"replies":[{"embeddable":true,"href":"https:\/\/haertha.de\/nl\/wp-json\/wp\/v2\/comments?post=785"}],"version-history":[{"count":128,"href":"https:\/\/haertha.de\/nl\/wp-json\/wp\/v2\/pages\/785\/revisions"}],"predecessor-version":[{"id":10975,"href":"https:\/\/haertha.de\/nl\/wp-json\/wp\/v2\/pages\/785\/revisions\/10975"}],"up":[{"embeddable":true,"href":"https:\/\/haertha.de\/nl\/wp-json\/wp\/v2\/pages\/2701"}],"wp:attachment":[{"href":"https:\/\/haertha.de\/nl\/wp-json\/wp\/v2\/media?parent=785"}],"curies":[{"name":"wp","href":"https:\/\/api.w.org\/{rel}","templated":true}]}}