{"id":667,"date":"2023-02-14T12:17:43","date_gmt":"2023-02-14T11:17:43","guid":{"rendered":"http:\/\/haertha.dev.neuekommunikation.de\/wordpress\/?page_id=667"},"modified":"2025-07-29T07:19:47","modified_gmt":"2025-07-29T05:19:47","slug":"verantwoordelijkheid","status":"publish","type":"page","link":"https:\/\/haertha.de\/nl\/bedrijf\/verantwoordelijkheid\/","title":{"rendered":"VERANTWOORDELIJKHEID"},"content":{"rendered":"<section id=\"popup-page-hero-slider-pictures-video-block_3cedaae12ec748b5946e3c0fb173fe41\" class=\"popup popup-video\"><div class=\"popup__content\"><div class=\"close\"><span><\/span><span><\/span><\/div><div class=\"embed-container\"><iframe loading=\"lazy\" title=\"HA\u0308RTHA_Nachhaltigkeit_NL\" src=\"https:\/\/player.vimeo.com\/video\/814521272?h=444f160deb&amp;dnt=1&amp;app_id=122963&#038;muted=0&#038;controls=1&#038;hd=1&#038;loop=1&#038;autohide=1&#038;autoplay=0&#038;dnt=1\" width=\"640\" height=\"300\" frameborder=\"0\" allow=\"autoplay; fullscreen; picture-in-picture; clipboard-write; encrypted-media; web-share\" referrerpolicy=\"strict-origin-when-cross-origin\" class=\"video-play\"><\/iframe><\/div><\/div><\/section>\r\n<section id=\"page-hero-slider-pictures-video-block_3cedaae12ec748b5946e3c0fb173fe41\" class=\"page-hero-slider-pictures-video\">\r\n\r\n    <div class=\"wrapper video-wrapper\">\r\n\r\n        <!-- Image BG -->\r\n                \r\n        <!-- Video BG -->\r\n                    <div class=\"video-loop\">\r\n                <iframe loading=\"lazy\" title=\"LOOP_Nachhaltigkeit\" src=\"https:\/\/player.vimeo.com\/video\/815305230?h=c8baf652be&amp;dnt=1&amp;app_id=122963&#038;controls=0&#038;hd=1&#038;loop=1&#038;autohide=0&#038;autoplay=1&#038;muted=1&#038;dnt=1\" width=\"640\" height=\"300\" frameborder=\"0\" allow=\"autoplay; fullscreen; picture-in-picture; clipboard-write; encrypted-media; web-share\" referrerpolicy=\"strict-origin-when-cross-origin\"><\/iframe>                <!--Video-->\r\n                <div class=\"video-button popup-button\" data-number=\"page-hero-slider-pictures-video-block_3cedaae12ec748b5946e3c0fb173fe41\"><a href=\"javascript:void(0);\" class=\"popup-button btn-video btn-cta\" data-number=\"page-hero-slider-pictures-video-block_3cedaae12ec748b5946e3c0fb173fe41\"><div class=\"btn-open-video\"><span class=\"btn-decor-left\"><\/span><span class=\"text\"> Video afspelen<\/span><span class=\"btn-decor-right\"><\/span><\/div><\/a><\/div>            <\/div>\r\n        \r\n        <div class=\"headline-wrapper\">\r\n            <div class=\"hadline-body\">\r\n                <!-- Headline Page -->\r\n                                    <div class=\"headline-page parallax-16\">\r\n                    <h1>VERANTWOORDELIJKHEID<\/h1>                    <\/div>\r\n                \r\n                <!-- Headline Modul -->\r\n                                                        <div class=\"headline parallax-16\">\r\n                        <h2>WEGBEREIDER. WEGBEGELEIDER.<\/h2>\r\n                    <\/div>\r\n                                                <\/div>\r\n        <\/div>\r\n\r\n    <\/div>\r\n\r\n    <!-- text -->\r\n            <div class=\"wrapper-text parallax-15\">\r\n            <div class=\"text\">\r\n                <h3><span style=\"color: #6ab651;\">Op naar een duurzame toekomst.<\/span><\/h3>\n<p>&nbsp;<\/p>\n<p>Duurzaamheid is onze belangrijkste activiteit. Wij helpen de industrie op weg naar meer duurzaamheid. Met op maat gemaakte oppervlaktetechniek maken wij onderdelen duurzamer en besparen wij waardevolle hulpbronnen. Wij maken onderdelen lichter en robuust en brengen zo toekomstige technologie\u00ebn op gang, zoals e-mobiliteit.<\/p>\n<p>&nbsp;<\/p>\n<p>En we geven zelf het goede voorbeeld.  Wij zijn er vast van overtuigd: beslissingen worden niet alleen vanuit economisch oogpunt genomen. Daarom houden we altijd rekening met ecologische en maatschappelijke aspecten. Wij nemen onze verantwoordelijkheid.<\/p>\n<div style=\"width: 100%; text-align: center; margin-left: auto; margin-right: auto; margin-top: 30px;\"><a class=\"btn-cta\" href=\"https:\/\/haertha.de\/wp-content\/uploads\/2025\/03\/haertha_esg_bericht_2024_de_web.pdf\" target=\"_new\" data-target=\"https:\/\/haertha.de\/wp-content\/uploads\/2024\/01\/haertha_esg_bericht_2023_de_web.pdf\"> Nachhaltigkeitsbericht 2024<\/a><\/div>\n            <\/div>\r\n        <\/div>\r\n    \r\n<\/section>\r\n\r\n\r\n\r\n\r\n\r\n\n\n<style>.wrapper-image-grid-position img{object-position: center 62%;}<\/style>\r\n\r\n\r\n<div id=\"page-image-text-50-50block_e48bc50ab12bcf2ae5b0747b19ee7679\" class=\"page-image-text-50-50\"  style=\"\">\r\n    <section class=\"has-align-text-left is-style-style_01\">\r\n        \r\n        <div class=\"wrapper-grid\">\r\n            <div class=\"wrapper-image wrapper-image-grid-position\">\r\n                                    <img decoding=\"async\" class=\"parallax-777 imageH img-heightpage-image-text-50-50block_e48bc50ab12bcf2ae5b0747b19ee7679\" src=\"https:\/\/haertha.de\/wp-content\/uploads\/2023\/04\/image_dj-1-aspect-ratio-1608-2406.png\" alt=\"\" data-height=\"page-image-text-50-50block_e48bc50ab12bcf2ae5b0747b19ee7679\"\/>\r\n                            <\/div>\r\n            <div class=\"wrapper-content parallax-5\">\r\n                <div class=\"content-body myh my-heightpage-image-text-50-50block_e48bc50ab12bcf2ae5b0747b19ee7679\" data-height=\"page-image-text-50-50block_e48bc50ab12bcf2ae5b0747b19ee7679\">\r\n\r\n                    <!--Icon Box-->\r\n                                        <div class=\"acf-innerblocks-container\">\n\r\n<div class=\"flex-iconbox\">\r\n                <a href=\"\">                <span class=\"item-flex\">\r\n                    <span class=\"icon droplet\"><\/span>\r\n                                    <\/span>\r\n            <\/a>            <\/div>\r\n\r\n\r\n\r\n\n<\/div>                    <!-- .\/ Icon Box-->\r\n\r\n                                            <div class=\"headline\">\r\n                            <h2 class=\"head\">MILIEU<\/h2>\r\n                        <\/div>\r\n                    \r\n                    <div class=\"body-content texteditor\">\r\n                        <h3><span style=\"color: #6ab651;\">Toegewijd aan toekomstige generaties.<\/span><\/h3>\n<p>&nbsp;<\/p>\n<p>Wij zijn ons bewust van onze verantwoordelijkheid tegenover toekomstige generaties. Wij willen onze kinderen een leefbare planeet nalaten. Wij doen er alles aan om dit te bereiken en hebben ons daarom aangesloten bij het wereldwijde SBTi-initiatief. Wij zijn overtuigd van onze weg en de noodzaak om het te bewandelen. En we hebben al veel bereikt. De implementatie van de volgende maatregelen maakt ons bijzonder trots:<\/p>\n<div class=\"infobox-green\" style=\"color: #ffffff; background-color: #6ab651;\">\n<ul>\n<li><span style=\"font-weight: 400;\">Stroomvoorziening tot 100 % uit hernieuwbare energiebronnen<\/span><\/li>\n<li><span style=\"font-weight: 400;\">Een eigen elektriciteitsproductie van 3.230 GWh door fotovolta\u00efsche installaties op onze locaties<\/span><\/li>\n<li><span style=\"font-weight: 400;\">Gecertificeerd energiemanagement volgens ISO 50.001, milieumanagement volgens ISO 14.001, lid van het Umweltpakt Bayern (Beierse milieupact)<\/span><\/li>\n<li><span style=\"font-weight: 400;\">Onze commitment met de afspraken van het Klimaatakkoord van Parijs.<\/span><\/li>\n<\/ul>\n<\/div>\n<p>&nbsp;<\/p>\n<h3><span style=\"color: #6ab651;\">\"Wij beloven onze kinderen om op deze weg door te gaan.\"<\/span><\/h3>\n\r\n                        <!--Icons Unten-->\r\n                        \r\n                        <!-- Button -->\r\n                        \r\n                    <\/div>\r\n                <\/div>\r\n            <\/div>\r\n        <\/div>\r\n\r\n    <\/section>\r\n<\/div>\r\n\r\n\r\n\r\n\n\n\r\n\r\n<div id=\"page-videoblock_8a6022c64f14ebd9843f08890f2e06ec\" class=\"page-video\" style=\"\">\r\n\r\n    <section>\r\n        <div class=\"wrapper\">\r\n\r\n                            <div class=\"headline-body\">\r\n                    <h2>Onze SBTI-verbintenis<\/h2>\r\n                <\/div>\r\n            \r\n            \r\n                            <div class=\"cta-body\">\r\n                    \r\n                    <a class=\"btn-cta\" id=\"video-view\" href=\"javascript:void(0);\" data-view=\"page-videoblock_8a6022c64f14ebd9843f08890f2e06ec\">\r\n                        <span class=\"btn-decor-left\"><\/span>\r\n                        Video afspelen \r\n                        <span class=\"btn-decor-right\"><\/span>\r\n                    <\/a>\r\n\r\n                <\/div>\r\n            \r\n                        <div class=\"video-body page-videoblock_8a6022c64f14ebd9843f08890f2e06ec\">\r\n                <div class=\"embed-container-video\">\r\n                    <iframe loading=\"lazy\" title=\"HA\u0308RTHA_SBTI_NL_mit Untertitel\" src=\"https:\/\/player.vimeo.com\/video\/815264226?h=7fbf45c114&amp;dnt=1&amp;app_id=122963&#038;muted=0&#038;controls=1&#038;hd=1&#038;loop=0&#038;autohide=0&#038;autoplay=0&#038;dnt=1\" width=\"640\" height=\"300\" frameborder=\"0\" allow=\"autoplay; fullscreen; picture-in-picture; clipboard-write; encrypted-media; web-share\" referrerpolicy=\"strict-origin-when-cross-origin\"><\/iframe>                <\/div>\r\n            <\/div>\r\n            \r\n            \r\n                            <div class=\"wrapper-image\">\r\n                    <img decoding=\"async\" class=\"video-image\" src=\"https:\/\/haertha.de\/wp-content\/uploads\/2023\/04\/230303_Climate-Target-Framework_NL.png\" alt=\"\">\r\n                <\/div>\r\n                    <\/div>\r\n    <\/section>\r\n\r\n<\/div>\r\n\r\n\r\n\n\n\r\n<div id=\"page-image-text-block_57a49d3f2f44b1da2ee415f7f39ce37b\" class=\"page-image-text\"  style=\"\">\r\n    <section class=\"has-align-text-right is-style-style_01\">\r\n        \r\n        <div class=\"wrapper-grid div-height-pagepage-image-text-block_57a49d3f2f44b1da2ee415f7f39ce37b\">\r\n            <div class=\"wrapper-image\">\r\n                <div class=\"image\">\r\n                                            <img decoding=\"async\" class=\"parallax-7\" src=\"https:\/\/haertha.de\/wp-content\/uploads\/2023\/03\/Verantwortung_soziales-aspect-ratio-933-658.png\" alt=\"\" \/>\r\n                    \r\n                    <!-- Video Popup -->\r\n                    \r\n                    <!-- Image Popup -->\r\n                    \r\n                <\/div>\r\n            <\/div>\r\n\r\n            <div class=\"wrapper-content parallax-5\">\r\n\r\n                                    <div class=\"headline\">\r\n                        <h2 class=\"head\">SOCIAAL<\/h2>\r\n                    <\/div>\r\n                \r\n                <div class=\"body-content texteditor text-height-page height-pagepage-image-text-block_57a49d3f2f44b1da2ee415f7f39ce37b\" data-height-page-div=\"page-image-text-block_57a49d3f2f44b1da2ee415f7f39ce37b\">\r\n\r\n                    <!--Icon Box-->\r\n                                        <div class=\"acf-innerblocks-container\"><\/div>                    <!-- .\/ Icon Box-->\r\n                    <div class=\"texteditor\">\r\n                        <h3><span style=\"color: #6ab651;\">Wij delen gemeenschappelijke waarden.<\/span><\/h3>\n<p>&nbsp;<\/p>\n<p>Verantwoorde en zorgvuldige samenwerking is onze sleutel tot succes. Daarom leven wij niet alleen intern, maar ook extern in gemeenschap. Wij beschouwen onszelf als onderdeel van de samenleving en zijn actief betrokken in de gemeenschappen op onze locaties.<\/p>\n<p>&nbsp;<\/p>\n<p>Wij ondersteunen sportverenigingen, zoals de jongeren van FC Stollberg's F2 of de \"grote jongens\" van VFL Baskets Treuchtlingen. Wij gaan samenwerkingen aan, zoals onze vestiging in Wei\u00dfenburg met de universiteit van Bayreuth. In \"Elefant Racing eV\" bouwen studenten hun eigen formule-racewagen en ontwikkelen ze hun technische knowhow op een praktische manier.<\/p>\n\r\n                        <!--Icons Unten-->\r\n                        \r\n                        <!-- Button -->\r\n                        <div class=\"wrapper-button\">\r\n                            \r\n\r\n\r\n                        <\/div>\r\n                    <\/div>\r\n\r\n\r\n                <\/div>\r\n            <\/div>\r\n        <\/div>\r\n\r\n    <\/section>\r\n<\/div>\r\n\r\n\r\n\r\n\r\n\r\n\r\n\r\n\r\n\r\n\r\n\r\n\r\n\r\n\r\n\n\n\r\n<div id=\"page-image-text-block_7ec2300218f0af2ab17edd3f780a1a7e\" class=\"page-image-text\"  style=\"margin-top:var(--wp--preset--spacing--60);\">\r\n    <section class=\"has-align-text-left is-style-style_01\">\r\n        \r\n        <div class=\"wrapper-grid div-height-pagepage-image-text-block_7ec2300218f0af2ab17edd3f780a1a7e\">\r\n            <div class=\"wrapper-image\">\r\n                <div class=\"image\">\r\n                                            <img decoding=\"async\" class=\"parallax-7\" src=\"https:\/\/haertha.de\/wp-content\/uploads\/2023\/03\/Verantwortung_Unternehemensfuehrung-aspect-ratio-933-658-2.png\" alt=\"\" \/>\r\n                    \r\n                    <!-- Video Popup -->\r\n                    \r\n                    <!-- Image Popup -->\r\n                    \r\n                <\/div>\r\n            <\/div>\r\n\r\n            <div class=\"wrapper-content parallax-5\">\r\n\r\n                                    <div class=\"headline\">\r\n                        <h2 class=\"head\">BEDRIJFSVOERING<\/h2>\r\n                    <\/div>\r\n                \r\n                <div class=\"body-content texteditor text-height-page height-pagepage-image-text-block_7ec2300218f0af2ab17edd3f780a1a7e\" data-height-page-div=\"page-image-text-block_7ec2300218f0af2ab17edd3f780a1a7e\">\r\n\r\n                    <!--Icon Box-->\r\n                                        <div class=\"acf-innerblocks-container\"><\/div>                    <!-- .\/ Icon Box-->\r\n                    <div class=\"texteditor\">\r\n                        <h3><span style=\"color: #6ab651;\">Waarden wijzen ons de weg.<\/span><\/h3>\n<p>&nbsp;<\/p>\n<p>Onze missieverklaring: wij willen een eerlijke verkoper zijn.<\/p>\n<p>Onze bedrijfsactiviteiten baseren zich op vijf kernwaarden:<\/p>\n<div class=\"nummber-list\" style=\"color: #454545; background-color: #ffffff;\">\n<ol>\n<li>Klantgerichtheid: onze klanten zijn doorslaggevend voor het succes van ons bedrijf. Wij verrassen en inspireren dagelijks onze klanten, onze producten en diensten. Daaronder valt optimaal advies aan klanten en een soepel verloop van dagelijkse bedrijfsactiviteiten.<\/li>\n<li>Ondernemerschap: ondernemerschap staat centraal in onze cultuur. Wij handelen actief en zoeken en benutten kansen. Onze vestigingen handelen grotendeels onafhankelijk zodat ze de juiste beslissingen kunnen nemen voor hun lokale markten.<\/li>\n<li>Duurzaamheid: wij streven naar duurzaam succes. Elke beslissing wordt daarom genomen op basis van economisch stabiele fundamenten. Om onze toekomst veilig te stellen, zijn we voortdurend op zoek naar manieren om onszelf, onze structuren en onze processen verder te optimaliseren.<\/li>\n<li>Integriteit: ons woord is onze verbintenis. Daar kunnen onze partners en iedereen in ons team op vertrouwen. We geloven in eerlijke concurrentie en voeren onze bedrijfsactiviteiten uitsluitend uit in het kader van de wettelijke voorschriften en met integriteit. We zijn toegewijd aan onze goede naam en reputatie.<\/li>\n<li>Vlotheid: om onze voorsprong veilig te stellen kiezen we voor snelle communicatie en eenvoudige procedures. Ook in de toekomst willen we onze concurrenten voor zijn.<\/li>\n<\/ol>\n<\/div>\n<p class=\" translation-block\">Onze <a href=\"https:\/\/haertha.de\/wp-content\/uploads\/2023\/04\/haertha_group_code_of_conduct_v20220307.pdf\" target=\"_blank\" rel=\"noopener\"> gedragscode<\/a> beschrijft in detail onze eerlijke, duurzame bedrijfspraktijken.<\/p>\n\r\n                        <!--Icons Unten-->\r\n                        \r\n                        <!-- Button -->\r\n                        <div class=\"wrapper-button\">\r\n                            \r\n\r\n\r\n                        <\/div>\r\n                    <\/div>\r\n\r\n\r\n                <\/div>\r\n            <\/div>\r\n        <\/div>\r\n\r\n    <\/section>\r\n<\/div>","protected":false},"excerpt":{"rendered":"","protected":false},"author":9,"featured_media":0,"parent":2701,"menu_order":1,"comment_status":"closed","ping_status":"closed","template":"","meta":{"_acf_changed":false,"footnotes":""},"class_list":["post-667","page","type-page","status-publish","hentry"],"acf":[],"yoast_head":"<!-- This site is optimized with the Yoast SEO plugin v26.0 - https:\/\/yoast.com\/wordpress\/plugins\/seo\/ -->\n<title>Verantwortung | H\u00c4RTHA GROUP<\/title>\n<meta name=\"description\" content=\"In eine nachhaltige Zukunft - Als Wegbereiter und Wegbegleiter. \u2713 Umwelt \u2713 Soziales \u2713 Unternehmensf\u00fchrung.\" \/>\n<meta name=\"robots\" content=\"index, follow, max-snippet:-1, max-image-preview:large, max-video-preview:-1\" \/>\n<link rel=\"canonical\" href=\"https:\/\/haertha.de\/nl\/bedrijf\/verantwoordelijkheid\/\" \/>\n<meta property=\"og:locale\" content=\"nl_NL\" \/>\n<meta property=\"og:type\" content=\"article\" \/>\n<meta property=\"og:title\" content=\"Verantwortung | H\u00c4RTHA GROUP\" \/>\n<meta property=\"og:description\" content=\"In eine nachhaltige Zukunft - Als Wegbereiter und Wegbegleiter. \u2713 Umwelt \u2713 Soziales \u2713 Unternehmensf\u00fchrung.\" \/>\n<meta property=\"og:url\" content=\"https:\/\/haertha.de\/nl\/bedrijf\/verantwoordelijkheid\/\" \/>\n<meta property=\"og:site_name\" content=\"H\u00c4RTHA GROUP\" \/>\n<meta property=\"article:modified_time\" content=\"2025-07-29T05:19:47+00:00\" \/>\n<meta name=\"twitter:card\" content=\"summary_large_image\" \/>\n<script type=\"application\/ld+json\" class=\"yoast-schema-graph\">{\"@context\":\"https:\/\/schema.org\",\"@graph\":[{\"@type\":\"WebPage\",\"@id\":\"https:\/\/haertha.de\/unternehmen\/verantwortung\/\",\"url\":\"https:\/\/haertha.de\/unternehmen\/verantwortung\/\",\"name\":\"Verantwortung | H\u00c4RTHA GROUP\",\"isPartOf\":{\"@id\":\"https:\/\/haertha.de\/it\/#website\"},\"datePublished\":\"2023-02-14T11:17:43+00:00\",\"dateModified\":\"2025-07-29T05:19:47+00:00\",\"description\":\"In eine nachhaltige Zukunft - Als Wegbereiter und Wegbegleiter. \u2713 Umwelt \u2713 Soziales \u2713 Unternehmensf\u00fchrung.\",\"breadcrumb\":{\"@id\":\"https:\/\/haertha.de\/unternehmen\/verantwortung\/#breadcrumb\"},\"inLanguage\":\"nl-NL\",\"potentialAction\":[{\"@type\":\"ReadAction\",\"target\":[\"https:\/\/haertha.de\/unternehmen\/verantwortung\/\"]}]},{\"@type\":\"BreadcrumbList\",\"@id\":\"https:\/\/haertha.de\/unternehmen\/verantwortung\/#breadcrumb\",\"itemListElement\":[{\"@type\":\"ListItem\",\"position\":1,\"name\":\"Startseite\",\"item\":\"https:\/\/haertha.de\/it\/\"},{\"@type\":\"ListItem\",\"position\":2,\"name\":\"UNTERNEHMEN\",\"item\":\"https:\/\/haertha.de\/it\/azienda\/\"},{\"@type\":\"ListItem\",\"position\":3,\"name\":\"VERANTWORTUNG\"}]},{\"@type\":\"WebSite\",\"@id\":\"https:\/\/haertha.de\/it\/#website\",\"url\":\"https:\/\/haertha.de\/it\/\",\"name\":\"H\u00c4RTHA GROUP\",\"description\":\"Hardening Industries H\u00e4rterei H\u00c4RTHA GROUP.\",\"potentialAction\":[{\"@type\":\"SearchAction\",\"target\":{\"@type\":\"EntryPoint\",\"urlTemplate\":\"https:\/\/haertha.de\/it\/?s={search_term_string}\"},\"query-input\":{\"@type\":\"PropertyValueSpecification\",\"valueRequired\":true,\"valueName\":\"search_term_string\"}}],\"inLanguage\":\"nl-NL\"}]}<\/script>\n<!-- \/ Yoast SEO plugin. -->","yoast_head_json":{"title":"Verantwoordelijkheid | H\u00c4RTHA GROUP","description":"Naar een duurzame toekomst - Als wegbereider en wegbegleider. \u2713 Milieu \u2713 Sociaal \u2713 Bedrijfsvoering.","robots":{"index":"index","follow":"follow","max-snippet":"max-snippet:-1","max-image-preview":"max-image-preview:large","max-video-preview":"max-video-preview:-1"},"canonical":"https:\/\/haertha.de\/nl\/bedrijf\/verantwoordelijkheid\/","og_locale":"nl_NL","og_type":"article","og_title":"Verantwortung | H\u00c4RTHA GROUP","og_description":"In eine nachhaltige Zukunft - Als Wegbereiter und Wegbegleiter. \u2713 Umwelt \u2713 Soziales \u2713 Unternehmensf\u00fchrung.","og_url":"https:\/\/haertha.de\/nl\/bedrijf\/verantwoordelijkheid\/","og_site_name":"H\u00c4RTHA GROUP","article_modified_time":"2025-07-29T05:19:47+00:00","twitter_card":"summary_large_image","schema":{"@context":"https:\/\/schema.org","@graph":[{"@type":"WebPage","@id":"https:\/\/haertha.de\/unternehmen\/verantwortung\/","url":"https:\/\/haertha.de\/unternehmen\/verantwortung\/","name":"Verantwoordelijkheid | H\u00c4RTHA GROUP","isPartOf":{"@id":"https:\/\/haertha.de\/it\/#website"},"datePublished":"2023-02-14T11:17:43+00:00","dateModified":"2025-07-29T05:19:47+00:00","description":"Naar een duurzame toekomst - Als wegbereider en wegbegleider. \u2713 Milieu \u2713 Sociaal \u2713 Bedrijfsvoering.","breadcrumb":{"@id":"https:\/\/haertha.de\/unternehmen\/verantwortung\/#breadcrumb"},"inLanguage":"nl-NL","potentialAction":[{"@type":"ReadAction","target":["https:\/\/haertha.de\/unternehmen\/verantwortung\/"]}]},{"@type":"BreadcrumbList","@id":"https:\/\/haertha.de\/unternehmen\/verantwortung\/#breadcrumb","itemListElement":[{"@type":"ListItem","position":1,"name":"Startseite","item":"https:\/\/haertha.de\/it\/"},{"@type":"ListItem","position":2,"name":"UNTERNEHMEN","item":"https:\/\/haertha.de\/it\/azienda\/"},{"@type":"ListItem","position":3,"name":"VERANTWORTUNG"}]},{"@type":"WebSite","@id":"https:\/\/haertha.de\/it\/#website","url":"https:\/\/haertha.de\/it\/","name":"H\u00c4RTHA GROUP","description":"Hardening Industries H\u00e4rterei H\u00c4RTHA GROUP.","potentialAction":[{"@type":"SearchAction","target":{"@type":"EntryPoint","urlTemplate":"https:\/\/haertha.de\/it\/?s={search_term_string}"},"query-input":{"@type":"PropertyValueSpecification","valueRequired":true,"valueName":"search_term_string"}}],"inLanguage":"nl-NL"}]}},"_links":{"self":[{"href":"https:\/\/haertha.de\/nl\/wp-json\/wp\/v2\/pages\/667","targetHints":{"allow":["GET"]}}],"collection":[{"href":"https:\/\/haertha.de\/nl\/wp-json\/wp\/v2\/pages"}],"about":[{"href":"https:\/\/haertha.de\/nl\/wp-json\/wp\/v2\/types\/page"}],"author":[{"embeddable":true,"href":"https:\/\/haertha.de\/nl\/wp-json\/wp\/v2\/users\/9"}],"replies":[{"embeddable":true,"href":"https:\/\/haertha.de\/nl\/wp-json\/wp\/v2\/comments?post=667"}],"version-history":[{"count":200,"href":"https:\/\/haertha.de\/nl\/wp-json\/wp\/v2\/pages\/667\/revisions"}],"predecessor-version":[{"id":12909,"href":"https:\/\/haertha.de\/nl\/wp-json\/wp\/v2\/pages\/667\/revisions\/12909"}],"up":[{"embeddable":true,"href":"https:\/\/haertha.de\/nl\/wp-json\/wp\/v2\/pages\/2701"}],"wp:attachment":[{"href":"https:\/\/haertha.de\/nl\/wp-json\/wp\/v2\/media?parent=667"}],"curies":[{"name":"wp","href":"https:\/\/api.w.org\/{rel}","templated":true}]}}