{"id":3000,"date":"2023-03-17T11:25:19","date_gmt":"2023-03-17T10:25:19","guid":{"rendered":"http:\/\/haertha.dev.neuekommunikation.de\/wordpress\/?page_id=3000"},"modified":"2025-04-02T13:45:08","modified_gmt":"2025-04-02T11:45:08","slug":"contact","status":"publish","type":"page","link":"https:\/\/haertha.de\/nl\/contact\/","title":{"rendered":"CONTACT"},"content":{"rendered":"<div style=\"height:1.8em\" aria-hidden=\"true\" class=\"wp-block-spacer\"><\/div>\n\n\n\r\n\r\n<div id=\"hero-image-small-block_a8f527d9d6361179ffd657cb7e19844b\" class=\"hero-image-small\"  style=\"\">\r\n    <section class=\"has-align-text-left\">\r\n        \r\n        <div class=\"wrapper-grid\">\r\n\r\n            <!-- content -->\r\n            <div class=\"wrapper-content\">\r\n                <h1 class=\"heading-block-bg\">CONTACT<\/h1>                <div class=\"content-body texteditor hero-image-height\">\r\n                    <h3><span style=\"font-weight: 400;\"><span style=\"color: #6ab651;\">Wij zijn er voor al uw vragen.<\/span><\/span><\/h3>\n<p class=\" translation-block\">Of het nu gaat om een specifiek proces of een algemene aanvraag.<br>\nNeem gerust contact met ons op voor een persoonlijk en vrijblijvend adviesgesprek.<\/p>\n                <\/div>\r\n            <\/div>\r\n            <!-- \/.content -->\r\n\r\n            <!-- image -->\r\n            <div class=\"wrapper-image\">\r\n                <img decoding=\"async\" class=\"img-fluid hero-img\" src=\"https:\/\/haertha.de\/wp-content\/uploads\/2023\/03\/kontakt.jpg\" alt=\"\" \/>\r\n                \r\n                    <!-- Video Popup -->\r\n                    \r\n                    <!-- Image Popup -->\r\n                    \r\n            <\/div>\r\n            <!-- \/.image -->\r\n\r\n        <\/div>\r\n\r\n    <\/section>\r\n<\/div>\r\n\n\n\r\n<div id=\"page-contact-listblock_8baf851e7b62361fc6b794fb053e6d24\" class=\"page-contact-list\" style=\"\">\r\n\r\n    <section>\r\n\r\n        <div class=\"headline\">\r\n            <h2 class=\"headlines-background-color headline-list-color\">OP LOCATIE<\/h2>\r\n        <\/div>\r\n\r\n        <div class=\"bg-image\">\r\n            <img decoding=\"async\" class=\"parallax-7\" src=\"https:\/\/haertha.de\/wp-content\/uploads\/2023\/03\/Haertha_Standortuebersicht.jpg\" alt=\"Stark befahrene, sich kreuzende Stra\u00dfe als Symbol f\u00fcr unsere internationalen und gut vernetzten Standorte\">\r\n        <\/div>\r\n\r\n        <div class=\"tab-panel-cont\">\r\n\r\n            <ul class=\"tabs\">\r\n                                    <li rel=\"tabs-0\" class=\"tabs-0 active\">\r\n                    <span class=\"d-none d-sm-block\">Duitsland<\/span>\r\n                    <span class=\"d-block d-sm-none\"><\/span>\r\n                    <\/li>\r\n\r\n                                                        <li rel=\"tabs-1\" class=\"tabs-1\">\r\n                    <span class=\"d-none d-sm-block\">Itali\u00eb<\/span>\r\n                    <span class=\"d-block d-sm-none\"><\/span>\r\n                    <\/li>\r\n\r\n                                                        <li rel=\"tabs-2\" class=\"tabs-2\">\r\n                    <span class=\"d-none d-sm-block\">Nederland<\/span>\r\n                    <span class=\"d-block d-sm-none\"><\/span>\r\n                    <\/li>\r\n\r\n                                                <\/ul>\r\n\r\n            <h2>CONTACTGEGEVENS<\/h2><div class=\"tab-panel  active\"id=\"tabs-0\"><div class=\"flex-wrapper\"><div class=\"tab-content accordion-contianer\"><div class=\"flex-wrapper-content\"><div class=\"panel-flex\"><span class=\"gmbh\">H\u00c4RTHA &#8211; ALDENHOVEN GmbH<\/span><span class=\"titel\">Centraal Aldenhoven<\/span><a class=\"email\" href=\"mailto:al&#100;e&#110;&#104;&#111;%76e%6e%40%68&#97;ert%68a&#46;%64&#101;\"><span class=\"a-mail\">aldenhoven@haertha.de<\/span><\/a><a class=\"phone\" href=\"tel:+49 2464 58060\"><span>+49 2464 58060<\/span><\/a><\/div><\/div><\/div><div class=\"tab-content accordion-contianer\"><div class=\"flex-wrapper-content\"><div class=\"panel-flex\"><span class=\"gmbh\">H\u00c4RTHA \u2013 WEISSENBURG GmbH<\/span><span class=\"titel\">Centraal Cadolzburg<\/span><a class=\"email\" href=\"mailto:&#119;%65&#105;%73&#115;%65n&#98;&#117;%72&#103;&#64;&#104;%61%65&#114;&#116;h%61.&#100;e\"><span class=\"a-mail\">weissenburg@haertha.de<\/span><\/a><a class=\"phone\" href=\"tel:+49 9141 85890\"><span>+49 9141 85890<\/span><\/a><\/div><\/div><\/div><div class=\"tab-content accordion-contianer\"><div class=\"flex-wrapper-content\"><div class=\"panel-flex\"><span class=\"gmbh\">H\u00e4rterei Aribert Conrad GmbH<\/span><span class=\"titel\">Centraal Iserlohn<\/span><a class=\"email\" href=\"mailto:i&#110;f&#111;&#64;&#104;a%65rt&#101;r&#101;%69%2d%63on%72a&#100;&#46;%64&#101;\"><span class=\"a-mail\">info@haerterei-conrad.de<\/span><\/a><a class=\"phone\" href=\"tel:+49 2371 97800\"><span>+49 2371 97800<\/span><\/a><\/div><\/div><\/div><div class=\"tab-content accordion-contianer\"><div class=\"flex-wrapper-content\"><div class=\"panel-flex\"><span class=\"gmbh\">FORTE W\u00e4rmebehandlung GmbH<\/span><span class=\"titel\">Centraal Iserlohn<\/span><a class=\"email\" href=\"mailto:&#112;%6f%73%74&#64;f%6f&#114;%74e-%67%6db&#104;.%64e\"><span class=\"a-mail\">post@forte-gmbh.de<\/span><\/a><a class=\"phone\" href=\"tel:+49 37296 92680\"><span>+49 37296 92680<\/span><\/a><\/div><\/div><\/div><div class=\"tab-content accordion-contianer\"><div class=\"flex-wrapper-content\"><div class=\"panel-flex\"><span class=\"gmbh\">H\u00c4NDLE H\u00e4rterei GmbH<\/span><span class=\"titel\">Centraal T\u00fcbingen<\/span><a class=\"email\" href=\"mailto:tu%65&#98;%69&#110;&#103;e&#110;&#64;%68&#97;&#101;%72%74&#104;&#97;.%64&#101;\"><span class=\"a-mail\">tuebingen@haertha.de<\/span><\/a><a class=\"phone\" href=\"tel:+49 7071 97020\"><span>+49 7071 97020<\/span><\/a><\/div><\/div><\/div><div class=\"tab-content accordion-contianer\"><div class=\"flex-wrapper-content\"><div class=\"panel-flex\"><span class=\"gmbh\">H\u00c4RTHA \u2013 WEISSENBURG GmbH<\/span><span class=\"titel\">Centraal Weissenburg<\/span><a class=\"email\" href=\"mailto:we%69&#115;s&#101;%6eb%75rg%40&#104;a%65&#114;&#116;%68&#97;&#46;d&#101;\"><span class=\"a-mail\">weissenburg@haertha.de<\/span><\/a><a class=\"phone\" href=\"tel:+49 9141 85890\"><span>+49 9141 85890<\/span><\/a><\/div><\/div><\/div><\/div><\/div>            \r\n            <div class=\"tab-panel\"id=\"tabs-1\"><div class=\"flex-wrapper\"><div class=\"tab-content accordion-contianer\"><div class=\"flex-wrapper-content\"><div class=\"panel-flex\"><span class=\"gmbh\">VACUUM S.P.A.<\/span><span class=\"titel\">Centraal Milan<\/span><a class=\"email\" href=\"mailto:%69n%66o&#64;%76a%63uu&#109;%2ei%74\"><span class=\"a-mail\">info@vacuum.it<\/span><\/a><a class=\"phone\" href=\"tel:+39 02 9443451\"><span>+39 02 9443451<\/span><\/a><\/div><\/div><\/div><div class=\"tab-content accordion-contianer\"><div class=\"flex-wrapper-content\"><div class=\"panel-flex\"><span class=\"gmbh\">HAERTHA &#8211; VERDELLO S.R.L.<\/span><span class=\"titel\">Centraal Verdello<\/span><a class=\"email\" href=\"mailto:%76%65r&#100;%65%6c&#108;o&#64;haer%74%68a%2e%64e\"><span class=\"a-mail\">verdello@haertha.de<\/span><\/a><a class=\"phone\" href=\"tel:+39 035 4829789\"><span>+39 035 4829789<\/span><\/a><\/div><\/div><\/div><div class=\"tab-content accordion-contianer\"><div class=\"flex-wrapper-content\"><div class=\"panel-flex\"><span class=\"gmbh\">HAERTHA COATING S.R.L.<\/span><span class=\"titel\">Centraal Verona Coating<\/span><a class=\"email\" href=\"mailto:%63o%61t&#105;&#110;%67%2d&#118;%65&#114;&#111;n&#97;&#64;&#104;%61e&#114;&#116;&#104;&#97;&#46;&#100;&#101;\"><span class=\"a-mail\">coating-verona@haertha.de<\/span><\/a><a class=\"phone\" href=\"tel:+39 045 6117638\"><span>+39 045 6117638<\/span><\/a><\/div><\/div><\/div><div class=\"tab-content accordion-contianer\"><div class=\"flex-wrapper-content\"><div class=\"panel-flex\"><span class=\"gmbh\">HAERTHA &#8211; VERDELLO S.R.L.<\/span><span class=\"titel\">Centraal Verona<\/span><a class=\"email\" href=\"mailto:%76&#101;r&#111;na&#64;h%61%65&#114;t%68a.de\"><span class=\"a-mail\">verona@haertha.de<\/span><\/a><a class=\"phone\" href=\"tel:+39 045 8923093\"><span>+39 045 8923093<\/span><\/a><\/div><\/div><\/div><\/div><\/div>            \r\n            <div class=\"tab-panel\"id=\"tabs-2\"><div class=\"flex-wrapper\"><div class=\"tab-content accordion-contianer\"><div class=\"flex-wrapper-content\"><div class=\"panel-flex\"><span class=\"gmbh\">SABO BOXTEL BV<\/span><span class=\"titel\">Centraal Boxtel<\/span><a class=\"email\" href=\"mailto:%69%6ef&#111;%40s%61&#98;&#111;&#98;&#111;x&#116;%65&#108;%2e&#110;%6c\"><span class=\"a-mail\">info@saboboxtel.nl<\/span><\/a><a class=\"phone\" href=\"tel:+31 411 673031\"><span>+31 411 673031<\/span><\/a><\/div><\/div><\/div><\/div><\/div>            \r\n            \r\n        <\/div>\r\n\r\n    <\/section>\r\n<\/div>\r\n\r\n\r\n\r\n\r\n\n\n\r\n<div class=\"contact-form-general container-full\" id=\"contact-form-general-block_10a59dc5a0ca682aecabaa1fe26f9630\" style=\"background-color: var(--wp--preset--color--area); position: relative; z-index: 999;\">\r\n    <div class=\"container\" style=\"max-width: 1600px;\">\r\n    <div class=\"row\">\r\n        <div class=\"col-12 col-md-3\">\r\n            <div class=\"wrapper-contact-form\">\r\n                <span class=\"icon-decor-out-right\"><\/span>\r\n                <div class=\"headline\">\r\n                    <h2 class=\" translation-block\">Uw<br> bericht<\/h2>\r\n                <\/div>\r\n                <div class=\"body-contact-form\">\r\n                    <div class=\"content-contact-form\">\r\n                                            <\/div>\r\n                    <div class=\"headline\">\r\n                                            <\/div>\r\n                    <ul>\r\n                        <li><a class=\"mail\" href=\"mailto:\"><\/a><\/li>\r\n                        <li><a href=\"tel:\"><\/a><\/li>\r\n                    <\/ul>\r\n                <\/div>\r\n            <\/div>\r\n        <\/div>\r\n        <div class=\"col-12 offset-md-1 col-md-5\">\r\n            <div class=\"wrapper-contact-formular\">\r\n                    \r\n\r\n\r\n\r\n \r\n<script charset=\"utf-8\" type=\"text\/javascript\" src=\"\/\/js-eu1.hsforms.net\/forms\/embed\/v2.js\"><\/script>\r\n<script>\r\n  hbspt.forms.create({\r\n    portalId: \"27037506\",\r\n    formId: \"34a08793-e25f-4988-b59d-df387ae2dfa6\"\r\n  });\r\n<\/script>\r\n\r\n\r\n            <\/div>\r\n        <\/div>\r\n    <\/div>\r\n    <\/div>\r\n<\/div>","protected":false},"excerpt":{"rendered":"","protected":false},"author":9,"featured_media":0,"parent":0,"menu_order":0,"comment_status":"closed","ping_status":"closed","template":"","meta":{"_acf_changed":false,"footnotes":""},"class_list":["post-3000","page","type-page","status-publish","hentry"],"acf":[],"yoast_head":"<!-- This site is optimized with the Yoast SEO plugin v26.0 - https:\/\/yoast.com\/wordpress\/plugins\/seo\/ -->\n<title>Kontakt | H\u00c4RTHA GROUP<\/title>\n<meta name=\"description\" content=\"Wir sind f\u00fcr jede Ihrer Fragen da. Vor Ort. \u2713 Deutschland \u2713 Italien \u2713 Niederlande.\" \/>\n<meta name=\"robots\" content=\"index, follow, max-snippet:-1, max-image-preview:large, max-video-preview:-1\" \/>\n<link rel=\"canonical\" href=\"https:\/\/haertha.de\/nl\/contact\/\" \/>\n<meta property=\"og:locale\" content=\"nl_NL\" \/>\n<meta property=\"og:type\" content=\"article\" \/>\n<meta property=\"og:title\" content=\"Kontakt | H\u00c4RTHA GROUP\" \/>\n<meta property=\"og:description\" content=\"Wir sind f\u00fcr jede Ihrer Fragen da. Vor Ort. \u2713 Deutschland \u2713 Italien \u2713 Niederlande.\" \/>\n<meta property=\"og:url\" content=\"https:\/\/haertha.de\/nl\/contact\/\" \/>\n<meta property=\"og:site_name\" content=\"H\u00c4RTHA GROUP\" \/>\n<meta property=\"article:modified_time\" content=\"2025-04-02T11:45:08+00:00\" \/>\n<meta name=\"twitter:card\" content=\"summary_large_image\" \/>\n<script type=\"application\/ld+json\" class=\"yoast-schema-graph\">{\"@context\":\"https:\/\/schema.org\",\"@graph\":[{\"@type\":\"WebPage\",\"@id\":\"https:\/\/haertha.de\/nl\/contact\/\",\"url\":\"https:\/\/haertha.de\/nl\/contact\/\",\"name\":\"Kontakt | H\u00c4RTHA GROUP\",\"isPartOf\":{\"@id\":\"https:\/\/haertha.de\/it\/#website\"},\"datePublished\":\"2023-03-17T10:25:19+00:00\",\"dateModified\":\"2025-04-02T11:45:08+00:00\",\"description\":\"Wir sind f\u00fcr jede Ihrer Fragen da. Vor Ort. \u2713 Deutschland \u2713 Italien \u2713 Niederlande.\",\"breadcrumb\":{\"@id\":\"https:\/\/haertha.de\/nl\/contact\/#breadcrumb\"},\"inLanguage\":\"nl-NL\",\"potentialAction\":[{\"@type\":\"ReadAction\",\"target\":[\"https:\/\/haertha.de\/nl\/contact\/\"]}]},{\"@type\":\"BreadcrumbList\",\"@id\":\"https:\/\/haertha.de\/nl\/contact\/#breadcrumb\",\"itemListElement\":[{\"@type\":\"ListItem\",\"position\":1,\"name\":\"Startseite\",\"item\":\"https:\/\/haertha.de\/it\/\"},{\"@type\":\"ListItem\",\"position\":2,\"name\":\"KONTAKT\"}]},{\"@type\":\"WebSite\",\"@id\":\"https:\/\/haertha.de\/it\/#website\",\"url\":\"https:\/\/haertha.de\/it\/\",\"name\":\"H\u00c4RTHA GROUP\",\"description\":\"Hardening Industries H\u00e4rterei H\u00c4RTHA GROUP.\",\"potentialAction\":[{\"@type\":\"SearchAction\",\"target\":{\"@type\":\"EntryPoint\",\"urlTemplate\":\"https:\/\/haertha.de\/it\/?s={search_term_string}\"},\"query-input\":{\"@type\":\"PropertyValueSpecification\",\"valueRequired\":true,\"valueName\":\"search_term_string\"}}],\"inLanguage\":\"nl-NL\"}]}<\/script>\n<!-- \/ Yoast SEO plugin. -->","yoast_head_json":{"title":"Contact | H\u00c4RTHA GROUP","description":"Contacteer ons voor een vrijblijvend adviesgesprek. Op Locatie. \u2713 Duitsland \u2713 Itali\u00eb \u2713 Nederland.","robots":{"index":"index","follow":"follow","max-snippet":"max-snippet:-1","max-image-preview":"max-image-preview:large","max-video-preview":"max-video-preview:-1"},"canonical":"https:\/\/haertha.de\/nl\/contact\/","og_locale":"nl_NL","og_type":"article","og_title":"Kontakt | H\u00c4RTHA GROUP","og_description":"Wir sind f\u00fcr jede Ihrer Fragen da. Vor Ort. \u2713 Deutschland \u2713 Italien \u2713 Niederlande.","og_url":"https:\/\/haertha.de\/nl\/contact\/","og_site_name":"H\u00c4RTHA GROUP","article_modified_time":"2025-04-02T11:45:08+00:00","twitter_card":"summary_large_image","schema":{"@context":"https:\/\/schema.org","@graph":[{"@type":"WebPage","@id":"https:\/\/haertha.de\/nl\/contact\/","url":"https:\/\/haertha.de\/nl\/contact\/","name":"Contact | H\u00c4RTHA GROUP","isPartOf":{"@id":"https:\/\/haertha.de\/it\/#website"},"datePublished":"2023-03-17T10:25:19+00:00","dateModified":"2025-04-02T11:45:08+00:00","description":"Contacteer ons voor een vrijblijvend adviesgesprek. Op Locatie. \u2713 Duitsland \u2713 Itali\u00eb \u2713 Nederland.","breadcrumb":{"@id":"https:\/\/haertha.de\/nl\/contact\/#breadcrumb"},"inLanguage":"nl-NL","potentialAction":[{"@type":"ReadAction","target":["https:\/\/haertha.de\/nl\/contact\/"]}]},{"@type":"BreadcrumbList","@id":"https:\/\/haertha.de\/nl\/contact\/#breadcrumb","itemListElement":[{"@type":"ListItem","position":1,"name":"Startseite","item":"https:\/\/haertha.de\/it\/"},{"@type":"ListItem","position":2,"name":"KONTAKT"}]},{"@type":"WebSite","@id":"https:\/\/haertha.de\/it\/#website","url":"https:\/\/haertha.de\/it\/","name":"H\u00c4RTHA GROUP","description":"Hardening Industries H\u00e4rterei H\u00c4RTHA GROUP.","potentialAction":[{"@type":"SearchAction","target":{"@type":"EntryPoint","urlTemplate":"https:\/\/haertha.de\/it\/?s={search_term_string}"},"query-input":{"@type":"PropertyValueSpecification","valueRequired":true,"valueName":"search_term_string"}}],"inLanguage":"nl-NL"}]}},"_links":{"self":[{"href":"https:\/\/haertha.de\/nl\/wp-json\/wp\/v2\/pages\/3000","targetHints":{"allow":["GET"]}}],"collection":[{"href":"https:\/\/haertha.de\/nl\/wp-json\/wp\/v2\/pages"}],"about":[{"href":"https:\/\/haertha.de\/nl\/wp-json\/wp\/v2\/types\/page"}],"author":[{"embeddable":true,"href":"https:\/\/haertha.de\/nl\/wp-json\/wp\/v2\/users\/9"}],"replies":[{"embeddable":true,"href":"https:\/\/haertha.de\/nl\/wp-json\/wp\/v2\/comments?post=3000"}],"version-history":[{"count":28,"href":"https:\/\/haertha.de\/nl\/wp-json\/wp\/v2\/pages\/3000\/revisions"}],"predecessor-version":[{"id":12753,"href":"https:\/\/haertha.de\/nl\/wp-json\/wp\/v2\/pages\/3000\/revisions\/12753"}],"wp:attachment":[{"href":"https:\/\/haertha.de\/nl\/wp-json\/wp\/v2\/media?parent=3000"}],"curies":[{"name":"wp","href":"https:\/\/api.w.org\/{rel}","templated":true}]}}