{"id":299,"date":"2023-01-25T12:08:35","date_gmt":"2023-01-25T11:08:35","guid":{"rendered":"http:\/\/haertha.dev.neuekommunikation.de\/wordpress\/?page_id=299"},"modified":"2023-09-15T13:07:18","modified_gmt":"2023-09-15T11:07:18","slug":"over-ons","status":"publish","type":"page","link":"https:\/\/haertha.de\/nl\/bedrijf\/over-ons\/","title":{"rendered":"OVER ONS"},"content":{"rendered":"<section id=\"popup-page-hero-slider-pictures-video-block_d569d294f47eefa0d6b6b9019aa74346\" class=\"popup popup-video\"><div class=\"popup__content\"><div class=\"close\"><span><\/span><span><\/span><\/div><div class=\"embed-container\"><iframe loading=\"lazy\" title=\"HA\u0308RTHA_Imagefilm_NL\" src=\"https:\/\/player.vimeo.com\/video\/814521930?h=2d63b50e60&amp;dnt=1&amp;app_id=122963&#038;muted=0&#038;controls=1&#038;hd=1&#038;loop=1&#038;autohide=1&#038;autoplay=0&#038;dnt=1\" width=\"640\" height=\"300\" frameborder=\"0\" allow=\"autoplay; fullscreen; picture-in-picture; clipboard-write; encrypted-media; web-share\" referrerpolicy=\"strict-origin-when-cross-origin\" class=\"video-play\"><\/iframe><\/div><\/div><\/section>\r\n<section id=\"page-hero-slider-pictures-video-block_d569d294f47eefa0d6b6b9019aa74346\" class=\"page-hero-slider-pictures-video\">\r\n\r\n    <div class=\"wrapper video-wrapper\">\r\n\r\n        <!-- Image BG -->\r\n                \r\n        <!-- Video BG -->\r\n                    <div class=\"video-loop\">\r\n                <iframe loading=\"lazy\" title=\"LOOP_Imagefilm2\" src=\"https:\/\/player.vimeo.com\/video\/815305189?h=44878d05be&amp;dnt=1&amp;app_id=122963&#038;controls=0&#038;hd=1&#038;loop=1&#038;autohide=0&#038;autoplay=1&#038;muted=1&#038;dnt=1\" width=\"640\" height=\"300\" frameborder=\"0\" allow=\"autoplay; fullscreen; picture-in-picture; clipboard-write; encrypted-media; web-share\" referrerpolicy=\"strict-origin-when-cross-origin\"><\/iframe>                <!--Video-->\r\n                <div class=\"video-button popup-button\" data-number=\"page-hero-slider-pictures-video-block_d569d294f47eefa0d6b6b9019aa74346\"><a href=\"javascript:void(0);\" class=\"popup-button btn-video btn-cta\" data-number=\"page-hero-slider-pictures-video-block_d569d294f47eefa0d6b6b9019aa74346\"><div class=\"btn-open-video\"><span class=\"btn-decor-left\"><\/span><span class=\"text\"> Video afspelen<\/span><span class=\"btn-decor-right\"><\/span><\/div><\/a><\/div>            <\/div>\r\n        \r\n        <div class=\"headline-wrapper\">\r\n            <div class=\"hadline-body\">\r\n                <!-- Headline Page -->\r\n                                    <div class=\"headline-page parallax-16\">\r\n                    <h1>OVER ONS<\/h1>                    <\/div>\r\n                \r\n                <!-- Headline Modul -->\r\n                                                        <div class=\"headline parallax-16\">\r\n                        <h2>ONZE DRIJFVEER<\/h2>\r\n                    <\/div>\r\n                                                <\/div>\r\n        <\/div>\r\n\r\n    <\/div>\r\n\r\n    <!-- text -->\r\n            <div class=\"wrapper-text parallax-15\">\r\n            <div class=\"text\">\r\n                <h3><span style=\"color: #6ab651;\">Wij verbeteren wat doorslaggevend is.<\/span><\/h3>\n<p>&nbsp;<\/p>\n<p>Wij zorgen ervoor dat de onderdelen van onze klanten in kritieke situaties elke uitdaging aankunnen. Wij geven ze net dat extra in levensduur, weerstand en prestatie.<\/p>\n<p>&nbsp;<\/p>\n<p>Wij zijn een van de toonaangevende dienstverleners voor warmtebehandelingsprocessen en coatingoplossingen in Europa. Wij perfectioneren onderdelen zodat alles soepel en betrouwbaar werkt, zelfs in de meest uitdagende situaties en toepassingsgebieden.<\/p>\n            <\/div>\r\n        <\/div>\r\n    \r\n<\/section>\r\n\r\n\r\n\r\n\r\n\r\n\n\n\r\n<div id=\"page-image-text-imageblock_a197de171f45d540108b64f123549a21\" class=\"page-image-text-image\" style=\"\">\r\n\r\n    <section class=\"is-style-style_01\">\r\n        <div class=\"wrapper-grid\">\r\n            <div class=\"wrapper-image-left\">\r\n                                    <img decoding=\"async\" class=\"parallax-55\" src=\"https:\/\/haertha.de\/wp-content\/uploads\/2023\/03\/Service_technische_Beratung-aspect-ratio-806-561.png\" alt=\"\" \/>\r\n                            <\/div>\r\n            <div class=\"wrapper-content-center parallax-5\">\r\n                <div class=\"wrapper-content\">\r\n                                            <div class=\"headline\">\r\n                            <h2 class=\"head\">ONZE KLANTEN<\/h2>\r\n                        <\/div>\r\n                                        <div class=\"body-content texteditor\">\r\n\r\n                        <!--Icon Box-->\r\n                                                <div class=\"acf-innerblocks-container\"><\/div>                        <!-- .\/ Icon Box-->\r\n\r\n                        <p>De klantenbril is het favoriete accessoire van onze medewerkers. Daarom waarderen onze klanten ons deskundig advies. Samen kiezen we het proces dat het beste aansluit bij uw behoeften. Op maat gemaakte hardings- en coatingprocessen en persoonlijke service zijn een onderdeel van elk project.<\/p>\n\r\n                        \r\n                    <\/div>\r\n                <\/div>\r\n            <\/div>\r\n            <div class=\"wrapper-image-right\">\r\n                                    <img decoding=\"async\" class=\"parallax-55\" src=\"https:\/\/haertha.de\/wp-content\/uploads\/2023\/03\/Uber_Uns_Unsere_Kunden_temp-fix-aspect-ratio-806-561-2.png\" alt=\"\" \/>\r\n                            <\/div>\r\n        <\/div>\r\n    <\/section>\r\n\r\n<\/div>\n\n\r\n<div id=\"page-image-text-block_43d8b1170f063b5501f867ac11740c8c\" class=\"page-image-text\"  style=\"\">\r\n    <section class=\"has-align-text-left is-style-style_01\">\r\n        \r\n        <div class=\"wrapper-grid div-height-pagepage-image-text-block_43d8b1170f063b5501f867ac11740c8c\">\r\n            <div class=\"wrapper-image\">\r\n                <div class=\"image\">\r\n                                            <img decoding=\"async\" class=\"parallax-7\" src=\"https:\/\/haertha.de\/wp-content\/uploads\/2023\/03\/Uber_uns_unsere_Verfahren-aspect-ratio-933-658.png\" alt=\"\" \/>\r\n                    \r\n                    <!-- Video Popup -->\r\n                    \r\n                    <!-- Image Popup -->\r\n                    \r\n                <\/div>\r\n            <\/div>\r\n\r\n            <div class=\"wrapper-content parallax-5\">\r\n\r\n                                    <div class=\"headline\">\r\n                        <h2 class=\"head\">ONZE PROCESSEN<\/h2>\r\n                    <\/div>\r\n                \r\n                <div class=\"body-content texteditor text-height-page height-pagepage-image-text-block_43d8b1170f063b5501f867ac11740c8c\" data-height-page-div=\"page-image-text-block_43d8b1170f063b5501f867ac11740c8c\">\r\n\r\n                    <!--Icon Box-->\r\n                                        <div class=\"acf-innerblocks-container\"><\/div>                    <!-- .\/ Icon Box-->\r\n                    <div class=\"texteditor\">\r\n                        <h3><span style=\"color: #6ab651;\">Modernste technologie\u00ebn<\/span><\/h3>\n<p>Wij gebruiken steeds de nieuwste technologie\u00ebn. Met onze gebundelde proceskennis perfectioneren wij veeleisende processen. Van plasmanitreren, vacu\u00fcmharden, lagedrukcarboneren en inductieharden tot veeleisende coatings. Uiteraard in betrouwbaar reproduceerbare topkwaliteit.<\/p>\n\r\n                        <!--Icons Unten-->\r\n                        \r\n                        <!-- Button -->\r\n                        <div class=\"wrapper-button\">\r\n                            \r\n\r\n\r\n                        <\/div>\r\n                    <\/div>\r\n\r\n\r\n                <\/div>\r\n            <\/div>\r\n        <\/div>\r\n\r\n    <\/section>\r\n<\/div>\r\n\r\n\r\n\r\n\r\n\r\n\r\n\r\n\r\n\r\n\r\n\r\n\r\n\r\n\r\n\n\n<div id=\"page-textfeldblock_1b68df556c65b3371bf097e030c6649f\" class=\"page-textfeld\" style=\"margin-bottom:var(--wp--preset--spacing--50);\">\r\n\r\n    <section class=\"is-style-style_02\">\r\n        <div class=\"wrapper-grid\">\r\n            <div class=\"content-body\">\r\n                <div class=\"headline\">\r\n                    <h2>ONS TEAM<\/h2>\r\n                <\/div>\r\n                <div class=\"texteditor\">\r\n                    <h3><span style=\"color: #6ab651;\">Meedenken hoort erbij.<\/span><\/h3>\n<p>Al onze medewerkers zetten zich in voor compromisloze kwaliteit. Ze dragen verantwoordelijkheid in uw gebied en kunnen met hun knowhow en idee\u00ebn bij ons terecht. Daarom zorgen wij ervoor dat ze bij ons optimale werkomstandigheden vinden en de beste opleiding en bijscholing krijgen.<\/p>\n                <\/div>\r\n                            <\/div>\r\n        <\/div>\r\n\r\n    <\/section>\r\n\r\n<\/div>\r\n\r\n\n\n\r\n<div id=\"page-image-text-block_a66d1b716d61d52dd41712fa1d303d65\" class=\"page-image-text\"  style=\"\">\r\n    <section class=\"has-align-text-right is-style-style_01\">\r\n        \r\n        <div class=\"wrapper-grid div-height-pagepage-image-text-block_a66d1b716d61d52dd41712fa1d303d65\">\r\n            <div class=\"wrapper-image\">\r\n                <div class=\"image\">\r\n                                            <img decoding=\"async\" class=\"parallax-7\" src=\"https:\/\/haertha.de\/wp-content\/uploads\/2023\/03\/Unsere_Verantwortung-aspect-ratio-933-658.png\" alt=\"\" \/>\r\n                    \r\n                    <!-- Video Popup -->\r\n                    \r\n                    <!-- Image Popup -->\r\n                    \r\n                <\/div>\r\n            <\/div>\r\n\r\n            <div class=\"wrapper-content parallax-5\">\r\n\r\n                                    <div class=\"headline\">\r\n                        <h2 class=\"head\">ONZE VERANTWOORDELIJKHEID<\/h2>\r\n                    <\/div>\r\n                \r\n                <div class=\"body-content texteditor text-height-page height-pagepage-image-text-block_a66d1b716d61d52dd41712fa1d303d65\" data-height-page-div=\"page-image-text-block_a66d1b716d61d52dd41712fa1d303d65\">\r\n\r\n                    <!--Icon Box-->\r\n                                        <div class=\"acf-innerblocks-container\"><\/div>                    <!-- .\/ Icon Box-->\r\n                    <div class=\"texteditor\">\r\n                        <h3><span style=\"color: #6ab651;\">Een leefbare toekomst.<\/span><\/h3>\n<p>Milieubescherming is onze mentaliteit. Uit grote overtuiging bewandelen we de weg naar een duurzame toekomst. We hebben ons aangesloten bij het wereldwijde SBTi-initiatief en zijn goed op weg om H\u00c4RTHA CO2-neutraal te maken. Daarnaast zijn we altijd op zoek naar manieren om ons hele bedrijf klimaat- en milieuvriendelijker te maken. Wij doen er alles aan om onze kinderen een leefbare planeet na te laten.<\/p>\n<p>&nbsp;<\/p>\n<p><a href=\"https:\/\/haertha.de\/unternehmen\/verantwortung\/\"><a href=\"https:\/\/haertha.de\/nl\/unternehmen\/verantwortung\/\">Meer over onze duurzaamheidsstrategie<\/a><\/a><\/p>\n\r\n                        <!--Icons Unten-->\r\n                        \r\n                        <!-- Button -->\r\n                        <div class=\"wrapper-button\">\r\n                            \r\n\r\n\r\n                        <\/div>\r\n                    <\/div>\r\n\r\n\r\n                <\/div>\r\n            <\/div>\r\n        <\/div>\r\n\r\n    <\/section>\r\n<\/div>","protected":false},"excerpt":{"rendered":"","protected":false},"author":9,"featured_media":0,"parent":2701,"menu_order":0,"comment_status":"closed","ping_status":"closed","template":"","meta":{"_acf_changed":false,"footnotes":""},"class_list":["post-299","page","type-page","status-publish","hentry"],"acf":[],"yoast_head":"<!-- This site is optimized with the Yoast SEO plugin v26.0 - https:\/\/yoast.com\/wordpress\/plugins\/seo\/ -->\n<title>\u00dcber uns | H\u00c4RTHA GROUP<\/title>\n<meta name=\"description\" content=\"Jeder Herausforderung gewachsen \u2713 Unser Antrieb \u2713 Unsere Kunden \u2713 Unsere Verfahren \u2713 Unser Team.\" \/>\n<meta name=\"robots\" content=\"index, follow, max-snippet:-1, max-image-preview:large, max-video-preview:-1\" \/>\n<link rel=\"canonical\" href=\"https:\/\/haertha.de\/nl\/bedrijf\/over-ons\/\" \/>\n<meta property=\"og:locale\" content=\"nl_NL\" \/>\n<meta property=\"og:type\" content=\"article\" \/>\n<meta property=\"og:title\" content=\"\u00dcber uns | H\u00c4RTHA GROUP\" \/>\n<meta property=\"og:description\" content=\"Jeder Herausforderung gewachsen \u2713 Unser Antrieb \u2713 Unsere Kunden \u2713 Unsere Verfahren \u2713 Unser Team.\" \/>\n<meta property=\"og:url\" content=\"https:\/\/haertha.de\/nl\/bedrijf\/over-ons\/\" \/>\n<meta property=\"og:site_name\" content=\"H\u00c4RTHA GROUP\" \/>\n<meta property=\"article:modified_time\" content=\"2023-09-15T11:07:18+00:00\" \/>\n<meta name=\"twitter:card\" content=\"summary_large_image\" \/>\n<script type=\"application\/ld+json\" class=\"yoast-schema-graph\">{\"@context\":\"https:\/\/schema.org\",\"@graph\":[{\"@type\":\"WebPage\",\"@id\":\"https:\/\/haertha.de\/unternehmen\/uber-uns\/\",\"url\":\"https:\/\/haertha.de\/unternehmen\/uber-uns\/\",\"name\":\"\u00dcber uns | H\u00c4RTHA GROUP\",\"isPartOf\":{\"@id\":\"https:\/\/haertha.de\/it\/#website\"},\"datePublished\":\"2023-01-25T11:08:35+00:00\",\"dateModified\":\"2023-09-15T11:07:18+00:00\",\"description\":\"Jeder Herausforderung gewachsen \u2713 Unser Antrieb \u2713 Unsere Kunden \u2713 Unsere Verfahren \u2713 Unser Team.\",\"breadcrumb\":{\"@id\":\"https:\/\/haertha.de\/unternehmen\/uber-uns\/#breadcrumb\"},\"inLanguage\":\"nl-NL\",\"potentialAction\":[{\"@type\":\"ReadAction\",\"target\":[\"https:\/\/haertha.de\/unternehmen\/uber-uns\/\"]}]},{\"@type\":\"BreadcrumbList\",\"@id\":\"https:\/\/haertha.de\/unternehmen\/uber-uns\/#breadcrumb\",\"itemListElement\":[{\"@type\":\"ListItem\",\"position\":1,\"name\":\"Startseite\",\"item\":\"https:\/\/haertha.de\/it\/\"},{\"@type\":\"ListItem\",\"position\":2,\"name\":\"UNTERNEHMEN\",\"item\":\"https:\/\/haertha.de\/it\/azienda\/\"},{\"@type\":\"ListItem\",\"position\":3,\"name\":\"\u00dcBER UNS\"}]},{\"@type\":\"WebSite\",\"@id\":\"https:\/\/haertha.de\/it\/#website\",\"url\":\"https:\/\/haertha.de\/it\/\",\"name\":\"H\u00c4RTHA GROUP\",\"description\":\"Hardening Industries H\u00e4rterei H\u00c4RTHA GROUP.\",\"potentialAction\":[{\"@type\":\"SearchAction\",\"target\":{\"@type\":\"EntryPoint\",\"urlTemplate\":\"https:\/\/haertha.de\/it\/?s={search_term_string}\"},\"query-input\":{\"@type\":\"PropertyValueSpecification\",\"valueRequired\":true,\"valueName\":\"search_term_string\"}}],\"inLanguage\":\"nl-NL\"}]}<\/script>\n<!-- \/ Yoast SEO plugin. -->","yoast_head_json":{"title":"Over ons | H\u00c4RTHA GROUP","description":"Wij verbeteren wat doorslaggevend is \u2713 Onze drifveer \u2713 Onze klanten \u2713 Onze processen \u2713 Ons team.","robots":{"index":"index","follow":"follow","max-snippet":"max-snippet:-1","max-image-preview":"max-image-preview:large","max-video-preview":"max-video-preview:-1"},"canonical":"https:\/\/haertha.de\/nl\/bedrijf\/over-ons\/","og_locale":"nl_NL","og_type":"article","og_title":"\u00dcber uns | H\u00c4RTHA GROUP","og_description":"Jeder Herausforderung gewachsen \u2713 Unser Antrieb \u2713 Unsere Kunden \u2713 Unsere Verfahren \u2713 Unser Team.","og_url":"https:\/\/haertha.de\/nl\/bedrijf\/over-ons\/","og_site_name":"H\u00c4RTHA GROUP","article_modified_time":"2023-09-15T11:07:18+00:00","twitter_card":"summary_large_image","schema":{"@context":"https:\/\/schema.org","@graph":[{"@type":"WebPage","@id":"https:\/\/haertha.de\/unternehmen\/uber-uns\/","url":"https:\/\/haertha.de\/unternehmen\/uber-uns\/","name":"Over ons | H\u00c4RTHA GROUP","isPartOf":{"@id":"https:\/\/haertha.de\/it\/#website"},"datePublished":"2023-01-25T11:08:35+00:00","dateModified":"2023-09-15T11:07:18+00:00","description":"Wij verbeteren wat doorslaggevend is \u2713 Onze drifveer \u2713 Onze klanten \u2713 Onze processen \u2713 Ons team.","breadcrumb":{"@id":"https:\/\/haertha.de\/unternehmen\/uber-uns\/#breadcrumb"},"inLanguage":"nl-NL","potentialAction":[{"@type":"ReadAction","target":["https:\/\/haertha.de\/unternehmen\/uber-uns\/"]}]},{"@type":"BreadcrumbList","@id":"https:\/\/haertha.de\/unternehmen\/uber-uns\/#breadcrumb","itemListElement":[{"@type":"ListItem","position":1,"name":"Startseite","item":"https:\/\/haertha.de\/it\/"},{"@type":"ListItem","position":2,"name":"UNTERNEHMEN","item":"https:\/\/haertha.de\/it\/azienda\/"},{"@type":"ListItem","position":3,"name":"\u00dcBER UNS"}]},{"@type":"WebSite","@id":"https:\/\/haertha.de\/it\/#website","url":"https:\/\/haertha.de\/it\/","name":"H\u00c4RTHA GROUP","description":"Hardening Industries H\u00e4rterei H\u00c4RTHA GROUP.","potentialAction":[{"@type":"SearchAction","target":{"@type":"EntryPoint","urlTemplate":"https:\/\/haertha.de\/it\/?s={search_term_string}"},"query-input":{"@type":"PropertyValueSpecification","valueRequired":true,"valueName":"search_term_string"}}],"inLanguage":"nl-NL"}]}},"_links":{"self":[{"href":"https:\/\/haertha.de\/nl\/wp-json\/wp\/v2\/pages\/299","targetHints":{"allow":["GET"]}}],"collection":[{"href":"https:\/\/haertha.de\/nl\/wp-json\/wp\/v2\/pages"}],"about":[{"href":"https:\/\/haertha.de\/nl\/wp-json\/wp\/v2\/types\/page"}],"author":[{"embeddable":true,"href":"https:\/\/haertha.de\/nl\/wp-json\/wp\/v2\/users\/9"}],"replies":[{"embeddable":true,"href":"https:\/\/haertha.de\/nl\/wp-json\/wp\/v2\/comments?post=299"}],"version-history":[{"count":104,"href":"https:\/\/haertha.de\/nl\/wp-json\/wp\/v2\/pages\/299\/revisions"}],"predecessor-version":[{"id":8118,"href":"https:\/\/haertha.de\/nl\/wp-json\/wp\/v2\/pages\/299\/revisions\/8118"}],"up":[{"embeddable":true,"href":"https:\/\/haertha.de\/nl\/wp-json\/wp\/v2\/pages\/2701"}],"wp:attachment":[{"href":"https:\/\/haertha.de\/nl\/wp-json\/wp\/v2\/media?parent=299"}],"curies":[{"name":"wp","href":"https:\/\/api.w.org\/{rel}","templated":true}]}}