{"id":2989,"date":"2023-03-17T10:28:17","date_gmt":"2023-03-17T09:28:17","guid":{"rendered":"http:\/\/haertha.dev.neuekommunikation.de\/wordpress\/?page_id=2989"},"modified":"2024-03-19T21:06:03","modified_gmt":"2024-03-19T20:06:03","slug":"impressum","status":"publish","type":"page","link":"https:\/\/haertha.de\/nl\/impressum\/","title":{"rendered":"IMPRESSUM"},"content":{"rendered":"<div style=\"height:100px\" aria-hidden=\"true\" class=\"wp-block-spacer\"><\/div>\n\n\n<div id=\"page-textfeldblock_3e23861f2b1b6fcf04159be598e07d2c\" class=\"page-textfeld\" style=\"margin-top:var(--wp--preset--spacing--60);margin-bottom:var(--wp--preset--spacing--60);\">\r\n\r\n    <section class=\"is-style-style_02\">\r\n        <div class=\"wrapper-grid\">\r\n            <div class=\"content-body\">\r\n                <div class=\"headline\">\r\n                    <h2>IMPRESSUM<\/h2>\r\n                <\/div>\r\n                <div class=\"texteditor\">\r\n                    <p><strong><span style=\"color: #6ab651;\">Gegevens volgens \u00a7 5 TMG:<\/span><\/strong><\/p>\n<p>H\u00c4RTHA GROUP GmbH, Joseph-von-Fraunhofer-Stra\u00dfe 3a, 52477 Alsdorf, Germany I Vertreten durch: Sven Killmer, Timo R\u00f6skes<\/p>\n<p>&nbsp;<\/p>\n<p><strong><span style=\"color: #6ab651;\">Contact:<\/span><\/strong><\/p>\n<p>Telefoon: +49 2404 922230 I E-mail: info@haertha.de<\/p>\n<p>&nbsp;<\/p>\n<p><strong><span style=\"color: #6ab651;\">Registratie-inschrijving:<\/span><\/strong><\/p>\n<p>Inschrijving in het handelsregister: Kantoor van inschrijving D\u00fcren I registratienummer HRB 7855<\/p>\n<p>&nbsp;<\/p>\n<p><strong><span style=\"color: #6ab651;\">Btw-nummer:<\/span><\/strong><\/p>\n<p>Omzetbelastingidentificatienummer volgens \u00a727 a omzetbelastingwet: DE316994381<\/p>\n<p>&nbsp;<\/p>\n<p><strong><span style=\"color: #6ab651;\">Bronvermeldingen voor de gebruikte afbeeldingen en video's:<\/span><\/strong><\/p>\n<p>Film und Fotoproduktion: WEITSICHT Filmproduktion &#8211; Markus Kauert<\/p>\n<p>&nbsp;<\/p>\n<p>&nbsp;<\/p>\n<h2>VRIJWARING (disclaimer)<\/h2>\n<p><strong><span style=\"color: #6ab651;\">Aansprakelijkheid voor inhoud<\/span><\/strong><\/p>\n<p>Als dienstverlener zijn wij verantwoordelijk voor onze eigen inhoud op deze pagina's in overeenstemming met \u00a7 7, lid.1 TMG. Volgens \u00a7 8 tot 10 TMG zijn wij als dienstverlener niet verplicht om verzonden of opgeslagen gegevens van derden te controleren of situaties te onderzoeken die duiden op onwettelijke activiteiten. Verplichtingen tot verwijdering of blokkering van het gebruik van gegevens volgens de algemene wetten worden hierdoor niet be\u00efnvloed. Aansprakelijkheid in dit verband is echter pas mogelijk vanaf het moment dat een concrete wetsovertreding bekend is. Zodra wetsovertredingen bij ons bekend worden, verwijderen we onmiddellijk deze inhoud.<\/p>\n<p>&nbsp;<\/p>\n<p><strong><span style=\"color: #6ab651;\">Aansprakelijkheid voor links<\/span><\/strong><\/p>\n<p>Ons aanbod bevat links naar externe websites van derden. Wij hebben geen invloed op de inhoud van deze websites. Daarom kunnen wij geen aansprakelijkheid aanvaarden voor deze externe inhoud. Voor de inhoud van de gelinkte pagina's is altijd de betreffende aanbieder of exploitant van de pagina's verantwoordelijk. De gelinkte pagina's werden op het moment van linken gecontroleerd op mogelijke wetsovertredingen. Er werd op het moment van linken geen onwettelijke inhoud ge\u00efdentificeerd. Een permanente controle van de inhoud van de gelinkte pagina's is echter niet redelijk zonder concreet bewijs van een inbreuk. Zodra wetsovertredingen bij ons bekend worden, verwijderen wij deze links onmiddellijk.<\/p>\n<p>&nbsp;<\/p>\n<p><strong><span style=\"color: #6ab651;\">Auteursrecht<\/span><\/strong><\/p>\n<p>De inhoud en werken die door de website-aanbieder op deze pagina's zijn geplaatst, vallen onder het Duitse auteursrecht. De vermenigvuldiging, bewerking, distributie en elke vorm van gebruik buiten de grenzen van het auteursrecht vereist de schriftelijke toestemming van de betreffende auteur of maker. Downloads en kopie\u00ebn van deze website zijn alleen toegestaan voor priv\u00e9, niet-commercieel gebruik. Voor zover de inhoud van deze website niet door de aanbieder is gemaakt, worden de auteursrechten van derden in acht genomen. Met name inhoud van derden is als zodanig gekenmerkt. Mocht u desondanks een inbreuk op het auteursrecht vaststellen, dan verzoeken wij u ons hiervan op de hoogte te stellen. Zodra wetsovertredingen bij ons bekend worden, verwijderen we deze inhoud onmiddellijk.<\/p>\n<p>[borlabs-cookie type=&#8220;btn-cookie-preference&#8220; title=&#8220;Lorem ipsum&#8220;\/]<\/p>\n                <\/div>\r\n                            <\/div>\r\n        <\/div>\r\n\r\n    <\/section>\r\n\r\n<\/div>","protected":false},"excerpt":{"rendered":"","protected":false},"author":9,"featured_media":0,"parent":0,"menu_order":0,"comment_status":"closed","ping_status":"closed","template":"","meta":{"_acf_changed":false,"footnotes":""},"class_list":["post-2989","page","type-page","status-publish","hentry"],"acf":[],"yoast_head":"<!-- This site is optimized with the Yoast SEO plugin v26.0 - https:\/\/yoast.com\/wordpress\/plugins\/seo\/ -->\n<title>Impressum | H\u00c4RTHA GROUP<\/title>\n<meta name=\"description\" content=\"Impressum H\u00c4RTHA GROUP GmbH, Joseph-von-Fraunhofer-Stra\u00dfe 3a, 52477 Alsdorf, Germany I Vertreten durch: Sven Killmer, Timo R\u00f6skes.\" \/>\n<meta name=\"robots\" content=\"index, follow, max-snippet:-1, max-image-preview:large, max-video-preview:-1\" \/>\n<link rel=\"canonical\" href=\"https:\/\/haertha.de\/nl\/impressum\/\" \/>\n<meta property=\"og:locale\" content=\"nl_NL\" \/>\n<meta property=\"og:type\" content=\"article\" \/>\n<meta property=\"og:title\" content=\"Impressum | H\u00c4RTHA GROUP\" \/>\n<meta property=\"og:description\" content=\"Impressum H\u00c4RTHA GROUP GmbH, Joseph-von-Fraunhofer-Stra\u00dfe 3a, 52477 Alsdorf, Germany I Vertreten durch: Sven Killmer, Timo R\u00f6skes.\" \/>\n<meta property=\"og:url\" content=\"https:\/\/haertha.de\/nl\/impressum\/\" \/>\n<meta property=\"og:site_name\" content=\"H\u00c4RTHA GROUP\" \/>\n<meta property=\"article:modified_time\" content=\"2024-03-19T20:06:03+00:00\" \/>\n<meta name=\"twitter:card\" content=\"summary_large_image\" \/>\n<script type=\"application\/ld+json\" class=\"yoast-schema-graph\">{\"@context\":\"https:\/\/schema.org\",\"@graph\":[{\"@type\":\"WebPage\",\"@id\":\"https:\/\/haertha.de\/impressum\/\",\"url\":\"https:\/\/haertha.de\/impressum\/\",\"name\":\"Impressum | H\u00c4RTHA GROUP\",\"isPartOf\":{\"@id\":\"https:\/\/haertha.de\/it\/#website\"},\"datePublished\":\"2023-03-17T09:28:17+00:00\",\"dateModified\":\"2024-03-19T20:06:03+00:00\",\"description\":\"Impressum H\u00c4RTHA GROUP GmbH, Joseph-von-Fraunhofer-Stra\u00dfe 3a, 52477 Alsdorf, Germany I Vertreten durch: Sven Killmer, Timo R\u00f6skes.\",\"breadcrumb\":{\"@id\":\"https:\/\/haertha.de\/impressum\/#breadcrumb\"},\"inLanguage\":\"nl-NL\",\"potentialAction\":[{\"@type\":\"ReadAction\",\"target\":[\"https:\/\/haertha.de\/impressum\/\"]}]},{\"@type\":\"BreadcrumbList\",\"@id\":\"https:\/\/haertha.de\/impressum\/#breadcrumb\",\"itemListElement\":[{\"@type\":\"ListItem\",\"position\":1,\"name\":\"Startseite\",\"item\":\"https:\/\/haertha.de\/it\/\"},{\"@type\":\"ListItem\",\"position\":2,\"name\":\"IMPRESSUM\"}]},{\"@type\":\"WebSite\",\"@id\":\"https:\/\/haertha.de\/it\/#website\",\"url\":\"https:\/\/haertha.de\/it\/\",\"name\":\"H\u00c4RTHA GROUP\",\"description\":\"Hardening Industries H\u00e4rterei H\u00c4RTHA GROUP.\",\"potentialAction\":[{\"@type\":\"SearchAction\",\"target\":{\"@type\":\"EntryPoint\",\"urlTemplate\":\"https:\/\/haertha.de\/it\/?s={search_term_string}\"},\"query-input\":{\"@type\":\"PropertyValueSpecification\",\"valueRequired\":true,\"valueName\":\"search_term_string\"}}],\"inLanguage\":\"nl-NL\"}]}<\/script>\n<!-- \/ Yoast SEO plugin. -->","yoast_head_json":{"title":"Impressum | H\u00c4RTHA GROUP","description":"Impressum H\u00c4RTHA GROUP GmbH, Joseph-von-Fraunhofer-Stra\u00dfe 3a, 52477 Alsdorf, Germany I Vertegenwoordigd doorImpressum: Sven Killmer, Timo R\u00f6skes.","robots":{"index":"index","follow":"follow","max-snippet":"max-snippet:-1","max-image-preview":"max-image-preview:large","max-video-preview":"max-video-preview:-1"},"canonical":"https:\/\/haertha.de\/nl\/impressum\/","og_locale":"nl_NL","og_type":"article","og_title":"Impressum | H\u00c4RTHA GROUP","og_description":"Impressum H\u00c4RTHA GROUP GmbH, Joseph-von-Fraunhofer-Stra\u00dfe 3a, 52477 Alsdorf, Germany I Vertreten durch: Sven Killmer, Timo R\u00f6skes.","og_url":"https:\/\/haertha.de\/nl\/impressum\/","og_site_name":"H\u00c4RTHA GROUP","article_modified_time":"2024-03-19T20:06:03+00:00","twitter_card":"summary_large_image","schema":{"@context":"https:\/\/schema.org","@graph":[{"@type":"WebPage","@id":"https:\/\/haertha.de\/impressum\/","url":"https:\/\/haertha.de\/impressum\/","name":"Impressum | H\u00c4RTHA GROUP","isPartOf":{"@id":"https:\/\/haertha.de\/it\/#website"},"datePublished":"2023-03-17T09:28:17+00:00","dateModified":"2024-03-19T20:06:03+00:00","description":"Impressum H\u00c4RTHA GROUP GmbH, Joseph-von-Fraunhofer-Stra\u00dfe 3a, 52477 Alsdorf, Germany I Vertegenwoordigd doorImpressum: Sven Killmer, Timo R\u00f6skes.","breadcrumb":{"@id":"https:\/\/haertha.de\/impressum\/#breadcrumb"},"inLanguage":"nl-NL","potentialAction":[{"@type":"ReadAction","target":["https:\/\/haertha.de\/impressum\/"]}]},{"@type":"BreadcrumbList","@id":"https:\/\/haertha.de\/impressum\/#breadcrumb","itemListElement":[{"@type":"ListItem","position":1,"name":"Startseite","item":"https:\/\/haertha.de\/it\/"},{"@type":"ListItem","position":2,"name":"IMPRESSUM"}]},{"@type":"WebSite","@id":"https:\/\/haertha.de\/it\/#website","url":"https:\/\/haertha.de\/it\/","name":"H\u00c4RTHA GROUP","description":"Hardening Industries H\u00e4rterei H\u00c4RTHA GROUP.","potentialAction":[{"@type":"SearchAction","target":{"@type":"EntryPoint","urlTemplate":"https:\/\/haertha.de\/it\/?s={search_term_string}"},"query-input":{"@type":"PropertyValueSpecification","valueRequired":true,"valueName":"search_term_string"}}],"inLanguage":"nl-NL"}]}},"_links":{"self":[{"href":"https:\/\/haertha.de\/nl\/wp-json\/wp\/v2\/pages\/2989","targetHints":{"allow":["GET"]}}],"collection":[{"href":"https:\/\/haertha.de\/nl\/wp-json\/wp\/v2\/pages"}],"about":[{"href":"https:\/\/haertha.de\/nl\/wp-json\/wp\/v2\/types\/page"}],"author":[{"embeddable":true,"href":"https:\/\/haertha.de\/nl\/wp-json\/wp\/v2\/users\/9"}],"replies":[{"embeddable":true,"href":"https:\/\/haertha.de\/nl\/wp-json\/wp\/v2\/comments?post=2989"}],"version-history":[{"count":28,"href":"https:\/\/haertha.de\/nl\/wp-json\/wp\/v2\/pages\/2989\/revisions"}],"predecessor-version":[{"id":10962,"href":"https:\/\/haertha.de\/nl\/wp-json\/wp\/v2\/pages\/2989\/revisions\/10962"}],"wp:attachment":[{"href":"https:\/\/haertha.de\/nl\/wp-json\/wp\/v2\/media?parent=2989"}],"curies":[{"name":"wp","href":"https:\/\/api.w.org\/{rel}","templated":true}]}}