{"id":217,"date":"2023-01-24T15:35:11","date_gmt":"2023-01-24T14:35:11","guid":{"rendered":"http:\/\/haertha.dev.neuekommunikation.de\/wordpress\/?page_id=217"},"modified":"2023-04-26T10:07:22","modified_gmt":"2023-04-26T08:07:22","slug":"service","status":"publish","type":"page","link":"https:\/\/haertha.de\/nl\/service\/","title":{"rendered":"SERVICE"},"content":{"rendered":"<section id=\"page-hero-slider-pictures-video-block_fc544e00c7c710b3407a174f1ff76193\" class=\"page-hero-slider-pictures-video\">\r\n\r\n    <div class=\"wrapper\">\r\n\r\n        <!-- Image BG -->\r\n                    <div class=\"image\">\r\n                <img decoding=\"async\" class=\"parallax-14\" src=\"https:\/\/haertha.de\/wp-content\/uploads\/2023\/03\/Service_Beratung-aspect-ratio-1920-1080.png\" alt=\"\">\r\n                <!--Video-->\r\n                            <\/div>\r\n                \r\n        <!-- Video BG -->\r\n        \r\n        <div class=\"headline-wrapper\">\r\n            <div class=\"hadline-body\">\r\n                <!-- Headline Page -->\r\n                                    <div class=\"headline-page parallax-16\">\r\n                    <h1>SERVICE<\/h1>                    <\/div>\r\n                \r\n                <!-- Headline Modul -->\r\n                                                                <\/div>\r\n        <\/div>\r\n\r\n    <\/div>\r\n\r\n    <!-- text -->\r\n            <div class=\"wrapper-text parallax-15\">\r\n            <div class=\"text\">\r\n                <p>Bij een vlot project hoort goede service. Van uitstekend technisch advies en ophaal- en leveringsservice tot laboratoriumtesten volgens de hoogste normen. Dit alles maakt deel uit van ons globale kwaliteitsmanagement. Omdat we er prat op gaan uw partner te zijn, bieden wij u bovendien regelmatig opleidingen aan waarin wij onze vakkennis met u delen.<\/p>\n            <\/div>\r\n        <\/div>\r\n    \r\n<\/section>\r\n\r\n\r\n\r\n\r\n\r\n\n\n\r\n<div id=\"page-image-text-block_499822d3ad099b29485a97ceced75c37\" class=\"page-image-text\"  style=\"margin-top:var(--wp--preset--spacing--30);margin-bottom:var(--wp--preset--spacing--30);\">\r\n    <section class=\"has-align-text-right is-style-style_02\">\r\n        \r\n        <div class=\"wrapper-grid div-height-pagepage-image-text-block_499822d3ad099b29485a97ceced75c37\">\r\n            <div class=\"wrapper-image\">\r\n                <div class=\"image\">\r\n                                            <img decoding=\"async\" class=\"parallax-7\" src=\"https:\/\/haertha.de\/wp-content\/uploads\/2023\/03\/Service_technische_Beratung-aspect-ratio-933-658-1.png\" alt=\"\" \/>\r\n                    \r\n                    <!-- Video Popup -->\r\n                    \r\n                    <!-- Image Popup -->\r\n                    \r\n                <\/div>\r\n            <\/div>\r\n\r\n            <div class=\"wrapper-content parallax-5\">\r\n\r\n                                    <div class=\"headline\">\r\n                        <h2 class=\"head\">TECHNISCH ADVIES<\/h2>\r\n                    <\/div>\r\n                \r\n                <div class=\"body-content texteditor text-height-page height-pagepage-image-text-block_499822d3ad099b29485a97ceced75c37\" data-height-page-div=\"page-image-text-block_499822d3ad099b29485a97ceced75c37\">\r\n\r\n                    <!--Icon Box-->\r\n                                        <div class=\"acf-innerblocks-container\"><\/div>                    <!-- .\/ Icon Box-->\r\n                    <div class=\"texteditor\">\r\n                        <h3><span style=\"color: #6ab651;\">Handelsmerk en garantie voor succes.<\/span><\/h3>\n<p>Wij zijn ons bewust van de verantwoordelijkheid voor uw product. Voor ons begint de bijzondere H\u00c4RTHA-productkwaliteit met uitstekend advies.<\/p>\n<p>&nbsp;<\/p>\n<p>Samen defini\u00ebren we de randvoorwaarden en kiezen we het proces dat optimaal en precies bij uw project past. Aangezien wij alle moderne processen beheersen, van vacu\u00fcmharden, harden onder beschermgas, zoutbadharden, inductieharden, inzetharden, veredelen, gloeien, nitrocarboneren en plasmanitreren tot PVD-coatings, krijgt u van ons competent advies en het optimale proces uit \u00e9\u00e9n hand.<\/p>\n\r\n                        <!--Icons Unten-->\r\n                        \r\n                        <!-- Button -->\r\n                        <div class=\"wrapper-button\">\r\n                                <a href=\"https:\/\/haertha.de\/nl\/service\/technisch-advies\/\" class=\"btn-cta btn-text-bilder-icon\" data-target=\"https:\/\/haertha.de\/nl\/service\/technisch-advies\/\">\r\n        <span class=\"btn-decor-left\"><\/span>\r\n                    MEER WETEN                <span class=\"btn-decor-right\"><\/span>\r\n    <\/a>\r\n\r\n\r\n\r\n                        <\/div>\r\n                    <\/div>\r\n\r\n\r\n                <\/div>\r\n            <\/div>\r\n        <\/div>\r\n\r\n    <\/section>\r\n<\/div>\r\n\r\n\r\n\r\n\r\n\r\n\r\n\r\n\r\n\r\n\r\n\r\n\r\n\r\n\r\n\n\n\r\n<div id=\"page-large-imageblock_0cc140c60f04760d4282fdbfafa92425\" class=\"page-large-image\" style=\"\">\r\n\r\n    <section class=\"is-style-style_01\">\r\n\r\n            <div class=\"wrap-grid\">\r\n\r\n                <div class=\"item-wrapper-content\">\r\n                    <div class=\"wrapper-headline parallax-5\">\r\n\r\n                                                    <div class=\"headline\">\r\n                                <h2 class=\"head\">OPHAAL - EN LEVERINGSERVICE<\/h2><br>\r\n                            <\/div>\r\n                        \r\n                        <div class=\"content texteditor\">\r\n\r\n                            <!--Icon Box-->\r\n                                                        <div class=\"acf-innerblocks-container\"><\/div>                            <!-- .\/ Icon Box-->\r\n\r\n                                                            <h3><span style=\"color: #6ab651;\">Voor een vlot projectverloop.<\/span><\/h3>\n<p>Het kan worden beschouwd als een onderdeel van ons all-inclusive pakket. Aangezien het voor ons erg belangrijk is dat niet alleen het proces, maar ook alles eromheen optimaal verloopt, bieden wij u een ophaal- en leveringsservice aan. Voor u betekent dit maximale effici\u00ebntie en \"just in time\"-levering. Geen uitvaltijden, geen lange uitleg. Gewoon een goede samenwerking.<\/p>\n                                                        <!-- Button -->\r\n                                                    <\/div>\r\n                    <\/div>\r\n                <\/div>\r\n\r\n                <div class=\"item-wrapper-image-small\">\r\n                    <div class=\"wrapper-image\">\r\n                                                    <img decoding=\"async\" class=\"parallax-11\" src=\"https:\/\/haertha.de\/wp-content\/uploads\/2023\/03\/Service_Abholservice.png\" alt=\"\" \/>\r\n                                            <\/div>\r\n                <\/div>\r\n\r\n                <div class=\"item-wrapper-bg-image\">\r\n                \r\n                    <!-- <div class=\"image\" style=\"background-image: url('');\"><\/div> -->\r\n                            <img decoding=\"async\" class=\"image parallax-4\" src=\"https:\/\/haertha.de\/wp-content\/uploads\/2023\/03\/Service_Abhol-und-Lieferservice-aspect-ratio-2662-1600.png\" alt=\"\">\r\n                <\/div>\r\n\r\n            <\/div>\r\n\r\n    <\/section>\r\n\r\n<\/div>\n\n\r\n<div id=\"page-image-text-imageblock_71082f469e3728afd2de0ea4163460f8\" class=\"page-image-text-image\" style=\"\">\r\n\r\n    <section class=\"is-style-style_01\">\r\n        <div class=\"wrapper-grid\">\r\n            <div class=\"wrapper-image-left\">\r\n                                    <img decoding=\"async\" class=\"parallax-55\" src=\"https:\/\/haertha.de\/wp-content\/uploads\/2023\/03\/Service_Laborpruefungen-aspect-ratio-806-561-1.png\" alt=\"\" \/>\r\n                            <\/div>\r\n            <div class=\"wrapper-content-center parallax-5\">\r\n                <div class=\"wrapper-content\">\r\n                                            <div class=\"headline\">\r\n                            <h2 class=\"head\">LABORATORIUMTEST<\/h2>\r\n                        <\/div>\r\n                                        <div class=\"body-content texteditor\">\r\n\r\n                        <!--Icon Box-->\r\n                                                <div class=\"acf-innerblocks-container\"><\/div>                        <!-- .\/ Icon Box-->\r\n\r\n                        <h3><span style=\"color: #6ab651;\">Bij ons standaard.<\/span><\/h3>\n<p>Wij kijken minstens twee keer en heel nauwkeurig. Al onze vestigingen beschikken hiervoor over moderne testlaboratoria. Wij zorgen voor de hoogste kwaliteitsnormen door middel van hardheidstesten, vaststelling van verhardingsdieptes, metallografie en materiaalanalyse. Zo kunnen wij de samenstelling van het materiaal voor de behandeling valideren en ook na de behandeling controleren of er precies aan de specificaties is voldaan.<\/p>\n\r\n                                                    <div class=\"wrapper-button\">\r\n                                    <a href=\"https:\/\/haertha.de\/nl\/proces\/hardheidstest\/\" class=\"btn-cta btn-text-bilder-icon\" data-target=\"https:\/\/haertha.de\/nl\/proces\/hardheidstest\/\">\r\n        <span class=\"btn-decor-left\"><\/span>\r\n                    MEER WETEN\r\n                <span class=\"btn-decor-right\"><\/span>\r\n    <\/a>\r\n\r\n\r\n\r\n                            <\/div>\r\n                        \r\n                    <\/div>\r\n                <\/div>\r\n            <\/div>\r\n            <div class=\"wrapper-image-right\">\r\n                                    <img decoding=\"async\" class=\"parallax-55\" src=\"https:\/\/haertha.de\/wp-content\/uploads\/2023\/04\/Verfahren_Laborpruefung-scaled-aspect-ratio-806-561.jpg\" alt=\"\" \/>\r\n                            <\/div>\r\n        <\/div>\r\n    <\/section>\r\n\r\n<\/div>\n\n\r\n<div id=\"page-image-text-block_f4a2d47d86e2346a7a15e7833090310d\" class=\"page-image-text\"  style=\"margin-top:var(--wp--preset--spacing--50);margin-bottom:var(--wp--preset--spacing--50);\">\r\n    <section class=\"has-align-text-left is-style-style_01\">\r\n        \r\n        <div class=\"wrapper-grid div-height-pagepage-image-text-block_f4a2d47d86e2346a7a15e7833090310d\">\r\n            <div class=\"wrapper-image\">\r\n                <div class=\"image\">\r\n                                            <img decoding=\"async\" class=\"parallax-7\" src=\"https:\/\/haertha.de\/wp-content\/uploads\/2023\/03\/Service_Qualitaetsmanagement-aspect-ratio-933-658-3.png\" alt=\"\" \/>\r\n                    \r\n                    <!-- Video Popup -->\r\n                    \r\n                    <!-- Image Popup -->\r\n                    \r\n                <\/div>\r\n            <\/div>\r\n\r\n            <div class=\"wrapper-content parallax-5\">\r\n\r\n                                    <div class=\"headline\">\r\n                        <h2 class=\"head\">KWALITEITSMANAGEMENT<\/h2>\r\n                    <\/div>\r\n                \r\n                <div class=\"body-content texteditor text-height-page height-pagepage-image-text-block_f4a2d47d86e2346a7a15e7833090310d\" data-height-page-div=\"page-image-text-block_f4a2d47d86e2346a7a15e7833090310d\">\r\n\r\n                    <!--Icon Box-->\r\n                                        <div class=\"acf-innerblocks-container\"><\/div>                    <!-- .\/ Icon Box-->\r\n                    <div class=\"texteditor\">\r\n                        <h3><span style=\"color: #6ab651;\">Holistisch gedacht.<\/span><\/h3>\n<p class=\" translation-block\"><strong>Voor ons is kwaliteit een mentaliteit.<\/strong><br>\n<strong>Een mentaliteit die bij iedereen bij H\u00c4RTHA leeft.<\/strong><\/p>\n<p>&nbsp;<\/p>\n<p>Bij ons zijn alle medewerkers verantwoordelijk voor kwaliteit. Daarom slagen we regelmatig voor de zwaarste klantenaudits van de lucht- en ruimtevaartindustrie. Wij voldoen immers aan de strengste internationale normen voor kwaliteits-, energie- en milieubeheer.<\/p>\n\r\n                        <!--Icons Unten-->\r\n                                                    <div class=\"icons-under\">\r\n                                <div class=\"flex-iconbox\">\r\n                                <span class=\"item-flex\">\r\n                    <span class=\"icon sbti\"><\/span>\r\n                    <div class=\"body-text\">\r\n                        <span class=\"text-icon text-center\"><\/span>\r\n                    <\/div>\r\n                <\/span>\r\n                                                    <span class=\"item-flex\">\r\n                    <span class=\"icon iso_50001\"><\/span>\r\n                    <div class=\"body-text\">\r\n                        <span class=\"text-icon text-center\"><\/span>\r\n                    <\/div>\r\n                <\/span>\r\n                                                    <span class=\"item-flex\">\r\n                    <span class=\"icon iso_14001\"><\/span>\r\n                    <div class=\"body-text\">\r\n                        <span class=\"text-icon text-center\"><\/span>\r\n                    <\/div>\r\n                <\/span>\r\n                                                    <span class=\"item-flex\">\r\n                    <span class=\"icon iso_9001\"><\/span>\r\n                    <div class=\"body-text\">\r\n                        <span class=\"text-icon text-center\"><\/span>\r\n                    <\/div>\r\n                <\/span>\r\n                                                    <span class=\"item-flex\">\r\n                    <span class=\"icon iatf_16949\"><\/span>\r\n                    <div class=\"body-text\">\r\n                        <span class=\"text-icon text-center\"><\/span>\r\n                    <\/div>\r\n                <\/span>\r\n                                                    <span class=\"item-flex\">\r\n                    <span class=\"icon cgi_9\"><\/span>\r\n                    <div class=\"body-text\">\r\n                        <span class=\"text-icon text-center\"><\/span>\r\n                    <\/div>\r\n                <\/span>\r\n                        <\/div>\r\n                            <\/div>\r\n                        \r\n                        <!-- Button -->\r\n                        <div class=\"wrapper-button\">\r\n                                <a href=\"https:\/\/haertha.de\/nl\/service\/kwaliteitsmanagement\/\" class=\"btn-cta btn-text-bilder-icon\" data-target=\"https:\/\/haertha.de\/nl\/service\/kwaliteitsmanagement\/\">\r\n        <span class=\"btn-decor-left\"><\/span>\r\n                    MEER WETEN                <span class=\"btn-decor-right\"><\/span>\r\n    <\/a>\r\n\r\n\r\n\r\n                        <\/div>\r\n                    <\/div>\r\n\r\n\r\n                <\/div>\r\n            <\/div>\r\n        <\/div>\r\n\r\n    <\/section>\r\n<\/div>\r\n\r\n\r\n\r\n\r\n\r\n\r\n\r\n\r\n\r\n\r\n\r\n\r\n\r\n\r\n\n\n\r\n<div id=\"page-image-text-block_1d6a50de5efe9656c82de323adb5234e\" class=\"page-image-text\"  style=\"margin-top:var(--wp--preset--spacing--30);\">\r\n    <section class=\"has-align-text-right is-style-style_02\">\r\n        \r\n        <div class=\"wrapper-grid div-height-pagepage-image-text-block_1d6a50de5efe9656c82de323adb5234e\">\r\n            <div class=\"wrapper-image\">\r\n                <div class=\"image\">\r\n                                            <img decoding=\"async\" class=\"parallax-7\" src=\"https:\/\/haertha.de\/wp-content\/uploads\/2023\/03\/Service_Schulungen-aspect-ratio-933-658.png\" alt=\"\" \/>\r\n                    \r\n                    <!-- Video Popup -->\r\n                    \r\n                    <!-- Image Popup -->\r\n                    \r\n                <\/div>\r\n            <\/div>\r\n\r\n            <div class=\"wrapper-content parallax-5\">\r\n\r\n                                    <div class=\"headline\">\r\n                        <h2 class=\"head\">OPLEIDINGEN<\/h2>\r\n                    <\/div>\r\n                \r\n                <div class=\"body-content texteditor text-height-page height-pagepage-image-text-block_1d6a50de5efe9656c82de323adb5234e\" data-height-page-div=\"page-image-text-block_1d6a50de5efe9656c82de323adb5234e\">\r\n\r\n                    <!--Icon Box-->\r\n                                        <div class=\"acf-innerblocks-container\"><\/div>                    <!-- .\/ Icon Box-->\r\n                    <div class=\"texteditor\">\r\n                        <h3><span style=\"color: #6ab651;\">Opleidingen.<\/span><br \/>\n<span style=\"color: #6ab651;\">Knowhow voor de nieuwsgierigen.<\/span><\/h3>\n<p>Moderne opleidingsruimtes en ervaren veteranen als opleiders. Deze combinatie zorgt ervoor dat we zowel de basis als de meer diepgaande specialistische kennis op het gebied van warmtebehandeling, hardingstechnologie en coatings op elke locatie vakkundig kunnen overbrengen.<\/p>\n<p>&nbsp;<\/p>\n<p>Deze service is niet alleen beschikbaar voor onze stagiaires en medewerkers, ook onze klanten en partners kunnen een beroep doen op onze knowhow en deze doorslaggevende kennisvoorsprong gebruiken in hun dagelijkse activiteiten.<\/p>\n\r\n                        <!--Icons Unten-->\r\n                        \r\n                        <!-- Button -->\r\n                        <div class=\"wrapper-button\">\r\n                                <a href=\"https:\/\/haertha.de\/nl\/service\/opleidingen\/\" class=\"btn-cta btn-text-bilder-icon\" data-target=\"https:\/\/haertha.de\/nl\/service\/opleidingen\/\">\r\n        <span class=\"btn-decor-left\"><\/span>\r\n                    MEER WETEN                <span class=\"btn-decor-right\"><\/span>\r\n    <\/a>\r\n\r\n\r\n\r\n                        <\/div>\r\n                    <\/div>\r\n\r\n\r\n                <\/div>\r\n            <\/div>\r\n        <\/div>\r\n\r\n    <\/section>\r\n<\/div>","protected":false},"excerpt":{"rendered":"","protected":false},"author":9,"featured_media":0,"parent":0,"menu_order":0,"comment_status":"closed","ping_status":"closed","template":"","meta":{"_acf_changed":false,"footnotes":""},"class_list":["post-217","page","type-page","status-publish","hentry"],"acf":[],"yoast_head":"<!-- This site is optimized with the Yoast SEO plugin v26.0 - https:\/\/yoast.com\/wordpress\/plugins\/seo\/ -->\n<title>Service | H\u00c4RTHA GROUP<\/title>\n<meta name=\"description\" content=\"Wir bieten \u2713 Technische Beratung \u2713Abhol- und Lieferservice \u2713 Laborpr\u00fcfung \u2713Qualit\u00e4tsmanagement \u2713 Schulungen\" \/>\n<meta name=\"robots\" content=\"index, follow, max-snippet:-1, max-image-preview:large, max-video-preview:-1\" \/>\n<link rel=\"canonical\" href=\"https:\/\/haertha.de\/nl\/service\/\" \/>\n<meta property=\"og:locale\" content=\"nl_NL\" \/>\n<meta property=\"og:type\" content=\"article\" \/>\n<meta property=\"og:title\" content=\"Service | H\u00c4RTHA GROUP\" \/>\n<meta property=\"og:description\" content=\"Wir bieten \u2713 Technische Beratung \u2713Abhol- und Lieferservice \u2713 Laborpr\u00fcfung \u2713Qualit\u00e4tsmanagement \u2713 Schulungen\" \/>\n<meta property=\"og:url\" content=\"https:\/\/haertha.de\/nl\/service\/\" \/>\n<meta property=\"og:site_name\" content=\"H\u00c4RTHA GROUP\" \/>\n<meta property=\"article:modified_time\" content=\"2023-04-26T08:07:22+00:00\" \/>\n<meta name=\"twitter:card\" content=\"summary_large_image\" \/>\n<script type=\"application\/ld+json\" class=\"yoast-schema-graph\">{\"@context\":\"https:\/\/schema.org\",\"@graph\":[{\"@type\":\"WebPage\",\"@id\":\"https:\/\/haertha.de\/en\/service\/\",\"url\":\"https:\/\/haertha.de\/en\/service\/\",\"name\":\"Service | H\u00c4RTHA GROUP\",\"isPartOf\":{\"@id\":\"https:\/\/haertha.de\/it\/#website\"},\"datePublished\":\"2023-01-24T14:35:11+00:00\",\"dateModified\":\"2023-04-26T08:07:22+00:00\",\"description\":\"Wir bieten \u2713 Technische Beratung \u2713Abhol- und Lieferservice \u2713 Laborpr\u00fcfung \u2713Qualit\u00e4tsmanagement \u2713 Schulungen\",\"breadcrumb\":{\"@id\":\"https:\/\/haertha.de\/en\/service\/#breadcrumb\"},\"inLanguage\":\"nl-NL\",\"potentialAction\":[{\"@type\":\"ReadAction\",\"target\":[\"https:\/\/haertha.de\/en\/service\/\"]}]},{\"@type\":\"BreadcrumbList\",\"@id\":\"https:\/\/haertha.de\/en\/service\/#breadcrumb\",\"itemListElement\":[{\"@type\":\"ListItem\",\"position\":1,\"name\":\"Startseite\",\"item\":\"https:\/\/haertha.de\/it\/\"},{\"@type\":\"ListItem\",\"position\":2,\"name\":\"SERVICE\"}]},{\"@type\":\"WebSite\",\"@id\":\"https:\/\/haertha.de\/it\/#website\",\"url\":\"https:\/\/haertha.de\/it\/\",\"name\":\"H\u00c4RTHA GROUP\",\"description\":\"Hardening Industries H\u00e4rterei H\u00c4RTHA GROUP.\",\"potentialAction\":[{\"@type\":\"SearchAction\",\"target\":{\"@type\":\"EntryPoint\",\"urlTemplate\":\"https:\/\/haertha.de\/it\/?s={search_term_string}\"},\"query-input\":{\"@type\":\"PropertyValueSpecification\",\"valueRequired\":true,\"valueName\":\"search_term_string\"}}],\"inLanguage\":\"nl-NL\"}]}<\/script>\n<!-- \/ Yoast SEO plugin. -->","yoast_head_json":{"title":"Service | H\u00c4RTHA GROUP","description":"Wij bieden \u2713 Technisch advies \u2713 Ophaal- en Leveringservice \u2713 Laboratoriumtesten \u2713 Kwaliteitsbeheer \u2713 Opleidingen","robots":{"index":"index","follow":"follow","max-snippet":"max-snippet:-1","max-image-preview":"max-image-preview:large","max-video-preview":"max-video-preview:-1"},"canonical":"https:\/\/haertha.de\/nl\/service\/","og_locale":"nl_NL","og_type":"article","og_title":"Service | H\u00c4RTHA GROUP","og_description":"Wir bieten \u2713 Technische Beratung \u2713Abhol- und Lieferservice \u2713 Laborpr\u00fcfung \u2713Qualit\u00e4tsmanagement \u2713 Schulungen","og_url":"https:\/\/haertha.de\/nl\/service\/","og_site_name":"H\u00c4RTHA GROUP","article_modified_time":"2023-04-26T08:07:22+00:00","twitter_card":"summary_large_image","schema":{"@context":"https:\/\/schema.org","@graph":[{"@type":"WebPage","@id":"https:\/\/haertha.de\/en\/service\/","url":"https:\/\/haertha.de\/en\/service\/","name":"Service | H\u00c4RTHA GROUP","isPartOf":{"@id":"https:\/\/haertha.de\/it\/#website"},"datePublished":"2023-01-24T14:35:11+00:00","dateModified":"2023-04-26T08:07:22+00:00","description":"Wij bieden \u2713 Technisch advies \u2713 Ophaal- en Leveringservice \u2713 Laboratoriumtesten \u2713 Kwaliteitsbeheer \u2713 Opleidingen","breadcrumb":{"@id":"https:\/\/haertha.de\/en\/service\/#breadcrumb"},"inLanguage":"nl-NL","potentialAction":[{"@type":"ReadAction","target":["https:\/\/haertha.de\/en\/service\/"]}]},{"@type":"BreadcrumbList","@id":"https:\/\/haertha.de\/en\/service\/#breadcrumb","itemListElement":[{"@type":"ListItem","position":1,"name":"Startseite","item":"https:\/\/haertha.de\/it\/"},{"@type":"ListItem","position":2,"name":"SERVICE"}]},{"@type":"WebSite","@id":"https:\/\/haertha.de\/it\/#website","url":"https:\/\/haertha.de\/it\/","name":"H\u00c4RTHA GROUP","description":"Hardening Industries H\u00e4rterei H\u00c4RTHA GROUP.","potentialAction":[{"@type":"SearchAction","target":{"@type":"EntryPoint","urlTemplate":"https:\/\/haertha.de\/it\/?s={search_term_string}"},"query-input":{"@type":"PropertyValueSpecification","valueRequired":true,"valueName":"search_term_string"}}],"inLanguage":"nl-NL"}]}},"_links":{"self":[{"href":"https:\/\/haertha.de\/nl\/wp-json\/wp\/v2\/pages\/217","targetHints":{"allow":["GET"]}}],"collection":[{"href":"https:\/\/haertha.de\/nl\/wp-json\/wp\/v2\/pages"}],"about":[{"href":"https:\/\/haertha.de\/nl\/wp-json\/wp\/v2\/types\/page"}],"author":[{"embeddable":true,"href":"https:\/\/haertha.de\/nl\/wp-json\/wp\/v2\/users\/9"}],"replies":[{"embeddable":true,"href":"https:\/\/haertha.de\/nl\/wp-json\/wp\/v2\/comments?post=217"}],"version-history":[{"count":112,"href":"https:\/\/haertha.de\/nl\/wp-json\/wp\/v2\/pages\/217\/revisions"}],"predecessor-version":[{"id":7091,"href":"https:\/\/haertha.de\/nl\/wp-json\/wp\/v2\/pages\/217\/revisions\/7091"}],"wp:attachment":[{"href":"https:\/\/haertha.de\/nl\/wp-json\/wp\/v2\/media?parent=217"}],"curies":[{"name":"wp","href":"https:\/\/api.w.org\/{rel}","templated":true}]}}