{"id":9809,"date":"2023-12-06T16:18:39","date_gmt":"2023-12-06T15:18:39","guid":{"rendered":"https:\/\/haertha.de\/?page_id=9809"},"modified":"2023-12-06T16:21:22","modified_gmt":"2023-12-06T15:21:22","slug":"formazione","status":"publish","type":"page","link":"https:\/\/haertha.de\/it\/azienda\/carriera\/formazione\/","title":{"rendered":"FORMAZIONE"},"content":{"rendered":"<section id=\"page-hero-slider-pictures-video-block_9ba1abd6bf368a0e45688bb95669b4f3\" class=\"page-hero-slider-pictures-video\">\r\n\r\n    <div class=\"wrapper\">\r\n\r\n        <!-- Image BG -->\r\n                    <div class=\"image\">\r\n                <img decoding=\"async\" class=\"parallax-14\" src=\"https:\/\/haertha.de\/wp-content\/uploads\/2023\/03\/Unternehmen_Karriere-aspect-ratio-1920-1080.png\" alt=\"\">\r\n                <!--Video-->\r\n                            <\/div>\r\n                \r\n        <!-- Video BG -->\r\n        \r\n        <div class=\"headline-wrapper\">\r\n            <div class=\"hadline-body\">\r\n                <!-- Headline Page -->\r\n                                    <div class=\"headline-page parallax-16\">\r\n                    <h1>FORMAZIONE<\/h1>                    <\/div>\r\n                \r\n                <!-- Headline Modul -->\r\n                                                        <div class=\"headline parallax-16\">\r\n                        <h2>Wir suchen dich!<\/h2>\r\n                    <\/div>\r\n                                                <\/div>\r\n        <\/div>\r\n\r\n    <\/div>\r\n\r\n    <!-- text -->\r\n            <div class=\"wrapper-text parallax-15\">\r\n            <div class=\"text\">\r\n                <p>Sono loro, i nostri impegnatissimi collaboratori, a fare la differenza. Sono loro, con la loro esperienza e il loro know-how, a fornire alla nostra clientela la consulenza migliore, a quattr\u2019occhi. Sono loro a costruire la nostra leadership tecnologica e nell\u2019innovazione nel settore dei trattamenti termici e dei processi di rivestimento.<\/p>\n<p>&nbsp;<\/p>\n<p>Sono corresponsabili, in larga misura, dell\u2019alta qualit\u00e0 dei prodotti H\u00c4RTHA. Per loro in H\u00c4RTHA vogliamo creare un ambiente di lavoro ottimale. Un ambiente che offra a persone con molteplici qualifiche e background interessanti opportunit\u00e0 di sviluppo e di carriera.<\/p>\n            <\/div>\r\n        <\/div>\r\n    \r\n<\/section>\r\n\r\n\r\n\r\n\r\n\r\n\n\n\r\n<div id=\"page-image-text-imageblock_2e551f97616a50277cf717d803601dc3\" class=\"page-image-text-image\" style=\"margin-top:var(--wp--preset--spacing--40);margin-bottom:var(--wp--preset--spacing--40);\">\r\n\r\n    <section class=\"is-style-style_01\">\r\n        <div class=\"wrapper-grid\">\r\n            <div class=\"wrapper-image-left\">\r\n                                    <img decoding=\"async\" class=\"parallax-55\" src=\"https:\/\/haertha.de\/wp-content\/uploads\/2023\/03\/Karriere_Mitarbeiter-aspect-ratio-806-561.png\" alt=\"\" \/>\r\n                            <\/div>\r\n            <div class=\"wrapper-content-center parallax-5\">\r\n                <div class=\"wrapper-content\">\r\n                                            <div class=\"headline\">\r\n                            <h2 class=\"head\">OPPORTUNIT\u00c1<\/h2>\r\n                        <\/div>\r\n                                        <div class=\"body-content texteditor\">\r\n\r\n                        <!--Icon Box-->\r\n                                                <div class=\"acf-innerblocks-container\"><\/div>                        <!-- .\/ Icon Box-->\r\n\r\n                        <h3><span style=\"color: #6ab651;\">Per tutti coloro che sono pronti a coglierle.<\/span><\/h3>\n<p>Per noi pari opportunit\u00e0 e diversit\u00e0 sono scontate e non da oggi, bens\u00ec da molti anni. A prescindere dal background o che siano apprendisti, tecnici o che provengano da altri ambiti: offriamo a tutti molteplici opportunit\u00e0 di accesso e di carriera.<\/p>\n<p>&nbsp;<\/p>\n<p>Affidiamo ai collaboratori di tutti i settori responsabilit\u00e0 e spazi per mettersi in gioco e dare il loro contributo. Da noi trovano sostegno, non venti contrari.<\/p>\n\r\n                        \r\n                    <\/div>\r\n                <\/div>\r\n            <\/div>\r\n            <div class=\"wrapper-image-right\">\r\n                                    <img decoding=\"async\" class=\"parallax-55\" src=\"https:\/\/haertha.de\/wp-content\/uploads\/2023\/03\/Haertha_Karriere_Chancengleichheit-aspect-ratio-806-561-2.png\" alt=\"\" \/>\r\n                            <\/div>\r\n        <\/div>\r\n    <\/section>\r\n\r\n<\/div>\n\n\r\n<div id=\"page-image-text-block_3e34b6f545954cffb54938c85d9a6e20\" class=\"page-image-text\"  style=\"\">\r\n    <section class=\"has-align-text-left is-style-style_01\">\r\n        \r\n        <div class=\"wrapper-grid div-height-pagepage-image-text-block_3e34b6f545954cffb54938c85d9a6e20\">\r\n            <div class=\"wrapper-image\">\r\n                <div class=\"image\">\r\n                                            <img decoding=\"async\" class=\"parallax-7\" src=\"https:\/\/haertha.de\/wp-content\/uploads\/2023\/03\/Haertha_Karriere_Unternehmenskultur-aspect-ratio-933-658.png\" alt=\"\" \/>\r\n                    \r\n                    <!-- Video Popup -->\r\n                    \r\n                    <!-- Image Popup -->\r\n                    \r\n                <\/div>\r\n            <\/div>\r\n\r\n            <div class=\"wrapper-content parallax-5\">\r\n\r\n                                    <div class=\"headline\">\r\n                        <h2 class=\"head\">CULTURA AZIENDALE<\/h2>\r\n                    <\/div>\r\n                \r\n                <div class=\"body-content texteditor text-height-page height-pagepage-image-text-block_3e34b6f545954cffb54938c85d9a6e20\" data-height-page-div=\"page-image-text-block_3e34b6f545954cffb54938c85d9a6e20\">\r\n\r\n                    <!--Icon Box-->\r\n                                        <div class=\"acf-innerblocks-container\"><\/div>                    <!-- .\/ Icon Box-->\r\n                    <div class=\"texteditor\">\r\n                        <h3><span style=\"color: #6ab651;\">Insieme siamo migliori.<\/span><\/h3>\n<p>Abbiamo a cuore una cultura aziendale costruttiva e pronta a valorizzare le persone. L\u2019ottimo clima in azienda e team coesi contribuiscono al nostro successo in misura fondamentale. Che nelle nostri sedi si registrino bassi turn-over dei collaboratori \u00e8 indice di questo senso di comunit\u00e0 vissuta.<\/p>\n\r\n                        <!--Icons Unten-->\r\n                        \r\n                        <!-- Button -->\r\n                        <div class=\"wrapper-button\">\r\n                            \r\n\r\n\r\n                        <\/div>\r\n                    <\/div>\r\n\r\n\r\n                <\/div>\r\n            <\/div>\r\n        <\/div>\r\n\r\n    <\/section>\r\n<\/div>\r\n\r\n\r\n\r\n\r\n\r\n\r\n\r\n\r\n\r\n\r\n\r\n\r\n\r\n\r\n\n\n\r\n\r\n<div id=\"page-videoblock_43eedf016ca3d0745775d7fe336a0775\" class=\"page-video  page-5rem\" style=\"\">\r\n\r\n    <section>\r\n        <div class=\"wrapper\">\r\n\r\n            \r\n            \r\n            \r\n            \r\n                            <div class=\"video-body-iframe\">\r\n                    <div class=\"embed-container-video\">\r\n                        <iframe loading=\"lazy\" title=\"EmployerBranding_FINAL-IT\" src=\"https:\/\/player.vimeo.com\/video\/820582143?h=a5f560952b&amp;dnt=1&amp;app_id=122963&#038;muted=0&#038;controls=1&#038;hd=1&#038;loop=0&#038;autohide=0&#038;autoplay=0&#038;dnt=1\" width=\"640\" height=\"300\" frameborder=\"0\" allow=\"autoplay; fullscreen; picture-in-picture; clipboard-write; encrypted-media; web-share\" referrerpolicy=\"strict-origin-when-cross-origin\"><\/iframe>                    <\/div>\r\n                <\/div>\r\n            \r\n                    <\/div>\r\n    <\/section>\r\n\r\n<\/div>\r\n\r\n\r\n\n\n\r\n\r\n<div id=\"page-teser-50-50block_c6d74a6802406ac5bc47891621cd5f9c\" class=\"page-teser-50-50\" style=\"\">\r\n    <div class=\"container\">\r\n        <div class=\"row parallax-5\">\r\n            <!--type content-->\r\n             \r\n                            \r\n                <div class=\"col-md-6 content-box\">\r\n\r\n                <!-- header-img -->\r\n                <div class=\"header-image\">\r\n                    <img loading=\"lazy\" decoding=\"async\" width=\"2000\" height=\"1333\" src=\"https:\/\/haertha.de\/wp-content\/uploads\/2023\/03\/Karriere_Ausbildung.png\" class=\"attachment-full size-full\" alt=\"\" srcset=\"https:\/\/haertha.de\/wp-content\/uploads\/2023\/03\/Karriere_Ausbildung.png 2000w, https:\/\/haertha.de\/wp-content\/uploads\/2023\/03\/Karriere_Ausbildung-300x200.png 300w, https:\/\/haertha.de\/wp-content\/uploads\/2023\/03\/Karriere_Ausbildung-1024x682.png 1024w, https:\/\/haertha.de\/wp-content\/uploads\/2023\/03\/Karriere_Ausbildung-768x512.png 768w, https:\/\/haertha.de\/wp-content\/uploads\/2023\/03\/Karriere_Ausbildung-1536x1024.png 1536w, https:\/\/haertha.de\/wp-content\/uploads\/2023\/03\/Karriere_Ausbildung-18x12.png 18w, https:\/\/haertha.de\/wp-content\/uploads\/2023\/03\/Karriere_Ausbildung-1106x737.png 1106w\" sizes=\"auto, (max-width: 2000px) 100vw, 2000px\" \/>                    <div class=\"headline\">\r\n                        <h2>FORMAZIONE<\/h2>\r\n                    <\/div>\r\n                <\/div>\r\n                <!-- \/.header-imag -->\r\n\r\n                <!-- content-body -->\r\n                <div class=\"content-body teaser-image-height page-teser-50-50block_c6d74a6802406ac5bc47891621cd5f9c\" data-teaser-height=\"page-teser-50-50block_c6d74a6802406ac5bc47891621cd5f9c\">\r\n                    <div class=\"content\">\r\n                        <div class=\"content-excerpt\">\r\n                            <p><span style=\"color: #454545;\"><strong>Partire alla grande nella professione.<\/strong><\/span><\/p>\n<hr \/>\n<p>Offriamo ai giovani un\u2019ampia scelta di posti di formazione qualificati. Da noi lo scopo di ogni formazione \u00e8 quello di acquisire i giovani quali membri del team di lungo corso. Ci\u00f2 ci \u00e8 valso dei riconoscimenti. Ad esempio gli stabilimenti H\u00c4RTHA di Wei\u00dfenburg e FORTE di Stollberg sono stati ripetutamente insigniti dalla Camera di industria e commercio tedesca (IHK) del titolo di \u201eazienda di formazione esemplare\u201c.<\/p>\n                        <\/div>\r\n                        <div class=\"wrapper-link\">\r\n                            \r\n                                                    <\/div>\r\n                    <\/div>\r\n                <\/div>\r\n                <!-- \/.content-body -->\r\n                <\/div>\r\n\r\n\r\n                            \r\n                <div class=\"col-md-6 content-box\">\r\n\r\n                <!-- header-img -->\r\n                <div class=\"header-image\">\r\n                    <img loading=\"lazy\" decoding=\"async\" width=\"2000\" height=\"1333\" src=\"https:\/\/haertha.de\/wp-content\/uploads\/2023\/03\/Service_Schulungen.png\" class=\"attachment-full size-full\" alt=\"\" srcset=\"https:\/\/haertha.de\/wp-content\/uploads\/2023\/03\/Service_Schulungen.png 2000w, https:\/\/haertha.de\/wp-content\/uploads\/2023\/03\/Service_Schulungen-300x200.png 300w, https:\/\/haertha.de\/wp-content\/uploads\/2023\/03\/Service_Schulungen-1024x682.png 1024w, https:\/\/haertha.de\/wp-content\/uploads\/2023\/03\/Service_Schulungen-768x512.png 768w, https:\/\/haertha.de\/wp-content\/uploads\/2023\/03\/Service_Schulungen-1536x1024.png 1536w, https:\/\/haertha.de\/wp-content\/uploads\/2023\/03\/Service_Schulungen-18x12.png 18w, https:\/\/haertha.de\/wp-content\/uploads\/2023\/03\/Service_Schulungen-1106x737.png 1106w\" sizes=\"auto, (max-width: 2000px) 100vw, 2000px\" \/>                    <div class=\"headline\">\r\n                        <h2>PERFEZIONAMENTO<\/h2>\r\n                    <\/div>\r\n                <\/div>\r\n                <!-- \/.header-imag -->\r\n\r\n                <!-- content-body -->\r\n                <div class=\"content-body teaser-image-height page-teser-50-50block_c6d74a6802406ac5bc47891621cd5f9c\" data-teaser-height=\"page-teser-50-50block_c6d74a6802406ac5bc47891621cd5f9c\">\r\n                    <div class=\"content\">\r\n                        <div class=\"content-excerpt\">\r\n                            <p><span style=\"color: #454545;\"><strong>Imparare per l\u2019intera vita lavorativa.<\/strong><\/span><\/p>\n<hr \/>\n<p>Da noi non sono soltanto gli apprendisti a imparare costantemente. Investiamo massicciamente nella formazione, sia interna che esterna, dei nostri collaboratori. Per questo disponiamo di aule di formazione ben attrezzate in loco. Agiamo secondo il motto: il sapere si moltiplica quando lo si condivide.<\/p>\n                        <\/div>\r\n                        <div class=\"wrapper-link\">\r\n                            \r\n                                                    <\/div>\r\n                    <\/div>\r\n                <\/div>\r\n                <!-- \/.content-body -->\r\n                <\/div>\r\n\r\n\r\n                        <!--\/.type content-->\r\n\r\n            <!--type selection-->\r\n\r\n                        <!--type selection-->\r\n\r\n        <\/div>\r\n    <\/div>    \r\n<\/div>\r\n\n\n\n<div class=\"wp-block-columns is-layout-flex wp-container-core-columns-is-layout-28f84493 wp-block-columns-is-layout-flex\">\n<div class=\"wp-block-column is-layout-flow wp-block-column-is-layout-flow\" style=\"padding-top:var(--wp--preset--spacing--40);flex-basis:100%\"><div id=\"page-textfeldblock_620799d178b33832d758029a8db46821\" class=\"page-textfeld\" style=\"margin-bottom:var(--wp--preset--spacing--60);\">\r\n\r\n    <section class=\"is-style-style_04\">\r\n        <div class=\"wrapper-grid\">\r\n            <div class=\"content-body\">\r\n                <div class=\"headline\">\r\n                    <h2>Abbiamo suscitato la vostra curiosit\u00e0?<\/h2>\r\n                <\/div>\r\n                <div class=\"texteditor\">\r\n                    <p>Cerchiamo collaboratori impegnati e con diverse qualifiche per ampliare la nostra leadership tecnologica e nell\u2019innovazione nel campo dei trattamenti termici. Vi offriamo mansioni di responsabilit\u00e0 e interessanti opportunit\u00e0 di sviluppo e di carriera.<\/p>\n<p>&nbsp;<\/p>\n<p>Se al momento non c'\u00e8 un'offerta adatta a voi, saremo comunque lieti di ricevere la vostra candidatura spontanea! Vi preghiamo di inviarci sempre documenti informativi e completi. Per le candidature via e-mail, siete pregati di allegare sempre un unico file PDF.<\/p>\n<a href=\"mailto:p&#101;&#114;%73&#111;&#110;&#97;l&#64;%68&#97;erth&#97;.&#100;&#101;\">&#112;&#101;r&#115;&#111;&#110;al&#64;h&#97;&#101;&#114;&#116;&#104;&#97;&#46;de<\/a>\n<p>Invia la tua candidatura spontanea a<\/p>\n<p>&nbsp;<\/p>\n                <\/div>\r\n                                <div class=\"wrapper-button\">\r\n                    <!-- Button -->\r\n                        <a href=\"mailto:aldenhoven@haertha.de\" class=\"btn-cta btn-text-bilder-icon\" data-target=\"mailto:aldenhoven@haertha.de\">\r\n        <span class=\"btn-decor-left\"><\/span>\r\n                    Candidati ora                <span class=\"btn-decor-right\"><\/span>\r\n    <\/a>\r\n\r\n\r\n\r\n                <\/div>\r\n                            <\/div>\r\n        <\/div>\r\n\r\n    <\/section>\r\n\r\n<\/div>\r\n\r\n<\/div>\n<\/div>","protected":false},"excerpt":{"rendered":"","protected":false},"author":9,"featured_media":0,"parent":785,"menu_order":2,"comment_status":"closed","ping_status":"closed","template":"","meta":{"_acf_changed":false,"footnotes":""},"class_list":["post-9809","page","type-page","status-publish","hentry"],"acf":[],"yoast_head":"<!-- This site is optimized with the Yoast SEO plugin v26.0 - https:\/\/yoast.com\/wordpress\/plugins\/seo\/ -->\n<title>Karriere | H\u00c4RTHA GROUP<\/title>\n<meta name=\"description\" content=\"Werden Sie jetzt Teil des H\u00c4RTHA-Erfolgsgeheimnisses \u2713 Chancen \u2713 Ausbildung \u2713 Weiterbildung \u2713 Jetzt bewerben!\" \/>\n<meta name=\"robots\" content=\"index, follow, max-snippet:-1, max-image-preview:large, max-video-preview:-1\" \/>\n<link rel=\"canonical\" href=\"https:\/\/haertha.de\/it\/azienda\/carriera\/formazione\/\" \/>\n<meta property=\"og:locale\" content=\"it_IT\" \/>\n<meta property=\"og:type\" content=\"article\" \/>\n<meta property=\"og:title\" content=\"Karriere | H\u00c4RTHA GROUP\" \/>\n<meta property=\"og:description\" content=\"Werden Sie jetzt Teil des H\u00c4RTHA-Erfolgsgeheimnisses \u2713 Chancen \u2713 Ausbildung \u2713 Weiterbildung \u2713 Jetzt bewerben!\" \/>\n<meta property=\"og:url\" content=\"https:\/\/haertha.de\/it\/azienda\/carriera\/formazione\/\" \/>\n<meta property=\"og:site_name\" content=\"H\u00c4RTHA GROUP\" \/>\n<meta property=\"article:modified_time\" content=\"2023-12-06T15:21:22+00:00\" \/>\n<meta name=\"twitter:card\" content=\"summary_large_image\" \/>\n<script type=\"application\/ld+json\" class=\"yoast-schema-graph\">{\"@context\":\"https:\/\/schema.org\",\"@graph\":[{\"@type\":\"WebPage\",\"@id\":\"https:\/\/haertha.de\/it\/azienda\/carriera\/formazione\/\",\"url\":\"https:\/\/haertha.de\/it\/azienda\/carriera\/formazione\/\",\"name\":\"Karriere | H\u00c4RTHA GROUP\",\"isPartOf\":{\"@id\":\"https:\/\/haertha.de\/it\/#website\"},\"datePublished\":\"2023-12-06T15:18:39+00:00\",\"dateModified\":\"2023-12-06T15:21:22+00:00\",\"description\":\"Werden Sie jetzt Teil des H\u00c4RTHA-Erfolgsgeheimnisses \u2713 Chancen \u2713 Ausbildung \u2713 Weiterbildung \u2713 Jetzt bewerben!\",\"breadcrumb\":{\"@id\":\"https:\/\/haertha.de\/it\/azienda\/carriera\/formazione\/#breadcrumb\"},\"inLanguage\":\"it-IT\",\"potentialAction\":[{\"@type\":\"ReadAction\",\"target\":[\"https:\/\/haertha.de\/it\/azienda\/carriera\/formazione\/\"]}]},{\"@type\":\"BreadcrumbList\",\"@id\":\"https:\/\/haertha.de\/it\/azienda\/carriera\/formazione\/#breadcrumb\",\"itemListElement\":[{\"@type\":\"ListItem\",\"position\":1,\"name\":\"Startseite\",\"item\":\"https:\/\/haertha.de\/it\/\"},{\"@type\":\"ListItem\",\"position\":2,\"name\":\"UNTERNEHMEN\",\"item\":\"https:\/\/haertha.de\/it\/azienda\/\"},{\"@type\":\"ListItem\",\"position\":3,\"name\":\"KARRIERE\",\"item\":\"https:\/\/haertha.de\/it\/azienda\/carriera\/\"},{\"@type\":\"ListItem\",\"position\":4,\"name\":\"AUSBILDUNG\"}]},{\"@type\":\"WebSite\",\"@id\":\"https:\/\/haertha.de\/it\/#website\",\"url\":\"https:\/\/haertha.de\/it\/\",\"name\":\"H\u00c4RTHA GROUP\",\"description\":\"Hardening Industries H\u00e4rterei H\u00c4RTHA GROUP.\",\"potentialAction\":[{\"@type\":\"SearchAction\",\"target\":{\"@type\":\"EntryPoint\",\"urlTemplate\":\"https:\/\/haertha.de\/it\/?s={search_term_string}\"},\"query-input\":{\"@type\":\"PropertyValueSpecification\",\"valueRequired\":true,\"valueName\":\"search_term_string\"}}],\"inLanguage\":\"it-IT\"}]}<\/script>\n<!-- \/ Yoast SEO plugin. -->","yoast_head_json":{"title":"Formazione | H\u00c4RTHA GROUP","description":"Divieni parte del segreto del successo di H\u00c4RTHA \u2713 Opportunit\u00e0 \u2713 Formazione \u2713 Aggiornamento \u2713 Candidati ora!","robots":{"index":"index","follow":"follow","max-snippet":"max-snippet:-1","max-image-preview":"max-image-preview:large","max-video-preview":"max-video-preview:-1"},"canonical":"https:\/\/haertha.de\/it\/azienda\/carriera\/formazione\/","og_locale":"it_IT","og_type":"article","og_title":"Karriere | H\u00c4RTHA GROUP","og_description":"Werden Sie jetzt Teil des H\u00c4RTHA-Erfolgsgeheimnisses \u2713 Chancen \u2713 Ausbildung \u2713 Weiterbildung \u2713 Jetzt bewerben!","og_url":"https:\/\/haertha.de\/it\/azienda\/carriera\/formazione\/","og_site_name":"H\u00c4RTHA GROUP","article_modified_time":"2023-12-06T15:21:22+00:00","twitter_card":"summary_large_image","schema":{"@context":"https:\/\/schema.org","@graph":[{"@type":"WebPage","@id":"https:\/\/haertha.de\/it\/azienda\/carriera\/formazione\/","url":"https:\/\/haertha.de\/it\/azienda\/carriera\/formazione\/","name":"Formazione | H\u00c4RTHA GROUP","isPartOf":{"@id":"https:\/\/haertha.de\/it\/#website"},"datePublished":"2023-12-06T15:18:39+00:00","dateModified":"2023-12-06T15:21:22+00:00","description":"Divieni parte del segreto del successo di H\u00c4RTHA \u2713 Opportunit\u00e0 \u2713 Formazione \u2713 Aggiornamento \u2713 Candidati ora!","breadcrumb":{"@id":"https:\/\/haertha.de\/it\/azienda\/carriera\/formazione\/#breadcrumb"},"inLanguage":"it-IT","potentialAction":[{"@type":"ReadAction","target":["https:\/\/haertha.de\/it\/azienda\/carriera\/formazione\/"]}]},{"@type":"BreadcrumbList","@id":"https:\/\/haertha.de\/it\/azienda\/carriera\/formazione\/#breadcrumb","itemListElement":[{"@type":"ListItem","position":1,"name":"Startseite","item":"https:\/\/haertha.de\/it\/"},{"@type":"ListItem","position":2,"name":"UNTERNEHMEN","item":"https:\/\/haertha.de\/it\/azienda\/"},{"@type":"ListItem","position":3,"name":"KARRIERE","item":"https:\/\/haertha.de\/it\/azienda\/carriera\/"},{"@type":"ListItem","position":4,"name":"AUSBILDUNG"}]},{"@type":"WebSite","@id":"https:\/\/haertha.de\/it\/#website","url":"https:\/\/haertha.de\/it\/","name":"H\u00c4RTHA GROUP","description":"Hardening Industries H\u00e4rterei H\u00c4RTHA GROUP.","potentialAction":[{"@type":"SearchAction","target":{"@type":"EntryPoint","urlTemplate":"https:\/\/haertha.de\/it\/?s={search_term_string}"},"query-input":{"@type":"PropertyValueSpecification","valueRequired":true,"valueName":"search_term_string"}}],"inLanguage":"it-IT"}]}},"_links":{"self":[{"href":"https:\/\/haertha.de\/it\/wp-json\/wp\/v2\/pages\/9809","targetHints":{"allow":["GET"]}}],"collection":[{"href":"https:\/\/haertha.de\/it\/wp-json\/wp\/v2\/pages"}],"about":[{"href":"https:\/\/haertha.de\/it\/wp-json\/wp\/v2\/types\/page"}],"author":[{"embeddable":true,"href":"https:\/\/haertha.de\/it\/wp-json\/wp\/v2\/users\/9"}],"replies":[{"embeddable":true,"href":"https:\/\/haertha.de\/it\/wp-json\/wp\/v2\/comments?post=9809"}],"version-history":[{"count":5,"href":"https:\/\/haertha.de\/it\/wp-json\/wp\/v2\/pages\/9809\/revisions"}],"predecessor-version":[{"id":9815,"href":"https:\/\/haertha.de\/it\/wp-json\/wp\/v2\/pages\/9809\/revisions\/9815"}],"up":[{"embeddable":true,"href":"https:\/\/haertha.de\/it\/wp-json\/wp\/v2\/pages\/785"}],"wp:attachment":[{"href":"https:\/\/haertha.de\/it\/wp-json\/wp\/v2\/media?parent=9809"}],"curies":[{"name":"wp","href":"https:\/\/api.w.org\/{rel}","templated":true}]}}