{"id":667,"date":"2023-02-14T12:17:43","date_gmt":"2023-02-14T11:17:43","guid":{"rendered":"http:\/\/haertha.dev.neuekommunikation.de\/wordpress\/?page_id=667"},"modified":"2025-07-29T07:19:47","modified_gmt":"2025-07-29T05:19:47","slug":"responsabilita","status":"publish","type":"page","link":"https:\/\/haertha.de\/it\/azienda\/responsabilita\/","title":{"rendered":"RESPONSABILIT\u00c0"},"content":{"rendered":"<section id=\"popup-page-hero-slider-pictures-video-block_3cedaae12ec748b5946e3c0fb173fe41\" class=\"popup popup-video\"><div class=\"popup__content\"><div class=\"close\"><span><\/span><span><\/span><\/div><div class=\"embed-container\"><iframe loading=\"lazy\" title=\"HA\u0308RTHA_Qualita\u0308t_IT\" src=\"https:\/\/player.vimeo.com\/video\/814520556?h=cb6052efc5&amp;dnt=1&amp;app_id=122963&#038;muted=0&#038;controls=1&#038;hd=1&#038;loop=1&#038;autohide=1&#038;autoplay=0&#038;dnt=1\" width=\"640\" height=\"300\" frameborder=\"0\" allow=\"autoplay; fullscreen; picture-in-picture; clipboard-write; encrypted-media; web-share\" referrerpolicy=\"strict-origin-when-cross-origin\" class=\"video-play\"><\/iframe><\/div><\/div><\/section>\r\n<section id=\"page-hero-slider-pictures-video-block_3cedaae12ec748b5946e3c0fb173fe41\" class=\"page-hero-slider-pictures-video\">\r\n\r\n    <div class=\"wrapper video-wrapper\">\r\n\r\n        <!-- Image BG -->\r\n                \r\n        <!-- Video BG -->\r\n                    <div class=\"video-loop\">\r\n                <iframe loading=\"lazy\" title=\"LOOP_Nachhaltigkeit\" src=\"https:\/\/player.vimeo.com\/video\/815305230?h=c8baf652be&amp;dnt=1&amp;app_id=122963&#038;controls=0&#038;hd=1&#038;loop=1&#038;autohide=0&#038;autoplay=1&#038;muted=1&#038;dnt=1\" width=\"640\" height=\"300\" frameborder=\"0\" allow=\"autoplay; fullscreen; picture-in-picture; clipboard-write; encrypted-media; web-share\" referrerpolicy=\"strict-origin-when-cross-origin\"><\/iframe>                <!--Video-->\r\n                <div class=\"video-button popup-button\" data-number=\"page-hero-slider-pictures-video-block_3cedaae12ec748b5946e3c0fb173fe41\"><a href=\"javascript:void(0);\" class=\"popup-button btn-video btn-cta\" data-number=\"page-hero-slider-pictures-video-block_3cedaae12ec748b5946e3c0fb173fe41\"><div class=\"btn-open-video\"><span class=\"btn-decor-left\"><\/span><span class=\"text\"> Mostra film<\/span><span class=\"btn-decor-right\"><\/span><\/div><\/a><\/div>            <\/div>\r\n        \r\n        <div class=\"headline-wrapper\">\r\n            <div class=\"hadline-body\">\r\n                <!-- Headline Page -->\r\n                                    <div class=\"headline-page parallax-16\">\r\n                    <h1>RESPONSABILIT\u00c0<\/h1>                    <\/div>\r\n                \r\n                <!-- Headline Modul -->\r\n                                                        <div class=\"headline parallax-16\">\r\n                        <h2>PRECURSORI. COMPAGNI DI STRADA.<\/h2>\r\n                    <\/div>\r\n                                                <\/div>\r\n        <\/div>\r\n\r\n    <\/div>\r\n\r\n    <!-- text -->\r\n            <div class=\"wrapper-text parallax-15\">\r\n            <div class=\"text\">\r\n                <h3><span style=\"color: #6ab651;\">Verso un futuro sostenibile.<\/span><\/h3>\n<p>&nbsp;<\/p>\n<p>La sostenibilit\u00e0 \u00e8 il nostro core business. Aiutiamo l\u2019industria nel suo percorso verso una maggiore sostenibilit\u00e0. Con tecnologie di finitura su misura incrementiamo la durata dei componenti e quindi contribuiamo a preservare risorse preziose. Rendiamo i componenti pi\u00f9 leggeri e al contempo pi\u00f9 resistenti implementando cos\u00ec tecnologie futuristiche come l\u2019e-mobility.<\/p>\n<p>&nbsp;<\/p>\n<p>Facciamo da precursore, dando il buon esempio. Ne siamo assolutamente convinti: le decisioni non vanno prese solo in base a criteri economici. Pertanto teniamo sempre in considerazione anche i criteri ecologici e sociali. Ci assumiamo la responsabilit\u00e0.<\/p>\n<div style=\"width: 100%; text-align: center; margin-left: auto; margin-right: auto; margin-top: 30px;\"><a class=\"btn-cta\" href=\"https:\/\/haertha.de\/wp-content\/uploads\/2025\/03\/haertha_esg_bericht_2024_de_web.pdf\" target=\"_new\" data-target=\"https:\/\/haertha.de\/wp-content\/uploads\/2024\/01\/haertha_esg_bericht_2023_de_web.pdf\"> Nachhaltigkeitsbericht 2024<\/a><\/div>\n            <\/div>\r\n        <\/div>\r\n    \r\n<\/section>\r\n\r\n\r\n\r\n\r\n\r\n\n\n<style>.wrapper-image-grid-position img{object-position: center 62%;}<\/style>\r\n\r\n\r\n<div id=\"page-image-text-50-50block_e48bc50ab12bcf2ae5b0747b19ee7679\" class=\"page-image-text-50-50\"  style=\"\">\r\n    <section class=\"has-align-text-left is-style-style_01\">\r\n        \r\n        <div class=\"wrapper-grid\">\r\n            <div class=\"wrapper-image wrapper-image-grid-position\">\r\n                                    <img decoding=\"async\" class=\"parallax-777 imageH img-heightpage-image-text-50-50block_e48bc50ab12bcf2ae5b0747b19ee7679\" src=\"https:\/\/haertha.de\/wp-content\/uploads\/2023\/04\/image_dj-1-aspect-ratio-1608-2406.png\" alt=\"\" data-height=\"page-image-text-50-50block_e48bc50ab12bcf2ae5b0747b19ee7679\"\/>\r\n                            <\/div>\r\n            <div class=\"wrapper-content parallax-5\">\r\n                <div class=\"content-body myh my-heightpage-image-text-50-50block_e48bc50ab12bcf2ae5b0747b19ee7679\" data-height=\"page-image-text-50-50block_e48bc50ab12bcf2ae5b0747b19ee7679\">\r\n\r\n                    <!--Icon Box-->\r\n                                        <div class=\"acf-innerblocks-container\">\n\r\n<div class=\"flex-iconbox\">\r\n                <a href=\"\">                <span class=\"item-flex\">\r\n                    <span class=\"icon droplet\"><\/span>\r\n                                    <\/span>\r\n            <\/a>            <\/div>\r\n\r\n\r\n\r\n\n<\/div>                    <!-- .\/ Icon Box-->\r\n\r\n                                            <div class=\"headline\">\r\n                            <h2 class=\"head\">AMBIENTE<\/h2>\r\n                        <\/div>\r\n                    \r\n                    <div class=\"body-content texteditor\">\r\n                        <h3><span style=\"color: #6ab651;\">Impegno verso le generazioni future.<\/span><\/h3>\n<p>&nbsp;<\/p>\n<p>Siamo consapevoli della responsabilit\u00e0 verso le generazioni future. Vogliamo lasciare in eredit\u00e0 ai nostri figli un pianeta vivibile. Facciamo tutto il possibile e, in quest\u2019ottica, abbiamo aderito all'iniziativa internazionale SBTi. Siamo convinti del nostro percorso e dell\u2019urgenza di realizzarlo. E abbiamo anche fatto gi\u00e0 tanto. Siamo orgogliosi in particolare di aver attuato le seguenti misure:<\/p>\n<div class=\"infobox-green\" style=\"color: #ffffff; background-color: #6ab651;\">\n<ul>\n<li><span style=\"font-weight: 400;\">Approvvigionamento energetico per il 100% da fonti rinnovabili<\/span><\/li>\n<li><span style=\"font-weight: 400;\">3.230 GWh di energia autoprodotta da impianti fotovoltaici installati nei nostri stabilimenti<\/span><\/li>\n<li><span style=\"font-weight: 400;\">Gestione energetica certificata a norma ISO 50.001, gestione ambientale secondo ISO 14.001, membro dell'Umweltpakt Bayern (patto per l'ambiente della Baviera)<\/span><\/li>\n<li><span style=\"font-weight: 400;\">Il nostro impegno per il rispetto dell\u2019Accordo di Parigi sul clima.<\/span><\/li>\n<\/ul>\n<\/div>\n<p>&nbsp;<\/p>\n<h3><span style=\"color: #6ab651;\">\"Promettiamo ai nostri figli di portare avanti questo percorso con coerenza.\"<\/span><\/h3>\n\r\n                        <!--Icons Unten-->\r\n                        \r\n                        <!-- Button -->\r\n                        \r\n                    <\/div>\r\n                <\/div>\r\n            <\/div>\r\n        <\/div>\r\n\r\n    <\/section>\r\n<\/div>\r\n\r\n\r\n\r\n\n\n\r\n\r\n<div id=\"page-videoblock_8a6022c64f14ebd9843f08890f2e06ec\" class=\"page-video\" style=\"\">\r\n\r\n    <section>\r\n        <div class=\"wrapper\">\r\n\r\n                            <div class=\"headline-body\">\r\n                    <h2>Il nostro impegno SBTI<\/h2>\r\n                <\/div>\r\n            \r\n            \r\n                            <div class=\"cta-body\">\r\n                    \r\n                    <a class=\"btn-cta\" id=\"video-view\" href=\"javascript:void(0);\" data-view=\"page-videoblock_8a6022c64f14ebd9843f08890f2e06ec\">\r\n                        <span class=\"btn-decor-left\"><\/span>\r\n                        Mostra film \r\n                        <span class=\"btn-decor-right\"><\/span>\r\n                    <\/a>\r\n\r\n                <\/div>\r\n            \r\n                        <div class=\"video-body page-videoblock_8a6022c64f14ebd9843f08890f2e06ec\">\r\n                <div class=\"embed-container-video\">\r\n                    <iframe loading=\"lazy\" title=\"HA\u0308RTHA_SBTI_IT_mit Untertitel\" src=\"https:\/\/player.vimeo.com\/video\/815263905?h=8b1e9575f9&amp;dnt=1&amp;app_id=122963&#038;muted=0&#038;controls=1&#038;hd=1&#038;loop=0&#038;autohide=0&#038;autoplay=0&#038;dnt=1\" width=\"640\" height=\"300\" frameborder=\"0\" allow=\"autoplay; fullscreen; picture-in-picture; clipboard-write; encrypted-media; web-share\" referrerpolicy=\"strict-origin-when-cross-origin\"><\/iframe>                <\/div>\r\n            <\/div>\r\n            \r\n            \r\n                            <div class=\"wrapper-image\">\r\n                    <img decoding=\"async\" class=\"video-image\" src=\"https:\/\/haertha.de\/wp-content\/uploads\/2023\/04\/230303_Climate-Target-Framework_IT.png\" alt=\"\">\r\n                <\/div>\r\n                    <\/div>\r\n    <\/section>\r\n\r\n<\/div>\r\n\r\n\r\n\n\n\r\n<div id=\"page-image-text-block_57a49d3f2f44b1da2ee415f7f39ce37b\" class=\"page-image-text\"  style=\"\">\r\n    <section class=\"has-align-text-right is-style-style_01\">\r\n        \r\n        <div class=\"wrapper-grid div-height-pagepage-image-text-block_57a49d3f2f44b1da2ee415f7f39ce37b\">\r\n            <div class=\"wrapper-image\">\r\n                <div class=\"image\">\r\n                                            <img decoding=\"async\" class=\"parallax-7\" src=\"https:\/\/haertha.de\/wp-content\/uploads\/2023\/03\/Verantwortung_soziales-aspect-ratio-933-658.png\" alt=\"\" \/>\r\n                    \r\n                    <!-- Video Popup -->\r\n                    \r\n                    <!-- Image Popup -->\r\n                    \r\n                <\/div>\r\n            <\/div>\r\n\r\n            <div class=\"wrapper-content parallax-5\">\r\n\r\n                                    <div class=\"headline\">\r\n                        <h2 class=\"head\">SOCIALE<\/h2>\r\n                    <\/div>\r\n                \r\n                <div class=\"body-content texteditor text-height-page height-pagepage-image-text-block_57a49d3f2f44b1da2ee415f7f39ce37b\" data-height-page-div=\"page-image-text-block_57a49d3f2f44b1da2ee415f7f39ce37b\">\r\n\r\n                    <!--Icon Box-->\r\n                                        <div class=\"acf-innerblocks-container\"><\/div>                    <!-- .\/ Icon Box-->\r\n                    <div class=\"texteditor\">\r\n                        <h3><span style=\"color: #6ab651;\">Concretizziamo la comunit\u00e0.<\/span><\/h3>\n<p>&nbsp;<\/p>\n<p>Una convivenza responsabile e avveduta \u00e8 la nostra chiave del successo. Per questo concretizziamo la comunit\u00e0 non solo all'interno, ma anche verso l\u2019esterno. Ci consideriamo parte della societ\u00e0 e ci impegniamo attivamente nei comuni in cui sono ubicate le nostre sedi.<\/p>\n<p>&nbsp;<\/p>\n<p>Sosteniamo associazioni sportive come le nuove leve calcistiche F2 dell\u2019FC Stollberg o i \u201egrandi giovani\u201c del VFL Baskets di Treuchtlingen. Stipuliamo collaborazioni, come ad esempio quella tra la nostra sede di Wei\u00dfenburg e l\u2019universit\u00e0 di Bayreuth. In \u201eElefant Racing e.V.\u201c gli studenti costruiscono la loro macchina da corsa e affinano il loro know-how ingegneristico con modalit\u00e0 estremamente pratiche.<\/p>\n\r\n                        <!--Icons Unten-->\r\n                        \r\n                        <!-- Button -->\r\n                        <div class=\"wrapper-button\">\r\n                            \r\n\r\n\r\n                        <\/div>\r\n                    <\/div>\r\n\r\n\r\n                <\/div>\r\n            <\/div>\r\n        <\/div>\r\n\r\n    <\/section>\r\n<\/div>\r\n\r\n\r\n\r\n\r\n\r\n\r\n\r\n\r\n\r\n\r\n\r\n\r\n\r\n\r\n\n\n\r\n<div id=\"page-image-text-block_7ec2300218f0af2ab17edd3f780a1a7e\" class=\"page-image-text\"  style=\"margin-top:var(--wp--preset--spacing--60);\">\r\n    <section class=\"has-align-text-left is-style-style_01\">\r\n        \r\n        <div class=\"wrapper-grid div-height-pagepage-image-text-block_7ec2300218f0af2ab17edd3f780a1a7e\">\r\n            <div class=\"wrapper-image\">\r\n                <div class=\"image\">\r\n                                            <img decoding=\"async\" class=\"parallax-7\" src=\"https:\/\/haertha.de\/wp-content\/uploads\/2023\/03\/Verantwortung_Unternehemensfuehrung-aspect-ratio-933-658-2.png\" alt=\"\" \/>\r\n                    \r\n                    <!-- Video Popup -->\r\n                    \r\n                    <!-- Image Popup -->\r\n                    \r\n                <\/div>\r\n            <\/div>\r\n\r\n            <div class=\"wrapper-content parallax-5\">\r\n\r\n                                    <div class=\"headline\">\r\n                        <h2 class=\"head\">GESTIONE D'IMPRESA<\/h2>\r\n                    <\/div>\r\n                \r\n                <div class=\"body-content texteditor text-height-page height-pagepage-image-text-block_7ec2300218f0af2ab17edd3f780a1a7e\" data-height-page-div=\"page-image-text-block_7ec2300218f0af2ab17edd3f780a1a7e\">\r\n\r\n                    <!--Icon Box-->\r\n                                        <div class=\"acf-innerblocks-container\"><\/div>                    <!-- .\/ Icon Box-->\r\n                    <div class=\"texteditor\">\r\n                        <h3><span style=\"color: #6ab651;\">I valori ci indicano la strada.<\/span><\/h3>\n<p>&nbsp;<\/p>\n<p>La nostra vision: vogliamo essere un\u2019impresa rispettabile.<\/p>\n<p>Il fondamento del nostro agire sono i cinque core values della nostra azienda:<\/p>\n<div class=\"nummber-list\" style=\"color: #454545; background-color: #ffffff;\">\n<ol>\n<li>Orientamento ai clienti: sono i nostri clienti a determinare il successo della nostra azienda.  Vogliamo sorprenderli in positivo, giorno dopo giorno, ed entusiasmarli per i nostri prodotti e servizi. Ci\u00f2 include fornire loro una consulenza ottimale e gestire le attivit\u00e0 quotidiane alla perfezione.<\/li>\n<li>Imprenditorialit\u00e0: la nostra cultura \u00e8 improntata all\u2019imprenditorialit\u00e0. Agiamo pro-attivamente e ricerchiamo le opportunit\u00e0, con l\u2019intento di valorizzarle. I nostri stabilimenti si gestiscono in maniera ampiamente autonoma, in modo da poter prendere sempre le decisioni pi\u00f9 adatte per i mercati locali.<\/li>\n<li>Successo a lungo termine: puntiamo al successo nel lungo periodo. Pertanto tutte le decisioni vengono prese prestando attenzione alla solidit\u00e0 economica. Per assicurare il nostro futuro siamo costantemente alla ricerca di opportunit\u00e0 per ottimizzare ulteriormente le nostre strutture e i nostri processi.<\/li>\n<li>Integrit\u00e0: la nostra parola ha un valore. Di essa i nostri partner e tutti i membri del nostro team possono sempre fidarsi. Siamo a favore della concorrenza leale ed esercitiamo la nostra attivit\u00e0 commerciale esclusivamente nel rispetto delle norme di legge e con integrit\u00e0. Ci teniamo al nostro buon nome e alla nostra reputazione.<\/li>\n<li>Rapidit\u00e0: per assicurarci il nostro vantaggio prediligiamo percorsi di comunicazione brevi e processi semplici. Vogliamo essere pi\u00f9 veloci e migliori dei nostri concorrenti anche in futuro.<\/li>\n<\/ol>\n<\/div>\n<p class=\" translation-block\">Il nostro <a href=\"https:\/\/haertha.de\/wp-content\/uploads\/2023\/04\/haertha_group_code_of_conduct_v20220307.pdf\" target=\"_blank\" rel=\"noopener\"> Codice di Condotta<\/a> definisce in dettaglio le nostre pratiche commerciali eque e sostenibili.<\/p>\n\r\n                        <!--Icons Unten-->\r\n                        \r\n                        <!-- Button -->\r\n                        <div class=\"wrapper-button\">\r\n                            \r\n\r\n\r\n                        <\/div>\r\n                    <\/div>\r\n\r\n\r\n                <\/div>\r\n            <\/div>\r\n        <\/div>\r\n\r\n    <\/section>\r\n<\/div>","protected":false},"excerpt":{"rendered":"","protected":false},"author":9,"featured_media":0,"parent":2701,"menu_order":1,"comment_status":"closed","ping_status":"closed","template":"","meta":{"_acf_changed":false,"footnotes":""},"class_list":["post-667","page","type-page","status-publish","hentry"],"acf":[],"yoast_head":"<!-- This site is optimized with the Yoast SEO plugin v26.0 - https:\/\/yoast.com\/wordpress\/plugins\/seo\/ -->\n<title>Verantwortung | H\u00c4RTHA GROUP<\/title>\n<meta name=\"description\" content=\"In eine nachhaltige Zukunft - Als Wegbereiter und Wegbegleiter. \u2713 Umwelt \u2713 Soziales \u2713 Unternehmensf\u00fchrung.\" \/>\n<meta name=\"robots\" content=\"index, follow, max-snippet:-1, max-image-preview:large, max-video-preview:-1\" \/>\n<link rel=\"canonical\" href=\"https:\/\/haertha.de\/it\/azienda\/responsabilita\/\" \/>\n<meta property=\"og:locale\" content=\"it_IT\" \/>\n<meta property=\"og:type\" content=\"article\" \/>\n<meta property=\"og:title\" content=\"Verantwortung | H\u00c4RTHA GROUP\" \/>\n<meta property=\"og:description\" content=\"In eine nachhaltige Zukunft - Als Wegbereiter und Wegbegleiter. \u2713 Umwelt \u2713 Soziales \u2713 Unternehmensf\u00fchrung.\" \/>\n<meta property=\"og:url\" content=\"https:\/\/haertha.de\/it\/azienda\/responsabilita\/\" \/>\n<meta property=\"og:site_name\" content=\"H\u00c4RTHA GROUP\" \/>\n<meta property=\"article:modified_time\" content=\"2025-07-29T05:19:47+00:00\" \/>\n<meta name=\"twitter:card\" content=\"summary_large_image\" \/>\n<script type=\"application\/ld+json\" class=\"yoast-schema-graph\">{\"@context\":\"https:\/\/schema.org\",\"@graph\":[{\"@type\":\"WebPage\",\"@id\":\"https:\/\/haertha.de\/unternehmen\/verantwortung\/\",\"url\":\"https:\/\/haertha.de\/unternehmen\/verantwortung\/\",\"name\":\"Verantwortung | H\u00c4RTHA GROUP\",\"isPartOf\":{\"@id\":\"https:\/\/haertha.de\/it\/#website\"},\"datePublished\":\"2023-02-14T11:17:43+00:00\",\"dateModified\":\"2025-07-29T05:19:47+00:00\",\"description\":\"In eine nachhaltige Zukunft - Als Wegbereiter und Wegbegleiter. \u2713 Umwelt \u2713 Soziales \u2713 Unternehmensf\u00fchrung.\",\"breadcrumb\":{\"@id\":\"https:\/\/haertha.de\/unternehmen\/verantwortung\/#breadcrumb\"},\"inLanguage\":\"it-IT\",\"potentialAction\":[{\"@type\":\"ReadAction\",\"target\":[\"https:\/\/haertha.de\/unternehmen\/verantwortung\/\"]}]},{\"@type\":\"BreadcrumbList\",\"@id\":\"https:\/\/haertha.de\/unternehmen\/verantwortung\/#breadcrumb\",\"itemListElement\":[{\"@type\":\"ListItem\",\"position\":1,\"name\":\"Startseite\",\"item\":\"https:\/\/haertha.de\/it\/\"},{\"@type\":\"ListItem\",\"position\":2,\"name\":\"UNTERNEHMEN\",\"item\":\"https:\/\/haertha.de\/it\/azienda\/\"},{\"@type\":\"ListItem\",\"position\":3,\"name\":\"VERANTWORTUNG\"}]},{\"@type\":\"WebSite\",\"@id\":\"https:\/\/haertha.de\/it\/#website\",\"url\":\"https:\/\/haertha.de\/it\/\",\"name\":\"H\u00c4RTHA GROUP\",\"description\":\"Hardening Industries H\u00e4rterei H\u00c4RTHA GROUP.\",\"potentialAction\":[{\"@type\":\"SearchAction\",\"target\":{\"@type\":\"EntryPoint\",\"urlTemplate\":\"https:\/\/haertha.de\/it\/?s={search_term_string}\"},\"query-input\":{\"@type\":\"PropertyValueSpecification\",\"valueRequired\":true,\"valueName\":\"search_term_string\"}}],\"inLanguage\":\"it-IT\"}]}<\/script>\n<!-- \/ Yoast SEO plugin. -->","yoast_head_json":{"title":"Responsabilit\u00e0 | H\u00c4RTHA GROUP","description":"Verso un futuro sostenibile - Come precursori e compagni di strada. \u2713 Ambiente \u2713 Sociale \u2713 Gestione d'impresa.","robots":{"index":"index","follow":"follow","max-snippet":"max-snippet:-1","max-image-preview":"max-image-preview:large","max-video-preview":"max-video-preview:-1"},"canonical":"https:\/\/haertha.de\/it\/azienda\/responsabilita\/","og_locale":"it_IT","og_type":"article","og_title":"Verantwortung | H\u00c4RTHA GROUP","og_description":"In eine nachhaltige Zukunft - Als Wegbereiter und Wegbegleiter. \u2713 Umwelt \u2713 Soziales \u2713 Unternehmensf\u00fchrung.","og_url":"https:\/\/haertha.de\/it\/azienda\/responsabilita\/","og_site_name":"H\u00c4RTHA GROUP","article_modified_time":"2025-07-29T05:19:47+00:00","twitter_card":"summary_large_image","schema":{"@context":"https:\/\/schema.org","@graph":[{"@type":"WebPage","@id":"https:\/\/haertha.de\/unternehmen\/verantwortung\/","url":"https:\/\/haertha.de\/unternehmen\/verantwortung\/","name":"Responsabilit\u00e0 | H\u00c4RTHA GROUP","isPartOf":{"@id":"https:\/\/haertha.de\/it\/#website"},"datePublished":"2023-02-14T11:17:43+00:00","dateModified":"2025-07-29T05:19:47+00:00","description":"Verso un futuro sostenibile - Come precursori e compagni di strada. \u2713 Ambiente \u2713 Sociale \u2713 Gestione d'impresa.","breadcrumb":{"@id":"https:\/\/haertha.de\/unternehmen\/verantwortung\/#breadcrumb"},"inLanguage":"it-IT","potentialAction":[{"@type":"ReadAction","target":["https:\/\/haertha.de\/unternehmen\/verantwortung\/"]}]},{"@type":"BreadcrumbList","@id":"https:\/\/haertha.de\/unternehmen\/verantwortung\/#breadcrumb","itemListElement":[{"@type":"ListItem","position":1,"name":"Startseite","item":"https:\/\/haertha.de\/it\/"},{"@type":"ListItem","position":2,"name":"UNTERNEHMEN","item":"https:\/\/haertha.de\/it\/azienda\/"},{"@type":"ListItem","position":3,"name":"VERANTWORTUNG"}]},{"@type":"WebSite","@id":"https:\/\/haertha.de\/it\/#website","url":"https:\/\/haertha.de\/it\/","name":"H\u00c4RTHA GROUP","description":"Hardening Industries H\u00e4rterei H\u00c4RTHA GROUP.","potentialAction":[{"@type":"SearchAction","target":{"@type":"EntryPoint","urlTemplate":"https:\/\/haertha.de\/it\/?s={search_term_string}"},"query-input":{"@type":"PropertyValueSpecification","valueRequired":true,"valueName":"search_term_string"}}],"inLanguage":"it-IT"}]}},"_links":{"self":[{"href":"https:\/\/haertha.de\/it\/wp-json\/wp\/v2\/pages\/667","targetHints":{"allow":["GET"]}}],"collection":[{"href":"https:\/\/haertha.de\/it\/wp-json\/wp\/v2\/pages"}],"about":[{"href":"https:\/\/haertha.de\/it\/wp-json\/wp\/v2\/types\/page"}],"author":[{"embeddable":true,"href":"https:\/\/haertha.de\/it\/wp-json\/wp\/v2\/users\/9"}],"replies":[{"embeddable":true,"href":"https:\/\/haertha.de\/it\/wp-json\/wp\/v2\/comments?post=667"}],"version-history":[{"count":200,"href":"https:\/\/haertha.de\/it\/wp-json\/wp\/v2\/pages\/667\/revisions"}],"predecessor-version":[{"id":12909,"href":"https:\/\/haertha.de\/it\/wp-json\/wp\/v2\/pages\/667\/revisions\/12909"}],"up":[{"embeddable":true,"href":"https:\/\/haertha.de\/it\/wp-json\/wp\/v2\/pages\/2701"}],"wp:attachment":[{"href":"https:\/\/haertha.de\/it\/wp-json\/wp\/v2\/media?parent=667"}],"curies":[{"name":"wp","href":"https:\/\/api.w.org\/{rel}","templated":true}]}}