{"id":3000,"date":"2023-03-17T11:25:19","date_gmt":"2023-03-17T10:25:19","guid":{"rendered":"http:\/\/haertha.dev.neuekommunikation.de\/wordpress\/?page_id=3000"},"modified":"2025-04-02T13:45:08","modified_gmt":"2025-04-02T11:45:08","slug":"contatto","status":"publish","type":"page","link":"https:\/\/haertha.de\/it\/contatto\/","title":{"rendered":"CONTATTO"},"content":{"rendered":"<div style=\"height:1.8em\" aria-hidden=\"true\" class=\"wp-block-spacer\"><\/div>\n\n\n\r\n\r\n<div id=\"hero-image-small-block_a8f527d9d6361179ffd657cb7e19844b\" class=\"hero-image-small\"  style=\"\">\r\n    <section class=\"has-align-text-left\">\r\n        \r\n        <div class=\"wrapper-grid\">\r\n\r\n            <!-- content -->\r\n            <div class=\"wrapper-content\">\r\n                <h1 class=\"heading-block-bg\">CONTATTO<\/h1>                <div class=\"content-body texteditor hero-image-height\">\r\n                    <h3><span style=\"font-weight: 400;\"><span style=\"color: #6ab651;\">Siamo a disposizione per rispondere a qualunque vostra domanda.<\/span><\/span><\/h3>\n<p class=\" translation-block\">Che riguardi un processo concreto piuttosto che una richiesta di informazioni generica.\nContattateci per un colloquio di consulenza personalizzato e senza impegno.<\/p>\n                <\/div>\r\n            <\/div>\r\n            <!-- \/.content -->\r\n\r\n            <!-- image -->\r\n            <div class=\"wrapper-image\">\r\n                <img decoding=\"async\" class=\"img-fluid hero-img\" src=\"https:\/\/haertha.de\/wp-content\/uploads\/2023\/03\/kontakt.jpg\" alt=\"\" \/>\r\n                \r\n                    <!-- Video Popup -->\r\n                    \r\n                    <!-- Image Popup -->\r\n                    \r\n            <\/div>\r\n            <!-- \/.image -->\r\n\r\n        <\/div>\r\n\r\n    <\/section>\r\n<\/div>\r\n\n\n\r\n<div id=\"page-contact-listblock_8baf851e7b62361fc6b794fb053e6d24\" class=\"page-contact-list\" style=\"\">\r\n\r\n    <section>\r\n\r\n        <div class=\"headline\">\r\n            <h2 class=\"headlines-background-color headline-list-color\">SEDI<\/h2>\r\n        <\/div>\r\n\r\n        <div class=\"bg-image\">\r\n            <img decoding=\"async\" class=\"parallax-7\" src=\"https:\/\/haertha.de\/wp-content\/uploads\/2023\/03\/Haertha_Standortuebersicht.jpg\" alt=\"Stark befahrene, sich kreuzende Stra\u00dfe als Symbol f\u00fcr unsere internationalen und gut vernetzten Standorte\">\r\n        <\/div>\r\n\r\n        <div class=\"tab-panel-cont\">\r\n\r\n            <ul class=\"tabs\">\r\n                                    <li rel=\"tabs-0\" class=\"tabs-0 active\">\r\n                    <span class=\"d-none d-sm-block\">Germania<\/span>\r\n                    <span class=\"d-block d-sm-none\"><\/span>\r\n                    <\/li>\r\n\r\n                                                        <li rel=\"tabs-1\" class=\"tabs-1\">\r\n                    <span class=\"d-none d-sm-block\">Italia<\/span>\r\n                    <span class=\"d-block d-sm-none\"><\/span>\r\n                    <\/li>\r\n\r\n                                                        <li rel=\"tabs-2\" class=\"tabs-2\">\r\n                    <span class=\"d-none d-sm-block\">Olanda<\/span>\r\n                    <span class=\"d-block d-sm-none\"><\/span>\r\n                    <\/li>\r\n\r\n                                                <\/ul>\r\n\r\n            <h2>CONTATTI<\/h2><div class=\"tab-panel  active\"id=\"tabs-0\"><div class=\"flex-wrapper\"><div class=\"tab-content accordion-contianer\"><div class=\"flex-wrapper-content\"><div class=\"panel-flex\"><span class=\"gmbh\">H\u00c4RTHA &#8211; ALDENHOVEN GmbH<\/span><span class=\"titel\">Centrale gruppo Aldenhoven<\/span><a class=\"email\" href=\"mailto:&#97;&#108;de%6e&#104;&#111;%76e&#110;&#64;%68%61er%74h%61%2e&#100;%65\"><span class=\"a-mail\">aldenhoven@haertha.de<\/span><\/a><a class=\"phone\" href=\"tel:+49 2464 58060\"><span>+49 2464 58060<\/span><\/a><\/div><\/div><\/div><div class=\"tab-content accordion-contianer\"><div class=\"flex-wrapper-content\"><div class=\"panel-flex\"><span class=\"gmbh\">H\u00c4RTHA \u2013 WEISSENBURG GmbH<\/span><span class=\"titel\">Centrale gruppo Cadolzburg<\/span><a class=\"email\" href=\"mailto:%77&#101;%69%73s&#101;n%62%75%72&#103;&#64;%68&#97;&#101;r%74&#104;%61&#46;%64&#101;\"><span class=\"a-mail\">weissenburg@haertha.de<\/span><\/a><a class=\"phone\" href=\"tel:+49 9141 85890\"><span>+49 9141 85890<\/span><\/a><\/div><\/div><\/div><div class=\"tab-content accordion-contianer\"><div class=\"flex-wrapper-content\"><div class=\"panel-flex\"><span class=\"gmbh\">H\u00e4rterei Aribert Conrad GmbH<\/span><span class=\"titel\">Centrale gruppo Iserlohn<\/span><a class=\"email\" href=\"mailto:in%66&#111;%40%68&#97;%65%72&#116;e%72%65i%2dc%6fn%72a%64.de\"><span class=\"a-mail\">info@haerterei-conrad.de<\/span><\/a><a class=\"phone\" href=\"tel:+49 2371 97800\"><span>+49 2371 97800<\/span><\/a><\/div><\/div><\/div><div class=\"tab-content accordion-contianer\"><div class=\"flex-wrapper-content\"><div class=\"panel-flex\"><span class=\"gmbh\">FORTE W\u00e4rmebehandlung GmbH<\/span><span class=\"titel\">Centrale gruppo Stollberg<\/span><a class=\"email\" href=\"mailto:%70o&#115;%74&#64;&#102;%6frt%65&#45;g&#109;%62%68.&#100;%65\"><span class=\"a-mail\">post@forte-gmbh.de<\/span><\/a><a class=\"phone\" href=\"tel:+49 37296 92680\"><span>+49 37296 92680<\/span><\/a><\/div><\/div><\/div><div class=\"tab-content accordion-contianer\"><div class=\"flex-wrapper-content\"><div class=\"panel-flex\"><span class=\"gmbh\">H\u00c4NDLE H\u00e4rterei GmbH<\/span><span class=\"titel\">Centrale gruppo T\u00fcbingen<\/span><a class=\"email\" href=\"mailto:t%75&#101;&#98;%69%6egen&#64;&#104;%61ert%68%61%2e%64e\"><span class=\"a-mail\">tuebingen@haertha.de<\/span><\/a><a class=\"phone\" href=\"tel:+49 7071 97020\"><span>+49 7071 97020<\/span><\/a><\/div><\/div><\/div><div class=\"tab-content accordion-contianer\"><div class=\"flex-wrapper-content\"><div class=\"panel-flex\"><span class=\"gmbh\">H\u00c4RTHA \u2013 WEISSENBURG GmbH<\/span><span class=\"titel\">Centrale gruppo Weissenburg<\/span><a class=\"email\" href=\"mailto:weis%73&#101;%6e%62%75%72%67&#64;%68%61%65r&#116;%68%61&#46;%64%65\"><span class=\"a-mail\">weissenburg@haertha.de<\/span><\/a><a class=\"phone\" href=\"tel:+49 9141 85890\"><span>+49 9141 85890<\/span><\/a><\/div><\/div><\/div><\/div><\/div>            \r\n            <div class=\"tab-panel\"id=\"tabs-1\"><div class=\"flex-wrapper\"><div class=\"tab-content accordion-contianer\"><div class=\"flex-wrapper-content\"><div class=\"panel-flex\"><span class=\"gmbh\">VACUUM S.P.A.<\/span><span class=\"titel\">Centrale gruppo Milano<\/span><a class=\"email\" href=\"mailto:&#105;%6e%66%6f&#64;%76%61c&#117;&#117;%6d&#46;i&#116;\"><span class=\"a-mail\">info@vacuum.it<\/span><\/a><a class=\"phone\" href=\"tel:+39 02 9443451\"><span>+39 02 9443451<\/span><\/a><\/div><\/div><\/div><div class=\"tab-content accordion-contianer\"><div class=\"flex-wrapper-content\"><div class=\"panel-flex\"><span class=\"gmbh\">HAERTHA &#8211; VERDELLO S.R.L.<\/span><span class=\"titel\">Verdello Sede Legale<\/span><a class=\"email\" href=\"mailto:&#118;&#101;r&#100;%65l%6co&#64;&#104;&#97;e&#114;t%68&#97;%2e%64&#101;\"><span class=\"a-mail\">verdello@haertha.de<\/span><\/a><a class=\"phone\" href=\"tel:+39 035 4829789\"><span>+39 035 4829789<\/span><\/a><\/div><\/div><\/div><div class=\"tab-content accordion-contianer\"><div class=\"flex-wrapper-content\"><div class=\"panel-flex\"><span class=\"gmbh\">HAERTHA COATING S.R.L.<\/span><span class=\"titel\">Centrale gruppo Verona Coating<\/span><a class=\"email\" href=\"mailto:&#99;%6f&#97;&#116;&#105;%6e%67-%76ero%6e%61&#64;&#104;%61%65r&#116;&#104;&#97;.&#100;&#101;\"><span class=\"a-mail\">coating-verona@haertha.de<\/span><\/a><a class=\"phone\" href=\"tel:+39 045 6117638\"><span>+39 045 6117638<\/span><\/a><\/div><\/div><\/div><div class=\"tab-content accordion-contianer\"><div class=\"flex-wrapper-content\"><div class=\"panel-flex\"><span class=\"gmbh\">HAERTHA &#8211; VERDELLO S.R.L.<\/span><span class=\"titel\">Unit\u00e0 locale Verona<\/span><a class=\"email\" href=\"mailto:%76er%6fn&#97;&#64;&#104;&#97;e&#114;t%68a.d&#101;\"><span class=\"a-mail\">verona@haertha.de<\/span><\/a><a class=\"phone\" href=\"tel:+39 045 8923093\"><span>+39 045 8923093<\/span><\/a><\/div><\/div><\/div><\/div><\/div>            \r\n            <div class=\"tab-panel\"id=\"tabs-2\"><div class=\"flex-wrapper\"><div class=\"tab-content accordion-contianer\"><div class=\"flex-wrapper-content\"><div class=\"panel-flex\"><span class=\"gmbh\">SABO BOXTEL BV<\/span><span class=\"titel\">Centrale gruppo Boxtel<\/span><a class=\"email\" href=\"mailto:&#105;n&#102;o%40s%61b%6f%62oxte&#108;.nl\"><span class=\"a-mail\">info@saboboxtel.nl<\/span><\/a><a class=\"phone\" href=\"tel:+31 411 673031\"><span>+31 411 673031<\/span><\/a><\/div><\/div><\/div><\/div><\/div>            \r\n            \r\n        <\/div>\r\n\r\n    <\/section>\r\n<\/div>\r\n\r\n\r\n\r\n\r\n\n\n\r\n<div class=\"contact-form-general container-full\" id=\"contact-form-general-block_10a59dc5a0ca682aecabaa1fe26f9630\" style=\"background-color: var(--wp--preset--color--area); position: relative; z-index: 999;\">\r\n    <div class=\"container\" style=\"max-width: 1600px;\">\r\n    <div class=\"row\">\r\n        <div class=\"col-12 col-md-3\">\r\n            <div class=\"wrapper-contact-form\">\r\n                <span class=\"icon-decor-out-right\"><\/span>\r\n                <div class=\"headline\">\r\n                    <h2 class=\" translation-block\">Il vostro<br> messaggio<\/h2>\r\n                <\/div>\r\n                <div class=\"body-contact-form\">\r\n                    <div class=\"content-contact-form\">\r\n                                            <\/div>\r\n                    <div class=\"headline\">\r\n                                            <\/div>\r\n                    <ul>\r\n                        <li><a class=\"mail\" href=\"mailto:\"><\/a><\/li>\r\n                        <li><a href=\"tel:\"><\/a><\/li>\r\n                    <\/ul>\r\n                <\/div>\r\n            <\/div>\r\n        <\/div>\r\n        <div class=\"col-12 offset-md-1 col-md-5\">\r\n            <div class=\"wrapper-contact-formular\">\r\n                    \r\n\r\n\r\n\r\n\r\n\r\n \r\n<script charset=\"utf-8\" type=\"text\/javascript\" src=\"\/\/js-eu1.hsforms.net\/forms\/embed\/v2.js\"><\/script>\r\n<script>\r\n  hbspt.forms.create({\r\n    portalId: \"27037506\",\r\n    formId: \"2b3ba8c1-8789-4de1-bf03-417c8ef16f13\"\r\n  });\r\n<\/script>\r\n            <\/div>\r\n        <\/div>\r\n    <\/div>\r\n    <\/div>\r\n<\/div>","protected":false},"excerpt":{"rendered":"","protected":false},"author":9,"featured_media":0,"parent":0,"menu_order":0,"comment_status":"closed","ping_status":"closed","template":"","meta":{"_acf_changed":false,"footnotes":""},"class_list":["post-3000","page","type-page","status-publish","hentry"],"acf":[],"yoast_head":"<!-- This site is optimized with the Yoast SEO plugin v26.0 - https:\/\/yoast.com\/wordpress\/plugins\/seo\/ -->\n<title>Kontakt | H\u00c4RTHA GROUP<\/title>\n<meta name=\"description\" content=\"Wir sind f\u00fcr jede Ihrer Fragen da. Vor Ort. \u2713 Deutschland \u2713 Italien \u2713 Niederlande.\" \/>\n<meta name=\"robots\" content=\"index, follow, max-snippet:-1, max-image-preview:large, max-video-preview:-1\" \/>\n<link rel=\"canonical\" href=\"https:\/\/haertha.de\/it\/contatto\/\" \/>\n<meta property=\"og:locale\" content=\"it_IT\" \/>\n<meta property=\"og:type\" content=\"article\" \/>\n<meta property=\"og:title\" content=\"Kontakt | H\u00c4RTHA GROUP\" \/>\n<meta property=\"og:description\" content=\"Wir sind f\u00fcr jede Ihrer Fragen da. Vor Ort. \u2713 Deutschland \u2713 Italien \u2713 Niederlande.\" \/>\n<meta property=\"og:url\" content=\"https:\/\/haertha.de\/it\/contatto\/\" \/>\n<meta property=\"og:site_name\" content=\"H\u00c4RTHA GROUP\" \/>\n<meta property=\"article:modified_time\" content=\"2025-04-02T11:45:08+00:00\" \/>\n<meta name=\"twitter:card\" content=\"summary_large_image\" \/>\n<script type=\"application\/ld+json\" class=\"yoast-schema-graph\">{\"@context\":\"https:\/\/schema.org\",\"@graph\":[{\"@type\":\"WebPage\",\"@id\":\"https:\/\/haertha.de\/nl\/contact\/\",\"url\":\"https:\/\/haertha.de\/nl\/contact\/\",\"name\":\"Kontakt | H\u00c4RTHA GROUP\",\"isPartOf\":{\"@id\":\"https:\/\/haertha.de\/it\/#website\"},\"datePublished\":\"2023-03-17T10:25:19+00:00\",\"dateModified\":\"2025-04-02T11:45:08+00:00\",\"description\":\"Wir sind f\u00fcr jede Ihrer Fragen da. Vor Ort. \u2713 Deutschland \u2713 Italien \u2713 Niederlande.\",\"breadcrumb\":{\"@id\":\"https:\/\/haertha.de\/nl\/contact\/#breadcrumb\"},\"inLanguage\":\"it-IT\",\"potentialAction\":[{\"@type\":\"ReadAction\",\"target\":[\"https:\/\/haertha.de\/nl\/contact\/\"]}]},{\"@type\":\"BreadcrumbList\",\"@id\":\"https:\/\/haertha.de\/nl\/contact\/#breadcrumb\",\"itemListElement\":[{\"@type\":\"ListItem\",\"position\":1,\"name\":\"Startseite\",\"item\":\"https:\/\/haertha.de\/it\/\"},{\"@type\":\"ListItem\",\"position\":2,\"name\":\"KONTAKT\"}]},{\"@type\":\"WebSite\",\"@id\":\"https:\/\/haertha.de\/it\/#website\",\"url\":\"https:\/\/haertha.de\/it\/\",\"name\":\"H\u00c4RTHA GROUP\",\"description\":\"Hardening Industries H\u00e4rterei H\u00c4RTHA GROUP.\",\"potentialAction\":[{\"@type\":\"SearchAction\",\"target\":{\"@type\":\"EntryPoint\",\"urlTemplate\":\"https:\/\/haertha.de\/it\/?s={search_term_string}\"},\"query-input\":{\"@type\":\"PropertyValueSpecification\",\"valueRequired\":true,\"valueName\":\"search_term_string\"}}],\"inLanguage\":\"it-IT\"}]}<\/script>\n<!-- \/ Yoast SEO plugin. -->","yoast_head_json":{"title":"Contatto | H\u00c4RTHA GROUP","description":"Siamo a disposizione per rispondere a qualunque vostra domanda. Sul posto. \u2713 Germania \u2713 Italia \u2713 Paesi Bassi.","robots":{"index":"index","follow":"follow","max-snippet":"max-snippet:-1","max-image-preview":"max-image-preview:large","max-video-preview":"max-video-preview:-1"},"canonical":"https:\/\/haertha.de\/it\/contatto\/","og_locale":"it_IT","og_type":"article","og_title":"Kontakt | H\u00c4RTHA GROUP","og_description":"Wir sind f\u00fcr jede Ihrer Fragen da. Vor Ort. \u2713 Deutschland \u2713 Italien \u2713 Niederlande.","og_url":"https:\/\/haertha.de\/it\/contatto\/","og_site_name":"H\u00c4RTHA GROUP","article_modified_time":"2025-04-02T11:45:08+00:00","twitter_card":"summary_large_image","schema":{"@context":"https:\/\/schema.org","@graph":[{"@type":"WebPage","@id":"https:\/\/haertha.de\/nl\/contact\/","url":"https:\/\/haertha.de\/nl\/contact\/","name":"Contatto | H\u00c4RTHA GROUP","isPartOf":{"@id":"https:\/\/haertha.de\/it\/#website"},"datePublished":"2023-03-17T10:25:19+00:00","dateModified":"2025-04-02T11:45:08+00:00","description":"Siamo a disposizione per rispondere a qualunque vostra domanda. Sul posto. \u2713 Germania \u2713 Italia \u2713 Paesi Bassi.","breadcrumb":{"@id":"https:\/\/haertha.de\/nl\/contact\/#breadcrumb"},"inLanguage":"it-IT","potentialAction":[{"@type":"ReadAction","target":["https:\/\/haertha.de\/nl\/contact\/"]}]},{"@type":"BreadcrumbList","@id":"https:\/\/haertha.de\/nl\/contact\/#breadcrumb","itemListElement":[{"@type":"ListItem","position":1,"name":"Startseite","item":"https:\/\/haertha.de\/it\/"},{"@type":"ListItem","position":2,"name":"KONTAKT"}]},{"@type":"WebSite","@id":"https:\/\/haertha.de\/it\/#website","url":"https:\/\/haertha.de\/it\/","name":"H\u00c4RTHA GROUP","description":"Hardening Industries H\u00e4rterei H\u00c4RTHA GROUP.","potentialAction":[{"@type":"SearchAction","target":{"@type":"EntryPoint","urlTemplate":"https:\/\/haertha.de\/it\/?s={search_term_string}"},"query-input":{"@type":"PropertyValueSpecification","valueRequired":true,"valueName":"search_term_string"}}],"inLanguage":"it-IT"}]}},"_links":{"self":[{"href":"https:\/\/haertha.de\/it\/wp-json\/wp\/v2\/pages\/3000","targetHints":{"allow":["GET"]}}],"collection":[{"href":"https:\/\/haertha.de\/it\/wp-json\/wp\/v2\/pages"}],"about":[{"href":"https:\/\/haertha.de\/it\/wp-json\/wp\/v2\/types\/page"}],"author":[{"embeddable":true,"href":"https:\/\/haertha.de\/it\/wp-json\/wp\/v2\/users\/9"}],"replies":[{"embeddable":true,"href":"https:\/\/haertha.de\/it\/wp-json\/wp\/v2\/comments?post=3000"}],"version-history":[{"count":28,"href":"https:\/\/haertha.de\/it\/wp-json\/wp\/v2\/pages\/3000\/revisions"}],"predecessor-version":[{"id":12753,"href":"https:\/\/haertha.de\/it\/wp-json\/wp\/v2\/pages\/3000\/revisions\/12753"}],"wp:attachment":[{"href":"https:\/\/haertha.de\/it\/wp-json\/wp\/v2\/media?parent=3000"}],"curies":[{"name":"wp","href":"https:\/\/api.w.org\/{rel}","templated":true}]}}