{"id":299,"date":"2023-01-25T12:08:35","date_gmt":"2023-01-25T11:08:35","guid":{"rendered":"http:\/\/haertha.dev.neuekommunikation.de\/wordpress\/?page_id=299"},"modified":"2023-09-15T13:07:18","modified_gmt":"2023-09-15T11:07:18","slug":"chi-siamo","status":"publish","type":"page","link":"https:\/\/haertha.de\/it\/azienda\/chi-siamo\/","title":{"rendered":"CHI SIAMO"},"content":{"rendered":"<section id=\"popup-page-hero-slider-pictures-video-block_d569d294f47eefa0d6b6b9019aa74346\" class=\"popup popup-video\"><div class=\"popup__content\"><div class=\"close\"><span><\/span><span><\/span><\/div><div class=\"embed-container\"><iframe loading=\"lazy\" title=\"HA\u0308RTHA_Imagefilm_IT\" src=\"https:\/\/player.vimeo.com\/video\/814521699?h=afc7a742b2&amp;dnt=1&amp;app_id=122963&#038;muted=0&#038;controls=1&#038;hd=1&#038;loop=1&#038;autohide=1&#038;autoplay=0&#038;dnt=1\" width=\"640\" height=\"300\" frameborder=\"0\" allow=\"autoplay; fullscreen; picture-in-picture; clipboard-write; encrypted-media; web-share\" referrerpolicy=\"strict-origin-when-cross-origin\" class=\"video-play\"><\/iframe><\/div><\/div><\/section>\r\n<section id=\"page-hero-slider-pictures-video-block_d569d294f47eefa0d6b6b9019aa74346\" class=\"page-hero-slider-pictures-video\">\r\n\r\n    <div class=\"wrapper video-wrapper\">\r\n\r\n        <!-- Image BG -->\r\n                \r\n        <!-- Video BG -->\r\n                    <div class=\"video-loop\">\r\n                <iframe loading=\"lazy\" title=\"LOOP_Imagefilm2\" src=\"https:\/\/player.vimeo.com\/video\/815305189?h=44878d05be&amp;dnt=1&amp;app_id=122963&#038;controls=0&#038;hd=1&#038;loop=1&#038;autohide=0&#038;autoplay=1&#038;muted=1&#038;dnt=1\" width=\"640\" height=\"300\" frameborder=\"0\" allow=\"autoplay; fullscreen; picture-in-picture; clipboard-write; encrypted-media; web-share\" referrerpolicy=\"strict-origin-when-cross-origin\"><\/iframe>                <!--Video-->\r\n                <div class=\"video-button popup-button\" data-number=\"page-hero-slider-pictures-video-block_d569d294f47eefa0d6b6b9019aa74346\"><a href=\"javascript:void(0);\" class=\"popup-button btn-video btn-cta\" data-number=\"page-hero-slider-pictures-video-block_d569d294f47eefa0d6b6b9019aa74346\"><div class=\"btn-open-video\"><span class=\"btn-decor-left\"><\/span><span class=\"text\"> Mostra film<\/span><span class=\"btn-decor-right\"><\/span><\/div><\/a><\/div>            <\/div>\r\n        \r\n        <div class=\"headline-wrapper\">\r\n            <div class=\"hadline-body\">\r\n                <!-- Headline Page -->\r\n                                    <div class=\"headline-page parallax-16\">\r\n                    <h1>CHI SIAMO<\/h1>                    <\/div>\r\n                \r\n                <!-- Headline Modul -->\r\n                                                        <div class=\"headline parallax-16\">\r\n                        <h2>LA NOSTRA ASPIRAZIONE<\/h2>\r\n                    <\/div>\r\n                                                <\/div>\r\n        <\/div>\r\n\r\n    <\/div>\r\n\r\n    <!-- text -->\r\n            <div class=\"wrapper-text parallax-15\">\r\n            <div class=\"text\">\r\n                <h3><span style=\"color: #6ab651;\">Migliorare ci\u00f2 che conta.<\/span><\/h3>\n<p>&nbsp;<\/p>\n<p>Facciamo in modo che i componenti dei nostri clienti siano sempre all'altezza delle sfide, anche nelle situazioni pi\u00f9 critiche. Vi assicuriamo quel pizzico di durata, resistenza e prestazioni in pi\u00f9.<\/p>\n<p>&nbsp;<\/p>\n<p>Siamo uno dei fornitori leader in Europa di processi di trattamento termico e soluzioni per rivestimenti. Eseguiamo finiture dei componenti, affinch\u00e9 tutto funzioni senza criticit\u00e0 e in maniera affidabile, anche nelle situazioni e nei campi d\u2019impiego pi\u00f9 impegnativi.<\/p>\n            <\/div>\r\n        <\/div>\r\n    \r\n<\/section>\r\n\r\n\r\n\r\n\r\n\r\n\n\n\r\n<div id=\"page-image-text-imageblock_a197de171f45d540108b64f123549a21\" class=\"page-image-text-image\" style=\"\">\r\n\r\n    <section class=\"is-style-style_01\">\r\n        <div class=\"wrapper-grid\">\r\n            <div class=\"wrapper-image-left\">\r\n                                    <img decoding=\"async\" class=\"parallax-55\" src=\"https:\/\/haertha.de\/wp-content\/uploads\/2023\/03\/Service_technische_Beratung-aspect-ratio-806-561.png\" alt=\"\" \/>\r\n                            <\/div>\r\n            <div class=\"wrapper-content-center parallax-5\">\r\n                <div class=\"wrapper-content\">\r\n                                            <div class=\"headline\">\r\n                            <h2 class=\"head\">I NOSTRI CLIENTI<\/h2>\r\n                        <\/div>\r\n                                        <div class=\"body-content texteditor\">\r\n\r\n                        <!--Icon Box-->\r\n                                                <div class=\"acf-innerblocks-container\"><\/div>                        <!-- .\/ Icon Box-->\r\n\r\n                        <p>L\u2019attenzione al cliente \u00e8 la massima priorit\u00e0 dei nostri collaboratori. \u00c8 per questo che i nostri clienti apprezzano tanto la nostra consulenza competente. Assieme scegliamo il processo che meglio soddisfa le vostre esigenze. Da noi processi di tempra e rivestimento su misura e un servizio personalizzato sono parte integrante di ogni progetto.<\/p>\n\r\n                        \r\n                    <\/div>\r\n                <\/div>\r\n            <\/div>\r\n            <div class=\"wrapper-image-right\">\r\n                                    <img decoding=\"async\" class=\"parallax-55\" src=\"https:\/\/haertha.de\/wp-content\/uploads\/2023\/03\/Uber_Uns_Unsere_Kunden_temp-fix-aspect-ratio-806-561-2.png\" alt=\"\" \/>\r\n                            <\/div>\r\n        <\/div>\r\n    <\/section>\r\n\r\n<\/div>\n\n\r\n<div id=\"page-image-text-block_43d8b1170f063b5501f867ac11740c8c\" class=\"page-image-text\"  style=\"\">\r\n    <section class=\"has-align-text-left is-style-style_01\">\r\n        \r\n        <div class=\"wrapper-grid div-height-pagepage-image-text-block_43d8b1170f063b5501f867ac11740c8c\">\r\n            <div class=\"wrapper-image\">\r\n                <div class=\"image\">\r\n                                            <img decoding=\"async\" class=\"parallax-7\" src=\"https:\/\/haertha.de\/wp-content\/uploads\/2023\/03\/Uber_uns_unsere_Verfahren-aspect-ratio-933-658.png\" alt=\"\" \/>\r\n                    \r\n                    <!-- Video Popup -->\r\n                    \r\n                    <!-- Image Popup -->\r\n                    \r\n                <\/div>\r\n            <\/div>\r\n\r\n            <div class=\"wrapper-content parallax-5\">\r\n\r\n                                    <div class=\"headline\">\r\n                        <h2 class=\"head\">I NOSTRI PROCESSI<\/h2>\r\n                    <\/div>\r\n                \r\n                <div class=\"body-content texteditor text-height-page height-pagepage-image-text-block_43d8b1170f063b5501f867ac11740c8c\" data-height-page-div=\"page-image-text-block_43d8b1170f063b5501f867ac11740c8c\">\r\n\r\n                    <!--Icon Box-->\r\n                                        <div class=\"acf-innerblocks-container\"><\/div>                    <!-- .\/ Icon Box-->\r\n                    <div class=\"texteditor\">\r\n                        <h3><span style=\"color: #6ab651;\">Tecnologie sempre all'avanguardia.<\/span><\/h3>\n<p>Da noi lo stato dell'arte \u00e8 una condizione permanente. Perfezioniamo processi sofisticatissimi grazie alla nostra profonda conoscenza degli stessi. Dalla nitrurazione al plasma, la tempra sottovuoto, la cementazione a bassa pressione e la tempra a induzione fino ai rivestimenti pi\u00f9 impegnativi. Naturalmente con qualit\u00e0 al top, riproducibili in modo affidabile.<\/p>\n\r\n                        <!--Icons Unten-->\r\n                        \r\n                        <!-- Button -->\r\n                        <div class=\"wrapper-button\">\r\n                            \r\n\r\n\r\n                        <\/div>\r\n                    <\/div>\r\n\r\n\r\n                <\/div>\r\n            <\/div>\r\n        <\/div>\r\n\r\n    <\/section>\r\n<\/div>\r\n\r\n\r\n\r\n\r\n\r\n\r\n\r\n\r\n\r\n\r\n\r\n\r\n\r\n\r\n\n\n<div id=\"page-textfeldblock_1b68df556c65b3371bf097e030c6649f\" class=\"page-textfeld\" style=\"margin-bottom:var(--wp--preset--spacing--50);\">\r\n\r\n    <section class=\"is-style-style_02\">\r\n        <div class=\"wrapper-grid\">\r\n            <div class=\"content-body\">\r\n                <div class=\"headline\">\r\n                    <h2>IL NOSTRO TEAM<\/h2>\r\n                <\/div>\r\n                <div class=\"texteditor\">\r\n                    <h3><span style=\"color: #6ab651;\">Vincolato alla corresponsabilit\u00e0.<\/span><\/h3>\n<p>Da noi tutti i collaboratori si considerano corresponsabili di una qualit\u00e0 senza compromessi. Si assumono la responsabilit\u00e0 del loro ambito e si mettono in gioco con il loro know-how e le loro idee. Da parte nostra, facciamo in modo che da noi trovino condizioni di lavoro ottimali e che possano disporre di una formazione e perfezionamenti di qualit\u00e0.<\/p>\n                <\/div>\r\n                            <\/div>\r\n        <\/div>\r\n\r\n    <\/section>\r\n\r\n<\/div>\r\n\r\n\n\n\r\n<div id=\"page-image-text-block_a66d1b716d61d52dd41712fa1d303d65\" class=\"page-image-text\"  style=\"\">\r\n    <section class=\"has-align-text-right is-style-style_01\">\r\n        \r\n        <div class=\"wrapper-grid div-height-pagepage-image-text-block_a66d1b716d61d52dd41712fa1d303d65\">\r\n            <div class=\"wrapper-image\">\r\n                <div class=\"image\">\r\n                                            <img decoding=\"async\" class=\"parallax-7\" src=\"https:\/\/haertha.de\/wp-content\/uploads\/2023\/03\/Unsere_Verantwortung-aspect-ratio-933-658.png\" alt=\"\" \/>\r\n                    \r\n                    <!-- Video Popup -->\r\n                    \r\n                    <!-- Image Popup -->\r\n                    \r\n                <\/div>\r\n            <\/div>\r\n\r\n            <div class=\"wrapper-content parallax-5\">\r\n\r\n                                    <div class=\"headline\">\r\n                        <h2 class=\"head\">LA NOSTRA RESPONSABILIT\u00c0<\/h2>\r\n                    <\/div>\r\n                \r\n                <div class=\"body-content texteditor text-height-page height-pagepage-image-text-block_a66d1b716d61d52dd41712fa1d303d65\" data-height-page-div=\"page-image-text-block_a66d1b716d61d52dd41712fa1d303d65\">\r\n\r\n                    <!--Icon Box-->\r\n                                        <div class=\"acf-innerblocks-container\"><\/div>                    <!-- .\/ Icon Box-->\r\n                    <div class=\"texteditor\">\r\n                        <h3><span style=\"color: #6ab651;\">Un futuro degno di essere vissuto.<\/span><\/h3>\n<p>La protezione dell\u2019ambiente \u00e8 la nostra attitudine. Puntiamo con grande convinzione a un futuro sostenibile. Abbiamo aderito all\u2019iniziativa internazionale SBTi e siamo sulla buona strada per rendere H\u00c4RTHA neutra in termini di emissioni di CO2. Inoltre cerchiamo sempre nuovi modi per ridurre l\u2019impatto climatico e ambientale della nostra azienda. Facciamo di tutto per lasciare in eredit\u00e0 ai nostri figli un pianeta vivibile.<\/p>\n<p>&nbsp;<\/p>\n<p><a href=\"https:\/\/haertha.de\/unternehmen\/verantwortung\/\"><a href=\"https:\/\/haertha.de\/it\/unternehmen\/verantwortung\/\">Maggiori informazioni sulla nostra Strategia di sostenibilit\u00e0.<\/a><\/a><\/p>\n\r\n                        <!--Icons Unten-->\r\n                        \r\n                        <!-- Button -->\r\n                        <div class=\"wrapper-button\">\r\n                            \r\n\r\n\r\n                        <\/div>\r\n                    <\/div>\r\n\r\n\r\n                <\/div>\r\n            <\/div>\r\n        <\/div>\r\n\r\n    <\/section>\r\n<\/div>","protected":false},"excerpt":{"rendered":"","protected":false},"author":9,"featured_media":0,"parent":2701,"menu_order":0,"comment_status":"closed","ping_status":"closed","template":"","meta":{"_acf_changed":false,"footnotes":""},"class_list":["post-299","page","type-page","status-publish","hentry"],"acf":[],"yoast_head":"<!-- This site is optimized with the Yoast SEO plugin v26.0 - https:\/\/yoast.com\/wordpress\/plugins\/seo\/ -->\n<title>\u00dcber uns | H\u00c4RTHA GROUP<\/title>\n<meta name=\"description\" content=\"Jeder Herausforderung gewachsen \u2713 Unser Antrieb \u2713 Unsere Kunden \u2713 Unsere Verfahren \u2713 Unser Team.\" \/>\n<meta name=\"robots\" content=\"index, follow, max-snippet:-1, max-image-preview:large, max-video-preview:-1\" \/>\n<link rel=\"canonical\" href=\"https:\/\/haertha.de\/it\/azienda\/chi-siamo\/\" \/>\n<meta property=\"og:locale\" content=\"it_IT\" \/>\n<meta property=\"og:type\" content=\"article\" \/>\n<meta property=\"og:title\" content=\"\u00dcber uns | H\u00c4RTHA GROUP\" \/>\n<meta property=\"og:description\" content=\"Jeder Herausforderung gewachsen \u2713 Unser Antrieb \u2713 Unsere Kunden \u2713 Unsere Verfahren \u2713 Unser Team.\" \/>\n<meta property=\"og:url\" content=\"https:\/\/haertha.de\/it\/azienda\/chi-siamo\/\" \/>\n<meta property=\"og:site_name\" content=\"H\u00c4RTHA GROUP\" \/>\n<meta property=\"article:modified_time\" content=\"2023-09-15T11:07:18+00:00\" \/>\n<meta name=\"twitter:card\" content=\"summary_large_image\" \/>\n<script type=\"application\/ld+json\" class=\"yoast-schema-graph\">{\"@context\":\"https:\/\/schema.org\",\"@graph\":[{\"@type\":\"WebPage\",\"@id\":\"https:\/\/haertha.de\/unternehmen\/uber-uns\/\",\"url\":\"https:\/\/haertha.de\/unternehmen\/uber-uns\/\",\"name\":\"\u00dcber uns | H\u00c4RTHA GROUP\",\"isPartOf\":{\"@id\":\"https:\/\/haertha.de\/it\/#website\"},\"datePublished\":\"2023-01-25T11:08:35+00:00\",\"dateModified\":\"2023-09-15T11:07:18+00:00\",\"description\":\"Jeder Herausforderung gewachsen \u2713 Unser Antrieb \u2713 Unsere Kunden \u2713 Unsere Verfahren \u2713 Unser Team.\",\"breadcrumb\":{\"@id\":\"https:\/\/haertha.de\/unternehmen\/uber-uns\/#breadcrumb\"},\"inLanguage\":\"it-IT\",\"potentialAction\":[{\"@type\":\"ReadAction\",\"target\":[\"https:\/\/haertha.de\/unternehmen\/uber-uns\/\"]}]},{\"@type\":\"BreadcrumbList\",\"@id\":\"https:\/\/haertha.de\/unternehmen\/uber-uns\/#breadcrumb\",\"itemListElement\":[{\"@type\":\"ListItem\",\"position\":1,\"name\":\"Startseite\",\"item\":\"https:\/\/haertha.de\/it\/\"},{\"@type\":\"ListItem\",\"position\":2,\"name\":\"UNTERNEHMEN\",\"item\":\"https:\/\/haertha.de\/it\/azienda\/\"},{\"@type\":\"ListItem\",\"position\":3,\"name\":\"\u00dcBER UNS\"}]},{\"@type\":\"WebSite\",\"@id\":\"https:\/\/haertha.de\/it\/#website\",\"url\":\"https:\/\/haertha.de\/it\/\",\"name\":\"H\u00c4RTHA GROUP\",\"description\":\"Hardening Industries H\u00e4rterei H\u00c4RTHA GROUP.\",\"potentialAction\":[{\"@type\":\"SearchAction\",\"target\":{\"@type\":\"EntryPoint\",\"urlTemplate\":\"https:\/\/haertha.de\/it\/?s={search_term_string}\"},\"query-input\":{\"@type\":\"PropertyValueSpecification\",\"valueRequired\":true,\"valueName\":\"search_term_string\"}}],\"inLanguage\":\"it-IT\"}]}<\/script>\n<!-- \/ Yoast SEO plugin. -->","yoast_head_json":{"title":"Chi siamo | H\u00c4RTHA GROUP","description":"Miglioriamo ci\u00f2 che conta \u2713 La nostra motivazione \u2713 I nostri clienti \u2713 I nostri processi \u2713 Il nostro team.","robots":{"index":"index","follow":"follow","max-snippet":"max-snippet:-1","max-image-preview":"max-image-preview:large","max-video-preview":"max-video-preview:-1"},"canonical":"https:\/\/haertha.de\/it\/azienda\/chi-siamo\/","og_locale":"it_IT","og_type":"article","og_title":"\u00dcber uns | H\u00c4RTHA GROUP","og_description":"Jeder Herausforderung gewachsen \u2713 Unser Antrieb \u2713 Unsere Kunden \u2713 Unsere Verfahren \u2713 Unser Team.","og_url":"https:\/\/haertha.de\/it\/azienda\/chi-siamo\/","og_site_name":"H\u00c4RTHA GROUP","article_modified_time":"2023-09-15T11:07:18+00:00","twitter_card":"summary_large_image","schema":{"@context":"https:\/\/schema.org","@graph":[{"@type":"WebPage","@id":"https:\/\/haertha.de\/unternehmen\/uber-uns\/","url":"https:\/\/haertha.de\/unternehmen\/uber-uns\/","name":"Chi siamo | H\u00c4RTHA GROUP","isPartOf":{"@id":"https:\/\/haertha.de\/it\/#website"},"datePublished":"2023-01-25T11:08:35+00:00","dateModified":"2023-09-15T11:07:18+00:00","description":"Miglioriamo ci\u00f2 che conta \u2713 La nostra motivazione \u2713 I nostri clienti \u2713 I nostri processi \u2713 Il nostro team.","breadcrumb":{"@id":"https:\/\/haertha.de\/unternehmen\/uber-uns\/#breadcrumb"},"inLanguage":"it-IT","potentialAction":[{"@type":"ReadAction","target":["https:\/\/haertha.de\/unternehmen\/uber-uns\/"]}]},{"@type":"BreadcrumbList","@id":"https:\/\/haertha.de\/unternehmen\/uber-uns\/#breadcrumb","itemListElement":[{"@type":"ListItem","position":1,"name":"Startseite","item":"https:\/\/haertha.de\/it\/"},{"@type":"ListItem","position":2,"name":"UNTERNEHMEN","item":"https:\/\/haertha.de\/it\/azienda\/"},{"@type":"ListItem","position":3,"name":"\u00dcBER UNS"}]},{"@type":"WebSite","@id":"https:\/\/haertha.de\/it\/#website","url":"https:\/\/haertha.de\/it\/","name":"H\u00c4RTHA GROUP","description":"Hardening Industries H\u00e4rterei H\u00c4RTHA GROUP.","potentialAction":[{"@type":"SearchAction","target":{"@type":"EntryPoint","urlTemplate":"https:\/\/haertha.de\/it\/?s={search_term_string}"},"query-input":{"@type":"PropertyValueSpecification","valueRequired":true,"valueName":"search_term_string"}}],"inLanguage":"it-IT"}]}},"_links":{"self":[{"href":"https:\/\/haertha.de\/it\/wp-json\/wp\/v2\/pages\/299","targetHints":{"allow":["GET"]}}],"collection":[{"href":"https:\/\/haertha.de\/it\/wp-json\/wp\/v2\/pages"}],"about":[{"href":"https:\/\/haertha.de\/it\/wp-json\/wp\/v2\/types\/page"}],"author":[{"embeddable":true,"href":"https:\/\/haertha.de\/it\/wp-json\/wp\/v2\/users\/9"}],"replies":[{"embeddable":true,"href":"https:\/\/haertha.de\/it\/wp-json\/wp\/v2\/comments?post=299"}],"version-history":[{"count":104,"href":"https:\/\/haertha.de\/it\/wp-json\/wp\/v2\/pages\/299\/revisions"}],"predecessor-version":[{"id":8118,"href":"https:\/\/haertha.de\/it\/wp-json\/wp\/v2\/pages\/299\/revisions\/8118"}],"up":[{"embeddable":true,"href":"https:\/\/haertha.de\/it\/wp-json\/wp\/v2\/pages\/2701"}],"wp:attachment":[{"href":"https:\/\/haertha.de\/it\/wp-json\/wp\/v2\/media?parent=299"}],"curies":[{"name":"wp","href":"https:\/\/api.w.org\/{rel}","templated":true}]}}