{"id":2989,"date":"2023-03-17T10:28:17","date_gmt":"2023-03-17T09:28:17","guid":{"rendered":"http:\/\/haertha.dev.neuekommunikation.de\/wordpress\/?page_id=2989"},"modified":"2024-03-19T21:06:03","modified_gmt":"2024-03-19T20:06:03","slug":"impressum","status":"publish","type":"page","link":"https:\/\/haertha.de\/it\/impressum\/","title":{"rendered":"IMPRESSUM"},"content":{"rendered":"<div style=\"height:100px\" aria-hidden=\"true\" class=\"wp-block-spacer\"><\/div>\n\n\n<div id=\"page-textfeldblock_3e23861f2b1b6fcf04159be598e07d2c\" class=\"page-textfeld\" style=\"margin-top:var(--wp--preset--spacing--60);margin-bottom:var(--wp--preset--spacing--60);\">\r\n\r\n    <section class=\"is-style-style_02\">\r\n        <div class=\"wrapper-grid\">\r\n            <div class=\"content-body\">\r\n                <div class=\"headline\">\r\n                    <h2>IMPRESSUM<\/h2>\r\n                <\/div>\r\n                <div class=\"texteditor\">\r\n                    <p><strong><span style=\"color: #6ab651;\">Indicazioni secondo il \u00a7 5 della Legge tedesca sui media telematici (TMG):<\/span><\/strong><\/p>\n<p>H\u00c4RTHA GROUP GmbH, Joseph-von-Fraunhofer-Stra\u00dfe 3a, 52477 Alsdorf, Germany I Vertreten durch: Sven Killmer, Timo R\u00f6skes<\/p>\n<p>&nbsp;<\/p>\n<p><strong><span style=\"color: #6ab651;\">Contatto:<\/span><\/strong><\/p>\n<p>Telefono: +49 2404 922230 I E-mail: info@haertha.de<\/p>\n<p>&nbsp;<\/p>\n<p><strong><span style=\"color: #6ab651;\">Iscrizione nel registro:<\/span><\/strong><\/p>\n<p>Iscrizione nel registro delle imprese: Tribunale del registro delle imprese di D\u00fcren I Numero di registro HRB 7855<\/p>\n<p>&nbsp;<\/p>\n<p><strong><span style=\"color: #6ab651;\">Partita IVA:<\/span><\/strong><\/p>\n<p>Numero identificativo IVA secondo il \u00a727a della Legge sull\u2019IVA tedesca: DE316994381<\/p>\n<p>&nbsp;<\/p>\n<p><strong><span style=\"color: #6ab651;\">Riferimenti alle fonti per le immagini e i video utilizzati:<\/span><\/strong><\/p>\n<p>Film und Fotoproduktion: WEITSICHT Filmproduktion &#8211; Markus Kauert<\/p>\n<p>&nbsp;<\/p>\n<p>&nbsp;<\/p>\n<h2>ESCLUSIONE DI RESPONSABILIT\u00c0 (Disclaimer)<\/h2>\n<p><strong><span style=\"color: #6ab651;\">Responsabilit\u00e0 per i contenuti<\/span><\/strong><\/p>\n<p>In quanto offerente del servizio, ai sensi del \u00a7 7 par. 1 della Legge sui media telematici (TMG) tedesca, siamo responsabili dei contenuti propri di questo sito in conformit\u00e0 alle leggi generali. Ai sensi dei \u00a7\u00a7 8 \u2013 10 della TMG, in quanto offerente dei servizi, non siamo tuttavia obbligati a controllare le informazioni esterne memorizzate o trasmesse da terzi o a effettuare ricerche sulle circostanze che ne indichino un\u2019attivit\u00e0 contraria alla legge, fatti salvi gli obblighi di rimozione o blocco dell\u2019uso delle informazioni conformi alle leggi generali. Una tale responsabilit\u00e0 pu\u00f2 sussistere solo dal momento in cui vi \u00e8 conoscenza di una violazione concreta del diritto. Qualora venissimo a conoscenza di violazioni del diritto provvederemo tempestivamente a rimuovere tali contenuti.<\/p>\n<p>&nbsp;<\/p>\n<p><strong><span style=\"color: #6ab651;\">Responsabilit\u00e0 per i link<\/span><\/strong><\/p>\n<p>Il nostro sito contiene link a siti web esterni di terzi, sul cui contenuto non abbiamo alcuna influenza. Per questo motivo non possiamo assumere la responsabilit\u00e0 di tali contenuti. Dei contenuti dei siti collegati mediante link \u00e8 sempre responsabile il relativo offerente o gestore. Eventuali violazioni del diritto dei siti collegati mediante link vengono verificate al momento della creazione del link. Al momento della creazione del link non erano riscontrabili contenuti che violassero il diritto vigente. Un controllo permanente dei contenuti dei siti collegati mediante link non \u00e8 ragionevole in mancanza di indicazioni concrete di una violazione del diritto. Qualora venissimo a conoscenza di violazioni del diritto provvederemo tempestivamente a rimuovere questi link.<\/p>\n<p>&nbsp;<\/p>\n<p><strong><span style=\"color: #6ab651;\">Diritto d\u2019autore<\/span><\/strong><\/p>\n<p>Contenuti e opere creati dal gestore del sito presenti in questo sito sono disciplinati dal diritto d\u2019autore tedesco. La riproduzione, modifica, diffusione e ogni tipo di utilizzo oltre i limiti del diritto d\u2019autore necessitano del consenso scritto del rispettivo autore o creatore. Download e copie dei contenuti di questo sito sono autorizzati solo per l\u2019uso privato, non per quello commerciale. Per i contenuti di questo sito non creati dal gestore vengono osservati i diritti d\u2019autore di terzi. In particolare i contenuti di terzi sono contrassegnati come tali. Se, nonostante ci\u00f2, dovesse accorgersi di una violazione del diritto d\u2019autore, la preghiamo di avvisarci. Qualora venissimo a conoscenza di violazioni del diritto d\u2019autore provvederemo tempestivamente a rimuovere tali contenuti.<\/p>\n<p>[borlabs-cookie type=&#8220;btn-cookie-preference&#8220; title=&#8220;Lorem ipsum&#8220;\/]<\/p>\n                <\/div>\r\n                            <\/div>\r\n        <\/div>\r\n\r\n    <\/section>\r\n\r\n<\/div>","protected":false},"excerpt":{"rendered":"","protected":false},"author":9,"featured_media":0,"parent":0,"menu_order":0,"comment_status":"closed","ping_status":"closed","template":"","meta":{"_acf_changed":false,"footnotes":""},"class_list":["post-2989","page","type-page","status-publish","hentry"],"acf":[],"yoast_head":"<!-- This site is optimized with the Yoast SEO plugin v26.0 - https:\/\/yoast.com\/wordpress\/plugins\/seo\/ -->\n<title>Impressum | H\u00c4RTHA GROUP<\/title>\n<meta name=\"description\" content=\"Impressum H\u00c4RTHA GROUP GmbH, Joseph-von-Fraunhofer-Stra\u00dfe 3a, 52477 Alsdorf, Germany I Vertreten durch: Sven Killmer, Timo R\u00f6skes.\" \/>\n<meta name=\"robots\" content=\"index, follow, max-snippet:-1, max-image-preview:large, max-video-preview:-1\" \/>\n<link rel=\"canonical\" href=\"https:\/\/haertha.de\/it\/impressum\/\" \/>\n<meta property=\"og:locale\" content=\"it_IT\" \/>\n<meta property=\"og:type\" content=\"article\" \/>\n<meta property=\"og:title\" content=\"Impressum | H\u00c4RTHA GROUP\" \/>\n<meta property=\"og:description\" content=\"Impressum H\u00c4RTHA GROUP GmbH, Joseph-von-Fraunhofer-Stra\u00dfe 3a, 52477 Alsdorf, Germany I Vertreten durch: Sven Killmer, Timo R\u00f6skes.\" \/>\n<meta property=\"og:url\" content=\"https:\/\/haertha.de\/it\/impressum\/\" \/>\n<meta property=\"og:site_name\" content=\"H\u00c4RTHA GROUP\" \/>\n<meta property=\"article:modified_time\" content=\"2024-03-19T20:06:03+00:00\" \/>\n<meta name=\"twitter:card\" content=\"summary_large_image\" \/>\n<script type=\"application\/ld+json\" class=\"yoast-schema-graph\">{\"@context\":\"https:\/\/schema.org\",\"@graph\":[{\"@type\":\"WebPage\",\"@id\":\"https:\/\/haertha.de\/impressum\/\",\"url\":\"https:\/\/haertha.de\/impressum\/\",\"name\":\"Impressum | H\u00c4RTHA GROUP\",\"isPartOf\":{\"@id\":\"https:\/\/haertha.de\/it\/#website\"},\"datePublished\":\"2023-03-17T09:28:17+00:00\",\"dateModified\":\"2024-03-19T20:06:03+00:00\",\"description\":\"Impressum H\u00c4RTHA GROUP GmbH, Joseph-von-Fraunhofer-Stra\u00dfe 3a, 52477 Alsdorf, Germany I Vertreten durch: Sven Killmer, Timo R\u00f6skes.\",\"breadcrumb\":{\"@id\":\"https:\/\/haertha.de\/impressum\/#breadcrumb\"},\"inLanguage\":\"it-IT\",\"potentialAction\":[{\"@type\":\"ReadAction\",\"target\":[\"https:\/\/haertha.de\/impressum\/\"]}]},{\"@type\":\"BreadcrumbList\",\"@id\":\"https:\/\/haertha.de\/impressum\/#breadcrumb\",\"itemListElement\":[{\"@type\":\"ListItem\",\"position\":1,\"name\":\"Startseite\",\"item\":\"https:\/\/haertha.de\/it\/\"},{\"@type\":\"ListItem\",\"position\":2,\"name\":\"IMPRESSUM\"}]},{\"@type\":\"WebSite\",\"@id\":\"https:\/\/haertha.de\/it\/#website\",\"url\":\"https:\/\/haertha.de\/it\/\",\"name\":\"H\u00c4RTHA GROUP\",\"description\":\"Hardening Industries H\u00e4rterei H\u00c4RTHA GROUP.\",\"potentialAction\":[{\"@type\":\"SearchAction\",\"target\":{\"@type\":\"EntryPoint\",\"urlTemplate\":\"https:\/\/haertha.de\/it\/?s={search_term_string}\"},\"query-input\":{\"@type\":\"PropertyValueSpecification\",\"valueRequired\":true,\"valueName\":\"search_term_string\"}}],\"inLanguage\":\"it-IT\"}]}<\/script>\n<!-- \/ Yoast SEO plugin. -->","yoast_head_json":{"title":"Condizioni commerciali generali di H\u00c4RTHA GROUP GmbH | H\u00c4RTHA GROUP","description":"Impressum H\u00c4RTHA GROUP GmbH, Joseph-von-Fraunhofer-Stra\u00dfe 3a, 52477 Alsdorf, Germany I Rappresentato da: Sven Killmer, Timo R\u00f6skes.","robots":{"index":"index","follow":"follow","max-snippet":"max-snippet:-1","max-image-preview":"max-image-preview:large","max-video-preview":"max-video-preview:-1"},"canonical":"https:\/\/haertha.de\/it\/impressum\/","og_locale":"it_IT","og_type":"article","og_title":"Impressum | H\u00c4RTHA GROUP","og_description":"Impressum H\u00c4RTHA GROUP GmbH, Joseph-von-Fraunhofer-Stra\u00dfe 3a, 52477 Alsdorf, Germany I Vertreten durch: Sven Killmer, Timo R\u00f6skes.","og_url":"https:\/\/haertha.de\/it\/impressum\/","og_site_name":"H\u00c4RTHA GROUP","article_modified_time":"2024-03-19T20:06:03+00:00","twitter_card":"summary_large_image","schema":{"@context":"https:\/\/schema.org","@graph":[{"@type":"WebPage","@id":"https:\/\/haertha.de\/impressum\/","url":"https:\/\/haertha.de\/impressum\/","name":"Condizioni commerciali generali di H\u00c4RTHA GROUP GmbH | H\u00c4RTHA GROUP","isPartOf":{"@id":"https:\/\/haertha.de\/it\/#website"},"datePublished":"2023-03-17T09:28:17+00:00","dateModified":"2024-03-19T20:06:03+00:00","description":"Impressum H\u00c4RTHA GROUP GmbH, Joseph-von-Fraunhofer-Stra\u00dfe 3a, 52477 Alsdorf, Germany I Rappresentato da: Sven Killmer, Timo R\u00f6skes.","breadcrumb":{"@id":"https:\/\/haertha.de\/impressum\/#breadcrumb"},"inLanguage":"it-IT","potentialAction":[{"@type":"ReadAction","target":["https:\/\/haertha.de\/impressum\/"]}]},{"@type":"BreadcrumbList","@id":"https:\/\/haertha.de\/impressum\/#breadcrumb","itemListElement":[{"@type":"ListItem","position":1,"name":"Startseite","item":"https:\/\/haertha.de\/it\/"},{"@type":"ListItem","position":2,"name":"IMPRESSUM"}]},{"@type":"WebSite","@id":"https:\/\/haertha.de\/it\/#website","url":"https:\/\/haertha.de\/it\/","name":"H\u00c4RTHA GROUP","description":"Hardening Industries H\u00e4rterei H\u00c4RTHA GROUP.","potentialAction":[{"@type":"SearchAction","target":{"@type":"EntryPoint","urlTemplate":"https:\/\/haertha.de\/it\/?s={search_term_string}"},"query-input":{"@type":"PropertyValueSpecification","valueRequired":true,"valueName":"search_term_string"}}],"inLanguage":"it-IT"}]}},"_links":{"self":[{"href":"https:\/\/haertha.de\/it\/wp-json\/wp\/v2\/pages\/2989","targetHints":{"allow":["GET"]}}],"collection":[{"href":"https:\/\/haertha.de\/it\/wp-json\/wp\/v2\/pages"}],"about":[{"href":"https:\/\/haertha.de\/it\/wp-json\/wp\/v2\/types\/page"}],"author":[{"embeddable":true,"href":"https:\/\/haertha.de\/it\/wp-json\/wp\/v2\/users\/9"}],"replies":[{"embeddable":true,"href":"https:\/\/haertha.de\/it\/wp-json\/wp\/v2\/comments?post=2989"}],"version-history":[{"count":28,"href":"https:\/\/haertha.de\/it\/wp-json\/wp\/v2\/pages\/2989\/revisions"}],"predecessor-version":[{"id":10962,"href":"https:\/\/haertha.de\/it\/wp-json\/wp\/v2\/pages\/2989\/revisions\/10962"}],"wp:attachment":[{"href":"https:\/\/haertha.de\/it\/wp-json\/wp\/v2\/media?parent=2989"}],"curies":[{"name":"wp","href":"https:\/\/api.w.org\/{rel}","templated":true}]}}