{"id":2751,"date":"2023-03-15T10:53:42","date_gmt":"2023-03-15T09:53:42","guid":{"rendered":"http:\/\/haertha.dev.neuekommunikation.de\/wordpress\/?page_id=2751"},"modified":"2024-05-13T16:42:05","modified_gmt":"2024-05-13T14:42:05","slug":"gestione-qualita","status":"publish","type":"page","link":"https:\/\/haertha.de\/it\/service\/gestione-qualita\/","title":{"rendered":"GESTIONE QUALIT\u00c0"},"content":{"rendered":"<section id=\"popup-page-hero-slider-pictures-video-block_ab563fa06a60e4fee7c9aaea97bdbe33\" class=\"popup popup-video\"><div class=\"popup__content\"><div class=\"close\"><span><\/span><span><\/span><\/div><div class=\"embed-container\"><iframe loading=\"lazy\" title=\"HA\u0308RTHA_Qualita\u0308t_IT\" src=\"https:\/\/player.vimeo.com\/video\/814520556?h=cb6052efc5&amp;dnt=1&amp;app_id=122963&#038;muted=0&#038;controls=1&#038;hd=1&#038;loop=1&#038;autohide=1&#038;autoplay=0&#038;dnt=1\" width=\"640\" height=\"300\" frameborder=\"0\" allow=\"autoplay; fullscreen; picture-in-picture; clipboard-write; encrypted-media; web-share\" referrerpolicy=\"strict-origin-when-cross-origin\" class=\"video-play\"><\/iframe><\/div><\/div><\/section>\r\n<section id=\"page-hero-slider-pictures-video-block_ab563fa06a60e4fee7c9aaea97bdbe33\" class=\"page-hero-slider-pictures-video\">\r\n\r\n    <div class=\"wrapper video-wrapper\">\r\n\r\n        <!-- Image BG -->\r\n                \r\n        <!-- Video BG -->\r\n                    <div class=\"video-loop\">\r\n                <iframe loading=\"lazy\" title=\"LOOP_Qualita\u0308t\" src=\"https:\/\/player.vimeo.com\/video\/815305278?h=fcc1a7f9cd&amp;dnt=1&amp;app_id=122963&#038;controls=0&#038;hd=1&#038;loop=1&#038;autohide=0&#038;autoplay=1&#038;muted=1&#038;dnt=1\" width=\"640\" height=\"300\" frameborder=\"0\" allow=\"autoplay; fullscreen; picture-in-picture; clipboard-write; encrypted-media; web-share\" referrerpolicy=\"strict-origin-when-cross-origin\"><\/iframe>                <!--Video-->\r\n                <div class=\"video-button popup-button\" data-number=\"page-hero-slider-pictures-video-block_ab563fa06a60e4fee7c9aaea97bdbe33\"><a href=\"javascript:void(0);\" class=\"popup-button btn-video btn-cta\" data-number=\"page-hero-slider-pictures-video-block_ab563fa06a60e4fee7c9aaea97bdbe33\"><div class=\"btn-open-video\"><span class=\"btn-decor-left\"><\/span><span class=\"text\"> Mostra film<\/span><span class=\"btn-decor-right\"><\/span><\/div><\/a><\/div>            <\/div>\r\n        \r\n        <div class=\"headline-wrapper\">\r\n            <div class=\"hadline-body\">\r\n                <!-- Headline Page -->\r\n                                    <div class=\"headline-page parallax-16\">\r\n                    <h1>GESTIONE QUALIT\u00c0<\/h1>                    <\/div>\r\n                \r\n                <!-- Headline Modul -->\r\n                                                        <div class=\"headline parallax-16\">\r\n                        <h2>CONCEPITA INTEGRALMENTE.<\/h2>\r\n                    <\/div>\r\n                                                <\/div>\r\n        <\/div>\r\n\r\n    <\/div>\r\n\r\n    <!-- text -->\r\n            <div class=\"wrapper-text parallax-15\">\r\n            <div class=\"text\">\r\n                <h3 class=\" translation-block\"><strong>Per noi la qualit\u00e0 \u00e8 un\u2019attitudine.\n<br>\nUn\u2019attitudine, che ognuno di noi in H\u00c4RTHA \u00e8 tenuto a vivere concretamente.<\/strong><\/h3>\n<p>&nbsp;<\/p>\n<p>Senza compromessi. Con l\u2019obbiettivo di ottenere il miglior risultato possibile. In tutti i settori. \nDa noi ogni collaboratore \u00e8 responsabile della qualit\u00e0. Per questo superiamo regolarmente anche i pi\u00f9 duri tra gli audit dei clienti dell\u2019industria aerospaziale. Perch\u00e9 soddisfiamo i rigorosissimi standard internazionali per la gestione della qualit\u00e0, dell'energia e ambientali.<\/p>\n            <\/div>\r\n        <\/div>\r\n    \r\n<\/section>\r\n\r\n\r\n\r\n\r\n\r\n\n\n\r\n<div id=\"page-image-text-block_dda00f1ca737774a27cef60ab5bac2b9\" class=\"page-image-text\"  style=\"margin-bottom:var(--wp--preset--spacing--70);\">\r\n    <section class=\"has-align-text-right is-style-style_01\">\r\n        \r\n        <div class=\"wrapper-grid div-height-pagepage-image-text-block_dda00f1ca737774a27cef60ab5bac2b9\">\r\n            <div class=\"wrapper-image\">\r\n                <div class=\"image\">\r\n                                            <img decoding=\"async\" class=\"parallax-7\" src=\"https:\/\/haertha.de\/wp-content\/uploads\/2023\/03\/Zertifikat_qualitaetsmanagement-aspect-ratio-933-658.png\" alt=\"\" \/>\r\n                    \r\n                    <!-- Video Popup -->\r\n                    \r\n                    <!-- Image Popup -->\r\n                    \r\n                <\/div>\r\n            <\/div>\r\n\r\n            <div class=\"wrapper-content parallax-5\">\r\n\r\n                                    <div class=\"headline\">\r\n                        <h2 class=\"head\">Parte integrante di ogni progetto.\r\n<\/h2>\r\n                    <\/div>\r\n                \r\n                <div class=\"body-content texteditor text-height-page height-pagepage-image-text-block_dda00f1ca737774a27cef60ab5bac2b9\" data-height-page-div=\"page-image-text-block_dda00f1ca737774a27cef60ab5bac2b9\">\r\n\r\n                    <!--Icon Box-->\r\n                                        <div class=\"acf-innerblocks-container\"><\/div>                    <!-- .\/ Icon Box-->\r\n                    <div class=\"texteditor\">\r\n                        <p>Dalla prima richiesta di informazioni, alla spedizione dei componenti finiti: da noi la qualit\u00e0 \u00e8 un lavoro di squadra. Lungo l\u2019intero processo, in H\u00c4RTHA tutti si impegnano al massimo per ottenere il risultato migliore. Questa attitudine inizia gi\u00e0 dalla consulenza e dalla selezione del processo di tempra pi\u00f9 adatto per la vostra applicazione.<\/p>\n<p>&nbsp;<\/p>\n<p>Nei nostri laboratori in linea con lo stato dell'arte impieghiamo tutti i comuni procedimenti di prova che, ovviamente, sono non distruttivi. Il nostro impegno per la qualit\u00e0, l\u2019ambiente, l\u2019energia e la sicurezza dei processi \u00e8 orientato al futuro e certificato, tra l\u2019altro da ISO 9001, EN 9100, ISO 14001, ISO 50001, IATF 16949, CQI-9, SBTi, CDP e Nadcap.<\/p>\n<p>&nbsp;<\/p>\n\r\n                        <!--Icons Unten-->\r\n                                                    <div class=\"icons-under\">\r\n                                <div class=\"flex-iconbox\">\r\n                                <span class=\"item-flex\">\r\n                    <span class=\"icon iso_9001\"><\/span>\r\n                    <div class=\"body-text\">\r\n                        <span class=\"text-icon text-center\">ISO 9001<\/span>\r\n                    <\/div>\r\n                <\/span>\r\n                                                    <span class=\"item-flex\">\r\n                    <span class=\"icon iso_9100\"><\/span>\r\n                    <div class=\"body-text\">\r\n                        <span class=\"text-icon text-center\">EN 9100<\/span>\r\n                    <\/div>\r\n                <\/span>\r\n                                                    <span class=\"item-flex\">\r\n                    <span class=\"icon iso_14001\"><\/span>\r\n                    <div class=\"body-text\">\r\n                        <span class=\"text-icon text-center\">ISO 14001<\/span>\r\n                    <\/div>\r\n                <\/span>\r\n                                                    <span class=\"item-flex\">\r\n                    <span class=\"icon iso_50001\"><\/span>\r\n                    <div class=\"body-text\">\r\n                        <span class=\"text-icon text-center\">ISO 50001<\/span>\r\n                    <\/div>\r\n                <\/span>\r\n                                                    <span class=\"item-flex\">\r\n                    <span class=\"icon iatf_16949\"><\/span>\r\n                    <div class=\"body-text\">\r\n                        <span class=\"text-icon text-center\">IATF 16949<\/span>\r\n                    <\/div>\r\n                <\/span>\r\n                                                    <span class=\"item-flex\">\r\n                    <span class=\"icon cgi_9\"><\/span>\r\n                    <div class=\"body-text\">\r\n                        <span class=\"text-icon text-center\">CQI-9<\/span>\r\n                    <\/div>\r\n                <\/span>\r\n                                                    <span class=\"item-flex\">\r\n                    <span class=\"icon sbti\"><\/span>\r\n                    <div class=\"body-text\">\r\n                        <span class=\"text-icon text-center\">SBTi<\/span>\r\n                    <\/div>\r\n                <\/span>\r\n                                                    <span class=\"item-flex\">\r\n                    <span class=\"icon cdp\"><\/span>\r\n                    <div class=\"body-text\">\r\n                        <span class=\"text-icon text-center\">CDP<\/span>\r\n                    <\/div>\r\n                <\/span>\r\n                                                    <span class=\"item-flex\">\r\n                    <span class=\"icon Nadcap\"><\/span>\r\n                    <div class=\"body-text\">\r\n                        <span class=\"text-icon text-center\">Nadcap<\/span>\r\n                    <\/div>\r\n                <\/span>\r\n                        <\/div>\r\n                            <\/div>\r\n                        \r\n                        <!-- Button -->\r\n                        <div class=\"wrapper-button\">\r\n                            \r\n\r\n\r\n                        <\/div>\r\n                    <\/div>\r\n\r\n\r\n                <\/div>\r\n            <\/div>\r\n        <\/div>\r\n\r\n    <\/section>\r\n<\/div>","protected":false},"excerpt":{"rendered":"","protected":false},"author":9,"featured_media":0,"parent":217,"menu_order":2,"comment_status":"closed","ping_status":"closed","template":"","meta":{"_acf_changed":false,"footnotes":""},"class_list":["post-2751","page","type-page","status-publish","hentry"],"acf":[],"yoast_head":"<!-- This site is optimized with the Yoast SEO plugin v26.0 - https:\/\/yoast.com\/wordpress\/plugins\/seo\/ -->\n<title>Qualit\u00e4tsmanagement | H\u00c4RTHA GROUP<\/title>\n<meta name=\"description\" content=\"Qualit\u00e4t ohne Kompromisse \u2713 Integraler Bestandteil jedes Projekts \u2713 F\u00fcr das beste Ergebnis \u2713 Mit Brief und Siegel zertifiziert.\" \/>\n<meta name=\"robots\" content=\"index, follow, max-snippet:-1, max-image-preview:large, max-video-preview:-1\" \/>\n<link rel=\"canonical\" href=\"https:\/\/haertha.de\/it\/service\/gestione-qualita\/\" \/>\n<meta property=\"og:locale\" content=\"it_IT\" \/>\n<meta property=\"og:type\" content=\"article\" \/>\n<meta property=\"og:title\" content=\"Qualit\u00e4tsmanagement | H\u00c4RTHA GROUP\" \/>\n<meta property=\"og:description\" content=\"Qualit\u00e4t ohne Kompromisse \u2713 Integraler Bestandteil jedes Projekts \u2713 F\u00fcr das beste Ergebnis \u2713 Mit Brief und Siegel zertifiziert.\" \/>\n<meta property=\"og:url\" content=\"https:\/\/haertha.de\/it\/service\/gestione-qualita\/\" \/>\n<meta property=\"og:site_name\" content=\"H\u00c4RTHA GROUP\" \/>\n<meta property=\"article:modified_time\" content=\"2024-05-13T14:42:05+00:00\" \/>\n<meta name=\"twitter:card\" content=\"summary_large_image\" \/>\n<script type=\"application\/ld+json\" class=\"yoast-schema-graph\">{\"@context\":\"https:\/\/schema.org\",\"@graph\":[{\"@type\":\"WebPage\",\"@id\":\"https:\/\/haertha.de\/en\/service\/quality-management\/\",\"url\":\"https:\/\/haertha.de\/en\/service\/quality-management\/\",\"name\":\"Qualit\u00e4tsmanagement | H\u00c4RTHA GROUP\",\"isPartOf\":{\"@id\":\"https:\/\/haertha.de\/it\/#website\"},\"datePublished\":\"2023-03-15T09:53:42+00:00\",\"dateModified\":\"2024-05-13T14:42:05+00:00\",\"description\":\"Qualit\u00e4t ohne Kompromisse \u2713 Integraler Bestandteil jedes Projekts \u2713 F\u00fcr das beste Ergebnis \u2713 Mit Brief und Siegel zertifiziert.\",\"breadcrumb\":{\"@id\":\"https:\/\/haertha.de\/en\/service\/quality-management\/#breadcrumb\"},\"inLanguage\":\"it-IT\",\"potentialAction\":[{\"@type\":\"ReadAction\",\"target\":[\"https:\/\/haertha.de\/en\/service\/quality-management\/\"]}]},{\"@type\":\"BreadcrumbList\",\"@id\":\"https:\/\/haertha.de\/en\/service\/quality-management\/#breadcrumb\",\"itemListElement\":[{\"@type\":\"ListItem\",\"position\":1,\"name\":\"Startseite\",\"item\":\"https:\/\/haertha.de\/it\/\"},{\"@type\":\"ListItem\",\"position\":2,\"name\":\"SERVICE\",\"item\":\"https:\/\/haertha.de\/en\/service\/\"},{\"@type\":\"ListItem\",\"position\":3,\"name\":\"QUALIT\u00c4TSMANAGEMENT\"}]},{\"@type\":\"WebSite\",\"@id\":\"https:\/\/haertha.de\/it\/#website\",\"url\":\"https:\/\/haertha.de\/it\/\",\"name\":\"H\u00c4RTHA GROUP\",\"description\":\"Hardening Industries H\u00e4rterei H\u00c4RTHA GROUP.\",\"potentialAction\":[{\"@type\":\"SearchAction\",\"target\":{\"@type\":\"EntryPoint\",\"urlTemplate\":\"https:\/\/haertha.de\/it\/?s={search_term_string}\"},\"query-input\":{\"@type\":\"PropertyValueSpecification\",\"valueRequired\":true,\"valueName\":\"search_term_string\"}}],\"inLanguage\":\"it-IT\"}]}<\/script>\n<!-- \/ Yoast SEO plugin. -->","yoast_head_json":{"title":"Gestione Qualit\u00e0 | H\u00c4RTHA GROUP","description":"Qualit\u00e0 senza compromessi \u2713 Parte integrante di ogni progetto \u2713 Per un risultato ottimale \u2713 Certificato.","robots":{"index":"index","follow":"follow","max-snippet":"max-snippet:-1","max-image-preview":"max-image-preview:large","max-video-preview":"max-video-preview:-1"},"canonical":"https:\/\/haertha.de\/it\/service\/gestione-qualita\/","og_locale":"it_IT","og_type":"article","og_title":"Qualit\u00e4tsmanagement | H\u00c4RTHA GROUP","og_description":"Qualit\u00e4t ohne Kompromisse \u2713 Integraler Bestandteil jedes Projekts \u2713 F\u00fcr das beste Ergebnis \u2713 Mit Brief und Siegel zertifiziert.","og_url":"https:\/\/haertha.de\/it\/service\/gestione-qualita\/","og_site_name":"H\u00c4RTHA GROUP","article_modified_time":"2024-05-13T14:42:05+00:00","twitter_card":"summary_large_image","schema":{"@context":"https:\/\/schema.org","@graph":[{"@type":"WebPage","@id":"https:\/\/haertha.de\/en\/service\/quality-management\/","url":"https:\/\/haertha.de\/en\/service\/quality-management\/","name":"Gestione Qualit\u00e0 | H\u00c4RTHA GROUP","isPartOf":{"@id":"https:\/\/haertha.de\/it\/#website"},"datePublished":"2023-03-15T09:53:42+00:00","dateModified":"2024-05-13T14:42:05+00:00","description":"Qualit\u00e0 senza compromessi \u2713 Parte integrante di ogni progetto \u2713 Per un risultato ottimale \u2713 Certificato.","breadcrumb":{"@id":"https:\/\/haertha.de\/en\/service\/quality-management\/#breadcrumb"},"inLanguage":"it-IT","potentialAction":[{"@type":"ReadAction","target":["https:\/\/haertha.de\/en\/service\/quality-management\/"]}]},{"@type":"BreadcrumbList","@id":"https:\/\/haertha.de\/en\/service\/quality-management\/#breadcrumb","itemListElement":[{"@type":"ListItem","position":1,"name":"Startseite","item":"https:\/\/haertha.de\/it\/"},{"@type":"ListItem","position":2,"name":"SERVICE","item":"https:\/\/haertha.de\/en\/service\/"},{"@type":"ListItem","position":3,"name":"QUALIT\u00c4TSMANAGEMENT"}]},{"@type":"WebSite","@id":"https:\/\/haertha.de\/it\/#website","url":"https:\/\/haertha.de\/it\/","name":"H\u00c4RTHA GROUP","description":"Hardening Industries H\u00e4rterei H\u00c4RTHA GROUP.","potentialAction":[{"@type":"SearchAction","target":{"@type":"EntryPoint","urlTemplate":"https:\/\/haertha.de\/it\/?s={search_term_string}"},"query-input":{"@type":"PropertyValueSpecification","valueRequired":true,"valueName":"search_term_string"}}],"inLanguage":"it-IT"}]}},"_links":{"self":[{"href":"https:\/\/haertha.de\/it\/wp-json\/wp\/v2\/pages\/2751","targetHints":{"allow":["GET"]}}],"collection":[{"href":"https:\/\/haertha.de\/it\/wp-json\/wp\/v2\/pages"}],"about":[{"href":"https:\/\/haertha.de\/it\/wp-json\/wp\/v2\/types\/page"}],"author":[{"embeddable":true,"href":"https:\/\/haertha.de\/it\/wp-json\/wp\/v2\/users\/9"}],"replies":[{"embeddable":true,"href":"https:\/\/haertha.de\/it\/wp-json\/wp\/v2\/comments?post=2751"}],"version-history":[{"count":81,"href":"https:\/\/haertha.de\/it\/wp-json\/wp\/v2\/pages\/2751\/revisions"}],"predecessor-version":[{"id":11060,"href":"https:\/\/haertha.de\/it\/wp-json\/wp\/v2\/pages\/2751\/revisions\/11060"}],"up":[{"embeddable":true,"href":"https:\/\/haertha.de\/it\/wp-json\/wp\/v2\/pages\/217"}],"wp:attachment":[{"href":"https:\/\/haertha.de\/it\/wp-json\/wp\/v2\/media?parent=2751"}],"curies":[{"name":"wp","href":"https:\/\/api.w.org\/{rel}","templated":true}]}}