{"id":2747,"date":"2023-03-15T10:41:26","date_gmt":"2023-03-15T09:41:26","guid":{"rendered":"http:\/\/haertha.dev.neuekommunikation.de\/wordpress\/?page_id=2747"},"modified":"2023-04-25T15:14:35","modified_gmt":"2023-04-25T13:14:35","slug":"consulenza-tecnica","status":"publish","type":"page","link":"https:\/\/haertha.de\/it\/service\/consulenza-tecnica\/","title":{"rendered":"CONSULENZA TECNICA"},"content":{"rendered":"<section id=\"page-hero-slider-pictures-video-block_8e5d2762e1ee087b454cc54944e8642d\" class=\"page-hero-slider-pictures-video\">\r\n\r\n    <div class=\"wrapper\">\r\n\r\n        <!-- Image BG -->\r\n                    <div class=\"image\">\r\n                <img decoding=\"async\" class=\"parallax-14\" src=\"https:\/\/haertha.de\/wp-content\/uploads\/2023\/03\/Service_technische_Beratung-aspect-ratio-1920-1080.png\" alt=\"\">\r\n                <!--Video-->\r\n                            <\/div>\r\n                \r\n        <!-- Video BG -->\r\n        \r\n        <div class=\"headline-wrapper\">\r\n            <div class=\"hadline-body\">\r\n                <!-- Headline Page -->\r\n                                    <div class=\"headline-page parallax-16\">\r\n                    <h1>CONSULENZA TECNICA<\/h1>                    <\/div>\r\n                \r\n                <!-- Headline Modul -->\r\n                                                                <\/div>\r\n        <\/div>\r\n\r\n    <\/div>\r\n\r\n    <!-- text -->\r\n            <div class=\"wrapper-text parallax-15\">\r\n            <div class=\"text\">\r\n                <h3><span style=\"color: #6ab651;\">Marchio e garante del successo.<\/span><\/h3>\n<p>Siamo consapevoli della responsabilit\u00e0 per il vostro prodotto. Da noi la speciale qualit\u00e0 dei prodotti H\u00c4RTHA inizia con una consulenza eccellente.<\/p>\n<p>&nbsp;<\/p>\n<p>Assieme definiamo le condizioni quadro e scegliamo il processo pi\u00f9 adatto per il vostro progetto. Offrendo tutti i processi in linea con lo stato dell'arte - dalla tempra sottovuoto, in atmosfera gassosa, in bagno di sale, a induzione e la cementazione e tempra, passando per la bonifica, la ricottura, la nitrocarburazione e la nitrurazione al plasma, per finire con la deposizione chimica da vapore PVD - da noi otterrete una consulenza competente e il processo ottimale, tutto da un unico fornitore.<\/p>\n            <\/div>\r\n        <\/div>\r\n    \r\n<\/section>\r\n\r\n\r\n\r\n\r\n\r\n\n\n\r\n<div id=\"page-image-text-block_f1ee1f266018286e67501c37375f4ea1\" class=\"page-image-text\"  style=\"\">\r\n    <section class=\"has-align-text-left is-style-style_01\">\r\n        \r\n        <div class=\"wrapper-grid div-height-pagepage-image-text-block_f1ee1f266018286e67501c37375f4ea1\">\r\n            <div class=\"wrapper-image\">\r\n                <div class=\"image\">\r\n                                            <img decoding=\"async\" class=\"parallax-7\" src=\"https:\/\/haertha.de\/wp-content\/uploads\/2023\/03\/qualitaet-beginnt-hier_P1005949-aspect-ratio-933-658.png\" alt=\"\" \/>\r\n                    \r\n                    <!-- Video Popup -->\r\n                    \r\n                    <!-- Image Popup -->\r\n                    \r\n                <\/div>\r\n            <\/div>\r\n\r\n            <div class=\"wrapper-content parallax-5\">\r\n\r\n                                    <div class=\"headline\">\r\n                        <h2 class=\"head\">LA QUALIT\u00c0 COMINCIA DA QUI.<\/h2>\r\n                    <\/div>\r\n                \r\n                <div class=\"body-content texteditor text-height-page height-pagepage-image-text-block_f1ee1f266018286e67501c37375f4ea1\" data-height-page-div=\"page-image-text-block_f1ee1f266018286e67501c37375f4ea1\">\r\n\r\n                    <!--Icon Box-->\r\n                                        <div class=\"acf-innerblocks-container\"><\/div>                    <!-- .\/ Icon Box-->\r\n                    <div class=\"texteditor\">\r\n                        <p>La scelta del processo giusto \u00e8 decisiva ai fini della qualit\u00e0 e della durata dei componenti. Con la nostra consulenza tecnica personalizzata vi seguiamo sin dall\u2019inizio in modo da ottenere, insieme, il miglior risultato possibile.<\/p>\n\r\n                        <!--Icons Unten-->\r\n                        \r\n                        <!-- Button -->\r\n                        <div class=\"wrapper-button\">\r\n                            \r\n\r\n\r\n                        <\/div>\r\n                    <\/div>\r\n\r\n\r\n                <\/div>\r\n            <\/div>\r\n        <\/div>\r\n\r\n    <\/section>\r\n<\/div>\r\n\r\n\r\n\r\n\r\n\r\n\r\n\r\n\r\n\r\n\r\n\r\n\r\n\r\n\r\n\n\n<div id=\"page-textfeldblock_1aafdf259a67cb3d9598de6aefd3a699\" class=\"page-textfeld\" style=\"margin-bottom:var(--wp--preset--spacing--50);\">\r\n\r\n    <section class=\"is-style-style_02\">\r\n        <div class=\"wrapper-grid\">\r\n            <div class=\"content-body\">\r\n                <div class=\"headline\">\r\n                    <h2>DI PERSONA, AI MASSIMI LIVELLI.<\/h2>\r\n                <\/div>\r\n                <div class=\"texteditor\">\r\n                    <p>I nostri collaboratori, espertissimi e con una formazione all'avanguardia, sono personalmente al vostro fianco. Riuniscono in s\u00e9 un\u2019expertise pluriennale e una profonda conoscenza del settore (dall\u2019automotive, all\u2019ingegneria meccanica, alla costruzione di utensili fino alle energie rinnovabili).<\/p>\n                <\/div>\r\n                            <\/div>\r\n        <\/div>\r\n\r\n    <\/section>\r\n\r\n<\/div>\r\n\r\n\n\n\r\n<div id=\"page-image-text-block_49eda3ef055e8a9e7004c26dc0dd1e87\" class=\"page-image-text\"  style=\"\">\r\n    <section class=\"has-align-text-right is-style-style_01\">\r\n        \r\n        <div class=\"wrapper-grid div-height-pagepage-image-text-block_49eda3ef055e8a9e7004c26dc0dd1e87\">\r\n            <div class=\"wrapper-image\">\r\n                <div class=\"image\">\r\n                                            <img decoding=\"async\" class=\"parallax-7\" src=\"https:\/\/haertha.de\/wp-content\/uploads\/2023\/03\/kundenorientiert_P1003491-aspect-ratio-933-658.png\" alt=\"\" \/>\r\n                    \r\n                    <!-- Video Popup -->\r\n                    \r\n                    <!-- Image Popup -->\r\n                    \r\n                <\/div>\r\n            <\/div>\r\n\r\n            <div class=\"wrapper-content parallax-5\">\r\n\r\n                                    <div class=\"headline\">\r\n                        <h2 class=\"head\">ORIENTAMENTO AL RISULTATO<\/h2>\r\n                    <\/div>\r\n                \r\n                <div class=\"body-content texteditor text-height-page height-pagepage-image-text-block_49eda3ef055e8a9e7004c26dc0dd1e87\" data-height-page-div=\"page-image-text-block_49eda3ef055e8a9e7004c26dc0dd1e87\">\r\n\r\n                    <!--Icon Box-->\r\n                                        <div class=\"acf-innerblocks-container\"><\/div>                    <!-- .\/ Icon Box-->\r\n                    <div class=\"texteditor\">\r\n                        <p>La nostra consulenza tecnica mira a selezionare, per ogni progetto, il materiale e il processo in grado di realizzare al meglio l\u2019applicazione. Identificando le propriet\u00e0 del componente desiderate, come durezza, resistenza, plasticit\u00e0 e deformazione, creiamo le basi per un risultato ottimale.<\/p>\n\r\n                        <!--Icons Unten-->\r\n                        \r\n                        <!-- Button -->\r\n                        <div class=\"wrapper-button\">\r\n                            \r\n\r\n\r\n                        <\/div>\r\n                    <\/div>\r\n\r\n\r\n                <\/div>\r\n            <\/div>\r\n        <\/div>\r\n\r\n    <\/section>\r\n<\/div>\r\n\r\n\r\n\r\n\r\n\r\n\r\n\r\n\r\n\r\n\r\n\r\n\r\n\r\n\r\n\n\n<div id=\"page-textfeldblock_340a186533d1552f75413058421b6475\" class=\"page-textfeld\" style=\"margin-top:var(--wp--preset--spacing--50);margin-bottom:var(--wp--preset--spacing--50);\">\r\n\r\n    <section class=\"is-style-style_02\">\r\n        <div class=\"wrapper-grid\">\r\n            <div class=\"content-body\">\r\n                <div class=\"headline\">\r\n                    <h2>CONNESSIONE IN RETE DELLE SINGOLE SEDI<\/h2>\r\n                <\/div>\r\n                <div class=\"texteditor\">\r\n                    <p class=\" translation-block\">Considerato che le conoscenze si moltiplicano quando vengono condivise, le nostre sedi sono tutte connesse in rete. Il nostro obiettivo \u00e8 quello di trovare e offrire ai nostri clienti le soluzioni e i processi migliori.<\/p>\n                <\/div>\r\n                            <\/div>\r\n        <\/div>\r\n\r\n    <\/section>\r\n\r\n<\/div>","protected":false},"excerpt":{"rendered":"","protected":false},"author":9,"featured_media":0,"parent":217,"menu_order":0,"comment_status":"closed","ping_status":"closed","template":"","meta":{"_acf_changed":false,"footnotes":""},"class_list":["post-2747","page","type-page","status-publish","hentry"],"acf":[],"yoast_head":"<!-- This site is optimized with the Yoast SEO plugin v26.0 - https:\/\/yoast.com\/wordpress\/plugins\/seo\/ -->\n<title>Technische Beratung | H\u00c4RTHA GROUP<\/title>\n<meta name=\"description\" content=\"H\u00c4RTHA-Produktqualit\u00e4t beginnt hier \u2713 Augenh\u00f6he auf h\u00f6chstem Niveau \u2713 Kundenorientiert \u2713 Standort\u00fcbergreifend\" \/>\n<meta name=\"robots\" content=\"index, follow, max-snippet:-1, max-image-preview:large, max-video-preview:-1\" \/>\n<link rel=\"canonical\" href=\"https:\/\/haertha.de\/it\/service\/consulenza-tecnica\/\" \/>\n<meta property=\"og:locale\" content=\"it_IT\" \/>\n<meta property=\"og:type\" content=\"article\" \/>\n<meta property=\"og:title\" content=\"Technische Beratung | H\u00c4RTHA GROUP\" \/>\n<meta property=\"og:description\" content=\"H\u00c4RTHA-Produktqualit\u00e4t beginnt hier \u2713 Augenh\u00f6he auf h\u00f6chstem Niveau \u2713 Kundenorientiert \u2713 Standort\u00fcbergreifend\" \/>\n<meta property=\"og:url\" content=\"https:\/\/haertha.de\/it\/service\/consulenza-tecnica\/\" \/>\n<meta property=\"og:site_name\" content=\"H\u00c4RTHA GROUP\" \/>\n<meta property=\"article:modified_time\" content=\"2023-04-25T13:14:35+00:00\" \/>\n<meta name=\"twitter:card\" content=\"summary_large_image\" \/>\n<script type=\"application\/ld+json\" class=\"yoast-schema-graph\">{\"@context\":\"https:\/\/schema.org\",\"@graph\":[{\"@type\":\"WebPage\",\"@id\":\"https:\/\/haertha.de\/en\/service\/technical-consultation\/\",\"url\":\"https:\/\/haertha.de\/en\/service\/technical-consultation\/\",\"name\":\"Technische Beratung | H\u00c4RTHA GROUP\",\"isPartOf\":{\"@id\":\"https:\/\/haertha.de\/it\/#website\"},\"datePublished\":\"2023-03-15T09:41:26+00:00\",\"dateModified\":\"2023-04-25T13:14:35+00:00\",\"description\":\"H\u00c4RTHA-Produktqualit\u00e4t beginnt hier \u2713 Augenh\u00f6he auf h\u00f6chstem Niveau \u2713 Kundenorientiert \u2713 Standort\u00fcbergreifend\",\"breadcrumb\":{\"@id\":\"https:\/\/haertha.de\/en\/service\/technical-consultation\/#breadcrumb\"},\"inLanguage\":\"it-IT\",\"potentialAction\":[{\"@type\":\"ReadAction\",\"target\":[\"https:\/\/haertha.de\/en\/service\/technical-consultation\/\"]}]},{\"@type\":\"BreadcrumbList\",\"@id\":\"https:\/\/haertha.de\/en\/service\/technical-consultation\/#breadcrumb\",\"itemListElement\":[{\"@type\":\"ListItem\",\"position\":1,\"name\":\"Startseite\",\"item\":\"https:\/\/haertha.de\/it\/\"},{\"@type\":\"ListItem\",\"position\":2,\"name\":\"SERVICE\",\"item\":\"https:\/\/haertha.de\/en\/service\/\"},{\"@type\":\"ListItem\",\"position\":3,\"name\":\"TECHNISCHE BERATUNG\"}]},{\"@type\":\"WebSite\",\"@id\":\"https:\/\/haertha.de\/it\/#website\",\"url\":\"https:\/\/haertha.de\/it\/\",\"name\":\"H\u00c4RTHA GROUP\",\"description\":\"Hardening Industries H\u00e4rterei H\u00c4RTHA GROUP.\",\"potentialAction\":[{\"@type\":\"SearchAction\",\"target\":{\"@type\":\"EntryPoint\",\"urlTemplate\":\"https:\/\/haertha.de\/it\/?s={search_term_string}\"},\"query-input\":{\"@type\":\"PropertyValueSpecification\",\"valueRequired\":true,\"valueName\":\"search_term_string\"}}],\"inLanguage\":\"it-IT\"}]}<\/script>\n<!-- \/ Yoast SEO plugin. -->","yoast_head_json":{"title":"Consulenza tecnica | H\u00c4RTHA GROUP","description":"La qualit\u00e0 dei prodotti H\u00c4RTHA comincia da qui \u2713 Di persona, al massimi livelli \u2713 Orientamento al cliente \u2713 In tutte le sedi.","robots":{"index":"index","follow":"follow","max-snippet":"max-snippet:-1","max-image-preview":"max-image-preview:large","max-video-preview":"max-video-preview:-1"},"canonical":"https:\/\/haertha.de\/it\/service\/consulenza-tecnica\/","og_locale":"it_IT","og_type":"article","og_title":"Technische Beratung | H\u00c4RTHA GROUP","og_description":"H\u00c4RTHA-Produktqualit\u00e4t beginnt hier \u2713 Augenh\u00f6he auf h\u00f6chstem Niveau \u2713 Kundenorientiert \u2713 Standort\u00fcbergreifend","og_url":"https:\/\/haertha.de\/it\/service\/consulenza-tecnica\/","og_site_name":"H\u00c4RTHA GROUP","article_modified_time":"2023-04-25T13:14:35+00:00","twitter_card":"summary_large_image","schema":{"@context":"https:\/\/schema.org","@graph":[{"@type":"WebPage","@id":"https:\/\/haertha.de\/en\/service\/technical-consultation\/","url":"https:\/\/haertha.de\/en\/service\/technical-consultation\/","name":"Consulenza tecnica | H\u00c4RTHA GROUP","isPartOf":{"@id":"https:\/\/haertha.de\/it\/#website"},"datePublished":"2023-03-15T09:41:26+00:00","dateModified":"2023-04-25T13:14:35+00:00","description":"La qualit\u00e0 dei prodotti H\u00c4RTHA comincia da qui \u2713 Di persona, al massimi livelli \u2713 Orientamento al cliente \u2713 In tutte le sedi.","breadcrumb":{"@id":"https:\/\/haertha.de\/en\/service\/technical-consultation\/#breadcrumb"},"inLanguage":"it-IT","potentialAction":[{"@type":"ReadAction","target":["https:\/\/haertha.de\/en\/service\/technical-consultation\/"]}]},{"@type":"BreadcrumbList","@id":"https:\/\/haertha.de\/en\/service\/technical-consultation\/#breadcrumb","itemListElement":[{"@type":"ListItem","position":1,"name":"Startseite","item":"https:\/\/haertha.de\/it\/"},{"@type":"ListItem","position":2,"name":"SERVICE","item":"https:\/\/haertha.de\/en\/service\/"},{"@type":"ListItem","position":3,"name":"TECHNISCHE BERATUNG"}]},{"@type":"WebSite","@id":"https:\/\/haertha.de\/it\/#website","url":"https:\/\/haertha.de\/it\/","name":"H\u00c4RTHA GROUP","description":"Hardening Industries H\u00e4rterei H\u00c4RTHA GROUP.","potentialAction":[{"@type":"SearchAction","target":{"@type":"EntryPoint","urlTemplate":"https:\/\/haertha.de\/it\/?s={search_term_string}"},"query-input":{"@type":"PropertyValueSpecification","valueRequired":true,"valueName":"search_term_string"}}],"inLanguage":"it-IT"}]}},"_links":{"self":[{"href":"https:\/\/haertha.de\/it\/wp-json\/wp\/v2\/pages\/2747","targetHints":{"allow":["GET"]}}],"collection":[{"href":"https:\/\/haertha.de\/it\/wp-json\/wp\/v2\/pages"}],"about":[{"href":"https:\/\/haertha.de\/it\/wp-json\/wp\/v2\/types\/page"}],"author":[{"embeddable":true,"href":"https:\/\/haertha.de\/it\/wp-json\/wp\/v2\/users\/9"}],"replies":[{"embeddable":true,"href":"https:\/\/haertha.de\/it\/wp-json\/wp\/v2\/comments?post=2747"}],"version-history":[{"count":23,"href":"https:\/\/haertha.de\/it\/wp-json\/wp\/v2\/pages\/2747\/revisions"}],"predecessor-version":[{"id":7469,"href":"https:\/\/haertha.de\/it\/wp-json\/wp\/v2\/pages\/2747\/revisions\/7469"}],"up":[{"embeddable":true,"href":"https:\/\/haertha.de\/it\/wp-json\/wp\/v2\/pages\/217"}],"wp:attachment":[{"href":"https:\/\/haertha.de\/it\/wp-json\/wp\/v2\/media?parent=2747"}],"curies":[{"name":"wp","href":"https:\/\/api.w.org\/{rel}","templated":true}]}}