{"id":217,"date":"2023-01-24T15:35:11","date_gmt":"2023-01-24T14:35:11","guid":{"rendered":"http:\/\/haertha.dev.neuekommunikation.de\/wordpress\/?page_id=217"},"modified":"2023-04-26T10:07:22","modified_gmt":"2023-04-26T08:07:22","slug":"service","status":"publish","type":"page","link":"https:\/\/haertha.de\/it\/service\/","title":{"rendered":"SERVIZIO"},"content":{"rendered":"<section id=\"page-hero-slider-pictures-video-block_fc544e00c7c710b3407a174f1ff76193\" class=\"page-hero-slider-pictures-video\">\r\n\r\n    <div class=\"wrapper\">\r\n\r\n        <!-- Image BG -->\r\n                    <div class=\"image\">\r\n                <img decoding=\"async\" class=\"parallax-14\" src=\"https:\/\/haertha.de\/wp-content\/uploads\/2023\/03\/Service_Beratung-aspect-ratio-1920-1080.png\" alt=\"\">\r\n                <!--Video-->\r\n                            <\/div>\r\n                \r\n        <!-- Video BG -->\r\n        \r\n        <div class=\"headline-wrapper\">\r\n            <div class=\"hadline-body\">\r\n                <!-- Headline Page -->\r\n                                    <div class=\"headline-page parallax-16\">\r\n                    <h1>SERVIZIO<\/h1>                    <\/div>\r\n                \r\n                <!-- Headline Modul -->\r\n                                                                <\/div>\r\n        <\/div>\r\n\r\n    <\/div>\r\n\r\n    <!-- text -->\r\n            <div class=\"wrapper-text parallax-15\">\r\n            <div class=\"text\">\r\n                <p>Un buon servizio \u00e8 parte imprescindibile di ogni progetto ben riuscito. Dall\u2019eccellente consulenza tecnica, passando per il nostro servizio ritiro e consegna, per finire con le prove di laboratorio conformi ai massimi standard. Tutto questo si inserisce nel nostro concetto di qualit\u00e0. E poich\u00e9 prendiamo sul serio l\u2019idea di partner alla pari, vi offriamo anche corsi di formazione regolari per condividere insieme a voi le nostre conoscenze.<\/p>\n            <\/div>\r\n        <\/div>\r\n    \r\n<\/section>\r\n\r\n\r\n\r\n\r\n\r\n\n\n\r\n<div id=\"page-image-text-block_499822d3ad099b29485a97ceced75c37\" class=\"page-image-text\"  style=\"margin-top:var(--wp--preset--spacing--30);margin-bottom:var(--wp--preset--spacing--30);\">\r\n    <section class=\"has-align-text-right is-style-style_02\">\r\n        \r\n        <div class=\"wrapper-grid div-height-pagepage-image-text-block_499822d3ad099b29485a97ceced75c37\">\r\n            <div class=\"wrapper-image\">\r\n                <div class=\"image\">\r\n                                            <img decoding=\"async\" class=\"parallax-7\" src=\"https:\/\/haertha.de\/wp-content\/uploads\/2023\/03\/Service_technische_Beratung-aspect-ratio-933-658-1.png\" alt=\"\" \/>\r\n                    \r\n                    <!-- Video Popup -->\r\n                    \r\n                    <!-- Image Popup -->\r\n                    \r\n                <\/div>\r\n            <\/div>\r\n\r\n            <div class=\"wrapper-content parallax-5\">\r\n\r\n                                    <div class=\"headline\">\r\n                        <h2 class=\"head\">CONSULENZA TECNICA<\/h2>\r\n                    <\/div>\r\n                \r\n                <div class=\"body-content texteditor text-height-page height-pagepage-image-text-block_499822d3ad099b29485a97ceced75c37\" data-height-page-div=\"page-image-text-block_499822d3ad099b29485a97ceced75c37\">\r\n\r\n                    <!--Icon Box-->\r\n                                        <div class=\"acf-innerblocks-container\"><\/div>                    <!-- .\/ Icon Box-->\r\n                    <div class=\"texteditor\">\r\n                        <h3><span style=\"color: #6ab651;\">Marchio e garante del successo.<\/span><\/h3>\n<p>Siamo consapevoli della responsabilit\u00e0 per il vostro prodotto. Da noi la speciale qualit\u00e0 dei prodotti H\u00c4RTHA inizia con una consulenza eccellente.<\/p>\n<p>&nbsp;<\/p>\n<p>Assieme definiamo le condizioni quadro e scegliamo il processo pi\u00f9 adatto per il vostro progetto. Offrendo tutti i processi in linea con lo stato dell'arte - dalla tempra sottovuoto, in atmosfera gassosa, in bagno di sale, a induzione e la cementazione e tempra, passando per la bonifica, la ricottura, la nitrocarburazione e la nitrurazione al plasma, per finire con la deposizione chimica da vapore PVD - da noi otterrete una consulenza competente e il processo ottimale, tutto da un unico fornitore.<\/p>\n\r\n                        <!--Icons Unten-->\r\n                        \r\n                        <!-- Button -->\r\n                        <div class=\"wrapper-button\">\r\n                                <a href=\"https:\/\/haertha.de\/it\/service\/consulenza-tecnica\/\" class=\"btn-cta btn-text-bilder-icon\" data-target=\"https:\/\/haertha.de\/it\/service\/consulenza-tecnica\/\">\r\n        <span class=\"btn-decor-left\"><\/span>\r\n                    MAGGIORI INFORMAZIONI                <span class=\"btn-decor-right\"><\/span>\r\n    <\/a>\r\n\r\n\r\n\r\n                        <\/div>\r\n                    <\/div>\r\n\r\n\r\n                <\/div>\r\n            <\/div>\r\n        <\/div>\r\n\r\n    <\/section>\r\n<\/div>\r\n\r\n\r\n\r\n\r\n\r\n\r\n\r\n\r\n\r\n\r\n\r\n\r\n\r\n\r\n\n\n\r\n<div id=\"page-large-imageblock_0cc140c60f04760d4282fdbfafa92425\" class=\"page-large-image\" style=\"\">\r\n\r\n    <section class=\"is-style-style_01\">\r\n\r\n            <div class=\"wrap-grid\">\r\n\r\n                <div class=\"item-wrapper-content\">\r\n                    <div class=\"wrapper-headline parallax-5\">\r\n\r\n                                                    <div class=\"headline\">\r\n                                <h2 class=\"head\">SERVIZIO RITIRO E CONSEGNA<\/h2><br>\r\n                            <\/div>\r\n                        \r\n                        <div class=\"content texteditor\">\r\n\r\n                            <!--Icon Box-->\r\n                                                        <div class=\"acf-innerblocks-container\"><\/div>                            <!-- .\/ Icon Box-->\r\n\r\n                                                            <h3><span style=\"color: #6ab651;\">Per progetti senza criticit\u00e0.<\/span><\/h3>\n<p>Potremmo definirla parte della nostra soluzione tutto compreso. Poich\u00e9 ci teniamo molto che non solo il processo, bens\u00ec tutto il procedimento di contorno funzioni alla perfezione, vi offriamo un servizio di ritiro e consegna. Per voi ci\u00f2 significa massima efficienza e consegne \u201ejust in time\u201c. Niente tempi morti, niente lungaggini. Semplicemente un\u2019ottima collaborazione all'insegna della partnership.<\/p>\n                                                        <!-- Button -->\r\n                                                    <\/div>\r\n                    <\/div>\r\n                <\/div>\r\n\r\n                <div class=\"item-wrapper-image-small\">\r\n                    <div class=\"wrapper-image\">\r\n                                                    <img decoding=\"async\" class=\"parallax-11\" src=\"https:\/\/haertha.de\/wp-content\/uploads\/2023\/03\/Service_Abholservice.png\" alt=\"\" \/>\r\n                                            <\/div>\r\n                <\/div>\r\n\r\n                <div class=\"item-wrapper-bg-image\">\r\n                \r\n                    <!-- <div class=\"image\" style=\"background-image: url('');\"><\/div> -->\r\n                            <img decoding=\"async\" class=\"image parallax-4\" src=\"https:\/\/haertha.de\/wp-content\/uploads\/2023\/03\/Service_Abhol-und-Lieferservice-aspect-ratio-2662-1600.png\" alt=\"\">\r\n                <\/div>\r\n\r\n            <\/div>\r\n\r\n    <\/section>\r\n\r\n<\/div>\n\n\r\n<div id=\"page-image-text-imageblock_71082f469e3728afd2de0ea4163460f8\" class=\"page-image-text-image\" style=\"\">\r\n\r\n    <section class=\"is-style-style_01\">\r\n        <div class=\"wrapper-grid\">\r\n            <div class=\"wrapper-image-left\">\r\n                                    <img decoding=\"async\" class=\"parallax-55\" src=\"https:\/\/haertha.de\/wp-content\/uploads\/2023\/03\/Service_Laborpruefungen-aspect-ratio-806-561-1.png\" alt=\"\" \/>\r\n                            <\/div>\r\n            <div class=\"wrapper-content-center parallax-5\">\r\n                <div class=\"wrapper-content\">\r\n                                            <div class=\"headline\">\r\n                            <h2 class=\"head\">PROVE IN LABORATORIO<\/h2>\r\n                        <\/div>\r\n                                        <div class=\"body-content texteditor\">\r\n\r\n                        <!--Icon Box-->\r\n                                                <div class=\"acf-innerblocks-container\"><\/div>                        <!-- .\/ Icon Box-->\r\n\r\n                        <h3><span style=\"color: #6ab651;\">Standard da noi.<\/span><\/h3>\n<p>Controlliamo tutto almeno due volte e con la massima attenzione. Tutti i nostri stabilimenti dispongono di modernissimi laboratori di prova. Assicuriamo i massimi standard qualitativi mediante prove di durezza, determinazione delle profondit\u00e0 di tempra, metallografia e analisi dei materiali. In questo modo possiamo convalidare la composizione dei materiali prima dei trattamenti oppure verificare dopo un trattamento se le prescrizioni sono state rispettate con esattezza.<\/p>\n\r\n                                                    <div class=\"wrapper-button\">\r\n                                    <a href=\"https:\/\/haertha.de\/it\/processi\/prova-di-durezza\/\" class=\"btn-cta btn-text-bilder-icon\" data-target=\"https:\/\/haertha.de\/it\/processi\/prova-di-durezza\/\">\r\n        <span class=\"btn-decor-left\"><\/span>\r\n                    MAGGIORI INFORMAZIONI\r\n                <span class=\"btn-decor-right\"><\/span>\r\n    <\/a>\r\n\r\n\r\n\r\n                            <\/div>\r\n                        \r\n                    <\/div>\r\n                <\/div>\r\n            <\/div>\r\n            <div class=\"wrapper-image-right\">\r\n                                    <img decoding=\"async\" class=\"parallax-55\" src=\"https:\/\/haertha.de\/wp-content\/uploads\/2023\/04\/Verfahren_Laborpruefung-scaled-aspect-ratio-806-561.jpg\" alt=\"\" \/>\r\n                            <\/div>\r\n        <\/div>\r\n    <\/section>\r\n\r\n<\/div>\n\n\r\n<div id=\"page-image-text-block_f4a2d47d86e2346a7a15e7833090310d\" class=\"page-image-text\"  style=\"margin-top:var(--wp--preset--spacing--50);margin-bottom:var(--wp--preset--spacing--50);\">\r\n    <section class=\"has-align-text-left is-style-style_01\">\r\n        \r\n        <div class=\"wrapper-grid div-height-pagepage-image-text-block_f4a2d47d86e2346a7a15e7833090310d\">\r\n            <div class=\"wrapper-image\">\r\n                <div class=\"image\">\r\n                                            <img decoding=\"async\" class=\"parallax-7\" src=\"https:\/\/haertha.de\/wp-content\/uploads\/2023\/03\/Service_Qualitaetsmanagement-aspect-ratio-933-658-3.png\" alt=\"\" \/>\r\n                    \r\n                    <!-- Video Popup -->\r\n                    \r\n                    <!-- Image Popup -->\r\n                    \r\n                <\/div>\r\n            <\/div>\r\n\r\n            <div class=\"wrapper-content parallax-5\">\r\n\r\n                                    <div class=\"headline\">\r\n                        <h2 class=\"head\">GESTIONE QUALIT\u00c0<\/h2>\r\n                    <\/div>\r\n                \r\n                <div class=\"body-content texteditor text-height-page height-pagepage-image-text-block_f4a2d47d86e2346a7a15e7833090310d\" data-height-page-div=\"page-image-text-block_f4a2d47d86e2346a7a15e7833090310d\">\r\n\r\n                    <!--Icon Box-->\r\n                                        <div class=\"acf-innerblocks-container\"><\/div>                    <!-- .\/ Icon Box-->\r\n                    <div class=\"texteditor\">\r\n                        <h3><span style=\"color: #6ab651;\">Concepita integralmente.<\/span><\/h3>\n<p class=\" translation-block\"><strong>Per noi la qualit\u00e0 \u00e8 un\u2019attitudine.\n<br>\nUn\u2019attitudine, che ognuno di noi in H\u00c4RTHA \u00e8 tenuto a vivere concretamente.<\/strong><\/p>\n<p>&nbsp;<\/p>\n<p>Senza compromessi. Con l\u2019obbiettivo di ottenere il miglior risultato possibile. In tutti i settori. \nDa noi ogni collaboratore \u00e8 responsabile della qualit\u00e0. Per questo superiamo regolarmente anche i pi\u00f9 duri tra gli audit dei clienti dell\u2019industria aerospaziale. Perch\u00e9 soddisfiamo i rigorosissimi standard internazionali per la gestione della qualit\u00e0, dell'energia e ambientali.<\/p>\n\r\n                        <!--Icons Unten-->\r\n                                                    <div class=\"icons-under\">\r\n                                <div class=\"flex-iconbox\">\r\n                                <span class=\"item-flex\">\r\n                    <span class=\"icon sbti\"><\/span>\r\n                    <div class=\"body-text\">\r\n                        <span class=\"text-icon text-center\"><\/span>\r\n                    <\/div>\r\n                <\/span>\r\n                                                    <span class=\"item-flex\">\r\n                    <span class=\"icon iso_50001\"><\/span>\r\n                    <div class=\"body-text\">\r\n                        <span class=\"text-icon text-center\"><\/span>\r\n                    <\/div>\r\n                <\/span>\r\n                                                    <span class=\"item-flex\">\r\n                    <span class=\"icon iso_14001\"><\/span>\r\n                    <div class=\"body-text\">\r\n                        <span class=\"text-icon text-center\"><\/span>\r\n                    <\/div>\r\n                <\/span>\r\n                                                    <span class=\"item-flex\">\r\n                    <span class=\"icon iso_9001\"><\/span>\r\n                    <div class=\"body-text\">\r\n                        <span class=\"text-icon text-center\"><\/span>\r\n                    <\/div>\r\n                <\/span>\r\n                                                    <span class=\"item-flex\">\r\n                    <span class=\"icon iatf_16949\"><\/span>\r\n                    <div class=\"body-text\">\r\n                        <span class=\"text-icon text-center\"><\/span>\r\n                    <\/div>\r\n                <\/span>\r\n                                                    <span class=\"item-flex\">\r\n                    <span class=\"icon cgi_9\"><\/span>\r\n                    <div class=\"body-text\">\r\n                        <span class=\"text-icon text-center\"><\/span>\r\n                    <\/div>\r\n                <\/span>\r\n                        <\/div>\r\n                            <\/div>\r\n                        \r\n                        <!-- Button -->\r\n                        <div class=\"wrapper-button\">\r\n                                <a href=\"https:\/\/haertha.de\/it\/service\/gestione-qualita\/\" class=\"btn-cta btn-text-bilder-icon\" data-target=\"https:\/\/haertha.de\/it\/service\/gestione-qualita\/\">\r\n        <span class=\"btn-decor-left\"><\/span>\r\n                    MAGGIORI INFORMAZIONI                <span class=\"btn-decor-right\"><\/span>\r\n    <\/a>\r\n\r\n\r\n\r\n                        <\/div>\r\n                    <\/div>\r\n\r\n\r\n                <\/div>\r\n            <\/div>\r\n        <\/div>\r\n\r\n    <\/section>\r\n<\/div>\r\n\r\n\r\n\r\n\r\n\r\n\r\n\r\n\r\n\r\n\r\n\r\n\r\n\r\n\r\n\n\n\r\n<div id=\"page-image-text-block_1d6a50de5efe9656c82de323adb5234e\" class=\"page-image-text\"  style=\"margin-top:var(--wp--preset--spacing--30);\">\r\n    <section class=\"has-align-text-right is-style-style_02\">\r\n        \r\n        <div class=\"wrapper-grid div-height-pagepage-image-text-block_1d6a50de5efe9656c82de323adb5234e\">\r\n            <div class=\"wrapper-image\">\r\n                <div class=\"image\">\r\n                                            <img decoding=\"async\" class=\"parallax-7\" src=\"https:\/\/haertha.de\/wp-content\/uploads\/2023\/03\/Service_Schulungen-aspect-ratio-933-658.png\" alt=\"\" \/>\r\n                    \r\n                    <!-- Video Popup -->\r\n                    \r\n                    <!-- Image Popup -->\r\n                    \r\n                <\/div>\r\n            <\/div>\r\n\r\n            <div class=\"wrapper-content parallax-5\">\r\n\r\n                                    <div class=\"headline\">\r\n                        <h2 class=\"head\">FORMAZIONI<\/h2>\r\n                    <\/div>\r\n                \r\n                <div class=\"body-content texteditor text-height-page height-pagepage-image-text-block_1d6a50de5efe9656c82de323adb5234e\" data-height-page-div=\"page-image-text-block_1d6a50de5efe9656c82de323adb5234e\">\r\n\r\n                    <!--Icon Box-->\r\n                                        <div class=\"acf-innerblocks-container\"><\/div>                    <!-- .\/ Icon Box-->\r\n                    <div class=\"texteditor\">\r\n                        <h3><span style=\"color: #6ab651;\">Formazioni.<\/span><br \/>\n<span style=\"color: #6ab651;\">Know-how per chi ha sete di sapere.<\/span><\/h3>\n<p>Aule formazione modernissime e \u201cvecchie glorie\u201d come referenti. Questa combinazione vincente ci mette in grado di veicolare in maniera competente presso ogni sede sia i fondamenti che conoscenze tecniche approfondite sulle tematiche del trattamento termico, della tecnologia di tempra e dei rivestimenti.<\/p>\n<p>&nbsp;<\/p>\n<p>Questo servizio non \u00e8 a disposizione solamente dei nostri apprendisti e collaboratori. Infatti anche i nostri clienti e partner possono accedere al nostro know-how. Per un avanzamento delle conoscenze decisivo nel vostro lavoro quotidiano.<\/p>\n\r\n                        <!--Icons Unten-->\r\n                        \r\n                        <!-- Button -->\r\n                        <div class=\"wrapper-button\">\r\n                                <a href=\"https:\/\/haertha.de\/it\/service\/formazioni\/\" class=\"btn-cta btn-text-bilder-icon\" data-target=\"https:\/\/haertha.de\/it\/service\/formazioni\/\">\r\n        <span class=\"btn-decor-left\"><\/span>\r\n                    MAGGIORI INFORMAZIONI                <span class=\"btn-decor-right\"><\/span>\r\n    <\/a>\r\n\r\n\r\n\r\n                        <\/div>\r\n                    <\/div>\r\n\r\n\r\n                <\/div>\r\n            <\/div>\r\n        <\/div>\r\n\r\n    <\/section>\r\n<\/div>","protected":false},"excerpt":{"rendered":"","protected":false},"author":9,"featured_media":0,"parent":0,"menu_order":0,"comment_status":"closed","ping_status":"closed","template":"","meta":{"_acf_changed":false,"footnotes":""},"class_list":["post-217","page","type-page","status-publish","hentry"],"acf":[],"yoast_head":"<!-- This site is optimized with the Yoast SEO plugin v26.0 - https:\/\/yoast.com\/wordpress\/plugins\/seo\/ -->\n<title>Service | H\u00c4RTHA GROUP<\/title>\n<meta name=\"description\" content=\"Wir bieten \u2713 Technische Beratung \u2713Abhol- und Lieferservice \u2713 Laborpr\u00fcfung \u2713Qualit\u00e4tsmanagement \u2713 Schulungen\" \/>\n<meta name=\"robots\" content=\"index, follow, max-snippet:-1, max-image-preview:large, max-video-preview:-1\" \/>\n<link rel=\"canonical\" href=\"https:\/\/haertha.de\/it\/service\/\" \/>\n<meta property=\"og:locale\" content=\"it_IT\" \/>\n<meta property=\"og:type\" content=\"article\" \/>\n<meta property=\"og:title\" content=\"Service | H\u00c4RTHA GROUP\" \/>\n<meta property=\"og:description\" content=\"Wir bieten \u2713 Technische Beratung \u2713Abhol- und Lieferservice \u2713 Laborpr\u00fcfung \u2713Qualit\u00e4tsmanagement \u2713 Schulungen\" \/>\n<meta property=\"og:url\" content=\"https:\/\/haertha.de\/it\/service\/\" \/>\n<meta property=\"og:site_name\" content=\"H\u00c4RTHA GROUP\" \/>\n<meta property=\"article:modified_time\" content=\"2023-04-26T08:07:22+00:00\" \/>\n<meta name=\"twitter:card\" content=\"summary_large_image\" \/>\n<script type=\"application\/ld+json\" class=\"yoast-schema-graph\">{\"@context\":\"https:\/\/schema.org\",\"@graph\":[{\"@type\":\"WebPage\",\"@id\":\"https:\/\/haertha.de\/en\/service\/\",\"url\":\"https:\/\/haertha.de\/en\/service\/\",\"name\":\"Service | H\u00c4RTHA GROUP\",\"isPartOf\":{\"@id\":\"https:\/\/haertha.de\/it\/#website\"},\"datePublished\":\"2023-01-24T14:35:11+00:00\",\"dateModified\":\"2023-04-26T08:07:22+00:00\",\"description\":\"Wir bieten \u2713 Technische Beratung \u2713Abhol- und Lieferservice \u2713 Laborpr\u00fcfung \u2713Qualit\u00e4tsmanagement \u2713 Schulungen\",\"breadcrumb\":{\"@id\":\"https:\/\/haertha.de\/en\/service\/#breadcrumb\"},\"inLanguage\":\"it-IT\",\"potentialAction\":[{\"@type\":\"ReadAction\",\"target\":[\"https:\/\/haertha.de\/en\/service\/\"]}]},{\"@type\":\"BreadcrumbList\",\"@id\":\"https:\/\/haertha.de\/en\/service\/#breadcrumb\",\"itemListElement\":[{\"@type\":\"ListItem\",\"position\":1,\"name\":\"Startseite\",\"item\":\"https:\/\/haertha.de\/it\/\"},{\"@type\":\"ListItem\",\"position\":2,\"name\":\"SERVICE\"}]},{\"@type\":\"WebSite\",\"@id\":\"https:\/\/haertha.de\/it\/#website\",\"url\":\"https:\/\/haertha.de\/it\/\",\"name\":\"H\u00c4RTHA GROUP\",\"description\":\"Hardening Industries H\u00e4rterei H\u00c4RTHA GROUP.\",\"potentialAction\":[{\"@type\":\"SearchAction\",\"target\":{\"@type\":\"EntryPoint\",\"urlTemplate\":\"https:\/\/haertha.de\/it\/?s={search_term_string}\"},\"query-input\":{\"@type\":\"PropertyValueSpecification\",\"valueRequired\":true,\"valueName\":\"search_term_string\"}}],\"inLanguage\":\"it-IT\"}]}<\/script>\n<!-- \/ Yoast SEO plugin. -->","yoast_head_json":{"title":"Servizio | H\u00c4RTHA GROUP","description":"Offriamo \u2713 Consulenza tecnica \u2713 Servizio ritiro e consegna \u2713 Prove in laboratorio \u2713 Gestione qualit\u00e0 \u2713 Formazioni","robots":{"index":"index","follow":"follow","max-snippet":"max-snippet:-1","max-image-preview":"max-image-preview:large","max-video-preview":"max-video-preview:-1"},"canonical":"https:\/\/haertha.de\/it\/service\/","og_locale":"it_IT","og_type":"article","og_title":"Service | H\u00c4RTHA GROUP","og_description":"Wir bieten \u2713 Technische Beratung \u2713Abhol- und Lieferservice \u2713 Laborpr\u00fcfung \u2713Qualit\u00e4tsmanagement \u2713 Schulungen","og_url":"https:\/\/haertha.de\/it\/service\/","og_site_name":"H\u00c4RTHA GROUP","article_modified_time":"2023-04-26T08:07:22+00:00","twitter_card":"summary_large_image","schema":{"@context":"https:\/\/schema.org","@graph":[{"@type":"WebPage","@id":"https:\/\/haertha.de\/en\/service\/","url":"https:\/\/haertha.de\/en\/service\/","name":"Servizio | H\u00c4RTHA GROUP","isPartOf":{"@id":"https:\/\/haertha.de\/it\/#website"},"datePublished":"2023-01-24T14:35:11+00:00","dateModified":"2023-04-26T08:07:22+00:00","description":"Offriamo \u2713 Consulenza tecnica \u2713 Servizio ritiro e consegna \u2713 Prove in laboratorio \u2713 Gestione qualit\u00e0 \u2713 Formazioni","breadcrumb":{"@id":"https:\/\/haertha.de\/en\/service\/#breadcrumb"},"inLanguage":"it-IT","potentialAction":[{"@type":"ReadAction","target":["https:\/\/haertha.de\/en\/service\/"]}]},{"@type":"BreadcrumbList","@id":"https:\/\/haertha.de\/en\/service\/#breadcrumb","itemListElement":[{"@type":"ListItem","position":1,"name":"Startseite","item":"https:\/\/haertha.de\/it\/"},{"@type":"ListItem","position":2,"name":"SERVICE"}]},{"@type":"WebSite","@id":"https:\/\/haertha.de\/it\/#website","url":"https:\/\/haertha.de\/it\/","name":"H\u00c4RTHA GROUP","description":"Hardening Industries H\u00e4rterei H\u00c4RTHA GROUP.","potentialAction":[{"@type":"SearchAction","target":{"@type":"EntryPoint","urlTemplate":"https:\/\/haertha.de\/it\/?s={search_term_string}"},"query-input":{"@type":"PropertyValueSpecification","valueRequired":true,"valueName":"search_term_string"}}],"inLanguage":"it-IT"}]}},"_links":{"self":[{"href":"https:\/\/haertha.de\/it\/wp-json\/wp\/v2\/pages\/217","targetHints":{"allow":["GET"]}}],"collection":[{"href":"https:\/\/haertha.de\/it\/wp-json\/wp\/v2\/pages"}],"about":[{"href":"https:\/\/haertha.de\/it\/wp-json\/wp\/v2\/types\/page"}],"author":[{"embeddable":true,"href":"https:\/\/haertha.de\/it\/wp-json\/wp\/v2\/users\/9"}],"replies":[{"embeddable":true,"href":"https:\/\/haertha.de\/it\/wp-json\/wp\/v2\/comments?post=217"}],"version-history":[{"count":112,"href":"https:\/\/haertha.de\/it\/wp-json\/wp\/v2\/pages\/217\/revisions"}],"predecessor-version":[{"id":7091,"href":"https:\/\/haertha.de\/it\/wp-json\/wp\/v2\/pages\/217\/revisions\/7091"}],"wp:attachment":[{"href":"https:\/\/haertha.de\/it\/wp-json\/wp\/v2\/media?parent=217"}],"curies":[{"name":"wp","href":"https:\/\/api.w.org\/{rel}","templated":true}]}}