{"id":667,"date":"2023-02-14T12:17:43","date_gmt":"2023-02-14T11:17:43","guid":{"rendered":"http:\/\/haertha.dev.neuekommunikation.de\/wordpress\/?page_id=667"},"modified":"2025-07-29T07:19:47","modified_gmt":"2025-07-29T05:19:47","slug":"responsibility","status":"publish","type":"page","link":"https:\/\/haertha.de\/en\/company\/responsibility\/","title":{"rendered":"RESPONSIBILITY"},"content":{"rendered":"<section id=\"popup-page-hero-slider-pictures-video-block_3cedaae12ec748b5946e3c0fb173fe41\" class=\"popup popup-video\"><div class=\"popup__content\"><div class=\"close\"><span><\/span><span><\/span><\/div><div class=\"embed-container\"><iframe loading=\"lazy\" title=\"HA\u0308RTHA_Nachhaltigkeit_EN\" src=\"https:\/\/player.vimeo.com\/video\/836813621?h=5fd5e05858&amp;dnt=1&amp;app_id=122963&#038;muted=0&#038;controls=1&#038;hd=1&#038;loop=1&#038;autohide=1&#038;autoplay=0&#038;dnt=1\" width=\"640\" height=\"300\" frameborder=\"0\" allow=\"autoplay; fullscreen; picture-in-picture; clipboard-write; encrypted-media; web-share\" referrerpolicy=\"strict-origin-when-cross-origin\" class=\"video-play\"><\/iframe><\/div><\/div><\/section>\r\n<section id=\"page-hero-slider-pictures-video-block_3cedaae12ec748b5946e3c0fb173fe41\" class=\"page-hero-slider-pictures-video\">\r\n\r\n    <div class=\"wrapper video-wrapper\">\r\n\r\n        <!-- Image BG -->\r\n                \r\n        <!-- Video BG -->\r\n                    <div class=\"video-loop\">\r\n                <iframe loading=\"lazy\" title=\"LOOP_Nachhaltigkeit\" src=\"https:\/\/player.vimeo.com\/video\/815305230?h=c8baf652be&amp;dnt=1&amp;app_id=122963&#038;controls=0&#038;hd=1&#038;loop=1&#038;autohide=0&#038;autoplay=1&#038;muted=1&#038;dnt=1\" width=\"640\" height=\"300\" frameborder=\"0\" allow=\"autoplay; fullscreen; picture-in-picture; clipboard-write; encrypted-media; web-share\" referrerpolicy=\"strict-origin-when-cross-origin\"><\/iframe>                <!--Video-->\r\n                <div class=\"video-button popup-button\" data-number=\"page-hero-slider-pictures-video-block_3cedaae12ec748b5946e3c0fb173fe41\"><a href=\"javascript:void(0);\" class=\"popup-button btn-video btn-cta\" data-number=\"page-hero-slider-pictures-video-block_3cedaae12ec748b5946e3c0fb173fe41\"><div class=\"btn-open-video\"><span class=\"btn-decor-left\"><\/span><span class=\"text\"> Show film<\/span><span class=\"btn-decor-right\"><\/span><\/div><\/a><\/div>            <\/div>\r\n        \r\n        <div class=\"headline-wrapper\">\r\n            <div class=\"hadline-body\">\r\n                <!-- Headline Page -->\r\n                                    <div class=\"headline-page parallax-16\">\r\n                    <h1>RESPONSIBILITY<\/h1>                    <\/div>\r\n                \r\n                <!-- Headline Modul -->\r\n                                                        <div class=\"headline parallax-16\">\r\n                        <h2>TRAILBLAZERS. COMPANIONS.<\/h2>\r\n                    <\/div>\r\n                                                <\/div>\r\n        <\/div>\r\n\r\n    <\/div>\r\n\r\n    <!-- text -->\r\n            <div class=\"wrapper-text parallax-15\">\r\n            <div class=\"text\">\r\n                <h3><span style=\"color: #6ab651;\">Into a sustainable future.<\/span><\/h3>\n<p>&nbsp;<\/p>\n<p>Sustainability is our core business. We support industry on its way to greater sustainability. We apply tailored surface technology so that components last longer, and we play our part in preserving valuable resources. We pave the way for such future technologies as e-mobility by making components lighter while preserving their durability.<\/p>\n<p>&nbsp;<\/p>\n<p>We lead by setting a good example.  We are firmly convinced that decisions are never based solely on financial considerations. Our way of thinking is therefore also influenced by ecological and societal aspects. We accept responsibility.<\/p>\n<div style=\"width: 100%; text-align: center; margin-left: auto; margin-right: auto; margin-top: 30px;\"><a class=\"btn-cta\" href=\"https:\/\/haertha.de\/wp-content\/uploads\/2025\/03\/haertha_esg_bericht_2024_de_web.pdf\" target=\"_new\" data-target=\"https:\/\/haertha.de\/wp-content\/uploads\/2024\/01\/haertha_esg_bericht_2023_de_web.pdf\"> Sustainability Report 2024<\/a><\/div>\n            <\/div>\r\n        <\/div>\r\n    \r\n<\/section>\r\n\r\n\r\n\r\n\r\n\r\n\n\n<style>.wrapper-image-grid-position img{object-position: center 62%;}<\/style>\r\n\r\n\r\n<div id=\"page-image-text-50-50block_e48bc50ab12bcf2ae5b0747b19ee7679\" class=\"page-image-text-50-50\"  style=\"\">\r\n    <section class=\"has-align-text-left is-style-style_01\">\r\n        \r\n        <div class=\"wrapper-grid\">\r\n            <div class=\"wrapper-image wrapper-image-grid-position\">\r\n                                    <img decoding=\"async\" class=\"parallax-777 imageH img-heightpage-image-text-50-50block_e48bc50ab12bcf2ae5b0747b19ee7679\" src=\"https:\/\/haertha.de\/wp-content\/uploads\/2023\/04\/image_dj-1-aspect-ratio-1608-2406.png\" alt=\"\" data-height=\"page-image-text-50-50block_e48bc50ab12bcf2ae5b0747b19ee7679\"\/>\r\n                            <\/div>\r\n            <div class=\"wrapper-content parallax-5\">\r\n                <div class=\"content-body myh my-heightpage-image-text-50-50block_e48bc50ab12bcf2ae5b0747b19ee7679\" data-height=\"page-image-text-50-50block_e48bc50ab12bcf2ae5b0747b19ee7679\">\r\n\r\n                    <!--Icon Box-->\r\n                                        <div class=\"acf-innerblocks-container\">\n\r\n<div class=\"flex-iconbox\">\r\n                <a href=\"\">                <span class=\"item-flex\">\r\n                    <span class=\"icon droplet\"><\/span>\r\n                                    <\/span>\r\n            <\/a>            <\/div>\r\n\r\n\r\n\r\n\n<\/div>                    <!-- .\/ Icon Box-->\r\n\r\n                                            <div class=\"headline\">\r\n                            <h2 class=\"head\">ENVIRONMENT<\/h2>\r\n                        <\/div>\r\n                    \r\n                    <div class=\"body-content texteditor\">\r\n                        <h3><span style=\"color: #6ab651;\">Committed to future generations.<\/span><\/h3>\n<p>&nbsp;<\/p>\n<p>We are fully aware of the responsibility we have towards all upcoming generations. We want to leave our children a planet worth living on. We do everything to achieve this, and have thus joined the efforts of the global SBTi initiative. We are convinced of the rightness of this endeavour, and of its urgency. And we have already accomplished a great deal. We take particular pride in the realisation of the following measures:<\/p>\n<div class=\"infobox-green\" style=\"color: #ffffff; background-color: #6ab651;\">\n<ul>\n<li><span style=\"font-weight: 400;\">100% of the electricity we use comes from renewable energy<\/span><\/li>\n<li><span style=\"font-weight: 400;\">3,230 GWh power generated by photovoltaic installations at our sites<\/span><\/li>\n<li><span style=\"font-weight: 400;\">Energy management certified to ISO 50001, environmental management in compliance with ISO 14001, member of the Environmental Pact for Bavaria<\/span><\/li>\n<li><span style=\"font-weight: 400;\">We are committed to complying with the Paris Climate Accord.<\/span><\/li>\n<\/ul>\n<\/div>\n<p>&nbsp;<\/p>\n<h3><span style=\"color: #6ab651;\">\"We promise our children to continue along this path.\"<\/span><\/h3>\n\r\n                        <!--Icons Unten-->\r\n                        \r\n                        <!-- Button -->\r\n                        \r\n                    <\/div>\r\n                <\/div>\r\n            <\/div>\r\n        <\/div>\r\n\r\n    <\/section>\r\n<\/div>\r\n\r\n\r\n\r\n\n\n\r\n\r\n<div id=\"page-videoblock_8a6022c64f14ebd9843f08890f2e06ec\" class=\"page-video\" style=\"\">\r\n\r\n    <section>\r\n        <div class=\"wrapper\">\r\n\r\n                            <div class=\"headline-body\">\r\n                    <h2>Our SBTI Commitment<\/h2>\r\n                <\/div>\r\n            \r\n            \r\n                            <div class=\"cta-body\">\r\n                    \r\n                    <a class=\"btn-cta\" id=\"video-view\" href=\"javascript:void(0);\" data-view=\"page-videoblock_8a6022c64f14ebd9843f08890f2e06ec\">\r\n                        <span class=\"btn-decor-left\"><\/span>\r\n                        Show film \r\n                        <span class=\"btn-decor-right\"><\/span>\r\n                    <\/a>\r\n\r\n                <\/div>\r\n            \r\n                        <div class=\"video-body page-videoblock_8a6022c64f14ebd9843f08890f2e06ec\">\r\n                <div class=\"embed-container-video\">\r\n                    <iframe loading=\"lazy\" title=\"HA\u0308RTHA_SBTI\" src=\"https:\/\/player.vimeo.com\/video\/836814551?h=cf916249b1&amp;dnt=1&amp;app_id=122963&#038;muted=0&#038;controls=1&#038;hd=1&#038;loop=0&#038;autohide=0&#038;autoplay=0&#038;dnt=1\" width=\"640\" height=\"300\" frameborder=\"0\" allow=\"autoplay; fullscreen; picture-in-picture; clipboard-write; encrypted-media; web-share\" referrerpolicy=\"strict-origin-when-cross-origin\"><\/iframe>                <\/div>\r\n            <\/div>\r\n            \r\n            \r\n                            <div class=\"wrapper-image\">\r\n                    <img decoding=\"async\" class=\"video-image\" src=\"https:\/\/haertha.de\/wp-content\/uploads\/2023\/04\/230303_Climate-Target-Framework_ENG.png\" alt=\"\">\r\n                <\/div>\r\n                    <\/div>\r\n    <\/section>\r\n\r\n<\/div>\r\n\r\n\r\n\n\n\r\n<div id=\"page-image-text-block_57a49d3f2f44b1da2ee415f7f39ce37b\" class=\"page-image-text\"  style=\"\">\r\n    <section class=\"has-align-text-right is-style-style_01\">\r\n        \r\n        <div class=\"wrapper-grid div-height-pagepage-image-text-block_57a49d3f2f44b1da2ee415f7f39ce37b\">\r\n            <div class=\"wrapper-image\">\r\n                <div class=\"image\">\r\n                                            <img decoding=\"async\" class=\"parallax-7\" src=\"https:\/\/haertha.de\/wp-content\/uploads\/2023\/03\/Verantwortung_soziales-aspect-ratio-933-658.png\" alt=\"\" \/>\r\n                    \r\n                    <!-- Video Popup -->\r\n                    \r\n                    <!-- Image Popup -->\r\n                    \r\n                <\/div>\r\n            <\/div>\r\n\r\n            <div class=\"wrapper-content parallax-5\">\r\n\r\n                                    <div class=\"headline\">\r\n                        <h2 class=\"head\">SOCIAL COMMITMENT<\/h2>\r\n                    <\/div>\r\n                \r\n                <div class=\"body-content texteditor text-height-page height-pagepage-image-text-block_57a49d3f2f44b1da2ee415f7f39ce37b\" data-height-page-div=\"page-image-text-block_57a49d3f2f44b1da2ee415f7f39ce37b\">\r\n\r\n                    <!--Icon Box-->\r\n                                        <div class=\"acf-innerblocks-container\"><\/div>                    <!-- .\/ Icon Box-->\r\n                    <div class=\"texteditor\">\r\n                        <h3><span style=\"color: #6ab651;\">We live and breathe community.<\/span><\/h3>\n<p>&nbsp;<\/p>\n<p>The key to success lies in responsible and considerate social cooperation. That is why we live and breathe community, both internally and externally. Considering ourselves as a part of society, we engage actively with the communities at our locations.<\/p>\n<p>&nbsp;<\/p>\n<p>We support sports clubs like the F2 youth division of FC Stollberg or the \u201cgrown-up boys\u201d of VFL Baskets from Treuchtlingen. We enter into co-operations like the one our Weissenburg location maintains with Bayreuth University. Students who have joined the university association \u201cElefant Racing e.V.\u201d are building their own Formula racing car, expanding their engineering know-how in a hands-on project.<\/p>\n\r\n                        <!--Icons Unten-->\r\n                        \r\n                        <!-- Button -->\r\n                        <div class=\"wrapper-button\">\r\n                            \r\n\r\n\r\n                        <\/div>\r\n                    <\/div>\r\n\r\n\r\n                <\/div>\r\n            <\/div>\r\n        <\/div>\r\n\r\n    <\/section>\r\n<\/div>\r\n\r\n\r\n\r\n\r\n\r\n\r\n\r\n\r\n\r\n\r\n\r\n\r\n\r\n\r\n\n\n\r\n<div id=\"page-image-text-block_7ec2300218f0af2ab17edd3f780a1a7e\" class=\"page-image-text\"  style=\"margin-top:var(--wp--preset--spacing--60);\">\r\n    <section class=\"has-align-text-left is-style-style_01\">\r\n        \r\n        <div class=\"wrapper-grid div-height-pagepage-image-text-block_7ec2300218f0af2ab17edd3f780a1a7e\">\r\n            <div class=\"wrapper-image\">\r\n                <div class=\"image\">\r\n                                            <img decoding=\"async\" class=\"parallax-7\" src=\"https:\/\/haertha.de\/wp-content\/uploads\/2023\/03\/Verantwortung_Unternehemensfuehrung-aspect-ratio-933-658-2.png\" alt=\"\" \/>\r\n                    \r\n                    <!-- Video Popup -->\r\n                    \r\n                    <!-- Image Popup -->\r\n                    \r\n                <\/div>\r\n            <\/div>\r\n\r\n            <div class=\"wrapper-content parallax-5\">\r\n\r\n                                    <div class=\"headline\">\r\n                        <h2 class=\"head\">GOVERNANCE<\/h2>\r\n                    <\/div>\r\n                \r\n                <div class=\"body-content texteditor text-height-page height-pagepage-image-text-block_7ec2300218f0af2ab17edd3f780a1a7e\" data-height-page-div=\"page-image-text-block_7ec2300218f0af2ab17edd3f780a1a7e\">\r\n\r\n                    <!--Icon Box-->\r\n                                        <div class=\"acf-innerblocks-container\"><\/div>                    <!-- .\/ Icon Box-->\r\n                    <div class=\"texteditor\">\r\n                        <h3><span style=\"color: #6ab651;\">Values are our signposts.<\/span><\/h3>\n<p>&nbsp;<\/p>\n<p>Our guiding principle: We want to be an \u201chonest merchant\u201d.<\/p>\n<p>This is why we base everything we do on our company\u2019s five core values:<\/p>\n<div class=\"nummber-list\" style=\"color: #454545; background-color: #ffffff;\">\n<ol>\n<li>Customer focus: The success of our company depends on our customers.  We aspire to surprise them positively every day and win them over with our products and services. Part of this ambition is to give them the best possible advice and to master our day-to-day business optimally.<\/li>\n<li>Entrepreneurial spirit: Our culture is marked by entrepreneurial spirit. We are proactive and seek and seize opportunities. Our locations largely operate with independence, so that they can make the decisions that are best for their local markets.<\/li>\n<li>Long-term vision: We strive to enjoy long-lasting success. Every decision we make is therefore rooted in the principles of financial stability.  In order to secure our future, we continually look for opportunities to further enhance our structures and our processes.<\/li>\n<li>Integrity: We keep our word. Everyone can rely on that - from our partners to each and every member of our team. We commit ourselves to fair competition and execute our business activities solely within the framework of the statutory regulations, and with integrity. We are obliged to honour our good name and reputation.<\/li>\n<li>Speed: To maintain our advantage, we operate with short lines of communication and simple processes. We intend to remain faster and better than our competitors.<\/li>\n<\/ol>\n<\/div>\n<p class=\" translation-block\">Our <a href=\"https:\/\/haertha.de\/wp-content\/uploads\/2023\/04\/haertha_group_code_of_conduct_v20220307.pdf\" target=\"_blank\" rel=\"noopener\"> Code of Conduct<\/a> defines our fair, sustainable business practices in detail.<\/p>\n\r\n                        <!--Icons Unten-->\r\n                        \r\n                        <!-- Button -->\r\n                        <div class=\"wrapper-button\">\r\n                            \r\n\r\n\r\n                        <\/div>\r\n                    <\/div>\r\n\r\n\r\n                <\/div>\r\n            <\/div>\r\n        <\/div>\r\n\r\n    <\/section>\r\n<\/div>","protected":false},"excerpt":{"rendered":"","protected":false},"author":9,"featured_media":0,"parent":2701,"menu_order":1,"comment_status":"closed","ping_status":"closed","template":"","meta":{"_acf_changed":false,"footnotes":""},"class_list":["post-667","page","type-page","status-publish","hentry"],"acf":[],"yoast_head":"<!-- This site is optimized with the Yoast SEO plugin v26.0 - https:\/\/yoast.com\/wordpress\/plugins\/seo\/ -->\n<title>Verantwortung | H\u00c4RTHA GROUP<\/title>\n<meta name=\"description\" content=\"In eine nachhaltige Zukunft - Als Wegbereiter und Wegbegleiter. \u2713 Umwelt \u2713 Soziales \u2713 Unternehmensf\u00fchrung.\" \/>\n<meta name=\"robots\" content=\"index, follow, max-snippet:-1, max-image-preview:large, max-video-preview:-1\" \/>\n<link rel=\"canonical\" href=\"https:\/\/haertha.de\/en\/company\/responsibility\/\" \/>\n<meta property=\"og:locale\" content=\"en_US\" \/>\n<meta property=\"og:type\" content=\"article\" \/>\n<meta property=\"og:title\" content=\"Verantwortung | H\u00c4RTHA GROUP\" \/>\n<meta property=\"og:description\" content=\"In eine nachhaltige Zukunft - Als Wegbereiter und Wegbegleiter. \u2713 Umwelt \u2713 Soziales \u2713 Unternehmensf\u00fchrung.\" \/>\n<meta property=\"og:url\" content=\"https:\/\/haertha.de\/en\/company\/responsibility\/\" \/>\n<meta property=\"og:site_name\" content=\"H\u00c4RTHA GROUP\" \/>\n<meta property=\"article:modified_time\" content=\"2025-07-29T05:19:47+00:00\" \/>\n<meta name=\"twitter:card\" content=\"summary_large_image\" \/>\n<script type=\"application\/ld+json\" class=\"yoast-schema-graph\">{\"@context\":\"https:\/\/schema.org\",\"@graph\":[{\"@type\":\"WebPage\",\"@id\":\"https:\/\/haertha.de\/unternehmen\/verantwortung\/\",\"url\":\"https:\/\/haertha.de\/unternehmen\/verantwortung\/\",\"name\":\"Verantwortung | H\u00c4RTHA GROUP\",\"isPartOf\":{\"@id\":\"https:\/\/haertha.de\/it\/#website\"},\"datePublished\":\"2023-02-14T11:17:43+00:00\",\"dateModified\":\"2025-07-29T05:19:47+00:00\",\"description\":\"In eine nachhaltige Zukunft - Als Wegbereiter und Wegbegleiter. \u2713 Umwelt \u2713 Soziales \u2713 Unternehmensf\u00fchrung.\",\"breadcrumb\":{\"@id\":\"https:\/\/haertha.de\/unternehmen\/verantwortung\/#breadcrumb\"},\"inLanguage\":\"en-US\",\"potentialAction\":[{\"@type\":\"ReadAction\",\"target\":[\"https:\/\/haertha.de\/unternehmen\/verantwortung\/\"]}]},{\"@type\":\"BreadcrumbList\",\"@id\":\"https:\/\/haertha.de\/unternehmen\/verantwortung\/#breadcrumb\",\"itemListElement\":[{\"@type\":\"ListItem\",\"position\":1,\"name\":\"Startseite\",\"item\":\"https:\/\/haertha.de\/it\/\"},{\"@type\":\"ListItem\",\"position\":2,\"name\":\"UNTERNEHMEN\",\"item\":\"https:\/\/haertha.de\/it\/azienda\/\"},{\"@type\":\"ListItem\",\"position\":3,\"name\":\"VERANTWORTUNG\"}]},{\"@type\":\"WebSite\",\"@id\":\"https:\/\/haertha.de\/it\/#website\",\"url\":\"https:\/\/haertha.de\/it\/\",\"name\":\"H\u00c4RTHA GROUP\",\"description\":\"Hardening Industries H\u00e4rterei H\u00c4RTHA GROUP.\",\"potentialAction\":[{\"@type\":\"SearchAction\",\"target\":{\"@type\":\"EntryPoint\",\"urlTemplate\":\"https:\/\/haertha.de\/it\/?s={search_term_string}\"},\"query-input\":{\"@type\":\"PropertyValueSpecification\",\"valueRequired\":true,\"valueName\":\"search_term_string\"}}],\"inLanguage\":\"en-US\"}]}<\/script>\n<!-- \/ Yoast SEO plugin. -->","yoast_head_json":{"title":"Responsibility | H\u00c4RTHA GROUP","description":"Into a sustainable future - As trailblazers and companion. \u2713 Environment \u2713 Social \u2713 Governance.","robots":{"index":"index","follow":"follow","max-snippet":"max-snippet:-1","max-image-preview":"max-image-preview:large","max-video-preview":"max-video-preview:-1"},"canonical":"https:\/\/haertha.de\/en\/company\/responsibility\/","og_locale":"en_US","og_type":"article","og_title":"Verantwortung | H\u00c4RTHA GROUP","og_description":"In eine nachhaltige Zukunft - Als Wegbereiter und Wegbegleiter. \u2713 Umwelt \u2713 Soziales \u2713 Unternehmensf\u00fchrung.","og_url":"https:\/\/haertha.de\/en\/company\/responsibility\/","og_site_name":"H\u00c4RTHA GROUP","article_modified_time":"2025-07-29T05:19:47+00:00","twitter_card":"summary_large_image","schema":{"@context":"https:\/\/schema.org","@graph":[{"@type":"WebPage","@id":"https:\/\/haertha.de\/unternehmen\/verantwortung\/","url":"https:\/\/haertha.de\/unternehmen\/verantwortung\/","name":"Responsibility | H\u00c4RTHA GROUP","isPartOf":{"@id":"https:\/\/haertha.de\/it\/#website"},"datePublished":"2023-02-14T11:17:43+00:00","dateModified":"2025-07-29T05:19:47+00:00","description":"Into a sustainable future - As trailblazers and companion. \u2713 Environment \u2713 Social \u2713 Governance.","breadcrumb":{"@id":"https:\/\/haertha.de\/unternehmen\/verantwortung\/#breadcrumb"},"inLanguage":"en-US","potentialAction":[{"@type":"ReadAction","target":["https:\/\/haertha.de\/unternehmen\/verantwortung\/"]}]},{"@type":"BreadcrumbList","@id":"https:\/\/haertha.de\/unternehmen\/verantwortung\/#breadcrumb","itemListElement":[{"@type":"ListItem","position":1,"name":"Startseite","item":"https:\/\/haertha.de\/it\/"},{"@type":"ListItem","position":2,"name":"UNTERNEHMEN","item":"https:\/\/haertha.de\/it\/azienda\/"},{"@type":"ListItem","position":3,"name":"VERANTWORTUNG"}]},{"@type":"WebSite","@id":"https:\/\/haertha.de\/it\/#website","url":"https:\/\/haertha.de\/it\/","name":"H\u00c4RTHA GROUP","description":"Hardening Industries H\u00e4rterei H\u00c4RTHA GROUP.","potentialAction":[{"@type":"SearchAction","target":{"@type":"EntryPoint","urlTemplate":"https:\/\/haertha.de\/it\/?s={search_term_string}"},"query-input":{"@type":"PropertyValueSpecification","valueRequired":true,"valueName":"search_term_string"}}],"inLanguage":"en-US"}]}},"_links":{"self":[{"href":"https:\/\/haertha.de\/en\/wp-json\/wp\/v2\/pages\/667","targetHints":{"allow":["GET"]}}],"collection":[{"href":"https:\/\/haertha.de\/en\/wp-json\/wp\/v2\/pages"}],"about":[{"href":"https:\/\/haertha.de\/en\/wp-json\/wp\/v2\/types\/page"}],"author":[{"embeddable":true,"href":"https:\/\/haertha.de\/en\/wp-json\/wp\/v2\/users\/9"}],"replies":[{"embeddable":true,"href":"https:\/\/haertha.de\/en\/wp-json\/wp\/v2\/comments?post=667"}],"version-history":[{"count":200,"href":"https:\/\/haertha.de\/en\/wp-json\/wp\/v2\/pages\/667\/revisions"}],"predecessor-version":[{"id":12909,"href":"https:\/\/haertha.de\/en\/wp-json\/wp\/v2\/pages\/667\/revisions\/12909"}],"up":[{"embeddable":true,"href":"https:\/\/haertha.de\/en\/wp-json\/wp\/v2\/pages\/2701"}],"wp:attachment":[{"href":"https:\/\/haertha.de\/en\/wp-json\/wp\/v2\/media?parent=667"}],"curies":[{"name":"wp","href":"https:\/\/api.w.org\/{rel}","templated":true}]}}