{"id":2989,"date":"2023-03-17T10:28:17","date_gmt":"2023-03-17T09:28:17","guid":{"rendered":"http:\/\/haertha.dev.neuekommunikation.de\/wordpress\/?page_id=2989"},"modified":"2024-03-19T21:06:03","modified_gmt":"2024-03-19T20:06:03","slug":"legal-information","status":"publish","type":"page","link":"https:\/\/haertha.de\/en\/legal-information\/","title":{"rendered":"LEGAL INFORMATION"},"content":{"rendered":"<div style=\"height:100px\" aria-hidden=\"true\" class=\"wp-block-spacer\"><\/div>\n\n\n<div id=\"page-textfeldblock_3e23861f2b1b6fcf04159be598e07d2c\" class=\"page-textfeld\" style=\"margin-top:var(--wp--preset--spacing--60);margin-bottom:var(--wp--preset--spacing--60);\">\r\n\r\n    <section class=\"is-style-style_02\">\r\n        <div class=\"wrapper-grid\">\r\n            <div class=\"content-body\">\r\n                <div class=\"headline\">\r\n                    <h2>LEGAL INFORMATION<\/h2>\r\n                <\/div>\r\n                <div class=\"texteditor\">\r\n                    <p><strong><span style=\"color: #6ab651;\">Information as per Section 5 of the German Telemedia Act (TMG):<\/span><\/strong><\/p>\n<p>H\u00c4RTHA GROUP GmbH, Joseph-von-Fraunhofer-Strasse 3a, 52477 Alsdorf, Germany I Represented by: Sven Killmer, Timo R\u00f6skes<\/p>\n<p>&nbsp;<\/p>\n<p><strong><span style=\"color: #6ab651;\">Contact:<\/span><\/strong><\/p>\n<p>Phone: +49 2404 922230 I E-mail: info@haertha.de<\/p>\n<p>&nbsp;<\/p>\n<p><strong><span style=\"color: #6ab651;\">Register entry:<\/span><\/strong><\/p>\n<p>Entry in commercial register: D\u00fcren Register Court I Register number HRB 7855<\/p>\n<p>&nbsp;<\/p>\n<p><strong><span style=\"color: #6ab651;\">VAT ID no.:<\/span><\/strong><\/p>\n<p>VAT identification number as per Section 27 of the German VAT Act: DE316994381<\/p>\n<p>&nbsp;<\/p>\n<p><strong><span style=\"color: #6ab651;\">Source references for the images and videos used:<\/span><\/strong><\/p>\n<p>Film and photo production: WEITSICHT Filmproduktion \u2013 Markus Kauert<\/p>\n<p>&nbsp;<\/p>\n<p>&nbsp;<\/p>\n<h2>DISCLAIMER<\/h2>\n<p><strong><span style=\"color: #6ab651;\">Liability for contents<\/span><\/strong><\/p>\n<p>As a service provider, we bear responsibility for our own content on these pages as per Section 7, Paragraph 1 of the TMG and as per the general legislation. As per Sections 8 to 10 of the TMG, we as a service provider are not obliged to monitor transferred or stored third party information. Nor are we obliged to investigate circumstances that indicate a violation of the law. Obligations to delete or block the use of information as per general legislation remain unaffected by this. Any liability related to this is possible only from the point of notice of an actual violation of the law. Upon knowledge of any such violations, we will remove this content immediately.<\/p>\n<p>&nbsp;<\/p>\n<p><strong><span style=\"color: #6ab651;\">Liability for links<\/span><\/strong><\/p>\n<p>Our offer includes links to external third-party websites over whose content we have no influence. Therefore we can also assume no liability for these third-party contents. The respective provider or operator of the website shall always bear responsibility for the contents of linked websites. The linked websites are checked for possible legal violations at the time they are linked to. Any content that violates the law was not apparent at the time of linking. Permanent monitoring of the contents of external linked sites for any concrete evidence of a violation is also not reasonable. Upon knowledge of any such violations, we will remove the affected links immediately.<\/p>\n<p>&nbsp;<\/p>\n<p><strong><span style=\"color: #6ab651;\">Copyright<\/span><\/strong><\/p>\n<p>Content and works created by the website operator on this website are subject to German law. The reproduction, editing, distribution and all kinds of use outside the limits of copyright law require the written approval of the respective author or creator. Downloads and copies of these pages are permitted only for private, non-commercial use. Insofar as the contents of this website were not created by the operator, the copyrights of third parties shall be observed. Third party content shall be specifically identified as such. Should you nevertheless become aware of a breach of copyright, please inform us of this. Upon knowledge of any such violations, we will remove the affected content immediately.<\/p>\n<p>[borlabs-cookie type=&#8220;btn-cookie-preference&#8220; title=&#8220;Lorem ipsum&#8220;\/]<\/p>\n                <\/div>\r\n                            <\/div>\r\n        <\/div>\r\n\r\n    <\/section>\r\n\r\n<\/div>","protected":false},"excerpt":{"rendered":"","protected":false},"author":9,"featured_media":0,"parent":0,"menu_order":0,"comment_status":"closed","ping_status":"closed","template":"","meta":{"_acf_changed":false,"footnotes":""},"class_list":["post-2989","page","type-page","status-publish","hentry"],"acf":[],"yoast_head":"<!-- This site is optimized with the Yoast SEO plugin v26.0 - https:\/\/yoast.com\/wordpress\/plugins\/seo\/ -->\n<title>Impressum | H\u00c4RTHA GROUP<\/title>\n<meta name=\"description\" content=\"Impressum H\u00c4RTHA GROUP GmbH, Joseph-von-Fraunhofer-Stra\u00dfe 3a, 52477 Alsdorf, Germany I Vertreten durch: Sven Killmer, Timo R\u00f6skes.\" \/>\n<meta name=\"robots\" content=\"index, follow, max-snippet:-1, max-image-preview:large, max-video-preview:-1\" \/>\n<link rel=\"canonical\" href=\"https:\/\/haertha.de\/en\/legal-information\/\" \/>\n<meta property=\"og:locale\" content=\"en_US\" \/>\n<meta property=\"og:type\" content=\"article\" \/>\n<meta property=\"og:title\" content=\"Impressum | H\u00c4RTHA GROUP\" \/>\n<meta property=\"og:description\" content=\"Impressum H\u00c4RTHA GROUP GmbH, Joseph-von-Fraunhofer-Stra\u00dfe 3a, 52477 Alsdorf, Germany I Vertreten durch: Sven Killmer, Timo R\u00f6skes.\" \/>\n<meta property=\"og:url\" content=\"https:\/\/haertha.de\/en\/legal-information\/\" \/>\n<meta property=\"og:site_name\" content=\"H\u00c4RTHA GROUP\" \/>\n<meta property=\"article:modified_time\" content=\"2024-03-19T20:06:03+00:00\" \/>\n<meta name=\"twitter:card\" content=\"summary_large_image\" \/>\n<script type=\"application\/ld+json\" class=\"yoast-schema-graph\">{\"@context\":\"https:\/\/schema.org\",\"@graph\":[{\"@type\":\"WebPage\",\"@id\":\"https:\/\/haertha.de\/impressum\/\",\"url\":\"https:\/\/haertha.de\/impressum\/\",\"name\":\"Impressum | H\u00c4RTHA GROUP\",\"isPartOf\":{\"@id\":\"https:\/\/haertha.de\/it\/#website\"},\"datePublished\":\"2023-03-17T09:28:17+00:00\",\"dateModified\":\"2024-03-19T20:06:03+00:00\",\"description\":\"Impressum H\u00c4RTHA GROUP GmbH, Joseph-von-Fraunhofer-Stra\u00dfe 3a, 52477 Alsdorf, Germany I Vertreten durch: Sven Killmer, Timo R\u00f6skes.\",\"breadcrumb\":{\"@id\":\"https:\/\/haertha.de\/impressum\/#breadcrumb\"},\"inLanguage\":\"en-US\",\"potentialAction\":[{\"@type\":\"ReadAction\",\"target\":[\"https:\/\/haertha.de\/impressum\/\"]}]},{\"@type\":\"BreadcrumbList\",\"@id\":\"https:\/\/haertha.de\/impressum\/#breadcrumb\",\"itemListElement\":[{\"@type\":\"ListItem\",\"position\":1,\"name\":\"Startseite\",\"item\":\"https:\/\/haertha.de\/it\/\"},{\"@type\":\"ListItem\",\"position\":2,\"name\":\"IMPRESSUM\"}]},{\"@type\":\"WebSite\",\"@id\":\"https:\/\/haertha.de\/it\/#website\",\"url\":\"https:\/\/haertha.de\/it\/\",\"name\":\"H\u00c4RTHA GROUP\",\"description\":\"Hardening Industries H\u00e4rterei H\u00c4RTHA GROUP.\",\"potentialAction\":[{\"@type\":\"SearchAction\",\"target\":{\"@type\":\"EntryPoint\",\"urlTemplate\":\"https:\/\/haertha.de\/it\/?s={search_term_string}\"},\"query-input\":{\"@type\":\"PropertyValueSpecification\",\"valueRequired\":true,\"valueName\":\"search_term_string\"}}],\"inLanguage\":\"en-US\"}]}<\/script>\n<!-- \/ Yoast SEO plugin. -->","yoast_head_json":{"title":"Terms &amp; Conditions | H\u00c4RTHA GROUP","description":"Legal Information H\u00c4RTHA GROUP GmbH, Joseph-von-Fraunhofer-Stra\u00dfe 3a, 52477 Alsdorf, Germany I Represented by: Sven Killmer, Timo R\u00f6skes.","robots":{"index":"index","follow":"follow","max-snippet":"max-snippet:-1","max-image-preview":"max-image-preview:large","max-video-preview":"max-video-preview:-1"},"canonical":"https:\/\/haertha.de\/en\/legal-information\/","og_locale":"en_US","og_type":"article","og_title":"Impressum | H\u00c4RTHA GROUP","og_description":"Impressum H\u00c4RTHA GROUP GmbH, Joseph-von-Fraunhofer-Stra\u00dfe 3a, 52477 Alsdorf, Germany I Vertreten durch: Sven Killmer, Timo R\u00f6skes.","og_url":"https:\/\/haertha.de\/en\/legal-information\/","og_site_name":"H\u00c4RTHA GROUP","article_modified_time":"2024-03-19T20:06:03+00:00","twitter_card":"summary_large_image","schema":{"@context":"https:\/\/schema.org","@graph":[{"@type":"WebPage","@id":"https:\/\/haertha.de\/impressum\/","url":"https:\/\/haertha.de\/impressum\/","name":"Terms &amp; Conditions | H\u00c4RTHA GROUP","isPartOf":{"@id":"https:\/\/haertha.de\/it\/#website"},"datePublished":"2023-03-17T09:28:17+00:00","dateModified":"2024-03-19T20:06:03+00:00","description":"Legal Information H\u00c4RTHA GROUP GmbH, Joseph-von-Fraunhofer-Stra\u00dfe 3a, 52477 Alsdorf, Germany I Represented by: Sven Killmer, Timo R\u00f6skes.","breadcrumb":{"@id":"https:\/\/haertha.de\/impressum\/#breadcrumb"},"inLanguage":"en-US","potentialAction":[{"@type":"ReadAction","target":["https:\/\/haertha.de\/impressum\/"]}]},{"@type":"BreadcrumbList","@id":"https:\/\/haertha.de\/impressum\/#breadcrumb","itemListElement":[{"@type":"ListItem","position":1,"name":"Startseite","item":"https:\/\/haertha.de\/it\/"},{"@type":"ListItem","position":2,"name":"IMPRESSUM"}]},{"@type":"WebSite","@id":"https:\/\/haertha.de\/it\/#website","url":"https:\/\/haertha.de\/it\/","name":"H\u00c4RTHA GROUP","description":"Hardening Industries H\u00e4rterei H\u00c4RTHA GROUP.","potentialAction":[{"@type":"SearchAction","target":{"@type":"EntryPoint","urlTemplate":"https:\/\/haertha.de\/it\/?s={search_term_string}"},"query-input":{"@type":"PropertyValueSpecification","valueRequired":true,"valueName":"search_term_string"}}],"inLanguage":"en-US"}]}},"_links":{"self":[{"href":"https:\/\/haertha.de\/en\/wp-json\/wp\/v2\/pages\/2989","targetHints":{"allow":["GET"]}}],"collection":[{"href":"https:\/\/haertha.de\/en\/wp-json\/wp\/v2\/pages"}],"about":[{"href":"https:\/\/haertha.de\/en\/wp-json\/wp\/v2\/types\/page"}],"author":[{"embeddable":true,"href":"https:\/\/haertha.de\/en\/wp-json\/wp\/v2\/users\/9"}],"replies":[{"embeddable":true,"href":"https:\/\/haertha.de\/en\/wp-json\/wp\/v2\/comments?post=2989"}],"version-history":[{"count":28,"href":"https:\/\/haertha.de\/en\/wp-json\/wp\/v2\/pages\/2989\/revisions"}],"predecessor-version":[{"id":10962,"href":"https:\/\/haertha.de\/en\/wp-json\/wp\/v2\/pages\/2989\/revisions\/10962"}],"wp:attachment":[{"href":"https:\/\/haertha.de\/en\/wp-json\/wp\/v2\/media?parent=2989"}],"curies":[{"name":"wp","href":"https:\/\/api.w.org\/{rel}","templated":true}]}}