{"id":2701,"date":"2023-03-13T14:58:53","date_gmt":"2023-03-13T13:58:53","guid":{"rendered":"http:\/\/haertha.dev.neuekommunikation.de\/wordpress\/?page_id=2701"},"modified":"2023-05-02T12:01:19","modified_gmt":"2023-05-02T10:01:19","slug":"company","status":"publish","type":"page","link":"https:\/\/haertha.de\/en\/company\/","title":{"rendered":"COMPANY"},"content":{"rendered":"<section id=\"page-hero-slider-pictures-video-block_7afe5310f62769b6062d73c1a76215bb\" class=\"page-hero-slider-pictures-video\">\r\n\r\n    <div class=\"wrapper video-wrapper\">\r\n\r\n        <!-- Image BG -->\r\n                \r\n        <!-- Video BG -->\r\n                    <div class=\"video-loop\">\r\n                <iframe loading=\"lazy\" title=\"LOOP_Imagefilm2\" src=\"https:\/\/player.vimeo.com\/video\/815305189?h=44878d05be&amp;dnt=1&amp;app_id=122963&#038;controls=0&#038;hd=1&#038;loop=1&#038;autohide=0&#038;autoplay=1&#038;muted=1&#038;dnt=1\" width=\"640\" height=\"300\" frameborder=\"0\" allow=\"autoplay; fullscreen; picture-in-picture; clipboard-write; encrypted-media; web-share\" referrerpolicy=\"strict-origin-when-cross-origin\"><\/iframe>                <!--Video-->\r\n                            <\/div>\r\n        \r\n        <div class=\"headline-wrapper\">\r\n            <div class=\"hadline-body\">\r\n                <!-- Headline Page -->\r\n                                    <div class=\"headline-page parallax-16\">\r\n                    <h1>COMPANY<\/h1>                    <\/div>\r\n                \r\n                <!-- Headline Modul -->\r\n                                                                <\/div>\r\n        <\/div>\r\n\r\n    <\/div>\r\n\r\n    <!-- text -->\r\n            <div class=\"wrapper-text parallax-15\">\r\n            <div class=\"text\">\r\n                <h2><span style=\"color: #6ab651;\">Teamwork on all levels.<\/span><\/h2>\n<p>The H\u00c4RTHA GROUP is one of Europe's leading service providers for state-of-the-art heat treatment and coating processes. The Group is composed of closely interlinked and smoothly cooperating business units and over 10 locations spread across Europe. In our industry we are a byword for perfected processes and an obligation to the highest quality standards. We also do everything in our power to contribute to a sustainable future. For this, the H\u00c4RTHA GROUP has set the objective of a 46% reduction in its CO2 emissions by 2030.<\/p>\n            <\/div>\r\n        <\/div>\r\n    \r\n<\/section>\r\n\r\n\r\n\r\n\r\n\r\n\n\n\r\n<div id=\"page-image-text-block_5008425068e489b0a5518d61e2232e86\" class=\"page-image-text\"  style=\"\">\r\n    <section class=\"has-align-text-left is-style-style_01\">\r\n        \r\n        <div class=\"wrapper-grid div-height-pagepage-image-text-block_5008425068e489b0a5518d61e2232e86\">\r\n            <div class=\"wrapper-image\">\r\n                <div class=\"image\">\r\n                                            <img decoding=\"async\" class=\"parallax-7\" src=\"https:\/\/haertha.de\/wp-content\/uploads\/2023\/03\/Unternehmen-ueber-uns-aspect-ratio-933-658.png\" alt=\"\" \/>\r\n                    \r\n                    <!-- Video Popup -->\r\n                    \r\n                    <!-- Image Popup -->\r\n                    \r\n                <\/div>\r\n            <\/div>\r\n\r\n            <div class=\"wrapper-content parallax-5\">\r\n\r\n                                    <div class=\"headline\">\r\n                        <h2 class=\"head\">ABOUT US<\/h2>\r\n                    <\/div>\r\n                \r\n                <div class=\"body-content texteditor text-height-page height-pagepage-image-text-block_5008425068e489b0a5518d61e2232e86\" data-height-page-div=\"page-image-text-block_5008425068e489b0a5518d61e2232e86\">\r\n\r\n                    <!--Icon Box-->\r\n                                        <div class=\"acf-innerblocks-container\"><\/div>                    <!-- .\/ Icon Box-->\r\n                    <div class=\"texteditor\">\r\n                        <h3><span style=\"color: #6ab651;\">Our motivation:<\/span><br \/>\n<span style=\"color: #6ab651;\">We improve what matters.<\/span><\/h3>\n<p>We make sure that our customers' components will stand up to the toughest challenges in any critical situation. We furnish them with that extra layer of endurance, resistance, and performance.<\/p>\n\r\n                        <!--Icons Unten-->\r\n                        \r\n                        <!-- Button -->\r\n                        <div class=\"wrapper-button\">\r\n                                <a href=\"https:\/\/haertha.de\/en\/company\/about-us\/\" class=\"btn-cta btn-text-bilder-icon\" data-target=\"https:\/\/haertha.de\/en\/company\/about-us\/\">\r\n        <span class=\"btn-decor-left\"><\/span>\r\n                    Learn more                <span class=\"btn-decor-right\"><\/span>\r\n    <\/a>\r\n\r\n\r\n\r\n                        <\/div>\r\n                    <\/div>\r\n\r\n\r\n                <\/div>\r\n            <\/div>\r\n        <\/div>\r\n\r\n    <\/section>\r\n<\/div>\r\n\r\n\r\n\r\n\r\n\r\n\r\n\r\n\r\n\r\n\r\n\r\n\r\n\r\n\r\n\n\n\r\n<div id=\"page-image-text-block_e96f1fcea2d5cc1ff135caec9afd28b4\" class=\"page-image-text\"  style=\"\">\r\n    <section class=\"has-align-text-right is-style-style_01\">\r\n        \r\n        <div class=\"wrapper-grid div-height-pagepage-image-text-block_e96f1fcea2d5cc1ff135caec9afd28b4\">\r\n            <div class=\"wrapper-image\">\r\n                <div class=\"image\">\r\n                                            <img decoding=\"async\" class=\"parallax-7\" src=\"https:\/\/haertha.de\/wp-content\/uploads\/2023\/03\/Unternehmen-Verantwortung-aspect-ratio-933-658.png\" alt=\"\" \/>\r\n                    \r\n                    <!-- Video Popup -->\r\n                    \r\n                    <!-- Image Popup -->\r\n                    \r\n                <\/div>\r\n            <\/div>\r\n\r\n            <div class=\"wrapper-content parallax-5\">\r\n\r\n                                    <div class=\"headline\">\r\n                        <h2 class=\"head\">RESPONSIBILITY<\/h2>\r\n                    <\/div>\r\n                \r\n                <div class=\"body-content texteditor text-height-page height-pagepage-image-text-block_e96f1fcea2d5cc1ff135caec9afd28b4\" data-height-page-div=\"page-image-text-block_e96f1fcea2d5cc1ff135caec9afd28b4\">\r\n\r\n                    <!--Icon Box-->\r\n                                        <div class=\"acf-innerblocks-container\"><\/div>                    <!-- .\/ Icon Box-->\r\n                    <div class=\"texteditor\">\r\n                        <h3><span style=\"color: #6ab651;\">Trailblazers. Companions.<\/span><br \/>\n<span style=\"color: #6ab651;\">Into a sustainable future.<\/span><\/h3>\n<p>Sustainability is our core business. We support industry on its way to greater sustainability. We apply tailored surface technology so that components last longer, and we play our part in preserving valuable resources. We pave the way for such future technologies as e-mobility by making components lighter while preserving their durability.<\/p>\n\r\n                        <!--Icons Unten-->\r\n                        \r\n                        <!-- Button -->\r\n                        <div class=\"wrapper-button\">\r\n                                <a href=\"https:\/\/haertha.de\/en\/company\/responsibility\/\" class=\"btn-cta btn-text-bilder-icon\" data-target=\"https:\/\/haertha.de\/en\/company\/responsibility\/\">\r\n        <span class=\"btn-decor-left\"><\/span>\r\n                    Learn more                <span class=\"btn-decor-right\"><\/span>\r\n    <\/a>\r\n\r\n\r\n\r\n                        <\/div>\r\n                    <\/div>\r\n\r\n\r\n                <\/div>\r\n            <\/div>\r\n        <\/div>\r\n\r\n    <\/section>\r\n<\/div>\r\n\r\n\r\n\r\n\r\n\r\n\r\n\r\n\r\n\r\n\r\n\r\n\r\n\r\n\r\n\n\n\r\n\r\n<div id=\"page-slider-individuellblock_93a97f3bd70140ce0ae024da25a0ec9e\" class=\"page-slider-individuell\" style=\"margin-top:var(--wp--preset--spacing--40);margin-bottom:var(--wp--preset--spacing--40);\">\r\n\r\n    <section class=\"\">\r\n\r\n        <!--wrap-grid-->\r\n        <div class=\"wrap-grid\">\r\n\r\n            <div class=\"item-headline parallax\">\r\n                                    <h2 class=\"headlines-background-color-h2\">NEWS<\/h2>\r\n                            <\/div>\r\n\r\n            <div class=\"item-slider-content\">\r\n\r\n                <!-- Swiper Image-->\r\n                <div class=\"swiper mySwiperContent\">\r\n                    <div class=\"swiper-wrapper\">\r\n\r\n                                                                                                                    <div class=\"swiper-slide\">\r\n                                    <div class=\"wrapper-content\">\r\n                                        <h2>GOLD STATUS<\/h2>\r\n                                        <p>After conducting an extensive ESG audit, Eurazeo, one of the leading global investment companies, has awarded us the Gold Status. Our projects relating to sustainable energy supply and CO2 reduction received particular recognition.<\/p>\r\n                                        \r\n                                    <!-- Button -->\r\n                                    <div class=\"wrapper-button\">\r\n                                        \r\n                                                                                <a href=\"https:\/\/haertha.de\/en\/news\/haertha-group-awarded-gold-status-by-esg-audit\/\" class=\"btn-cta btn-text-bilder-icon\">\r\n                                            <span class=\"btn-decor-left\"><\/span>\r\n                                                                                            Go to news                                                                                        <span class=\"btn-decor-right\"><\/span>\r\n                                        <\/a>    \r\n                                        \r\n                                        <\/div>\r\n                                    <\/div>\r\n                                <\/div>\r\n                                                                                            <div class=\"swiper-slide\">\r\n                                    <div class=\"wrapper-content\">\r\n                                        <h2>NEW STATE-OF-THE-ART LPC SYSTEM...<\/h2>\r\n                                        <p>The first trucks were unloaded yesterday, and our co-workers in Italy immediately started to commission the new system.<\/p>\r\n                                        \r\n                                    <!-- Button -->\r\n                                    <div class=\"wrapper-button\">\r\n                                        \r\n                                                                                <a href=\"https:\/\/haertha.de\/en\/news\/new-state-of-the-art-lpc-system-at-verdello-location\/\" class=\"btn-cta btn-text-bilder-icon\">\r\n                                            <span class=\"btn-decor-left\"><\/span>\r\n                                                                                            Go to news                                                                                        <span class=\"btn-decor-right\"><\/span>\r\n                                        <\/a>    \r\n                                        \r\n                                        <\/div>\r\n                                    <\/div>\r\n                                <\/div>\r\n                                                                                            <div class=\"swiper-slide\">\r\n                                    <div class=\"wrapper-content\">\r\n                                        <h2>SOLAR POWER HARDENS STEEL<\/h2>\r\n                                        <p>Aldenhoven\/Karlsruhe. Whether used in the automotive industry, wind energy, aerospace, or everyday life, components made of hardened steel are needed in many areas.<\/p>\r\n                                        \r\n                                    <!-- Button -->\r\n                                    <div class=\"wrapper-button\">\r\n                                        \r\n                                                                                <a href=\"https:\/\/haertha.de\/en\/news\/solar-power-hardens-steel\/\" class=\"btn-cta btn-text-bilder-icon\">\r\n                                            <span class=\"btn-decor-left\"><\/span>\r\n                                                                                            Go to news                                                                                        <span class=\"btn-decor-right\"><\/span>\r\n                                        <\/a>    \r\n                                        \r\n                                        <\/div>\r\n                                    <\/div>\r\n                                <\/div>\r\n                                                    \r\n                    <\/div>\r\n\r\n                <\/div>\r\n\r\n            <\/div>\r\n\r\n            <div class=\"item-slider-image\">\r\n\r\n                <!-- Swiper Image-->\r\n                <div class=\"swiper_wrap\">\r\n                    <div class=\"swiper mySwiperImage\">\r\n                        <div class=\"swiper-wrapper\">\r\n\r\n                                                                                                                                    <div class=\"swiper-slide\">\r\n                                        <div class=\"wrapper-image\">\r\n                                            <span>GOLD STATUS<\/span>\r\n                                            <img decoding=\"async\" class=\"slide-image\" src=\"https:\/\/haertha.de\/wp-content\/uploads\/2023\/03\/group_pokal_202207_100px_image-1.png\" alt=\"\" \/>\r\n                                        <\/div>\r\n                                    <\/div>\r\n                                                                                                        <div class=\"swiper-slide\">\r\n                                        <div class=\"wrapper-image\">\r\n                                            <span>LPC SYSTEM<\/span>\r\n                                            <img decoding=\"async\" class=\"slide-image\" src=\"https:\/\/haertha.de\/wp-content\/uploads\/2023\/03\/verdello_lpc_1200px.png\" alt=\"\" \/>\r\n                                        <\/div>\r\n                                    <\/div>\r\n                                                                                                        <div class=\"swiper-slide\">\r\n                                        <div class=\"wrapper-image\">\r\n                                            <span>SOLAR POWER HARDENS STEEL<\/span>\r\n                                            <img decoding=\"async\" class=\"slide-image\" src=\"https:\/\/haertha.de\/wp-content\/uploads\/2023\/02\/Massbach_Drohne_Bildquelle-EnBW_SPM_500px.jpeg\" alt=\"\" \/>\r\n                                        <\/div>\r\n                                    <\/div>\r\n                                                            \r\n                        <\/div>\r\n\r\n                    <\/div>\r\n                    <div class=\"swiper-button-next\"><\/div>\r\n                <\/div>\r\n\r\n\r\n            <\/div>\r\n\r\n        \r\n\r\n            \r\n            <div class=\"background\"><\/div>\r\n                            <div class=\"item-wrapper-button\">\r\n                                        <a href=\"https:\/\/haertha.de\/en\/news\/\" class=\"btn-cta btn-text-bilder-icon\" data-target=\"https:\/\/haertha.de\/en\/news\/\">\r\n                            <span class=\"btn-decor-left\"><\/span>\r\n                                                            Show all news                                                        <span class=\"btn-decor-right\"><\/span>\r\n                        <\/a>\r\n                        <\/div>\r\n                                                    \r\n\r\n        <\/div>\r\n        <!--\/. wrap-grid-->\r\n\r\n    <\/section>\r\n<\/div>\r\n\r\n\r\n\r\n\n\n\r\n<div id=\"page-image-text-block_e661a60fca380799614114be5a150ee4\" class=\"page-image-text\"  style=\"\">\r\n    <section class=\"has-align-text-left is-style-style_01\">\r\n        \r\n        <div class=\"wrapper-grid div-height-pagepage-image-text-block_e661a60fca380799614114be5a150ee4\">\r\n            <div class=\"wrapper-image\">\r\n                <div class=\"image\">\r\n                                            <img decoding=\"async\" class=\"parallax-7\" src=\"https:\/\/haertha.de\/wp-content\/uploads\/2023\/03\/Karriere-Hero-P1006540-aspect-ratio-933-658.png\" alt=\"\" \/>\r\n                    \r\n                    <!-- Video Popup -->\r\n                    \r\n                    <!-- Image Popup -->\r\n                    \r\n                <\/div>\r\n            <\/div>\r\n\r\n            <div class=\"wrapper-content parallax-5\">\r\n\r\n                                    <div class=\"headline\">\r\n                        <h2 class=\"head\">CAREERS<\/h2>\r\n                    <\/div>\r\n                \r\n                <div class=\"body-content texteditor text-height-page height-pagepage-image-text-block_e661a60fca380799614114be5a150ee4\" data-height-page-div=\"page-image-text-block_e661a60fca380799614114be5a150ee4\">\r\n\r\n                    <!--Icon Box-->\r\n                                        <div class=\"acf-innerblocks-container\"><\/div>                    <!-- .\/ Icon Box-->\r\n                    <div class=\"texteditor\">\r\n                        <h3><span style=\"color: #6ab651;\">Become a part of the H\u00c4RTHA success story.<\/span><\/h3>\n<p>It is the dedicated members of our staff who make all the difference. They are the ones who use their experience and know-how to advise our customers in the best possible way and face-to-face. They extend our technological and innovative lead in the field of heat treatment and coating processes.<\/p>\n\r\n                        <!--Icons Unten-->\r\n                        \r\n                        <!-- Button -->\r\n                        <div class=\"wrapper-button\">\r\n                                <a href=\"https:\/\/haertha.de\/en\/company\/careers\/\" class=\"btn-cta btn-text-bilder-icon\" data-target=\"https:\/\/haertha.de\/en\/company\/careers\/\">\r\n        <span class=\"btn-decor-left\"><\/span>\r\n                    Learn more                <span class=\"btn-decor-right\"><\/span>\r\n    <\/a>\r\n\r\n\r\n\r\n                        <\/div>\r\n                    <\/div>\r\n\r\n\r\n                <\/div>\r\n            <\/div>\r\n        <\/div>\r\n\r\n    <\/section>\r\n<\/div>\r\n\r\n\r\n\r\n\r\n\r\n\r\n\r\n\r\n\r\n\r\n\r\n\r\n\r\n\r\n\n\n<div id=\"page-textfeldblock_c01a6157caae3951d1204501557dd6da\" class=\"page-textfeld\" style=\"\">\r\n\r\n    <section class=\"is-style-style_01\">\r\n        <div class=\"wrapper-grid\">\r\n            <div class=\"content-body\">\r\n                <div class=\"headline\">\r\n                    <h2>DOWNLOADS<\/h2>\r\n                <\/div>\r\n                <div class=\"texteditor\">\r\n                    <p>Would you like to read everything again and review it in greater depth? No problem. In our download area, you will find all of our certificates and current brochures.<\/p>\n                <\/div>\r\n                                <div class=\"wrapper-button\">\r\n                    <!-- Button -->\r\n                        <a href=\"https:\/\/haertha.de\/en\/company\/downloads\/\" class=\"btn-cta btn-text-bilder-icon\" data-target=\"https:\/\/haertha.de\/en\/company\/downloads\/\">\r\n        <span class=\"btn-decor-left\"><\/span>\r\n                    Go to downloads                <span class=\"btn-decor-right\"><\/span>\r\n    <\/a>\r\n\r\n\r\n\r\n                <\/div>\r\n                            <\/div>\r\n        <\/div>\r\n\r\n    <\/section>\r\n\r\n<\/div>","protected":false},"excerpt":{"rendered":"","protected":false},"author":9,"featured_media":0,"parent":0,"menu_order":0,"comment_status":"closed","ping_status":"closed","template":"","meta":{"_acf_changed":false,"footnotes":""},"class_list":["post-2701","page","type-page","status-publish","hentry"],"acf":[],"yoast_head":"<!-- This site is optimized with the Yoast SEO plugin v26.0 - https:\/\/yoast.com\/wordpress\/plugins\/seo\/ -->\n<title>Unternehmen | H\u00c4RTHA GROUP<\/title>\n<meta name=\"description\" content=\"Europaweit f\u00fchrender Dienstleister f\u00fcr W\u00e4rmebehandlungs- und Beschichtungsverfahren \u2713 \u00dcber uns \u2713 News \u2713 Karriere.\" \/>\n<meta name=\"robots\" content=\"index, follow, max-snippet:-1, max-image-preview:large, max-video-preview:-1\" \/>\n<link rel=\"canonical\" href=\"https:\/\/haertha.de\/en\/company\/\" \/>\n<meta property=\"og:locale\" content=\"en_US\" \/>\n<meta property=\"og:type\" content=\"article\" \/>\n<meta property=\"og:title\" content=\"Unternehmen | H\u00c4RTHA GROUP\" \/>\n<meta property=\"og:description\" content=\"Europaweit f\u00fchrender Dienstleister f\u00fcr W\u00e4rmebehandlungs- und Beschichtungsverfahren \u2713 \u00dcber uns \u2713 News \u2713 Karriere.\" \/>\n<meta property=\"og:url\" content=\"https:\/\/haertha.de\/en\/company\/\" \/>\n<meta property=\"og:site_name\" content=\"H\u00c4RTHA GROUP\" \/>\n<meta property=\"article:modified_time\" content=\"2023-05-02T10:01:19+00:00\" \/>\n<meta name=\"twitter:card\" content=\"summary_large_image\" \/>\n<script type=\"application\/ld+json\" class=\"yoast-schema-graph\">{\"@context\":\"https:\/\/schema.org\",\"@graph\":[{\"@type\":\"WebPage\",\"@id\":\"https:\/\/haertha.de\/it\/azienda\/\",\"url\":\"https:\/\/haertha.de\/it\/azienda\/\",\"name\":\"Unternehmen | H\u00c4RTHA GROUP\",\"isPartOf\":{\"@id\":\"https:\/\/haertha.de\/it\/#website\"},\"datePublished\":\"2023-03-13T13:58:53+00:00\",\"dateModified\":\"2023-05-02T10:01:19+00:00\",\"description\":\"Europaweit f\u00fchrender Dienstleister f\u00fcr W\u00e4rmebehandlungs- und Beschichtungsverfahren \u2713 \u00dcber uns \u2713 News \u2713 Karriere.\",\"breadcrumb\":{\"@id\":\"https:\/\/haertha.de\/it\/azienda\/#breadcrumb\"},\"inLanguage\":\"en-US\",\"potentialAction\":[{\"@type\":\"ReadAction\",\"target\":[\"https:\/\/haertha.de\/it\/azienda\/\"]}]},{\"@type\":\"BreadcrumbList\",\"@id\":\"https:\/\/haertha.de\/it\/azienda\/#breadcrumb\",\"itemListElement\":[{\"@type\":\"ListItem\",\"position\":1,\"name\":\"Startseite\",\"item\":\"https:\/\/haertha.de\/it\/\"},{\"@type\":\"ListItem\",\"position\":2,\"name\":\"UNTERNEHMEN\"}]},{\"@type\":\"WebSite\",\"@id\":\"https:\/\/haertha.de\/it\/#website\",\"url\":\"https:\/\/haertha.de\/it\/\",\"name\":\"H\u00c4RTHA GROUP\",\"description\":\"Hardening Industries H\u00e4rterei H\u00c4RTHA GROUP.\",\"potentialAction\":[{\"@type\":\"SearchAction\",\"target\":{\"@type\":\"EntryPoint\",\"urlTemplate\":\"https:\/\/haertha.de\/it\/?s={search_term_string}\"},\"query-input\":{\"@type\":\"PropertyValueSpecification\",\"valueRequired\":true,\"valueName\":\"search_term_string\"}}],\"inLanguage\":\"en-US\"}]}<\/script>\n<!-- \/ Yoast SEO plugin. -->","yoast_head_json":{"title":"Company | H\u00c4RTHA GROUP","description":"Europe's leading service provider for heat treatment and coating processes \u2713 About us \u2713 News \u2713 Career.","robots":{"index":"index","follow":"follow","max-snippet":"max-snippet:-1","max-image-preview":"max-image-preview:large","max-video-preview":"max-video-preview:-1"},"canonical":"https:\/\/haertha.de\/en\/company\/","og_locale":"en_US","og_type":"article","og_title":"Unternehmen | H\u00c4RTHA GROUP","og_description":"Europaweit f\u00fchrender Dienstleister f\u00fcr W\u00e4rmebehandlungs- und Beschichtungsverfahren \u2713 \u00dcber uns \u2713 News \u2713 Karriere.","og_url":"https:\/\/haertha.de\/en\/company\/","og_site_name":"H\u00c4RTHA GROUP","article_modified_time":"2023-05-02T10:01:19+00:00","twitter_card":"summary_large_image","schema":{"@context":"https:\/\/schema.org","@graph":[{"@type":"WebPage","@id":"https:\/\/haertha.de\/it\/azienda\/","url":"https:\/\/haertha.de\/it\/azienda\/","name":"Company | H\u00c4RTHA GROUP","isPartOf":{"@id":"https:\/\/haertha.de\/it\/#website"},"datePublished":"2023-03-13T13:58:53+00:00","dateModified":"2023-05-02T10:01:19+00:00","description":"Europe's leading service provider for heat treatment and coating processes \u2713 About us \u2713 News \u2713 Career.","breadcrumb":{"@id":"https:\/\/haertha.de\/it\/azienda\/#breadcrumb"},"inLanguage":"en-US","potentialAction":[{"@type":"ReadAction","target":["https:\/\/haertha.de\/it\/azienda\/"]}]},{"@type":"BreadcrumbList","@id":"https:\/\/haertha.de\/it\/azienda\/#breadcrumb","itemListElement":[{"@type":"ListItem","position":1,"name":"Startseite","item":"https:\/\/haertha.de\/it\/"},{"@type":"ListItem","position":2,"name":"UNTERNEHMEN"}]},{"@type":"WebSite","@id":"https:\/\/haertha.de\/it\/#website","url":"https:\/\/haertha.de\/it\/","name":"H\u00c4RTHA GROUP","description":"Hardening Industries H\u00e4rterei H\u00c4RTHA GROUP.","potentialAction":[{"@type":"SearchAction","target":{"@type":"EntryPoint","urlTemplate":"https:\/\/haertha.de\/it\/?s={search_term_string}"},"query-input":{"@type":"PropertyValueSpecification","valueRequired":true,"valueName":"search_term_string"}}],"inLanguage":"en-US"}]}},"_links":{"self":[{"href":"https:\/\/haertha.de\/en\/wp-json\/wp\/v2\/pages\/2701","targetHints":{"allow":["GET"]}}],"collection":[{"href":"https:\/\/haertha.de\/en\/wp-json\/wp\/v2\/pages"}],"about":[{"href":"https:\/\/haertha.de\/en\/wp-json\/wp\/v2\/types\/page"}],"author":[{"embeddable":true,"href":"https:\/\/haertha.de\/en\/wp-json\/wp\/v2\/users\/9"}],"replies":[{"embeddable":true,"href":"https:\/\/haertha.de\/en\/wp-json\/wp\/v2\/comments?post=2701"}],"version-history":[{"count":50,"href":"https:\/\/haertha.de\/en\/wp-json\/wp\/v2\/pages\/2701\/revisions"}],"predecessor-version":[{"id":7867,"href":"https:\/\/haertha.de\/en\/wp-json\/wp\/v2\/pages\/2701\/revisions\/7867"}],"wp:attachment":[{"href":"https:\/\/haertha.de\/en\/wp-json\/wp\/v2\/media?parent=2701"}],"curies":[{"name":"wp","href":"https:\/\/api.w.org\/{rel}","templated":true}]}}