{"id":217,"date":"2023-01-24T15:35:11","date_gmt":"2023-01-24T14:35:11","guid":{"rendered":"http:\/\/haertha.dev.neuekommunikation.de\/wordpress\/?page_id=217"},"modified":"2023-04-26T10:07:22","modified_gmt":"2023-04-26T08:07:22","slug":"service","status":"publish","type":"page","link":"https:\/\/haertha.de\/en\/service\/","title":{"rendered":"SERVICE"},"content":{"rendered":"<section id=\"page-hero-slider-pictures-video-block_fc544e00c7c710b3407a174f1ff76193\" class=\"page-hero-slider-pictures-video\">\r\n\r\n    <div class=\"wrapper\">\r\n\r\n        <!-- Image BG -->\r\n                    <div class=\"image\">\r\n                <img decoding=\"async\" class=\"parallax-14\" src=\"https:\/\/haertha.de\/wp-content\/uploads\/2023\/03\/Service_Beratung-aspect-ratio-1920-1080.png\" alt=\"\">\r\n                <!--Video-->\r\n                            <\/div>\r\n                \r\n        <!-- Video BG -->\r\n        \r\n        <div class=\"headline-wrapper\">\r\n            <div class=\"hadline-body\">\r\n                <!-- Headline Page -->\r\n                                    <div class=\"headline-page parallax-16\">\r\n                    <h1>SERVICE<\/h1>                    <\/div>\r\n                \r\n                <!-- Headline Modul -->\r\n                                                                <\/div>\r\n        <\/div>\r\n\r\n    <\/div>\r\n\r\n    <!-- text -->\r\n            <div class=\"wrapper-text parallax-15\">\r\n            <div class=\"text\">\r\n                <p>To run smoothly, every project needs good service. From our excellent technical consultation to our pick-up and delivery service to our laboratory tests that comply with the strictest standards. All this is part of our holistic approach to quality management. And because we want to be on equal terms with our partners, we also offer you regular training classes where we share our expertise.<\/p>\n            <\/div>\r\n        <\/div>\r\n    \r\n<\/section>\r\n\r\n\r\n\r\n\r\n\r\n\n\n\r\n<div id=\"page-image-text-block_499822d3ad099b29485a97ceced75c37\" class=\"page-image-text\"  style=\"margin-top:var(--wp--preset--spacing--30);margin-bottom:var(--wp--preset--spacing--30);\">\r\n    <section class=\"has-align-text-right is-style-style_02\">\r\n        \r\n        <div class=\"wrapper-grid div-height-pagepage-image-text-block_499822d3ad099b29485a97ceced75c37\">\r\n            <div class=\"wrapper-image\">\r\n                <div class=\"image\">\r\n                                            <img decoding=\"async\" class=\"parallax-7\" src=\"https:\/\/haertha.de\/wp-content\/uploads\/2023\/03\/Service_technische_Beratung-aspect-ratio-933-658-1.png\" alt=\"\" \/>\r\n                    \r\n                    <!-- Video Popup -->\r\n                    \r\n                    <!-- Image Popup -->\r\n                    \r\n                <\/div>\r\n            <\/div>\r\n\r\n            <div class=\"wrapper-content parallax-5\">\r\n\r\n                                    <div class=\"headline\">\r\n                        <h2 class=\"head\">TECHNICAL CONSULTATION<\/h2>\r\n                    <\/div>\r\n                \r\n                <div class=\"body-content texteditor text-height-page height-pagepage-image-text-block_499822d3ad099b29485a97ceced75c37\" data-height-page-div=\"page-image-text-block_499822d3ad099b29485a97ceced75c37\">\r\n\r\n                    <!--Icon Box-->\r\n                                        <div class=\"acf-innerblocks-container\"><\/div>                    <!-- .\/ Icon Box-->\r\n                    <div class=\"texteditor\">\r\n                        <h3><span style=\"color: #6ab651;\">Trademark and guarantor of success.<\/span><\/h3>\n<p>We realise the responsibility we carry for your product. We lay the foundation for H\u00c4RTHA\u2019s exceptional product quality with a first-rate consultation.<\/p>\n<p>&nbsp;<\/p>\n<p>In this consultation, we join with you to define the framework conditions and select the process that best fits the needs of your project. As we master all state-of-the-art processes - from vacuum hardening, bright hardening, salt bath hardening, inductive hardening, case hardening, quenching and tempering, annealing, nitrocarburising, and plasma nitriding, to physical vapour deposition, you receive expert consultancy and a perfect process from a single source.<\/p>\n\r\n                        <!--Icons Unten-->\r\n                        \r\n                        <!-- Button -->\r\n                        <div class=\"wrapper-button\">\r\n                                <a href=\"https:\/\/haertha.de\/en\/service\/technical-consultation\/\" class=\"btn-cta btn-text-bilder-icon\" data-target=\"https:\/\/haertha.de\/en\/service\/technical-consultation\/\">\r\n        <span class=\"btn-decor-left\"><\/span>\r\n                    Learn more                <span class=\"btn-decor-right\"><\/span>\r\n    <\/a>\r\n\r\n\r\n\r\n                        <\/div>\r\n                    <\/div>\r\n\r\n\r\n                <\/div>\r\n            <\/div>\r\n        <\/div>\r\n\r\n    <\/section>\r\n<\/div>\r\n\r\n\r\n\r\n\r\n\r\n\r\n\r\n\r\n\r\n\r\n\r\n\r\n\r\n\r\n\n\n\r\n<div id=\"page-large-imageblock_0cc140c60f04760d4282fdbfafa92425\" class=\"page-large-image\" style=\"\">\r\n\r\n    <section class=\"is-style-style_01\">\r\n\r\n            <div class=\"wrap-grid\">\r\n\r\n                <div class=\"item-wrapper-content\">\r\n                    <div class=\"wrapper-headline parallax-5\">\r\n\r\n                                                    <div class=\"headline\">\r\n                                <h2 class=\"head\">COLLECTION AND DELIVERY SERVICE<\/h2><br>\r\n                            <\/div>\r\n                        \r\n                        <div class=\"content texteditor\">\r\n\r\n                            <!--Icon Box-->\r\n                                                        <div class=\"acf-innerblocks-container\"><\/div>                            <!-- .\/ Icon Box-->\r\n\r\n                                                            <h3><span style=\"color: #6ab651;\">For smooth-running projects.<\/span><\/h3>\n<p>You could call it part of our all-inclusive worry-free package. Since it is of primary importance to us that everything runs without a hitch - not only the process itself, but everything that comes with it - we also offer you a collection and delivery service. What this means for you is maximum efficiency paired with \u201cjust-in-time\u201d delivery. No downtime, no lengthy explanations. A collaboration as partners - plain and simple.<\/p>\n                                                        <!-- Button -->\r\n                                                    <\/div>\r\n                    <\/div>\r\n                <\/div>\r\n\r\n                <div class=\"item-wrapper-image-small\">\r\n                    <div class=\"wrapper-image\">\r\n                                                    <img decoding=\"async\" class=\"parallax-11\" src=\"https:\/\/haertha.de\/wp-content\/uploads\/2023\/03\/Service_Abholservice.png\" alt=\"\" \/>\r\n                                            <\/div>\r\n                <\/div>\r\n\r\n                <div class=\"item-wrapper-bg-image\">\r\n                \r\n                    <!-- <div class=\"image\" style=\"background-image: url('');\"><\/div> -->\r\n                            <img decoding=\"async\" class=\"image parallax-4\" src=\"https:\/\/haertha.de\/wp-content\/uploads\/2023\/03\/Service_Abhol-und-Lieferservice-aspect-ratio-2662-1600.png\" alt=\"\">\r\n                <\/div>\r\n\r\n            <\/div>\r\n\r\n    <\/section>\r\n\r\n<\/div>\n\n\r\n<div id=\"page-image-text-imageblock_71082f469e3728afd2de0ea4163460f8\" class=\"page-image-text-image\" style=\"\">\r\n\r\n    <section class=\"is-style-style_01\">\r\n        <div class=\"wrapper-grid\">\r\n            <div class=\"wrapper-image-left\">\r\n                                    <img decoding=\"async\" class=\"parallax-55\" src=\"https:\/\/haertha.de\/wp-content\/uploads\/2023\/03\/Service_Laborpruefungen-aspect-ratio-806-561-1.png\" alt=\"\" \/>\r\n                            <\/div>\r\n            <div class=\"wrapper-content-center parallax-5\">\r\n                <div class=\"wrapper-content\">\r\n                                            <div class=\"headline\">\r\n                            <h2 class=\"head\">LABORATORY TESTING<\/h2>\r\n                        <\/div>\r\n                                        <div class=\"body-content texteditor\">\r\n\r\n                        <!--Icon Box-->\r\n                                                <div class=\"acf-innerblocks-container\"><\/div>                        <!-- .\/ Icon Box-->\r\n\r\n                        <h3><span style=\"color: #6ab651;\">Standard at our company.<\/span><\/h3>\n<p>We always take a very thorough second look - at minimum. For this, all our locations are equipped with state-of-the-art test laboratories. We ensure the highest quality standards by means of procedures such as hardness tests, hardening depth measurements, metallography, and material analyses. Before a treatment, we can thus validate the material composition and verify after a treatment whether the specifications have been met exactly.<\/p>\n\r\n                                                    <div class=\"wrapper-button\">\r\n                                    <a href=\"https:\/\/haertha.de\/en\/process\/hardness-testing\/\" class=\"btn-cta btn-text-bilder-icon\" data-target=\"https:\/\/haertha.de\/en\/process\/hardness-testing\/\">\r\n        <span class=\"btn-decor-left\"><\/span>\r\n                    Learn more\r\n                <span class=\"btn-decor-right\"><\/span>\r\n    <\/a>\r\n\r\n\r\n\r\n                            <\/div>\r\n                        \r\n                    <\/div>\r\n                <\/div>\r\n            <\/div>\r\n            <div class=\"wrapper-image-right\">\r\n                                    <img decoding=\"async\" class=\"parallax-55\" src=\"https:\/\/haertha.de\/wp-content\/uploads\/2023\/04\/Verfahren_Laborpruefung-scaled-aspect-ratio-806-561.jpg\" alt=\"\" \/>\r\n                            <\/div>\r\n        <\/div>\r\n    <\/section>\r\n\r\n<\/div>\n\n\r\n<div id=\"page-image-text-block_f4a2d47d86e2346a7a15e7833090310d\" class=\"page-image-text\"  style=\"margin-top:var(--wp--preset--spacing--50);margin-bottom:var(--wp--preset--spacing--50);\">\r\n    <section class=\"has-align-text-left is-style-style_01\">\r\n        \r\n        <div class=\"wrapper-grid div-height-pagepage-image-text-block_f4a2d47d86e2346a7a15e7833090310d\">\r\n            <div class=\"wrapper-image\">\r\n                <div class=\"image\">\r\n                                            <img decoding=\"async\" class=\"parallax-7\" src=\"https:\/\/haertha.de\/wp-content\/uploads\/2023\/03\/Service_Qualitaetsmanagement-aspect-ratio-933-658-3.png\" alt=\"\" \/>\r\n                    \r\n                    <!-- Video Popup -->\r\n                    \r\n                    <!-- Image Popup -->\r\n                    \r\n                <\/div>\r\n            <\/div>\r\n\r\n            <div class=\"wrapper-content parallax-5\">\r\n\r\n                                    <div class=\"headline\">\r\n                        <h2 class=\"head\">QUALITY MANAGEMENT<\/h2>\r\n                    <\/div>\r\n                \r\n                <div class=\"body-content texteditor text-height-page height-pagepage-image-text-block_f4a2d47d86e2346a7a15e7833090310d\" data-height-page-div=\"page-image-text-block_f4a2d47d86e2346a7a15e7833090310d\">\r\n\r\n                    <!--Icon Box-->\r\n                                        <div class=\"acf-innerblocks-container\"><\/div>                    <!-- .\/ Icon Box-->\r\n                    <div class=\"texteditor\">\r\n                        <h3><span style=\"color: #6ab651;\">Holistic thinking.<\/span><\/h3>\n<p class=\" translation-block\"><strong>To us, quality signifies a commitment.\n<\/strong><br>\n<strong>A commitment deeply ingrained in everyone at H\u00c4RTHA.<\/strong><\/p>\n<p>&nbsp;<\/p>\n<p>No compromises. For the best result. In all areas. Each and every member of our staff is responsible for quality. This allows us to regularly pass even the most stringent customer audits from the aerospace industry, because we satisfy the strictest international standards imposed on quality, energy and environmental management.<\/p>\n\r\n                        <!--Icons Unten-->\r\n                                                    <div class=\"icons-under\">\r\n                                <div class=\"flex-iconbox\">\r\n                                <span class=\"item-flex\">\r\n                    <span class=\"icon sbti\"><\/span>\r\n                    <div class=\"body-text\">\r\n                        <span class=\"text-icon text-center\"><\/span>\r\n                    <\/div>\r\n                <\/span>\r\n                                                    <span class=\"item-flex\">\r\n                    <span class=\"icon iso_50001\"><\/span>\r\n                    <div class=\"body-text\">\r\n                        <span class=\"text-icon text-center\"><\/span>\r\n                    <\/div>\r\n                <\/span>\r\n                                                    <span class=\"item-flex\">\r\n                    <span class=\"icon iso_14001\"><\/span>\r\n                    <div class=\"body-text\">\r\n                        <span class=\"text-icon text-center\"><\/span>\r\n                    <\/div>\r\n                <\/span>\r\n                                                    <span class=\"item-flex\">\r\n                    <span class=\"icon iso_9001\"><\/span>\r\n                    <div class=\"body-text\">\r\n                        <span class=\"text-icon text-center\"><\/span>\r\n                    <\/div>\r\n                <\/span>\r\n                                                    <span class=\"item-flex\">\r\n                    <span class=\"icon iatf_16949\"><\/span>\r\n                    <div class=\"body-text\">\r\n                        <span class=\"text-icon text-center\"><\/span>\r\n                    <\/div>\r\n                <\/span>\r\n                                                    <span class=\"item-flex\">\r\n                    <span class=\"icon cgi_9\"><\/span>\r\n                    <div class=\"body-text\">\r\n                        <span class=\"text-icon text-center\"><\/span>\r\n                    <\/div>\r\n                <\/span>\r\n                        <\/div>\r\n                            <\/div>\r\n                        \r\n                        <!-- Button -->\r\n                        <div class=\"wrapper-button\">\r\n                                <a href=\"https:\/\/haertha.de\/en\/service\/quality-management\/\" class=\"btn-cta btn-text-bilder-icon\" data-target=\"https:\/\/haertha.de\/en\/service\/quality-management\/\">\r\n        <span class=\"btn-decor-left\"><\/span>\r\n                    Learn more                <span class=\"btn-decor-right\"><\/span>\r\n    <\/a>\r\n\r\n\r\n\r\n                        <\/div>\r\n                    <\/div>\r\n\r\n\r\n                <\/div>\r\n            <\/div>\r\n        <\/div>\r\n\r\n    <\/section>\r\n<\/div>\r\n\r\n\r\n\r\n\r\n\r\n\r\n\r\n\r\n\r\n\r\n\r\n\r\n\r\n\r\n\n\n\r\n<div id=\"page-image-text-block_1d6a50de5efe9656c82de323adb5234e\" class=\"page-image-text\"  style=\"margin-top:var(--wp--preset--spacing--30);\">\r\n    <section class=\"has-align-text-right is-style-style_02\">\r\n        \r\n        <div class=\"wrapper-grid div-height-pagepage-image-text-block_1d6a50de5efe9656c82de323adb5234e\">\r\n            <div class=\"wrapper-image\">\r\n                <div class=\"image\">\r\n                                            <img decoding=\"async\" class=\"parallax-7\" src=\"https:\/\/haertha.de\/wp-content\/uploads\/2023\/03\/Service_Schulungen-aspect-ratio-933-658.png\" alt=\"\" \/>\r\n                    \r\n                    <!-- Video Popup -->\r\n                    \r\n                    <!-- Image Popup -->\r\n                    \r\n                <\/div>\r\n            <\/div>\r\n\r\n            <div class=\"wrapper-content parallax-5\">\r\n\r\n                                    <div class=\"headline\">\r\n                        <h2 class=\"head\">TRAINING CLASSES<\/h2>\r\n                    <\/div>\r\n                \r\n                <div class=\"body-content texteditor text-height-page height-pagepage-image-text-block_1d6a50de5efe9656c82de323adb5234e\" data-height-page-div=\"page-image-text-block_1d6a50de5efe9656c82de323adb5234e\">\r\n\r\n                    <!--Icon Box-->\r\n                                        <div class=\"acf-innerblocks-container\"><\/div>                    <!-- .\/ Icon Box-->\r\n                    <div class=\"texteditor\">\r\n                        <h3><span style=\"color: #6ab651;\">Training classes.<\/span><br \/>\n<span style=\"color: #6ab651;\">Know-how for those eager to learn.<\/span><\/h3>\n<p>State-of-the-art training facilities and experienced lecturers. At every location, this combination ensures our ability to teach both the fundamentals as well as more in-depth expert knowledge about heat treatment, hardening technology, and coatings.<\/p>\n<p>&nbsp;<\/p>\n<p>This service is not just available to our trainees and staff. Our know-how is also available to our customers and partners. For a decisive knowledge advantage in your daily work.<\/p>\n\r\n                        <!--Icons Unten-->\r\n                        \r\n                        <!-- Button -->\r\n                        <div class=\"wrapper-button\">\r\n                                <a href=\"https:\/\/haertha.de\/en\/service\/training\/\" class=\"btn-cta btn-text-bilder-icon\" data-target=\"https:\/\/haertha.de\/en\/service\/training\/\">\r\n        <span class=\"btn-decor-left\"><\/span>\r\n                    Learn more                <span class=\"btn-decor-right\"><\/span>\r\n    <\/a>\r\n\r\n\r\n\r\n                        <\/div>\r\n                    <\/div>\r\n\r\n\r\n                <\/div>\r\n            <\/div>\r\n        <\/div>\r\n\r\n    <\/section>\r\n<\/div>","protected":false},"excerpt":{"rendered":"","protected":false},"author":9,"featured_media":0,"parent":0,"menu_order":0,"comment_status":"closed","ping_status":"closed","template":"","meta":{"_acf_changed":false,"footnotes":""},"class_list":["post-217","page","type-page","status-publish","hentry"],"acf":[],"yoast_head":"<!-- This site is optimized with the Yoast SEO plugin v26.0 - https:\/\/yoast.com\/wordpress\/plugins\/seo\/ -->\n<title>Service | H\u00c4RTHA GROUP<\/title>\n<meta name=\"description\" content=\"Wir bieten \u2713 Technische Beratung \u2713Abhol- und Lieferservice \u2713 Laborpr\u00fcfung \u2713Qualit\u00e4tsmanagement \u2713 Schulungen\" \/>\n<meta name=\"robots\" content=\"index, follow, max-snippet:-1, max-image-preview:large, max-video-preview:-1\" \/>\n<link rel=\"canonical\" href=\"https:\/\/haertha.de\/en\/service\/\" \/>\n<meta property=\"og:locale\" content=\"en_US\" \/>\n<meta property=\"og:type\" content=\"article\" \/>\n<meta property=\"og:title\" content=\"Service | H\u00c4RTHA GROUP\" \/>\n<meta property=\"og:description\" content=\"Wir bieten \u2713 Technische Beratung \u2713Abhol- und Lieferservice \u2713 Laborpr\u00fcfung \u2713Qualit\u00e4tsmanagement \u2713 Schulungen\" \/>\n<meta property=\"og:url\" content=\"https:\/\/haertha.de\/en\/service\/\" \/>\n<meta property=\"og:site_name\" content=\"H\u00c4RTHA GROUP\" \/>\n<meta property=\"article:modified_time\" content=\"2023-04-26T08:07:22+00:00\" \/>\n<meta name=\"twitter:card\" content=\"summary_large_image\" \/>\n<script type=\"application\/ld+json\" class=\"yoast-schema-graph\">{\"@context\":\"https:\/\/schema.org\",\"@graph\":[{\"@type\":\"WebPage\",\"@id\":\"https:\/\/haertha.de\/en\/service\/\",\"url\":\"https:\/\/haertha.de\/en\/service\/\",\"name\":\"Service | H\u00c4RTHA GROUP\",\"isPartOf\":{\"@id\":\"https:\/\/haertha.de\/it\/#website\"},\"datePublished\":\"2023-01-24T14:35:11+00:00\",\"dateModified\":\"2023-04-26T08:07:22+00:00\",\"description\":\"Wir bieten \u2713 Technische Beratung \u2713Abhol- und Lieferservice \u2713 Laborpr\u00fcfung \u2713Qualit\u00e4tsmanagement \u2713 Schulungen\",\"breadcrumb\":{\"@id\":\"https:\/\/haertha.de\/en\/service\/#breadcrumb\"},\"inLanguage\":\"en-US\",\"potentialAction\":[{\"@type\":\"ReadAction\",\"target\":[\"https:\/\/haertha.de\/en\/service\/\"]}]},{\"@type\":\"BreadcrumbList\",\"@id\":\"https:\/\/haertha.de\/en\/service\/#breadcrumb\",\"itemListElement\":[{\"@type\":\"ListItem\",\"position\":1,\"name\":\"Startseite\",\"item\":\"https:\/\/haertha.de\/it\/\"},{\"@type\":\"ListItem\",\"position\":2,\"name\":\"SERVICE\"}]},{\"@type\":\"WebSite\",\"@id\":\"https:\/\/haertha.de\/it\/#website\",\"url\":\"https:\/\/haertha.de\/it\/\",\"name\":\"H\u00c4RTHA GROUP\",\"description\":\"Hardening Industries H\u00e4rterei H\u00c4RTHA GROUP.\",\"potentialAction\":[{\"@type\":\"SearchAction\",\"target\":{\"@type\":\"EntryPoint\",\"urlTemplate\":\"https:\/\/haertha.de\/it\/?s={search_term_string}\"},\"query-input\":{\"@type\":\"PropertyValueSpecification\",\"valueRequired\":true,\"valueName\":\"search_term_string\"}}],\"inLanguage\":\"en-US\"}]}<\/script>\n<!-- \/ Yoast SEO plugin. -->","yoast_head_json":{"title":"Service | H\u00c4RTHA GROUP","description":"We offer \u2713 Technical consultation \u2713 Collection and delivery service \u2713 Laboratory testing \u2713 Quality management \u2713 Training.","robots":{"index":"index","follow":"follow","max-snippet":"max-snippet:-1","max-image-preview":"max-image-preview:large","max-video-preview":"max-video-preview:-1"},"canonical":"https:\/\/haertha.de\/en\/service\/","og_locale":"en_US","og_type":"article","og_title":"Service | H\u00c4RTHA GROUP","og_description":"Wir bieten \u2713 Technische Beratung \u2713Abhol- und Lieferservice \u2713 Laborpr\u00fcfung \u2713Qualit\u00e4tsmanagement \u2713 Schulungen","og_url":"https:\/\/haertha.de\/en\/service\/","og_site_name":"H\u00c4RTHA GROUP","article_modified_time":"2023-04-26T08:07:22+00:00","twitter_card":"summary_large_image","schema":{"@context":"https:\/\/schema.org","@graph":[{"@type":"WebPage","@id":"https:\/\/haertha.de\/en\/service\/","url":"https:\/\/haertha.de\/en\/service\/","name":"Service | H\u00c4RTHA GROUP","isPartOf":{"@id":"https:\/\/haertha.de\/it\/#website"},"datePublished":"2023-01-24T14:35:11+00:00","dateModified":"2023-04-26T08:07:22+00:00","description":"We offer \u2713 Technical consultation \u2713 Collection and delivery service \u2713 Laboratory testing \u2713 Quality management \u2713 Training.","breadcrumb":{"@id":"https:\/\/haertha.de\/en\/service\/#breadcrumb"},"inLanguage":"en-US","potentialAction":[{"@type":"ReadAction","target":["https:\/\/haertha.de\/en\/service\/"]}]},{"@type":"BreadcrumbList","@id":"https:\/\/haertha.de\/en\/service\/#breadcrumb","itemListElement":[{"@type":"ListItem","position":1,"name":"Startseite","item":"https:\/\/haertha.de\/it\/"},{"@type":"ListItem","position":2,"name":"SERVICE"}]},{"@type":"WebSite","@id":"https:\/\/haertha.de\/it\/#website","url":"https:\/\/haertha.de\/it\/","name":"H\u00c4RTHA GROUP","description":"Hardening Industries H\u00e4rterei H\u00c4RTHA GROUP.","potentialAction":[{"@type":"SearchAction","target":{"@type":"EntryPoint","urlTemplate":"https:\/\/haertha.de\/it\/?s={search_term_string}"},"query-input":{"@type":"PropertyValueSpecification","valueRequired":true,"valueName":"search_term_string"}}],"inLanguage":"en-US"}]}},"_links":{"self":[{"href":"https:\/\/haertha.de\/en\/wp-json\/wp\/v2\/pages\/217","targetHints":{"allow":["GET"]}}],"collection":[{"href":"https:\/\/haertha.de\/en\/wp-json\/wp\/v2\/pages"}],"about":[{"href":"https:\/\/haertha.de\/en\/wp-json\/wp\/v2\/types\/page"}],"author":[{"embeddable":true,"href":"https:\/\/haertha.de\/en\/wp-json\/wp\/v2\/users\/9"}],"replies":[{"embeddable":true,"href":"https:\/\/haertha.de\/en\/wp-json\/wp\/v2\/comments?post=217"}],"version-history":[{"count":112,"href":"https:\/\/haertha.de\/en\/wp-json\/wp\/v2\/pages\/217\/revisions"}],"predecessor-version":[{"id":7091,"href":"https:\/\/haertha.de\/en\/wp-json\/wp\/v2\/pages\/217\/revisions\/7091"}],"wp:attachment":[{"href":"https:\/\/haertha.de\/en\/wp-json\/wp\/v2\/media?parent=217"}],"curies":[{"name":"wp","href":"https:\/\/api.w.org\/{rel}","templated":true}]}}