{"id":1879,"date":"2023-03-02T18:35:57","date_gmt":"2023-03-02T17:35:57","guid":{"rendered":"http:\/\/haertha.dev.neuekommunikation.de\/wordpress\/?page_id=1879"},"modified":"2023-10-24T14:12:25","modified_gmt":"2023-10-24T12:12:25","slug":"training","status":"publish","type":"page","link":"https:\/\/haertha.de\/en\/service\/training\/","title":{"rendered":"TRAINING CLASSES"},"content":{"rendered":"<div id=\"hero-image-small-block_349ba118f3729d3c21f4077552a07cd4\" class=\"hero-image-small\"  style=\"\">\r\n    <section class=\"has-align-text-left\">\r\n        \r\n        <div class=\"wrapper-grid\">\r\n\r\n            <!-- content -->\r\n            <div class=\"wrapper-content\">\r\n                <h1 class=\"heading-block-bg\">TRAINING CLASSES<\/h1>                <div class=\"content-body texteditor hero-image-height\">\r\n                    <h3><span style=\"color: #6ab651;\">Training classes.<\/span><br \/>\n<span style=\"color: #6ab651;\">Know-how for those eager to learn.<\/span><\/h3>\n<p>&nbsp;<\/p>\n<p>State-of-the-art training facilities and experienced lecturers. At every location, this combination ensures our ability to teach both the fundamentals as well as more in-depth expert knowledge about heat treatment, hardening technology, and coatings.<\/p>\n<p>&nbsp;<\/p>\n<p>&nbsp;<\/p>\n<p>This service is not just available to our trainees and staff. Our know-how is also available to our customers and partners. For a decisive knowledge advantage in your daily work.<\/p>\n                <\/div>\r\n            <\/div>\r\n            <!-- \/.content -->\r\n\r\n            <!-- image -->\r\n            <div class=\"wrapper-image\">\r\n                <img decoding=\"async\" class=\"img-fluid hero-img\" src=\"https:\/\/haertha.de\/wp-content\/uploads\/2023\/03\/Service_Schulungen-aspect-ratio-1280-720.png\" alt=\"\" \/>\r\n                \r\n                    <!-- Video Popup -->\r\n                    \r\n                    <!-- Image Popup -->\r\n                    \r\n            <\/div>\r\n            <!-- \/.image -->\r\n\r\n        <\/div>\r\n\r\n    <\/section>\r\n<\/div>\r\n\n\n<div id=\"page-textfeldblock_0a7bacdd2886071d6062cd0a2ec2a66e\" class=\"page-textfeld\" style=\"margin-bottom:var(--wp--preset--spacing--50);\">\r\n\r\n    <section class=\"is-style-style_02\">\r\n        <div class=\"wrapper-grid\">\r\n            <div class=\"content-body\">\r\n                <div class=\"headline\">\r\n                    <h2>Topics<\/h2>\r\n                <\/div>\r\n                <div class=\"texteditor\">\r\n                    <p>Our training classes have a modular structure. The modules begin with a general introduction on the basics of heat treatment and the structure of the standards, and they end with training units containing special resources for different process technologies.<\/p>\n<p>&nbsp;<\/p>\n<p><strong><span style=\"color: #6ab651;\">We offer the following training classes at our Weissenburg, T\u00fcbingen and Boxtel locations:<\/span><\/strong><\/p>\n<div style=\"padding: 30px; background: #fff;\">\n<table id=\"tablepress-12\" class=\"tablepress tablepress-id-12\">\n<thead>\n<tr class=\"row-1\">\n\t<th class=\"column-1\"><strong><span style=\"color: #6ab651;\">Training classes<\/span><\/strong><\/th><th class=\"column-2\"><strong><span style=\"color: #6ab651;\">Locations<\/span><\/strong><\/th><th class=\"column-3\"><strong><span style=\"color: #6ab651;\">max. participants<\/span><\/strong><\/th>\n<\/tr>\n<\/thead>\n<tbody class=\"row-striping row-hover\">\n<tr class=\"row-2\">\n\t<td class=\"column-1\">Basics of heat treatment<\/td><td class=\"column-2\">Weissenburg  <\/td><td class=\"column-3\">  18<\/td>\n<\/tr>\n<tr class=\"row-3\">\n\t<td class=\"column-1\">Basics of heat treatment<\/td><td class=\"column-2\">T\u00fcbingen  <\/td><td class=\"column-3\">  16<\/td>\n<\/tr>\n<tr class=\"row-4\">\n\t<td class=\"column-1\">Basics of heat treatment<\/td><td class=\"column-2\">Boxtel<\/td><td class=\"column-3\"><\/td>\n<\/tr>\n<\/tbody>\n<\/table>\n<!-- #tablepress-12 from cache --><\/div>\n                <\/div>\r\n                            <\/div>\r\n        <\/div>\r\n\r\n    <\/section>\r\n\r\n<\/div>\r\n\r\n\n\n\r\n<div id=\"page-image-text-imageblock_0c7ef5fa17d0cf7f674aa8a6afb21038\" class=\"page-image-text-image\" style=\"\">\r\n\r\n    <section class=\"is-style-style_01\">\r\n        <div class=\"wrapper-grid\">\r\n            <div class=\"wrapper-image-left\">\r\n                                    <img decoding=\"async\" class=\"parallax-55\" src=\"https:\/\/haertha.de\/wp-content\/uploads\/2023\/03\/weissenburg_schulung_P1003312-aspect-ratio-806-561.png\" alt=\"\" \/>\r\n                            <\/div>\r\n            <div class=\"wrapper-content-center parallax-5\">\r\n                <div class=\"wrapper-content\">\r\n                                            <div class=\"headline\">\r\n                            <h2 class=\"head\">WEI\u00dfENBURG<\/h2>\r\n                        <\/div>\r\n                                        <div class=\"body-content texteditor\">\r\n\r\n                        <!--Icon Box-->\r\n                                                <div class=\"acf-innerblocks-container\"><\/div>                        <!-- .\/ Icon Box-->\r\n\r\n                        <h3><span style=\"color: #6ab651;\">Are you interested in our training classes?<\/span><\/h3>\n<p>Then don't hesitate. Select the training you want and register for the training date that suits you.<br \/>\n&nbsp;<br \/>\nYou will receive a return confirmation after we receive your registration.<\/p>\n\r\n                        \r\n                    <\/div>\r\n                <\/div>\r\n            <\/div>\r\n            <div class=\"wrapper-image-right\">\r\n                                    <img decoding=\"async\" class=\"parallax-55\" src=\"https:\/\/haertha.de\/wp-content\/uploads\/2023\/03\/weissenburg_schulung_P1003395-aspect-ratio-806-561.png\" alt=\"\" \/>\r\n                            <\/div>\r\n        <\/div>\r\n    <\/section>\r\n\r\n<\/div>\n\n\r\n<div id=\"page-image-text-block_e0aff656a6439968bf2a3f03f61b6cc9\" class=\"page-image-text\"  style=\"\">\r\n    <section class=\"has-align-text-right is-style-style_01\">\r\n        \r\n        <div class=\"wrapper-grid div-height-pagepage-image-text-block_e0aff656a6439968bf2a3f03f61b6cc9\">\r\n            <div class=\"wrapper-image\">\r\n                <div class=\"image\">\r\n                                            <img decoding=\"async\" class=\"parallax-7\" src=\"https:\/\/haertha.de\/wp-content\/uploads\/2023\/03\/standort-tuebingen-aspect-ratio-933-658.png\" alt=\"\" \/>\r\n                    \r\n                    <!-- Video Popup -->\r\n                    \r\n                    <!-- Image Popup -->\r\n                    \r\n                <\/div>\r\n            <\/div>\r\n\r\n            <div class=\"wrapper-content parallax-5\">\r\n\r\n                                    <div class=\"headline\">\r\n                        <h2 class=\"head\">T\u00dcBINGEN<\/h2>\r\n                    <\/div>\r\n                \r\n                <div class=\"body-content texteditor text-height-page height-pagepage-image-text-block_e0aff656a6439968bf2a3f03f61b6cc9\" data-height-page-div=\"page-image-text-block_e0aff656a6439968bf2a3f03f61b6cc9\">\r\n\r\n                    <!--Icon Box-->\r\n                                        <div class=\"acf-innerblocks-container\"><\/div>                    <!-- .\/ Icon Box-->\r\n                    <div class=\"texteditor\">\r\n                        <h3><span style=\"color: #6ab651;\">Are you interested in our training classes?<\/span><\/h3>\n<p>Then don't hesitate. Select the training you want and register for the training date that suits you.<br \/>\n&nbsp;<br \/>\nYou will receive a return confirmation after we receive your registration.<\/p>\n\r\n                        <!--Icons Unten-->\r\n                        \r\n                        <!-- Button -->\r\n                        <div class=\"wrapper-button\">\r\n                            \r\n\r\n\r\n                        <\/div>\r\n                    <\/div>\r\n\r\n\r\n                <\/div>\r\n            <\/div>\r\n        <\/div>\r\n\r\n    <\/section>\r\n<\/div>\r\n\r\n\r\n\r\n\r\n\r\n\r\n\r\n\r\n\r\n\r\n\r\n\r\n\r\n\r\n\n\n<section class=\"jobs-liste container_\" id=\"jobs-liste-block_3ec0b5f5f1da324d1f7b92776419fd6b\">\r\n    <div class=\"wrapper-liste\">\r\n        <div class=\"headline-liste\">\r\n            <h2>Our Training classes<\/h2>\r\n        <\/div>\r\n        <div class=\"resultes-wrapper\">\r\n            <div class=\"standort\">Germany<\/div><div class=\"wrapper-panel\"><div class=\"panel\"><a class=\"permalink\" href=\"https:\/\/haertha.de\/en\/training\/grundlagen-der-waermebehandlung-6\/\"><span class=\"title\">Grundlagen der W\u00e4rmebehandlung 23.09.2026<span><\/a><span class=\"gmbh\">H\u00c4RTHA \u2013 WEISSENBURG GmbH <\/span><span class=\"street\">Dettenheimer Strasse 28<\/span><span class=\"post\">91781 Weissenburg<\/span><span class=\"country\">Germany<\/span><a class=\"weiter icon-job pfeil-icon\" href=\"https:\/\/haertha.de\/en\/training\/grundlagen-der-waermebehandlung-6\/\">Learn more<\/a><\/div><div class=\"panel\"><a class=\"permalink\" href=\"https:\/\/haertha.de\/en\/training\/grundlagen-der-waermebehandlung-8\/\"><span class=\"title\">Grundlagen der W\u00e4rmebehandlung 04.11.2026<span><\/a><span class=\"gmbh\">H\u00c4RTHA \u2013 WEISSENBURG GmbH <\/span><span class=\"street\">Dettenheimer Strasse 28<\/span><span class=\"post\">91781 Weissenburg<\/span><span class=\"country\">Germany<\/span><a class=\"weiter icon-job pfeil-icon\" href=\"https:\/\/haertha.de\/en\/training\/grundlagen-der-waermebehandlung-8\/\">Learn more<\/a><\/div><div class=\"panel\"><a class=\"permalink\" href=\"https:\/\/haertha.de\/en\/training\/basics-of-heat-treatment\/\"><span class=\"title\">Grundlagen der W\u00e4rmebehandlung 18.03.2026<span><\/a><span class=\"gmbh\">H\u00c4RTHA \u2013 WEISSENBURG GmbH <\/span><span class=\"street\">Dettenheimer Strasse 28<\/span><span class=\"post\">91781 Weissenburg<\/span><span class=\"country\">Germany<\/span><a class=\"weiter icon-job pfeil-icon\" href=\"https:\/\/haertha.de\/en\/training\/basics-of-heat-treatment\/\">Learn more<\/a><\/div><div class=\"panel\"><a class=\"permalink\" href=\"https:\/\/haertha.de\/en\/training\/basics-of-heat-treatment-3\/\"><span class=\"title\">Grundlagen der W\u00e4rmebehandlung 17.06.2026<span><\/a><span class=\"gmbh\">H\u00c4RTHA \u2013 WEISSENBURG GmbH <\/span><span class=\"street\">Dettenheimer Strasse 28<\/span><span class=\"post\">91781 Weissenburg<\/span><span class=\"country\">Germany<\/span><a class=\"weiter icon-job pfeil-icon\" href=\"https:\/\/haertha.de\/en\/training\/basics-of-heat-treatment-3\/\">Learn more<\/a><\/div><div class=\"panel\"><a class=\"permalink\" href=\"https:\/\/haertha.de\/en\/training\/basics-of-heat-treatment-5\/\"><span class=\"title\">Grundlagen der W\u00e4rmebehandlung 13.08.2026<span><\/a><span class=\"gmbh\">H\u00c4NDLE H\u00e4rterei GmbH<\/span><span class=\"street\">Rittweg 45<\/span><span class=\"post\">72070 T\u00fcbingen<\/span><span class=\"country\">Germany<\/span><a class=\"weiter icon-job pfeil-icon\" href=\"https:\/\/haertha.de\/en\/training\/basics-of-heat-treatment-5\/\">Learn more<\/a><\/div><div class=\"panel\"><a class=\"permalink\" href=\"https:\/\/haertha.de\/en\/training\/grundlagen-der-waermebehandlung-7\/\"><span class=\"title\">Grundlagen der W\u00e4rmebehandlung 22.04.2026<span><\/a><span class=\"gmbh\">H\u00c4NDLE H\u00e4rterei GmbH<\/span><span class=\"street\">Rittweg 45<\/span><span class=\"post\">72070 T\u00fcbingen<\/span><span class=\"country\">Germany<\/span><a class=\"weiter icon-job pfeil-icon\" href=\"https:\/\/haertha.de\/en\/training\/grundlagen-der-waermebehandlung-7\/\">Learn more<\/a><\/div><div class=\"panel\"><a class=\"permalink\" href=\"https:\/\/haertha.de\/en\/training\/protective-gas-technology\/\"><span class=\"title\">Grundlagen der W\u00e4rmebehandlung 25.11.2026<span><\/a><span class=\"gmbh\">H\u00c4NDLE H\u00e4rterei GmbH<\/span><span class=\"street\">Rittweg 45<\/span><span class=\"post\">72070 T\u00fcbingen<\/span><span class=\"country\">Germany<\/span><a class=\"weiter icon-job pfeil-icon\" href=\"https:\/\/haertha.de\/en\/training\/protective-gas-technology\/\">Learn more<\/a><\/div><\/div>        <\/div>\r\n    <\/div>\r\n<\/section>","protected":false},"excerpt":{"rendered":"","protected":false},"author":9,"featured_media":0,"parent":217,"menu_order":3,"comment_status":"closed","ping_status":"closed","template":"","meta":{"_acf_changed":false,"footnotes":""},"class_list":["post-1879","page","type-page","status-publish","hentry"],"acf":[],"yoast_head":"<!-- This site is optimized with the Yoast SEO plugin v26.0 - https:\/\/yoast.com\/wordpress\/plugins\/seo\/ -->\n<title>Schulungen | H\u00c4RTHA GROUP<\/title>\n<meta name=\"description\" content=\"Knowhow f\u00fcr Wissbegierige - Auch f\u00fcr unsere Kunden und Partner \u2713 Themen \u2713 Standorte \u2713 Aktuelle Termine.\" \/>\n<meta name=\"robots\" content=\"index, follow, max-snippet:-1, max-image-preview:large, max-video-preview:-1\" \/>\n<link rel=\"canonical\" href=\"https:\/\/haertha.de\/en\/service\/training\/\" \/>\n<meta property=\"og:locale\" content=\"en_US\" \/>\n<meta property=\"og:type\" content=\"article\" \/>\n<meta property=\"og:title\" content=\"Schulungen | H\u00c4RTHA GROUP\" \/>\n<meta property=\"og:description\" content=\"Knowhow f\u00fcr Wissbegierige - Auch f\u00fcr unsere Kunden und Partner \u2713 Themen \u2713 Standorte \u2713 Aktuelle Termine.\" \/>\n<meta property=\"og:url\" content=\"https:\/\/haertha.de\/en\/service\/training\/\" \/>\n<meta property=\"og:site_name\" content=\"H\u00c4RTHA GROUP\" \/>\n<meta property=\"article:modified_time\" content=\"2023-10-24T12:12:25+00:00\" \/>\n<meta name=\"twitter:card\" content=\"summary_large_image\" \/>\n<script type=\"application\/ld+json\" class=\"yoast-schema-graph\">{\"@context\":\"https:\/\/schema.org\",\"@graph\":[{\"@type\":\"WebPage\",\"@id\":\"https:\/\/haertha.de\/en\/service\/training\/\",\"url\":\"https:\/\/haertha.de\/en\/service\/training\/\",\"name\":\"Schulungen | H\u00c4RTHA GROUP\",\"isPartOf\":{\"@id\":\"https:\/\/haertha.de\/it\/#website\"},\"datePublished\":\"2023-03-02T17:35:57+00:00\",\"dateModified\":\"2023-10-24T12:12:25+00:00\",\"description\":\"Knowhow f\u00fcr Wissbegierige - Auch f\u00fcr unsere Kunden und Partner \u2713 Themen \u2713 Standorte \u2713 Aktuelle Termine.\",\"breadcrumb\":{\"@id\":\"https:\/\/haertha.de\/en\/service\/training\/#breadcrumb\"},\"inLanguage\":\"en-US\",\"potentialAction\":[{\"@type\":\"ReadAction\",\"target\":[\"https:\/\/haertha.de\/en\/service\/training\/\"]}]},{\"@type\":\"BreadcrumbList\",\"@id\":\"https:\/\/haertha.de\/en\/service\/training\/#breadcrumb\",\"itemListElement\":[{\"@type\":\"ListItem\",\"position\":1,\"name\":\"Startseite\",\"item\":\"https:\/\/haertha.de\/it\/\"},{\"@type\":\"ListItem\",\"position\":2,\"name\":\"SERVICE\",\"item\":\"https:\/\/haertha.de\/en\/service\/\"},{\"@type\":\"ListItem\",\"position\":3,\"name\":\"SCHULUNGEN\"}]},{\"@type\":\"WebSite\",\"@id\":\"https:\/\/haertha.de\/it\/#website\",\"url\":\"https:\/\/haertha.de\/it\/\",\"name\":\"H\u00c4RTHA GROUP\",\"description\":\"Hardening Industries H\u00e4rterei H\u00c4RTHA GROUP.\",\"potentialAction\":[{\"@type\":\"SearchAction\",\"target\":{\"@type\":\"EntryPoint\",\"urlTemplate\":\"https:\/\/haertha.de\/it\/?s={search_term_string}\"},\"query-input\":{\"@type\":\"PropertyValueSpecification\",\"valueRequired\":true,\"valueName\":\"search_term_string\"}}],\"inLanguage\":\"en-US\"}]}<\/script>\n<!-- \/ Yoast SEO plugin. -->","yoast_head_json":{"title":"Training classes | H\u00c4RTHA GROUP","description":"Know-how for those eager to learn - not just available to our trainees and staff \u2713 Topics \u2713 Locations \u2713 Current dates.","robots":{"index":"index","follow":"follow","max-snippet":"max-snippet:-1","max-image-preview":"max-image-preview:large","max-video-preview":"max-video-preview:-1"},"canonical":"https:\/\/haertha.de\/en\/service\/training\/","og_locale":"en_US","og_type":"article","og_title":"Schulungen | H\u00c4RTHA GROUP","og_description":"Knowhow f\u00fcr Wissbegierige - Auch f\u00fcr unsere Kunden und Partner \u2713 Themen \u2713 Standorte \u2713 Aktuelle Termine.","og_url":"https:\/\/haertha.de\/en\/service\/training\/","og_site_name":"H\u00c4RTHA GROUP","article_modified_time":"2023-10-24T12:12:25+00:00","twitter_card":"summary_large_image","schema":{"@context":"https:\/\/schema.org","@graph":[{"@type":"WebPage","@id":"https:\/\/haertha.de\/en\/service\/training\/","url":"https:\/\/haertha.de\/en\/service\/training\/","name":"Training classes | H\u00c4RTHA GROUP","isPartOf":{"@id":"https:\/\/haertha.de\/it\/#website"},"datePublished":"2023-03-02T17:35:57+00:00","dateModified":"2023-10-24T12:12:25+00:00","description":"Know-how for those eager to learn - not just available to our trainees and staff \u2713 Topics \u2713 Locations \u2713 Current dates.","breadcrumb":{"@id":"https:\/\/haertha.de\/en\/service\/training\/#breadcrumb"},"inLanguage":"en-US","potentialAction":[{"@type":"ReadAction","target":["https:\/\/haertha.de\/en\/service\/training\/"]}]},{"@type":"BreadcrumbList","@id":"https:\/\/haertha.de\/en\/service\/training\/#breadcrumb","itemListElement":[{"@type":"ListItem","position":1,"name":"Startseite","item":"https:\/\/haertha.de\/it\/"},{"@type":"ListItem","position":2,"name":"SERVICE","item":"https:\/\/haertha.de\/en\/service\/"},{"@type":"ListItem","position":3,"name":"SCHULUNGEN"}]},{"@type":"WebSite","@id":"https:\/\/haertha.de\/it\/#website","url":"https:\/\/haertha.de\/it\/","name":"H\u00c4RTHA GROUP","description":"Hardening Industries H\u00e4rterei H\u00c4RTHA GROUP.","potentialAction":[{"@type":"SearchAction","target":{"@type":"EntryPoint","urlTemplate":"https:\/\/haertha.de\/it\/?s={search_term_string}"},"query-input":{"@type":"PropertyValueSpecification","valueRequired":true,"valueName":"search_term_string"}}],"inLanguage":"en-US"}]}},"_links":{"self":[{"href":"https:\/\/haertha.de\/en\/wp-json\/wp\/v2\/pages\/1879","targetHints":{"allow":["GET"]}}],"collection":[{"href":"https:\/\/haertha.de\/en\/wp-json\/wp\/v2\/pages"}],"about":[{"href":"https:\/\/haertha.de\/en\/wp-json\/wp\/v2\/types\/page"}],"author":[{"embeddable":true,"href":"https:\/\/haertha.de\/en\/wp-json\/wp\/v2\/users\/9"}],"replies":[{"embeddable":true,"href":"https:\/\/haertha.de\/en\/wp-json\/wp\/v2\/comments?post=1879"}],"version-history":[{"count":75,"href":"https:\/\/haertha.de\/en\/wp-json\/wp\/v2\/pages\/1879\/revisions"}],"predecessor-version":[{"id":9419,"href":"https:\/\/haertha.de\/en\/wp-json\/wp\/v2\/pages\/1879\/revisions\/9419"}],"up":[{"embeddable":true,"href":"https:\/\/haertha.de\/en\/wp-json\/wp\/v2\/pages\/217"}],"wp:attachment":[{"href":"https:\/\/haertha.de\/en\/wp-json\/wp\/v2\/media?parent=1879"}],"curies":[{"name":"wp","href":"https:\/\/api.w.org\/{rel}","templated":true}]}}